{"id":1003,"date":"2018-07-11T09:50:32","date_gmt":"2018-07-11T09:50:32","guid":{"rendered":"https:\/\/delormdesign.com\/blog\/?page_id=1003"},"modified":"2018-07-23T09:19:25","modified_gmt":"2018-07-23T09:19:25","slug":"pourquoi-acheter-un-meuble-tv-teck-sur-la-redoute","status":"publish","type":"page","link":"https:\/\/delormdesign.com\/blog\/meuble-tv-teck\/pourquoi-acheter-un-meuble-tv-teck-sur-la-redoute\/","title":{"rendered":"Pourquoi acheter un meuble TV Teck sur La Redoute ?"},"content":{"rendered":"<p>La Redoute est une entreprise fran\u00e7aise de vente en ligne et \u00e0 distance. Son activit\u00e9 a d\u00e9marr\u00e9 en 1928 et elle s\u2019est sp\u00e9cialis\u00e9e dans la vente d\u2019habillement f\u00e9minin et de linge de maison en France. Cependant, cette marketplace a \u00e9galement su d\u00e9velopper la <strong>vente de meubles sur internet<\/strong>. V\u00e9ritable leader du commerce \u00e9lectronique, de plus en plus de <strong>mobiliers en teck<\/strong> sont vendus chaque jour sur ce site.<\/p>\n<p>Aujourd\u2019hui, nous allons d\u00e9tailler les avantages du service propos\u00e9 par La Redoute ainsi que sa compatibilit\u00e9 avec notre enseigne Delorm Design.<\/p>\n<h2>Un leader dans la vente de mobilier en teck<\/h2>\n<h3>Coup de jeune sur le mobilier d\u2019int\u00e9rieur<\/h3>\n<p>La Redoute tire la moiti\u00e9 de son chiffre d\u2019affaires de la d\u00e9co en France. Son cr\u00e9neau se centre sur le <strong>mobilier design de milieu de gamme<\/strong>, plus cher mais plus qualitatif.<\/p>\n<p>Les lignes \u00ab\u00a0La Redoute Int\u00e9rieurs\u00a0\u00bb et \u00ab\u00a0AM PM\u00a0\u00bb sont pens\u00e9es \u00e0 Roubaix et produites en Chine ou en Inde. Un cahier des charges bien sp\u00e9cifique doit suivre leur fabrication.<\/p>\n<p>Ces normes pr\u00e9cises offrent un beau r\u00e9sultat\u00a0: le taux de retour des meubles vendus sur internet est de seulement 4%. La Redoute souhaite d\u00e9velopper des boutiques en dur dans les villes de Lyon et de Bordeaux.<\/p>\n<p>La Redoute a donc r\u00e9ussi \u00e0 aider \u00e0 la\u00a0<b>dynamisation\u00a0du march\u00e9 du mobilier d\u00e9co<\/b> en s\u2019appuyant sur un service de qualit\u00e9 et adapt\u00e9 \u00e0 toutes les gammes de prix.<\/p>\n<p><img loading=\"lazy\" class=\"alignnone size-large wp-image-1009 aligncenter\" src=\"https:\/\/delormdesign.com\/blog\/wp-content\/uploads\/2018\/07\/meuble-teck-la-redoute-acheter-948x1024.jpg\" alt=\"acheter meuble teck la redoute \" width=\"948\" height=\"1024\" srcset=\"https:\/\/delormdesign.com\/blog\/wp-content\/uploads\/2018\/07\/meuble-teck-la-redoute-acheter-948x1024.jpg 948w, https:\/\/delormdesign.com\/blog\/wp-content\/uploads\/2018\/07\/meuble-teck-la-redoute-acheter-278x300.jpg 278w, https:\/\/delormdesign.com\/blog\/wp-content\/uploads\/2018\/07\/meuble-teck-la-redoute-acheter-768x830.jpg 768w, https:\/\/delormdesign.com\/blog\/wp-content\/uploads\/2018\/07\/meuble-teck-la-redoute-acheter-940x1016.jpg 940w, https:\/\/delormdesign.com\/blog\/wp-content\/uploads\/2018\/07\/meuble-teck-la-redoute-acheter.jpg 1388w\" sizes=\"(max-width: 948px) 100vw, 948px\" \/><\/p>\n<h3>Un accompagnement personnalis\u00e9 et propice aux ventes<\/h3>\n<p>La Redoute a su mixer les diff\u00e9rentes m\u00e9thodes cl\u00e9s du succ\u00e8s pour proposer un service presque parfait \u00e0 ses clients.<\/p>\n<p>Les conditions de livraison et de remboursement sont des <strong>\u00e9l\u00e9ments de r\u00e9assurance ind\u00e9niables<\/strong> pour convaincre un visiteur de finaliser une commande. En effet, la livraison est gratuite en point relais d\u00e8s 29\u20ac d\u2019achat et les retours le sont \u00e9galement.<\/p>\n<p>Le paiement se fait par carte bancaire\u00a0: les plus petits items sont livr\u00e9s par colis, tandis que les plus volumineux sont d\u00e9plac\u00e9s par camion. En g\u00e9n\u00e9ral, le mode de livraison d\u00e9pend donc de la taille de votre article et de sa capacit\u00e9 \u00e0 \u00eatre d\u00e9mont\u00e9 ou non.<\/p>\n<p>Face \u00e0 ces m\u00e9thodes bien exploit\u00e9es de la vente en ligne, le chiffre d\u2019affaires des soci\u00e9t\u00e9s qui travaillent avec La Redoute augmente au fil des saisons et des ventes effectu\u00e9es.<\/p>\n<h2>Le march\u00e9 professionnel de Delorm Design<\/h2>\n<p>Notre enseigne sp\u00e9cialis\u00e9e dans la d\u00e9coration de jardin et d\u2019int\u00e9rieur travaille de paire avec ce revendeur de qualit\u00e9. Vous pourrez retrouver la plupart de nos <a href=\"https:\/\/delormdesign.com\/183-buffet-en-teck-massif\">buffets en teck massif<\/a> sur notre boutique en ligne ainsi que sur le site de <a href=\"https:\/\/www.laredoute.fr\/psrch\/psrch.aspx?kwrd=delorm&amp;virtualsite=100\">La Redoute<\/a>.<\/p>\n<p>Un <strong>large choix de meubles de qualit\u00e9<\/strong> s\u2019offre alors \u00e0 vous\u00a0: des meubles TV avec portes, des bancs modernes et des tables basses\u2026<\/p>\n<p>Profitez des conseils professionnels et personnalis\u00e9s d\u2019un vendeur\u00a0: selon votre budget et vos envies, vous d\u00e9couvrirez de nouvelles collections \u00e9pur\u00e9es et color\u00e9es pour votre salon.<\/p>\n<p>B\u00e9n\u00e9ficiez \u00e9galement de nos conseils pour bien choisir votre <a href=\"https:\/\/delormdesign.com\/blog\/meuble-tv-teck\/4-bonnes-raisons-de-choisir-meuble-tv-bois-clair\/\">mobilier t\u00e9l\u00e9 en bois clair<\/a> ou encore <a href=\"https:\/\/delormdesign.com\/blog\/meuble-tv-teck\/peindre-meuble-tv-bois-brut\/\">comment le repeindre<\/a> pour lui donner une nouvelle vie.<\/p>\n<p>Nos mobiliers en teck sont travaill\u00e9s avec d\u2019autres bois comme le ch\u00eane ou l\u2019h\u00e9v\u00e9a pour associer des couleurs chaudes \u00e0 des tons plus neutres. Nous accordons une attention toute particuli\u00e8re aux d\u00e9tails dans la finition ainsi qu\u2019\u00e0 la praticit\u00e9 de tout le mobilier vendu.<\/p>\n<p><img loading=\"lazy\" class=\"alignnone size-large wp-image-1011 aligncenter\" src=\"https:\/\/delormdesign.com\/blog\/wp-content\/uploads\/2018\/07\/meuble-interieur-delorm-teck-finition-bois-726x1024.jpg\" alt=\"meuble interieur Delorm teck finition du bois\" width=\"726\" height=\"1024\" srcset=\"https:\/\/delormdesign.com\/blog\/wp-content\/uploads\/2018\/07\/meuble-interieur-delorm-teck-finition-bois-726x1024.jpg 726w, https:\/\/delormdesign.com\/blog\/wp-content\/uploads\/2018\/07\/meuble-interieur-delorm-teck-finition-bois-213x300.jpg 213w, https:\/\/delormdesign.com\/blog\/wp-content\/uploads\/2018\/07\/meuble-interieur-delorm-teck-finition-bois-768x1083.jpg 768w, https:\/\/delormdesign.com\/blog\/wp-content\/uploads\/2018\/07\/meuble-interieur-delorm-teck-finition-bois-940x1326.jpg 940w\" sizes=\"(max-width: 726px) 100vw, 726px\" \/><\/p>\n<p>Ce march\u00e9 professionnel entretenu avec La Redoute de vente en ligne permet \u00e0 notre marque d\u2019agrandir notre cible client\u00e8le et de <strong>proposer nos produits \u00e0 un plus large public<\/strong>.<\/p>\n<h2>D\u00e9couvrez notre boutique en ligne<\/h2>\n<p><strong>Sp\u00e9cialiste de l\u2019ameublement<\/strong>, Delorm Design propose une gamme compl\u00e8te de mobilier d\u2019int\u00e9rieur pour que votre lieu de vie soit aussi cosy que repr\u00e9sentatif de votre personnalit\u00e9. Profitez des beaux jours en d\u00e9couvrant notre s\u00e9lection de mobilier en teck, de table basse aux lignes arrondies au banc d\u2019int\u00e9rieur et sans oublier bien s\u00fbr, une \u00e9tag\u00e8re pratique et facile \u00e0 d\u00e9placer dans la pi\u00e8ce.<\/p>\n<p>Profitez \u00e9galement de <a href=\"https:\/\/delormdesign.com\/promotions\">nos prix canons<\/a> de l\u2019\u00e9t\u00e9 pour relooker votre salon ou votre pi\u00e8ce \u00e0 vivre avec nos collections \u00e0 inspiration scandinave. Vous \u00eates d\u00e9j\u00e0 fin pr\u00eat pour affronter le soleil\u00a0? Nous aussi\u00a0! D\u00e9couvrez notre collection de mobilier d\u2019ext\u00e9rieur pour votre salon de jardin. Nous ne transigeons pas sur la qualit\u00e9\u00a0: nous avons choisi pour vous de beaux mat\u00e9riaux admirables pour leur long\u00e9vit\u00e9. Votre salon de jardin est sans cesse expos\u00e9 aux \u00e9l\u00e9ments\u00a0: il se doit donc d\u2019\u00eatre r\u00e9sistant.<\/p>\n<p>Nous esp\u00e9rons que cet article vous a \u00e9t\u00e9 utile pour choisir votre mobilier d\u2019int\u00e9rieur ou d\u2019ext\u00e9rieur\u00a0: nous vous donnons donc rendez-vous sur notre site internet <a href=\"https:\/\/delormdesign.com\/\">Delorm Design<\/a> pour choisir un mobilier qui vous ressemble\u00a0!<\/p>\n<p>En ce moment, la livraison de votre colis est gratuite et le paiement peut \u00eatre effectu\u00e9 en 3 fois sans frais\u00a0: <strong>nous vous garantissons la qualit\u00e9 de tous nos produits<\/strong>.<\/p>\n<p><strong>\u00a0A lire sur le m\u00eame sujet :\u00a0<\/strong><\/p>\n<ul>\n<li><a href=\"https:\/\/delormdesign.com\/blog\/meuble-tv-teck\/\">Meuble TV Teck<\/a><\/li>\n<li><a href=\"https:\/\/delormdesign.com\/blog\/meuble-tv-teck\/peindre-meuble-tv-bois-brut\/\">Comment peindre son meuble TV en bois brut ?<\/a><\/li>\n<li><a href=\"https:\/\/delormdesign.com\/blog\/meuble-tv-teck\/meuble-tv-bois-massif-contemporain\/\">Le meuble TV en bois massif contemporain: un must-have dans votre salon<\/a><\/li>\n<li class=\"entry-title\">\n<p class=\"entry-title\"><a href=\"https:\/\/delormdesign.com\/blog\/meuble-tv-teck\/4-bonnes-raisons-de-choisir-meuble-tv-bois-clair\/\">4 bonnes raisons de choisir un meuble TV en bois clair<\/a><\/p>\n<\/li>\n<li class=\"entry-title\"><a href=\"https:\/\/delormdesign.com\/blog\/meuble-tv-teck\/meubles-dinterieur-palissandre-de-qualite-de-lexotisme-cher\/\">Les meubles d\u2019int\u00e9rieur en palissandre : de la qualit\u00e9 et de l\u2019exotisme pour pas cher<\/a><\/li>\n<li class=\"entry-title\"><a href=\"https:\/\/delormdesign.com\/blog\/meuble-tv-teck\/meuble-tv-teck-alinea-differences-et-alternatives\/\">Meuble TV Teck Alin\u00e9a : diff\u00e9rences et alternatives<\/a><\/li>\n<\/ul>\n","protected":false},"excerpt":{"rendered":"<p>La Redoute est une entreprise fran\u00e7aise de vente en ligne et \u00e0 distance. Son activit\u00e9 a d\u00e9marr\u00e9 en 1928 et elle s\u2019est sp\u00e9cialis\u00e9e dans la vente d\u2019habillement f\u00e9minin et de linge de maison en France. Cependant, cette marketplace a \u00e9galement su d\u00e9velopper la vente de meubles sur internet. V\u00e9ritable leader du commerce \u00e9lectronique, de plus [&hellip;]<\/p>\n","protected":false},"author":12,"featured_media":0,"parent":912,"menu_order":0,"comment_status":"closed","ping_status":"closed","template":"","meta":[],"categories":[],"tags":[],"yoast_head":"<!-- This site is optimized with the Yoast SEO plugin v19.3 - https:\/\/yoast.com\/wordpress\/plugins\/seo\/ -->\n<title>Pourquoi acheter un meuble TV Teck sur La Redoute ? &bull; Blog Design Jardin &amp; Int\u00e9rieur | Tendance D\u00e9co<\/title>\n<meta name=\"description\" content=\"Aujourd\u2019hui, nous allons d\u00e9tailler les avantages du service propos\u00e9 par La Redoute ainsi que sa compatibilit\u00e9 avec notre enseigne Delorm Design.\" \/>\n<meta name=\"robots\" content=\"index, follow, max-snippet:-1, max-image-preview:large, max-video-preview:-1\" \/>\n<link rel=\"canonical\" href=\"https:\/\/delormdesign.com\/blog\/meuble-tv-teck\/pourquoi-acheter-un-meuble-tv-teck-sur-la-redoute\/\" \/>\n<meta property=\"og:locale\" content=\"fr_FR\" \/>\n<meta property=\"og:type\" content=\"article\" \/>\n<meta property=\"og:title\" content=\"Pourquoi acheter un meuble TV Teck sur La Redoute ? &bull; Blog Design Jardin &amp; Int\u00e9rieur | Tendance D\u00e9co\" \/>\n<meta property=\"og:description\" content=\"Aujourd\u2019hui, nous allons d\u00e9tailler les avantages du service propos\u00e9 par La Redoute ainsi que sa compatibilit\u00e9 avec notre enseigne Delorm Design.\" \/>\n<meta property=\"og:url\" content=\"https:\/\/delormdesign.com\/blog\/meuble-tv-teck\/pourquoi-acheter-un-meuble-tv-teck-sur-la-redoute\/\" \/>\n<meta property=\"og:site_name\" content=\"Blog Design Jardin &amp; Int\u00e9rieur | Tendance D\u00e9co\" \/>\n<meta property=\"article:publisher\" content=\"https:\/\/www.facebook.com\/delormdesign\/\" \/>\n<meta property=\"article:modified_time\" content=\"2018-07-23T09:19:25+00:00\" \/>\n<meta property=\"og:image\" content=\"https:\/\/delormdesign.com\/blog\/wp-content\/uploads\/2018\/07\/meuble-teck-la-redoute-acheter-948x1024.jpg\" \/>\n<meta name=\"twitter:card\" content=\"summary\" \/>\n<meta name=\"twitter:label1\" content=\"Est. reading time\" \/>\n\t<meta name=\"twitter:data1\" content=\"5 minutes\" \/>\n<script type=\"application\/ld+json\" class=\"yoast-schema-graph\">{\"@context\":\"https:\/\/schema.org\",\"@graph\":[{\"@type\":\"WebSite\",\"@id\":\"https:\/\/delormdesign.com\/blog\/#website\",\"url\":\"https:\/\/delormdesign.com\/blog\/\",\"name\":\"Blog Design Jardin &amp; Int\u00e9rieur | Tendance D\u00e9co\",\"description\":\"Jardin &amp; Int\u00e9rieur | Tendance D\u00e9co\",\"potentialAction\":[{\"@type\":\"SearchAction\",\"target\":{\"@type\":\"EntryPoint\",\"urlTemplate\":\"https:\/\/delormdesign.com\/blog\/?s={search_term_string}\"},\"query-input\":\"required name=search_term_string\"}],\"inLanguage\":\"fr-FR\"},{\"@type\":\"ImageObject\",\"inLanguage\":\"fr-FR\",\"@id\":\"https:\/\/delormdesign.com\/blog\/meuble-tv-teck\/pourquoi-acheter-un-meuble-tv-teck-sur-la-redoute\/#primaryimage\",\"url\":\"https:\/\/delormdesign.com\/blog\/wp-content\/uploads\/2018\/07\/meuble-teck-la-redoute-acheter.jpg\",\"contentUrl\":\"https:\/\/delormdesign.com\/blog\/wp-content\/uploads\/2018\/07\/meuble-teck-la-redoute-acheter.jpg\",\"width\":1388,\"height\":1500,\"caption\":\"acheter meuble teck la redoute\"},{\"@type\":\"WebPage\",\"@id\":\"https:\/\/delormdesign.com\/blog\/meuble-tv-teck\/pourquoi-acheter-un-meuble-tv-teck-sur-la-redoute\/\",\"url\":\"https:\/\/delormdesign.com\/blog\/meuble-tv-teck\/pourquoi-acheter-un-meuble-tv-teck-sur-la-redoute\/\",\"name\":\"Pourquoi acheter un meuble TV Teck sur La Redoute ? &bull; Blog Design Jardin &amp; Int\u00e9rieur | Tendance D\u00e9co\",\"isPartOf\":{\"@id\":\"https:\/\/delormdesign.com\/blog\/#website\"},\"primaryImageOfPage\":{\"@id\":\"https:\/\/delormdesign.com\/blog\/meuble-tv-teck\/pourquoi-acheter-un-meuble-tv-teck-sur-la-redoute\/#primaryimage\"},\"datePublished\":\"2018-07-11T09:50:32+00:00\",\"dateModified\":\"2018-07-23T09:19:25+00:00\",\"description\":\"Aujourd\u2019hui, nous allons d\u00e9tailler les avantages du service propos\u00e9 par La Redoute ainsi que sa compatibilit\u00e9 avec notre enseigne Delorm Design.\",\"breadcrumb\":{\"@id\":\"https:\/\/delormdesign.com\/blog\/meuble-tv-teck\/pourquoi-acheter-un-meuble-tv-teck-sur-la-redoute\/#breadcrumb\"},\"inLanguage\":\"fr-FR\",\"potentialAction\":[{\"@type\":\"ReadAction\",\"target\":[\"https:\/\/delormdesign.com\/blog\/meuble-tv-teck\/pourquoi-acheter-un-meuble-tv-teck-sur-la-redoute\/\"]}]},{\"@type\":\"BreadcrumbList\",\"@id\":\"https:\/\/delormdesign.com\/blog\/meuble-tv-teck\/pourquoi-acheter-un-meuble-tv-teck-sur-la-redoute\/#breadcrumb\",\"itemListElement\":[{\"@type\":\"ListItem\",\"position\":1,\"name\":\"Accueil\",\"item\":\"https:\/\/delormdesign.com\/blog\/\"},{\"@type\":\"ListItem\",\"position\":2,\"name\":\"Meuble TV teck\",\"item\":\"https:\/\/delormdesign.com\/blog\/meuble-tv-teck\/\"},{\"@type\":\"ListItem\",\"position\":3,\"name\":\"Pourquoi acheter un meuble TV Teck sur La Redoute ?\"}]}]}<\/script>\n<!-- \/ Yoast SEO plugin. -->","yoast_head_json":{"title":"Pourquoi acheter un meuble TV Teck sur La Redoute ? &bull; Blog Design Jardin &amp; Int\u00e9rieur | Tendance D\u00e9co","description":"Aujourd\u2019hui, nous allons d\u00e9tailler les avantages du service propos\u00e9 par La Redoute ainsi que sa compatibilit\u00e9 avec notre enseigne Delorm Design.","robots":{"index":"index","follow":"follow","max-snippet":"max-snippet:-1","max-image-preview":"max-image-preview:large","max-video-preview":"max-video-preview:-1"},"canonical":"https:\/\/delormdesign.com\/blog\/meuble-tv-teck\/pourquoi-acheter-un-meuble-tv-teck-sur-la-redoute\/","og_locale":"fr_FR","og_type":"article","og_title":"Pourquoi acheter un meuble TV Teck sur La Redoute ? &bull; Blog Design Jardin &amp; Int\u00e9rieur | Tendance D\u00e9co","og_description":"Aujourd\u2019hui, nous allons d\u00e9tailler les avantages du service propos\u00e9 par La Redoute ainsi que sa compatibilit\u00e9 avec notre enseigne Delorm Design.","og_url":"https:\/\/delormdesign.com\/blog\/meuble-tv-teck\/pourquoi-acheter-un-meuble-tv-teck-sur-la-redoute\/","og_site_name":"Blog Design Jardin &amp; Int\u00e9rieur | Tendance D\u00e9co","article_publisher":"https:\/\/www.facebook.com\/delormdesign\/","article_modified_time":"2018-07-23T09:19:25+00:00","og_image":[{"url":"https:\/\/delormdesign.com\/blog\/wp-content\/uploads\/2018\/07\/meuble-teck-la-redoute-acheter-948x1024.jpg"}],"twitter_card":"summary","twitter_misc":{"Est. reading time":"5 minutes"},"schema":{"@context":"https:\/\/schema.org","@graph":[{"@type":"WebSite","@id":"https:\/\/delormdesign.com\/blog\/#website","url":"https:\/\/delormdesign.com\/blog\/","name":"Blog Design Jardin &amp; Int\u00e9rieur | Tendance D\u00e9co","description":"Jardin &amp; Int\u00e9rieur | Tendance D\u00e9co","potentialAction":[{"@type":"SearchAction","target":{"@type":"EntryPoint","urlTemplate":"https:\/\/delormdesign.com\/blog\/?s={search_term_string}"},"query-input":"required name=search_term_string"}],"inLanguage":"fr-FR"},{"@type":"ImageObject","inLanguage":"fr-FR","@id":"https:\/\/delormdesign.com\/blog\/meuble-tv-teck\/pourquoi-acheter-un-meuble-tv-teck-sur-la-redoute\/#primaryimage","url":"https:\/\/delormdesign.com\/blog\/wp-content\/uploads\/2018\/07\/meuble-teck-la-redoute-acheter.jpg","contentUrl":"https:\/\/delormdesign.com\/blog\/wp-content\/uploads\/2018\/07\/meuble-teck-la-redoute-acheter.jpg","width":1388,"height":1500,"caption":"acheter meuble teck la redoute"},{"@type":"WebPage","@id":"https:\/\/delormdesign.com\/blog\/meuble-tv-teck\/pourquoi-acheter-un-meuble-tv-teck-sur-la-redoute\/","url":"https:\/\/delormdesign.com\/blog\/meuble-tv-teck\/pourquoi-acheter-un-meuble-tv-teck-sur-la-redoute\/","name":"Pourquoi acheter un meuble TV Teck sur La Redoute ? &bull; Blog Design Jardin &amp; Int\u00e9rieur | Tendance D\u00e9co","isPartOf":{"@id":"https:\/\/delormdesign.com\/blog\/#website"},"primaryImageOfPage":{"@id":"https:\/\/delormdesign.com\/blog\/meuble-tv-teck\/pourquoi-acheter-un-meuble-tv-teck-sur-la-redoute\/#primaryimage"},"datePublished":"2018-07-11T09:50:32+00:00","dateModified":"2018-07-23T09:19:25+00:00","description":"Aujourd\u2019hui, nous allons d\u00e9tailler les avantages du service propos\u00e9 par La Redoute ainsi que sa compatibilit\u00e9 avec notre enseigne Delorm Design.","breadcrumb":{"@id":"https:\/\/delormdesign.com\/blog\/meuble-tv-teck\/pourquoi-acheter-un-meuble-tv-teck-sur-la-redoute\/#breadcrumb"},"inLanguage":"fr-FR","potentialAction":[{"@type":"ReadAction","target":["https:\/\/delormdesign.com\/blog\/meuble-tv-teck\/pourquoi-acheter-un-meuble-tv-teck-sur-la-redoute\/"]}]},{"@type":"BreadcrumbList","@id":"https:\/\/delormdesign.com\/blog\/meuble-tv-teck\/pourquoi-acheter-un-meuble-tv-teck-sur-la-redoute\/#breadcrumb","itemListElement":[{"@type":"ListItem","position":1,"name":"Accueil","item":"https:\/\/delormdesign.com\/blog\/"},{"@type":"ListItem","position":2,"name":"Meuble TV teck","item":"https:\/\/delormdesign.com\/blog\/meuble-tv-teck\/"},{"@type":"ListItem","position":3,"name":"Pourquoi acheter un meuble TV Teck sur La Redoute ?"}]}]}},"amp_enabled":true,"_links":{"self":[{"href":"https:\/\/delormdesign.com\/blog\/wp-json\/wp\/v2\/pages\/1003"}],"collection":[{"href":"https:\/\/delormdesign.com\/blog\/wp-json\/wp\/v2\/pages"}],"about":[{"href":"https:\/\/delormdesign.com\/blog\/wp-json\/wp\/v2\/types\/page"}],"author":[{"embeddable":true,"href":"https:\/\/delormdesign.com\/blog\/wp-json\/wp\/v2\/users\/12"}],"replies":[{"embeddable":true,"href":"https:\/\/delormdesign.com\/blog\/wp-json\/wp\/v2\/comments?post=1003"}],"version-history":[{"count":0,"href":"https:\/\/delormdesign.com\/blog\/wp-json\/wp\/v2\/pages\/1003\/revisions"}],"up":[{"embeddable":true,"href":"https:\/\/delormdesign.com\/blog\/wp-json\/wp\/v2\/pages\/912"}],"wp:attachment":[{"href":"https:\/\/delormdesign.com\/blog\/wp-json\/wp\/v2\/media?parent=1003"}],"wp:term":[{"taxonomy":"category","embeddable":true,"href":"https:\/\/delormdesign.com\/blog\/wp-json\/wp\/v2\/categories?post=1003"},{"taxonomy":"post_tag","embeddable":true,"href":"https:\/\/delormdesign.com\/blog\/wp-json\/wp\/v2\/tags?post=1003"}],"curies":[{"name":"wp","href":"https:\/\/api.w.org\/{rel}","templated":true}]}}