{"id":1031,"date":"2018-07-18T12:13:04","date_gmt":"2018-07-18T12:13:04","guid":{"rendered":"https:\/\/delormdesign.com\/blog\/?page_id=1031"},"modified":"2018-07-18T12:24:31","modified_gmt":"2018-07-18T12:24:31","slug":"le-canape-design-italien-un-meuble-dexception","status":"publish","type":"page","link":"https:\/\/delormdesign.com\/blog\/canape-design\/le-canape-design-italien-un-meuble-dexception\/","title":{"rendered":"Le canap\u00e9 design italien : un meuble d\u2019exception"},"content":{"rendered":"<p>Le canap\u00e9 esth\u00e9tique venu tout droit d\u2019Italie nous raconte une histoire bien particuli\u00e8re. Son succ\u00e8s est d\u00fb \u00e0 <strong>son esth\u00e9tique raffin\u00e9e et \u00e0 ses formes sophistiqu\u00e9es<\/strong>. Compos\u00e9 de mati\u00e8res nobles, il garantit une harmonie d\u00e9licate dans votre salon.<\/p>\n<p>Aujourd\u2019hui, nous vous apportons des pr\u00e9cisions sur ce meuble d\u2019int\u00e9rieur tr\u00e8s tendance.<\/p>\n<h2>Le canap\u00e9 design italien\u00a0: convertible et sophistiqu\u00e9<\/h2>\n<p>Son style contemporain et ses formes arrondies sauront vous s\u00e9duire\u00a0: avec une finition travaill\u00e9e, un rev\u00eatement soyeux et une structure spacieuse et confortable pour vous assurer une qualit\u00e9 hors pair. <strong>V\u00e9ritable produit phare d\u2019Italie<\/strong>, son bon go\u00fbt et son originalit\u00e9 ont transform\u00e9 de nombreux salons en Europe. Il a trouv\u00e9 sa place dans les plus beaux s\u00e9jours, leur apportant une <strong>touche d\u2019exotisme et de raffinement<\/strong> tr\u00e8s recherch\u00e9e.<\/p>\n<p>Convertible, celui-ci allie praticit\u00e9 et bien-\u00eatre. Le jour, ce sofa peut accueillir jusqu\u2019\u00e0 3 personnes. La nuit, le sofa se d\u00e9plie en lit haut de gamme pour votre plus grand bonheur. Les coussins sont amovibles et vous offrent ainsi plus d\u2019espace pour dormir.<\/p>\n<p>\u00c9galement reconnu pour son grand confort d\u2019assise et de couchage, il m\u00eale les <strong>charmes chaleureux et accueillants<\/strong> \u00e0 l\u2019image des italiens eux-m\u00eames.<\/p>\n<p>Facilement d\u00e9pla\u00e7able, il en existe m\u00eame \u00e0 placer dans vos angles. Vous pourrez ainsi gagner de la place dans votre pi\u00e8ce \u00e0 vivre.<\/p>\n<p><img loading=\"lazy\" class=\"alignnone size-large wp-image-1034 aligncenter\" src=\"https:\/\/delormdesign.com\/blog\/wp-content\/uploads\/2018\/07\/canape-design-italien-moderne-confort-salon-1024x683.jpg\" alt=\"canap\u00e9 design italien tout confort et moderne\" width=\"980\" height=\"654\" \/><\/p>\n<p>Besoin d\u2019un petit bilan\u00a0? Voici <strong>comment reconna\u00eetre un canap\u00e9 esth\u00e9tique en 4 points cl\u00e9s<\/strong>\u00a0:<\/p>\n<ul>\n<li><strong>L\u2019artisanat<\/strong> est \u00e0 l\u2019honneur\u00a0: en Italie, la culture de l\u2019artisanat tient une place importante. Les mati\u00e8res travaill\u00e9es sont le plus souvent nobles telles que le bois, le cuir, le fer\u2026<\/li>\n<li><strong>Des rev\u00eatements ultra-chics\u00a0<\/strong>: ils sont toujours dans l\u2019aire du temps. En avant pour le lin, la patine d\u2019un cuir et le tissage\u00a0!<\/li>\n<li>Il faut <strong>voir grand<\/strong>: nos amis italiens n\u2019ont pas la main molle sur les tailles\u00a0! Il existe des versions XXL de tous leurs mod\u00e8les (ou presque).<\/li>\n<li><strong>Souplesse et \u00e9l\u00e9gance<\/strong>: modulable, il ne perd pas de son allure quand il se d\u00e9plie en couchette.<\/li>\n<\/ul>\n<p>Pour conclure, investir dans un canap\u00e9 s\u2019apparente donc \u00e0 placer sa confiance dans un savoir-faire g\u00e9n\u00e9rationnel d\u2019exception.<\/p>\n<h2>Le canap\u00e9 design italien\u00a0: tous les rev\u00eatements<\/h2>\n<p>Trouvez le rev\u00eatement qui vous conviendra le mieux pour votre living\u00a0!<\/p>\n<p>Si vous avez des enfants, que vous invitez r\u00e9guli\u00e8rement des amis chez vous ou que vous \u00eates tout simplement maladroit, nous vous conseillons un <strong>canap\u00e9 travaill\u00e9 en tissu<\/strong>. Facilement lavable, il en existe aussi qui vous permettront de retirer le rev\u00eatement plus ais\u00e9ment et de le mettre en machine.<\/p>\n<p><img loading=\"lazy\" class=\"alignnone size-large wp-image-1036 aligncenter\" src=\"https:\/\/delormdesign.com\/blog\/wp-content\/uploads\/2018\/07\/canape-design-italien-tissu-pratique-1024x683.jpg\" alt=\"\" width=\"980\" height=\"654\" srcset=\"https:\/\/delormdesign.com\/blog\/wp-content\/uploads\/2018\/07\/canape-design-italien-tissu-pratique-1024x683.jpg 1024w, https:\/\/delormdesign.com\/blog\/wp-content\/uploads\/2018\/07\/canape-design-italien-tissu-pratique-300x200.jpg 300w, https:\/\/delormdesign.com\/blog\/wp-content\/uploads\/2018\/07\/canape-design-italien-tissu-pratique-768x513.jpg 768w, https:\/\/delormdesign.com\/blog\/wp-content\/uploads\/2018\/07\/canape-design-italien-tissu-pratique-940x627.jpg 940w\" sizes=\"(max-width: 980px) 100vw, 980px\" \/><\/p>\n<p>D\u2019une texture douce au toucher, <strong>la microfibre<\/strong> conf\u00e8re \u00e0 votre canap\u00e9 <strong>confort et robustesse<\/strong>. Disponible dans une large palette de couleurs, vous pourrez trouver un mod\u00e8le qui s\u2019adapte parfaitement \u00e0 votre pi\u00e8ce \u00e0 vivre. Pour le traitement et l\u2019entretien, un chiffon doux et un peu d\u2019eau ti\u00e8de au savon feront tr\u00e8s bien l\u2019affaire.<\/p>\n<p>Pour un rendu plus chic et \u00e9pur\u00e9, nous vous recommandons un <strong>canap\u00e9 travaill\u00e9 en cuir de vachette<\/strong>. La ligne raffin\u00e9e de ce rev\u00eatement saura mettre en valeur les teintes claires du reste de la pi\u00e8ce. Cependant, l\u2019entretien du cuir de vachette n\u00e9cessite un traitement bien sp\u00e9cifique. Pour bien le pr\u00e9server, il devra \u00eatre nourri et prot\u00e9g\u00e9 des taches par des cr\u00e8mes et d\u2019autres baumes. Pour les personnes que cela rebuterait, <strong>le simili cuir<\/strong> est une alternative moins exigeante et plus abordable que vous pouvez consid\u00e9rer.<\/p>\n<h2>Mettre en valeur son canap\u00e9 design italien<\/h2>\n<p>Le meilleur moyen de mettre en avant votre nouveau canap\u00e9 esth\u00e9tique est de lui associer des <strong>fauteuils assortis<\/strong>. Grands dossiers, accoudoirs mobiles ou repose-pied int\u00e9gr\u00e9, un fauteuil trouvera toujours sa place dans un living bien d\u00e9cor\u00e9.<\/p>\n<p>Si votre canap\u00e9 esth\u00e9tique est color\u00e9, vous pouvez faire des <strong>rappels de teintes<\/strong> dans votre pi\u00e8ce <strong>\u00e0 l\u2019aide d\u2019objets d\u00e9coratifs<\/strong> utiles (un vase original, un repose magazine pour organiser et ranger vos revues sur votre table basse\u2026).<\/p>\n<p>Pour accompagner votre canap\u00e9 esth\u00e9tique, <strong>un tapis assorti <\/strong>aux couleurs de votre salon s\u2019av\u00e8re \u00eatre une bonne option. Le tapis accentuera le c\u00f4t\u00e9 chaleureux de votre living, habillera votre sol et participera \u00e0 la mise en avant d\u2019un certain th\u00e8me dans la pi\u00e8ce.<\/p>\n<p>Une autre alternative serait de choisir <strong>une table basse en bois massif\u00a0contemporain<\/strong> : id\u00e9ale pour les pi\u00e8ces volontairement \u00e9pur\u00e9es et minimalistes, celle-ci s\u2019accordera sans probl\u00e8me \u00e0 un canap\u00e9 d\u2019exception\u00a0: le duo de choc pour votre salon\u00a0!<\/p>\n<p>Enfin, avez-vous song\u00e9 \u00e0 changer votre <strong>meuble TV\u00a0<\/strong>? En effet, la plupart des livings poss\u00e8dent un canap\u00e9 pour offrir une assise confortable face \u00e0 un \u00e9cran de t\u00e9l\u00e9vision. Besoin d\u2019id\u00e9es pour choisir votre meuble t\u00e9l\u00e9\u00a0? Suivez notre guide\u00a0sur les meubles TV en bois clair\u00a0!<\/p>\n<p><img loading=\"lazy\" class=\"alignnone size-large wp-image-1039 aligncenter\" src=\"https:\/\/delormdesign.com\/blog\/wp-content\/uploads\/2018\/07\/mettre-en-valeur-canape-design-italien-fauteuil-1024x682.jpg\" alt=\"mettre en valeur son canap\u00e9 design italien avec des fauteuils assortis\" width=\"980\" height=\"653\" srcset=\"https:\/\/delormdesign.com\/blog\/wp-content\/uploads\/2018\/07\/mettre-en-valeur-canape-design-italien-fauteuil-1024x682.jpg 1024w, https:\/\/delormdesign.com\/blog\/wp-content\/uploads\/2018\/07\/mettre-en-valeur-canape-design-italien-fauteuil-300x200.jpg 300w, https:\/\/delormdesign.com\/blog\/wp-content\/uploads\/2018\/07\/mettre-en-valeur-canape-design-italien-fauteuil-768x512.jpg 768w, https:\/\/delormdesign.com\/blog\/wp-content\/uploads\/2018\/07\/mettre-en-valeur-canape-design-italien-fauteuil-940x626.jpg 940w\" sizes=\"(max-width: 980px) 100vw, 980px\" \/><\/p>\n<h2>Notre savoir-faire \u00e0 votre service<\/h2>\n<p>Chez <strong>Delorm Design<\/strong>, nous prenons tr\u00e8s \u00e0 c\u0153ur l\u2019association de la qualit\u00e9 \u00e0 l\u2019efficacit\u00e9.<\/p>\n<p>Pour cela, nous vous proposons de vous rendre sur le site de <a href=\"https:\/\/delormdesign.com\/\">notre boutique en ligne<\/a> afin de profiter de toutes nos donn\u00e9es sur les <a href=\"https:\/\/delormdesign.com\/177-canapes-design\">canap\u00e9s design<\/a> ainsi que de plus amples informations.<\/p>\n<p>Laissez-vous tenter par <a href=\"https:\/\/delormdesign.com\/promotions\">nos promotions de l\u2019\u00e9t\u00e9<\/a> pour remettre \u00e0 neuf votre salon\u00a0: nos produits livr\u00e9s gratuitement et disponibles pour un paiement en 3 fois sans frais.<\/p>\n<p>Laissez nous vous rappeler qu\u2019avant d\u2019investir, il est primordial d\u2019<strong>utiliser un comparateur de prix<\/strong>\u00a0: peut-\u00eatre d\u00e9nicherez-vous une belle affaire\u00a0!<\/p>\n<p>Pour conclure, nous esp\u00e9rons que cet article vous a plus et vous a aid\u00e9 dans <strong>votre choix de canap\u00e9 pour votre int\u00e9rieur<\/strong>. N\u2019h\u00e9sitez pas \u00e0 nous donner votre avis dans les commentaires\u00a0: nous avons h\u00e2te de vous lire\u00a0!<\/p>\n<p>\u00c0 lire sur le m\u00eame sujet:<\/p>\n<ul>\n<li><a href=\"https:\/\/delormdesign.com\/blog\/canape-design\/\">Canap\u00e9 design: comment bien le choisir ?<\/a><\/li>\n<li><a href=\"https:\/\/delormdesign.com\/blog\/canape-design\/canape-design-destockage-ou-trouver-les-meilleures-affaires\/\">Canap\u00e9 design d\u00e9stockage: o\u00f9 trouver les meilleures affaires ?<\/a><\/li>\n<li><a href=\"https:\/\/delormdesign.com\/blog\/canape-design\/comment-rendre-un-canape-design-plus-confortable\/\">Comment rendre un canap\u00e9 design plus confortable ?<\/a><\/li>\n<\/ul>\n","protected":false},"excerpt":{"rendered":"<p>Le canap\u00e9 esth\u00e9tique venu tout droit d\u2019Italie nous raconte une histoire bien particuli\u00e8re. Son succ\u00e8s est d\u00fb \u00e0 son esth\u00e9tique raffin\u00e9e et \u00e0 ses formes sophistiqu\u00e9es. Compos\u00e9 de mati\u00e8res nobles, il garantit une harmonie d\u00e9licate dans votre salon. Aujourd\u2019hui, nous vous apportons des pr\u00e9cisions sur ce meuble d\u2019int\u00e9rieur tr\u00e8s tendance. Le canap\u00e9 design italien\u00a0: convertible [&hellip;]<\/p>\n","protected":false},"author":12,"featured_media":0,"parent":1013,"menu_order":0,"comment_status":"closed","ping_status":"closed","template":"","meta":[],"categories":[],"tags":[],"yoast_head":"<!-- This site is optimized with the Yoast SEO plugin v19.3 - https:\/\/yoast.com\/wordpress\/plugins\/seo\/ -->\n<title>Le canap\u00e9 design italien : un meuble d\u2019exception &bull; Blog Design Jardin &amp; Int\u00e9rieur | Tendance D\u00e9co<\/title>\n<meta name=\"description\" content=\"Le canap\u00e9 esth\u00e9tique venu tout droit d\u2019Italie nous raconte une histoire bien particuli\u00e8re. Nous vous apportons des pr\u00e9cisions sur ce meuble tr\u00e8s tendance.\" \/>\n<meta name=\"robots\" content=\"index, follow, max-snippet:-1, max-image-preview:large, max-video-preview:-1\" \/>\n<link rel=\"canonical\" href=\"https:\/\/delormdesign.com\/blog\/canape-design\/le-canape-design-italien-un-meuble-dexception\/\" \/>\n<meta property=\"og:locale\" content=\"fr_FR\" \/>\n<meta property=\"og:type\" content=\"article\" \/>\n<meta property=\"og:title\" content=\"Le canap\u00e9 design italien : un meuble d\u2019exception &bull; Blog Design Jardin &amp; Int\u00e9rieur | Tendance D\u00e9co\" \/>\n<meta property=\"og:description\" content=\"Le canap\u00e9 esth\u00e9tique venu tout droit d\u2019Italie nous raconte une histoire bien particuli\u00e8re. Nous vous apportons des pr\u00e9cisions sur ce meuble tr\u00e8s tendance.\" \/>\n<meta property=\"og:url\" content=\"https:\/\/delormdesign.com\/blog\/canape-design\/le-canape-design-italien-un-meuble-dexception\/\" \/>\n<meta property=\"og:site_name\" content=\"Blog Design Jardin &amp; Int\u00e9rieur | Tendance D\u00e9co\" \/>\n<meta property=\"article:publisher\" content=\"https:\/\/www.facebook.com\/delormdesign\/\" \/>\n<meta property=\"article:modified_time\" content=\"2018-07-18T12:24:31+00:00\" \/>\n<meta property=\"og:image\" content=\"https:\/\/delormdesign.com\/blog\/wp-content\/uploads\/2018\/07\/canape-design-italien-moderne-confort-salon-1024x683.jpg\" \/>\n<meta name=\"twitter:card\" content=\"summary\" \/>\n<meta name=\"twitter:label1\" content=\"Est. reading time\" \/>\n\t<meta name=\"twitter:data1\" content=\"5 minutes\" \/>\n<script type=\"application\/ld+json\" class=\"yoast-schema-graph\">{\"@context\":\"https:\/\/schema.org\",\"@graph\":[{\"@type\":\"WebSite\",\"@id\":\"https:\/\/delormdesign.com\/blog\/#website\",\"url\":\"https:\/\/delormdesign.com\/blog\/\",\"name\":\"Blog Design Jardin &amp; Int\u00e9rieur | Tendance D\u00e9co\",\"description\":\"Jardin &amp; Int\u00e9rieur | Tendance D\u00e9co\",\"potentialAction\":[{\"@type\":\"SearchAction\",\"target\":{\"@type\":\"EntryPoint\",\"urlTemplate\":\"https:\/\/delormdesign.com\/blog\/?s={search_term_string}\"},\"query-input\":\"required name=search_term_string\"}],\"inLanguage\":\"fr-FR\"},{\"@type\":\"ImageObject\",\"inLanguage\":\"fr-FR\",\"@id\":\"https:\/\/delormdesign.com\/blog\/canape-design\/le-canape-design-italien-un-meuble-dexception\/#primaryimage\",\"url\":\"https:\/\/delormdesign.com\/blog\/wp-content\/uploads\/2018\/07\/canape-design-italien-moderne-confort-salon-1024x683.jpg\",\"contentUrl\":\"https:\/\/delormdesign.com\/blog\/wp-content\/uploads\/2018\/07\/canape-design-italien-moderne-confort-salon-1024x683.jpg\"},{\"@type\":\"WebPage\",\"@id\":\"https:\/\/delormdesign.com\/blog\/canape-design\/le-canape-design-italien-un-meuble-dexception\/\",\"url\":\"https:\/\/delormdesign.com\/blog\/canape-design\/le-canape-design-italien-un-meuble-dexception\/\",\"name\":\"Le canap\u00e9 design italien : un meuble d\u2019exception &bull; Blog Design Jardin &amp; Int\u00e9rieur | Tendance D\u00e9co\",\"isPartOf\":{\"@id\":\"https:\/\/delormdesign.com\/blog\/#website\"},\"primaryImageOfPage\":{\"@id\":\"https:\/\/delormdesign.com\/blog\/canape-design\/le-canape-design-italien-un-meuble-dexception\/#primaryimage\"},\"datePublished\":\"2018-07-18T12:13:04+00:00\",\"dateModified\":\"2018-07-18T12:24:31+00:00\",\"description\":\"Le canap\u00e9 esth\u00e9tique venu tout droit d\u2019Italie nous raconte une histoire bien particuli\u00e8re. Nous vous apportons des pr\u00e9cisions sur ce meuble tr\u00e8s tendance.\",\"breadcrumb\":{\"@id\":\"https:\/\/delormdesign.com\/blog\/canape-design\/le-canape-design-italien-un-meuble-dexception\/#breadcrumb\"},\"inLanguage\":\"fr-FR\",\"potentialAction\":[{\"@type\":\"ReadAction\",\"target\":[\"https:\/\/delormdesign.com\/blog\/canape-design\/le-canape-design-italien-un-meuble-dexception\/\"]}]},{\"@type\":\"BreadcrumbList\",\"@id\":\"https:\/\/delormdesign.com\/blog\/canape-design\/le-canape-design-italien-un-meuble-dexception\/#breadcrumb\",\"itemListElement\":[{\"@type\":\"ListItem\",\"position\":1,\"name\":\"Accueil\",\"item\":\"https:\/\/delormdesign.com\/blog\/\"},{\"@type\":\"ListItem\",\"position\":2,\"name\":\"Canap\u00e9 design : comment bien le choisir ?\",\"item\":\"https:\/\/delormdesign.com\/blog\/canape-design\/\"},{\"@type\":\"ListItem\",\"position\":3,\"name\":\"Le canap\u00e9 design italien : un meuble d\u2019exception\"}]}]}<\/script>\n<!-- \/ Yoast SEO plugin. -->","yoast_head_json":{"title":"Le canap\u00e9 design italien : un meuble d\u2019exception &bull; Blog Design Jardin &amp; Int\u00e9rieur | Tendance D\u00e9co","description":"Le canap\u00e9 esth\u00e9tique venu tout droit d\u2019Italie nous raconte une histoire bien particuli\u00e8re. Nous vous apportons des pr\u00e9cisions sur ce meuble tr\u00e8s tendance.","robots":{"index":"index","follow":"follow","max-snippet":"max-snippet:-1","max-image-preview":"max-image-preview:large","max-video-preview":"max-video-preview:-1"},"canonical":"https:\/\/delormdesign.com\/blog\/canape-design\/le-canape-design-italien-un-meuble-dexception\/","og_locale":"fr_FR","og_type":"article","og_title":"Le canap\u00e9 design italien : un meuble d\u2019exception &bull; Blog Design Jardin &amp; Int\u00e9rieur | Tendance D\u00e9co","og_description":"Le canap\u00e9 esth\u00e9tique venu tout droit d\u2019Italie nous raconte une histoire bien particuli\u00e8re. Nous vous apportons des pr\u00e9cisions sur ce meuble tr\u00e8s tendance.","og_url":"https:\/\/delormdesign.com\/blog\/canape-design\/le-canape-design-italien-un-meuble-dexception\/","og_site_name":"Blog Design Jardin &amp; Int\u00e9rieur | Tendance D\u00e9co","article_publisher":"https:\/\/www.facebook.com\/delormdesign\/","article_modified_time":"2018-07-18T12:24:31+00:00","og_image":[{"url":"https:\/\/delormdesign.com\/blog\/wp-content\/uploads\/2018\/07\/canape-design-italien-moderne-confort-salon-1024x683.jpg"}],"twitter_card":"summary","twitter_misc":{"Est. reading time":"5 minutes"},"schema":{"@context":"https:\/\/schema.org","@graph":[{"@type":"WebSite","@id":"https:\/\/delormdesign.com\/blog\/#website","url":"https:\/\/delormdesign.com\/blog\/","name":"Blog Design Jardin &amp; Int\u00e9rieur | Tendance D\u00e9co","description":"Jardin &amp; Int\u00e9rieur | Tendance D\u00e9co","potentialAction":[{"@type":"SearchAction","target":{"@type":"EntryPoint","urlTemplate":"https:\/\/delormdesign.com\/blog\/?s={search_term_string}"},"query-input":"required name=search_term_string"}],"inLanguage":"fr-FR"},{"@type":"ImageObject","inLanguage":"fr-FR","@id":"https:\/\/delormdesign.com\/blog\/canape-design\/le-canape-design-italien-un-meuble-dexception\/#primaryimage","url":"https:\/\/delormdesign.com\/blog\/wp-content\/uploads\/2018\/07\/canape-design-italien-moderne-confort-salon-1024x683.jpg","contentUrl":"https:\/\/delormdesign.com\/blog\/wp-content\/uploads\/2018\/07\/canape-design-italien-moderne-confort-salon-1024x683.jpg"},{"@type":"WebPage","@id":"https:\/\/delormdesign.com\/blog\/canape-design\/le-canape-design-italien-un-meuble-dexception\/","url":"https:\/\/delormdesign.com\/blog\/canape-design\/le-canape-design-italien-un-meuble-dexception\/","name":"Le canap\u00e9 design italien : un meuble d\u2019exception &bull; Blog Design Jardin &amp; Int\u00e9rieur | Tendance D\u00e9co","isPartOf":{"@id":"https:\/\/delormdesign.com\/blog\/#website"},"primaryImageOfPage":{"@id":"https:\/\/delormdesign.com\/blog\/canape-design\/le-canape-design-italien-un-meuble-dexception\/#primaryimage"},"datePublished":"2018-07-18T12:13:04+00:00","dateModified":"2018-07-18T12:24:31+00:00","description":"Le canap\u00e9 esth\u00e9tique venu tout droit d\u2019Italie nous raconte une histoire bien particuli\u00e8re. Nous vous apportons des pr\u00e9cisions sur ce meuble tr\u00e8s tendance.","breadcrumb":{"@id":"https:\/\/delormdesign.com\/blog\/canape-design\/le-canape-design-italien-un-meuble-dexception\/#breadcrumb"},"inLanguage":"fr-FR","potentialAction":[{"@type":"ReadAction","target":["https:\/\/delormdesign.com\/blog\/canape-design\/le-canape-design-italien-un-meuble-dexception\/"]}]},{"@type":"BreadcrumbList","@id":"https:\/\/delormdesign.com\/blog\/canape-design\/le-canape-design-italien-un-meuble-dexception\/#breadcrumb","itemListElement":[{"@type":"ListItem","position":1,"name":"Accueil","item":"https:\/\/delormdesign.com\/blog\/"},{"@type":"ListItem","position":2,"name":"Canap\u00e9 design : comment bien le choisir ?","item":"https:\/\/delormdesign.com\/blog\/canape-design\/"},{"@type":"ListItem","position":3,"name":"Le canap\u00e9 design italien : un meuble d\u2019exception"}]}]}},"amp_enabled":true,"_links":{"self":[{"href":"https:\/\/delormdesign.com\/blog\/wp-json\/wp\/v2\/pages\/1031"}],"collection":[{"href":"https:\/\/delormdesign.com\/blog\/wp-json\/wp\/v2\/pages"}],"about":[{"href":"https:\/\/delormdesign.com\/blog\/wp-json\/wp\/v2\/types\/page"}],"author":[{"embeddable":true,"href":"https:\/\/delormdesign.com\/blog\/wp-json\/wp\/v2\/users\/12"}],"replies":[{"embeddable":true,"href":"https:\/\/delormdesign.com\/blog\/wp-json\/wp\/v2\/comments?post=1031"}],"version-history":[{"count":0,"href":"https:\/\/delormdesign.com\/blog\/wp-json\/wp\/v2\/pages\/1031\/revisions"}],"up":[{"embeddable":true,"href":"https:\/\/delormdesign.com\/blog\/wp-json\/wp\/v2\/pages\/1013"}],"wp:attachment":[{"href":"https:\/\/delormdesign.com\/blog\/wp-json\/wp\/v2\/media?parent=1031"}],"wp:term":[{"taxonomy":"category","embeddable":true,"href":"https:\/\/delormdesign.com\/blog\/wp-json\/wp\/v2\/categories?post=1031"},{"taxonomy":"post_tag","embeddable":true,"href":"https:\/\/delormdesign.com\/blog\/wp-json\/wp\/v2\/tags?post=1031"}],"curies":[{"name":"wp","href":"https:\/\/api.w.org\/{rel}","templated":true}]}}