{"id":1056,"date":"2018-07-18T12:12:36","date_gmt":"2018-07-18T12:12:36","guid":{"rendered":"https:\/\/delormdesign.com\/blog\/?page_id=1056"},"modified":"2018-07-18T12:19:33","modified_gmt":"2018-07-18T12:19:33","slug":"canape-design-destockage-ou-trouver-les-meilleures-affaires","status":"publish","type":"page","link":"https:\/\/delormdesign.com\/blog\/canape-design\/canape-design-destockage-ou-trouver-les-meilleures-affaires\/","title":{"rendered":"Canap\u00e9 design d\u00e9stockage : o\u00f9 trouver les meilleures affaires ?"},"content":{"rendered":"<p>Il s\u2019agit en effet d\u2019une pratique commerciale souvent utilis\u00e9e par les vendeurs de mobilier d\u2019int\u00e9rieur. Cette technique consiste \u00e0 se d\u00e9faire d\u2019une importante partie ou de la totalit\u00e9 d\u2019un stock de produits. Les produits sont vendus \u00e0 un prix plus bas qu\u2019ils ne le sont d\u2019habitude. Cette pratiqu\u00e9e est employ\u00e9e dans le but de renouveler un stock ou de le clore.<\/p>\n<p>C\u2019est \u00e9galement l\u2019occasion pour les passionn\u00e9s de d\u00e9co int\u00e9rieure de <strong>faire de belles affaires<\/strong> et de trouver des mobiliers rares \u00e0 un prix plus qu\u2019int\u00e9ressant. Pour cela, nous regroupons dans cet article <strong>les meilleures boutiques en ligne de d\u00e9stockage<\/strong>\u00a0!<\/p>\n<h2>La tendance du canap\u00e9 design<\/h2>\n<p><img loading=\"lazy\" class=\"alignnone size-large wp-image-1066 aligncenter\" src=\"https:\/\/delormdesign.com\/blog\/wp-content\/uploads\/2018\/07\/canape-design-origines-et-definition-1024x576.jpg\" alt=\"Canap\u00e9 design: origines et d\u00e9finition\" width=\"980\" height=\"551\" srcset=\"https:\/\/delormdesign.com\/blog\/wp-content\/uploads\/2018\/07\/canape-design-origines-et-definition-1024x576.jpg 1024w, https:\/\/delormdesign.com\/blog\/wp-content\/uploads\/2018\/07\/canape-design-origines-et-definition-300x169.jpg 300w, https:\/\/delormdesign.com\/blog\/wp-content\/uploads\/2018\/07\/canape-design-origines-et-definition-768x432.jpg 768w, https:\/\/delormdesign.com\/blog\/wp-content\/uploads\/2018\/07\/canape-design-origines-et-definition-940x529.jpg 940w, https:\/\/delormdesign.com\/blog\/wp-content\/uploads\/2018\/07\/canape-design-origines-et-definition.jpg 1920w\" sizes=\"(max-width: 980px) 100vw, 980px\" \/><\/p>\n<p>Le mobilier esth\u00e9tique fait son come-back\u00a0: pour une belle assise dans votre living, un canap\u00e9 tendance saura <strong>attirer l\u2019\u0153il et devenir la pi\u00e8ce esth\u00e9tique principale<\/strong> de votre pi\u00e8ce \u00e0 vivre. Que votre s\u00e9jour soit spacieux ou plut\u00f4t modeste, il existe s\u00fbrement un mod\u00e8le de canap\u00e9 adapt\u00e9 \u00e0 la configuration de votre pi\u00e8ce \u00e0 vivre. Entre son style et le mat\u00e9riau utilis\u00e9, de nombreux choix s\u2019offrent \u00e0 vous\u00a0!<\/p>\n<p>Pour les amoureux de vintage, <strong>le canap\u00e9 r\u00e9tro<\/strong> permet d\u2019allier d\u00e9licatesse et minimalisme\u00a0: les tons pastel de la mati\u00e8re employ\u00e9e sauront vous rappeler les ann\u00e9es r\u00e9tros de votre jeunesse (comme le velours, la mousse, le tissu et la microfibre). Les canap\u00e9s r\u00e9tros sont <strong>am\u00e9lior\u00e9s et repens\u00e9s pour votre confort<\/strong>. Aussi, les canap\u00e9s d\u00e9suets se reconnaissant par 2 particularit\u00e9s\u00a0: des pieds en bois ou en m\u00e9tal et un doux rev\u00eatement.<\/p>\n<p>Pour un rendu plus \u00e0 la page et contemporain, pr\u00e9f\u00e9rez des <strong>teintes monochromes et neutres pour du cuir<\/strong> (le blanc, le noir et toutes les nuances de gris). Les plus audacieux et avant-gardistes se laissent tenter par des <strong>couleurs flashy mais toujours de bon go\u00fbt<\/strong>. Avant d\u2019investir dans un canap\u00e9 en toile color\u00e9e, gardez \u00e0 l\u2019esprit que le reste de votre pi\u00e8ce devra rester pr\u00e9f\u00e9rablement blanc ou de couleur claire et cr\u00e8me. Donc \u00e9vitez de surcharger votre pi\u00e8ce\u00a0! Vous pouvez aussi faire des rappels de couleur de votre canap\u00e9 dans votre living \u00e0 l\u2019aide <strong>d\u2019objets esth\u00e9tiques tendances et utiles<\/strong>.<\/p>\n<p>Pensez \u00e9galement \u00e0 opter pour un <strong>mod\u00e8le convertible<\/strong> pour un gain de place et d\u2019argent\u00a0: ils allient esth\u00e9tique et praticit\u00e9 et s\u2019adaptent m\u00eame dans les angles.<\/p>\n<h2>O\u00f9 trouver les meilleures affaires\u00a0?<\/h2>\n<p>Nous avons regroup\u00e9 pour vous les meilleurs sites de boutiques en ligne sp\u00e9cialis\u00e9es dans la vente de canap\u00e9s esth\u00e9tiques\u00a0:<\/p>\n<p><img loading=\"lazy\" class=\"alignnone size-large wp-image-1064 aligncenter\" src=\"https:\/\/delormdesign.com\/blog\/wp-content\/uploads\/2018\/07\/canape-design-destockage-boutique-1024x677.jpg\" alt=\"Canap\u00e9 design d\u00e9stockage les meilleures boutiques\" width=\"980\" height=\"648\" srcset=\"https:\/\/delormdesign.com\/blog\/wp-content\/uploads\/2018\/07\/canape-design-destockage-boutique-1024x677.jpg 1024w, https:\/\/delormdesign.com\/blog\/wp-content\/uploads\/2018\/07\/canape-design-destockage-boutique-300x198.jpg 300w, https:\/\/delormdesign.com\/blog\/wp-content\/uploads\/2018\/07\/canape-design-destockage-boutique-768x508.jpg 768w, https:\/\/delormdesign.com\/blog\/wp-content\/uploads\/2018\/07\/canape-design-destockage-boutique-940x621.jpg 940w, https:\/\/delormdesign.com\/blog\/wp-content\/uploads\/2018\/07\/canape-design-destockage-boutique-500x330.jpg 500w\" sizes=\"(max-width: 980px) 100vw, 980px\" \/><\/p>\n<ul>\n<li><strong>Cdiscount<\/strong>: le leader fran\u00e7ais du commerce en ligne propose aujourd\u2019hui des mobiliers d\u2019int\u00e9rieur pour toutes les gammes de prix. Les op\u00e9rations commerciales organis\u00e9es par l\u2019entreprise ont toujours un franc succ\u00e8s et savent s\u00e9duire les fanas d\u2019esth\u00e9tisme.<\/li>\n<li><strong>Elmo (mobilier design)<\/strong>: plus chers mais d\u2019excellente qualit\u00e9, les canap\u00e9s esth\u00e9tiques de cette enseigne fran\u00e7aise habillent les plus beaux salons de France et d\u2019Europe. Leurs op\u00e9rations commerciales seront l\u2019occasion pour vous d\u2019investir dans un canap\u00e9 haut de gamme.<\/li>\n<li><strong>Meublerdesign<\/strong>: Pour un modeste appartement ou une grande maison, cette enseigne vous propose de d\u00e9couvrir des pi\u00e8ces essentielles dans un design moderne pour vous aider \u00e0 d\u00e9velopper un espace dans lequel il fait bon vivre. Profitez des soldes du moment pour relooker votre salon\u00a0!<\/li>\n<li><strong>Sofactory<\/strong>: du mobilier design et esth\u00e9tique directement de l\u2019usine. Depuis plus de 10 ans, les \u00e9quipes de cette entreprise parcourent le monde \u00e0 la recherche des meilleurs produits et aux meilleurs prix. Disposant d\u2019une large collection de canap\u00e9s design, chaises et autres mobiliers d\u2019inspiration scandinave, industrielle et sans oublier romantique, Sofactory vous donne la possibilit\u00e9 de cr\u00e9er un int\u00e9rieur qui vous repr\u00e9sente r\u00e9ellement.<\/li>\n<li><strong>D\u00e9stockage Canap\u00e9 by Home Spirit<\/strong>: Sp\u00e9cialiste dans le commerce de canap\u00e9s et autres fauteuils, ce site propose des canap\u00e9s pour tous les styles et tous les budgets. De plus, les meubles que vous command\u00e9s sont livr\u00e9s et install\u00e9s chez vous et sont garantis jusqu\u2019\u00e0 5 ans\u00a0!<\/li>\n<li><strong>Roche Bobois<\/strong>: la c\u00e9l\u00e8bre enseigne de meubles esth\u00e9tiques contemporains organise de grandes r\u00e9ductions du 27 juin au 28 juillet. L\u2019occasion pour vous de vous rendre directement en boutique et d\u2019essayer votre futur meuble\u00a0!<\/li>\n<\/ul>\n<h2>Delorm Design, un professionnel de la d\u00e9co int\u00e9rieure<\/h2>\n<p style=\"text-align: center;\"><img loading=\"lazy\" class=\"alignnone size-large wp-image-1061\" src=\"https:\/\/delormdesign.com\/blog\/wp-content\/uploads\/2018\/07\/delorm-design-astuce-canape-design-1024x683.jpg\" alt=\"\" width=\"980\" height=\"654\" srcset=\"https:\/\/delormdesign.com\/blog\/wp-content\/uploads\/2018\/07\/delorm-design-astuce-canape-design-1024x683.jpg 1024w, https:\/\/delormdesign.com\/blog\/wp-content\/uploads\/2018\/07\/delorm-design-astuce-canape-design-300x200.jpg 300w, https:\/\/delormdesign.com\/blog\/wp-content\/uploads\/2018\/07\/delorm-design-astuce-canape-design-768x512.jpg 768w, https:\/\/delormdesign.com\/blog\/wp-content\/uploads\/2018\/07\/delorm-design-astuce-canape-design-940x627.jpg 940w, https:\/\/delormdesign.com\/blog\/wp-content\/uploads\/2018\/07\/delorm-design-astuce-canape-design.jpg 1968w\" sizes=\"(max-width: 980px) 100vw, 980px\" \/><\/p>\n<p style=\"text-align: left;\">Vous n\u2019avez pas encore trouv\u00e9 votre bonheur\u00a0? Nous vous conseillons de vous rendre sur notre <a href=\"https:\/\/delormdesign.com\/\">boutique en ligne<\/a> pour profiter de nos codes promos actuellement disponibles et de <a href=\"https:\/\/delormdesign.com\/promotions\">nos promotions de l\u2019\u00e9t\u00e9<\/a> sur notre collection de <a href=\"https:\/\/delormdesign.com\/177-canapes-design\">canap\u00e9s design<\/a>.<\/p>\n<p>Pour tout achat d\u2019un meuble Delorm Design, b\u00e9n\u00e9ficiez d\u2019une <strong>livraison gratuite dans toute la France<\/strong>\u00a0: la Corse est comprise mais avec quelques frais suppl\u00e9mentaires. Cet avantage s\u2019applique aussi en Europe, ainsi que d\u2019un <strong>paiement en 3 fois sans frais<\/strong>\u00a0: pour le reste, nous vous garantissons la <strong>qualit\u00e9 de tout notre mobilier<\/strong>.<\/p>\n<p>Nous esp\u00e9rons que cet article vous a aid\u00e9 dans votre recherche de canap\u00e9s esth\u00e9tiques et que vous pourrez profiter pleinement des op\u00e9rations commerciales organis\u00e9s par toutes ces enseignes. Nous vous souhaitons un agr\u00e9able shopping et vous donnons rendez-vous sur <a href=\"https:\/\/delormdesign.com\/blog\/\">notre blog<\/a> pour de nouvelles astuces et techniques d\u2019esth\u00e9tique int\u00e9rieure\u00a0!<\/p>\n<p>\u00c0 lire sur le m\u00eame sujet:<\/p>\n<ul>\n<li><a href=\"https:\/\/delormdesign.com\/blog\/canape-design\/\">Canap\u00e9 design: comment bien le choisir ?<\/a><\/li>\n<li><a href=\"https:\/\/delormdesign.com\/blog\/canape-design\/comment-rendre-un-canape-design-plus-confortable\/\">Comment rendre un canap\u00e9 design plus confortable ?<\/a><\/li>\n<li><a href=\"https:\/\/delormdesign.com\/blog\/canape-design\/le-canape-design-italien-un-meuble-dexception\/\">Le canap\u00e9 design italien: un meuble d&#8217;exception\u00a0<\/a><\/li>\n<\/ul>\n","protected":false},"excerpt":{"rendered":"<p>Il s\u2019agit en effet d\u2019une pratique commerciale souvent utilis\u00e9e par les vendeurs de mobilier d\u2019int\u00e9rieur. Cette technique consiste \u00e0 se d\u00e9faire d\u2019une importante partie ou de la totalit\u00e9 d\u2019un stock de produits. Les produits sont vendus \u00e0 un prix plus bas qu\u2019ils ne le sont d\u2019habitude. Cette pratiqu\u00e9e est employ\u00e9e dans le but de renouveler [&hellip;]<\/p>\n","protected":false},"author":12,"featured_media":0,"parent":1013,"menu_order":0,"comment_status":"closed","ping_status":"closed","template":"","meta":[],"categories":[],"tags":[],"yoast_head":"<!-- This site is optimized with the Yoast SEO plugin v19.3 - https:\/\/yoast.com\/wordpress\/plugins\/seo\/ -->\n<title>Canap\u00e9 design d\u00e9stockage : o\u00f9 trouver les meilleures affaires ? &bull; Blog Design Jardin &amp; Int\u00e9rieur | Tendance D\u00e9co<\/title>\n<meta name=\"description\" content=\"Nous regroupons dans cet article les meilleures boutiques en ligne de d\u00e9stockage ! Profitez des pratiques commerciales du moment pour votre salon.\" \/>\n<meta name=\"robots\" content=\"index, follow, max-snippet:-1, max-image-preview:large, max-video-preview:-1\" \/>\n<link rel=\"canonical\" href=\"https:\/\/delormdesign.com\/blog\/canape-design\/canape-design-destockage-ou-trouver-les-meilleures-affaires\/\" \/>\n<meta property=\"og:locale\" content=\"fr_FR\" \/>\n<meta property=\"og:type\" content=\"article\" \/>\n<meta property=\"og:title\" content=\"Canap\u00e9 design d\u00e9stockage : o\u00f9 trouver les meilleures affaires ? &bull; Blog Design Jardin &amp; Int\u00e9rieur | Tendance D\u00e9co\" \/>\n<meta property=\"og:description\" content=\"Nous regroupons dans cet article les meilleures boutiques en ligne de d\u00e9stockage ! Profitez des pratiques commerciales du moment pour votre salon.\" \/>\n<meta property=\"og:url\" content=\"https:\/\/delormdesign.com\/blog\/canape-design\/canape-design-destockage-ou-trouver-les-meilleures-affaires\/\" \/>\n<meta property=\"og:site_name\" content=\"Blog Design Jardin &amp; Int\u00e9rieur | Tendance D\u00e9co\" \/>\n<meta property=\"article:publisher\" content=\"https:\/\/www.facebook.com\/delormdesign\/\" \/>\n<meta property=\"article:modified_time\" content=\"2018-07-18T12:19:33+00:00\" \/>\n<meta property=\"og:image\" content=\"https:\/\/delormdesign.com\/blog\/wp-content\/uploads\/2018\/07\/canape-design-origines-et-definition-1024x576.jpg\" \/>\n<meta name=\"twitter:card\" content=\"summary\" \/>\n<meta name=\"twitter:label1\" content=\"Est. reading time\" \/>\n\t<meta name=\"twitter:data1\" content=\"5 minutes\" \/>\n<script type=\"application\/ld+json\" class=\"yoast-schema-graph\">{\"@context\":\"https:\/\/schema.org\",\"@graph\":[{\"@type\":\"WebSite\",\"@id\":\"https:\/\/delormdesign.com\/blog\/#website\",\"url\":\"https:\/\/delormdesign.com\/blog\/\",\"name\":\"Blog Design Jardin &amp; Int\u00e9rieur | Tendance D\u00e9co\",\"description\":\"Jardin &amp; Int\u00e9rieur | Tendance D\u00e9co\",\"potentialAction\":[{\"@type\":\"SearchAction\",\"target\":{\"@type\":\"EntryPoint\",\"urlTemplate\":\"https:\/\/delormdesign.com\/blog\/?s={search_term_string}\"},\"query-input\":\"required name=search_term_string\"}],\"inLanguage\":\"fr-FR\"},{\"@type\":\"ImageObject\",\"inLanguage\":\"fr-FR\",\"@id\":\"https:\/\/delormdesign.com\/blog\/canape-design\/canape-design-destockage-ou-trouver-les-meilleures-affaires\/#primaryimage\",\"url\":\"https:\/\/delormdesign.com\/blog\/wp-content\/uploads\/2018\/07\/canape-design-origines-et-definition.jpg\",\"contentUrl\":\"https:\/\/delormdesign.com\/blog\/wp-content\/uploads\/2018\/07\/canape-design-origines-et-definition.jpg\",\"width\":1920,\"height\":1080,\"caption\":\"Canap\u00e9 design: origines et d\u00e9finition\"},{\"@type\":\"WebPage\",\"@id\":\"https:\/\/delormdesign.com\/blog\/canape-design\/canape-design-destockage-ou-trouver-les-meilleures-affaires\/\",\"url\":\"https:\/\/delormdesign.com\/blog\/canape-design\/canape-design-destockage-ou-trouver-les-meilleures-affaires\/\",\"name\":\"Canap\u00e9 design d\u00e9stockage : o\u00f9 trouver les meilleures affaires ? &bull; Blog Design Jardin &amp; Int\u00e9rieur | Tendance D\u00e9co\",\"isPartOf\":{\"@id\":\"https:\/\/delormdesign.com\/blog\/#website\"},\"primaryImageOfPage\":{\"@id\":\"https:\/\/delormdesign.com\/blog\/canape-design\/canape-design-destockage-ou-trouver-les-meilleures-affaires\/#primaryimage\"},\"datePublished\":\"2018-07-18T12:12:36+00:00\",\"dateModified\":\"2018-07-18T12:19:33+00:00\",\"description\":\"Nous regroupons dans cet article les meilleures boutiques en ligne de d\u00e9stockage ! Profitez des pratiques commerciales du moment pour votre salon.\",\"breadcrumb\":{\"@id\":\"https:\/\/delormdesign.com\/blog\/canape-design\/canape-design-destockage-ou-trouver-les-meilleures-affaires\/#breadcrumb\"},\"inLanguage\":\"fr-FR\",\"potentialAction\":[{\"@type\":\"ReadAction\",\"target\":[\"https:\/\/delormdesign.com\/blog\/canape-design\/canape-design-destockage-ou-trouver-les-meilleures-affaires\/\"]}]},{\"@type\":\"BreadcrumbList\",\"@id\":\"https:\/\/delormdesign.com\/blog\/canape-design\/canape-design-destockage-ou-trouver-les-meilleures-affaires\/#breadcrumb\",\"itemListElement\":[{\"@type\":\"ListItem\",\"position\":1,\"name\":\"Accueil\",\"item\":\"https:\/\/delormdesign.com\/blog\/\"},{\"@type\":\"ListItem\",\"position\":2,\"name\":\"Canap\u00e9 design : comment bien le choisir ?\",\"item\":\"https:\/\/delormdesign.com\/blog\/canape-design\/\"},{\"@type\":\"ListItem\",\"position\":3,\"name\":\"Canap\u00e9 design d\u00e9stockage : o\u00f9 trouver les meilleures affaires ?\"}]}]}<\/script>\n<!-- \/ Yoast SEO plugin. -->","yoast_head_json":{"title":"Canap\u00e9 design d\u00e9stockage : o\u00f9 trouver les meilleures affaires ? &bull; Blog Design Jardin &amp; Int\u00e9rieur | Tendance D\u00e9co","description":"Nous regroupons dans cet article les meilleures boutiques en ligne de d\u00e9stockage ! Profitez des pratiques commerciales du moment pour votre salon.","robots":{"index":"index","follow":"follow","max-snippet":"max-snippet:-1","max-image-preview":"max-image-preview:large","max-video-preview":"max-video-preview:-1"},"canonical":"https:\/\/delormdesign.com\/blog\/canape-design\/canape-design-destockage-ou-trouver-les-meilleures-affaires\/","og_locale":"fr_FR","og_type":"article","og_title":"Canap\u00e9 design d\u00e9stockage : o\u00f9 trouver les meilleures affaires ? &bull; Blog Design Jardin &amp; Int\u00e9rieur | Tendance D\u00e9co","og_description":"Nous regroupons dans cet article les meilleures boutiques en ligne de d\u00e9stockage ! Profitez des pratiques commerciales du moment pour votre salon.","og_url":"https:\/\/delormdesign.com\/blog\/canape-design\/canape-design-destockage-ou-trouver-les-meilleures-affaires\/","og_site_name":"Blog Design Jardin &amp; Int\u00e9rieur | Tendance D\u00e9co","article_publisher":"https:\/\/www.facebook.com\/delormdesign\/","article_modified_time":"2018-07-18T12:19:33+00:00","og_image":[{"url":"https:\/\/delormdesign.com\/blog\/wp-content\/uploads\/2018\/07\/canape-design-origines-et-definition-1024x576.jpg"}],"twitter_card":"summary","twitter_misc":{"Est. reading time":"5 minutes"},"schema":{"@context":"https:\/\/schema.org","@graph":[{"@type":"WebSite","@id":"https:\/\/delormdesign.com\/blog\/#website","url":"https:\/\/delormdesign.com\/blog\/","name":"Blog Design Jardin &amp; Int\u00e9rieur | Tendance D\u00e9co","description":"Jardin &amp; Int\u00e9rieur | Tendance D\u00e9co","potentialAction":[{"@type":"SearchAction","target":{"@type":"EntryPoint","urlTemplate":"https:\/\/delormdesign.com\/blog\/?s={search_term_string}"},"query-input":"required name=search_term_string"}],"inLanguage":"fr-FR"},{"@type":"ImageObject","inLanguage":"fr-FR","@id":"https:\/\/delormdesign.com\/blog\/canape-design\/canape-design-destockage-ou-trouver-les-meilleures-affaires\/#primaryimage","url":"https:\/\/delormdesign.com\/blog\/wp-content\/uploads\/2018\/07\/canape-design-origines-et-definition.jpg","contentUrl":"https:\/\/delormdesign.com\/blog\/wp-content\/uploads\/2018\/07\/canape-design-origines-et-definition.jpg","width":1920,"height":1080,"caption":"Canap\u00e9 design: origines et d\u00e9finition"},{"@type":"WebPage","@id":"https:\/\/delormdesign.com\/blog\/canape-design\/canape-design-destockage-ou-trouver-les-meilleures-affaires\/","url":"https:\/\/delormdesign.com\/blog\/canape-design\/canape-design-destockage-ou-trouver-les-meilleures-affaires\/","name":"Canap\u00e9 design d\u00e9stockage : o\u00f9 trouver les meilleures affaires ? &bull; Blog Design Jardin &amp; Int\u00e9rieur | Tendance D\u00e9co","isPartOf":{"@id":"https:\/\/delormdesign.com\/blog\/#website"},"primaryImageOfPage":{"@id":"https:\/\/delormdesign.com\/blog\/canape-design\/canape-design-destockage-ou-trouver-les-meilleures-affaires\/#primaryimage"},"datePublished":"2018-07-18T12:12:36+00:00","dateModified":"2018-07-18T12:19:33+00:00","description":"Nous regroupons dans cet article les meilleures boutiques en ligne de d\u00e9stockage ! Profitez des pratiques commerciales du moment pour votre salon.","breadcrumb":{"@id":"https:\/\/delormdesign.com\/blog\/canape-design\/canape-design-destockage-ou-trouver-les-meilleures-affaires\/#breadcrumb"},"inLanguage":"fr-FR","potentialAction":[{"@type":"ReadAction","target":["https:\/\/delormdesign.com\/blog\/canape-design\/canape-design-destockage-ou-trouver-les-meilleures-affaires\/"]}]},{"@type":"BreadcrumbList","@id":"https:\/\/delormdesign.com\/blog\/canape-design\/canape-design-destockage-ou-trouver-les-meilleures-affaires\/#breadcrumb","itemListElement":[{"@type":"ListItem","position":1,"name":"Accueil","item":"https:\/\/delormdesign.com\/blog\/"},{"@type":"ListItem","position":2,"name":"Canap\u00e9 design : comment bien le choisir ?","item":"https:\/\/delormdesign.com\/blog\/canape-design\/"},{"@type":"ListItem","position":3,"name":"Canap\u00e9 design d\u00e9stockage : o\u00f9 trouver les meilleures affaires ?"}]}]}},"amp_enabled":true,"_links":{"self":[{"href":"https:\/\/delormdesign.com\/blog\/wp-json\/wp\/v2\/pages\/1056"}],"collection":[{"href":"https:\/\/delormdesign.com\/blog\/wp-json\/wp\/v2\/pages"}],"about":[{"href":"https:\/\/delormdesign.com\/blog\/wp-json\/wp\/v2\/types\/page"}],"author":[{"embeddable":true,"href":"https:\/\/delormdesign.com\/blog\/wp-json\/wp\/v2\/users\/12"}],"replies":[{"embeddable":true,"href":"https:\/\/delormdesign.com\/blog\/wp-json\/wp\/v2\/comments?post=1056"}],"version-history":[{"count":0,"href":"https:\/\/delormdesign.com\/blog\/wp-json\/wp\/v2\/pages\/1056\/revisions"}],"up":[{"embeddable":true,"href":"https:\/\/delormdesign.com\/blog\/wp-json\/wp\/v2\/pages\/1013"}],"wp:attachment":[{"href":"https:\/\/delormdesign.com\/blog\/wp-json\/wp\/v2\/media?parent=1056"}],"wp:term":[{"taxonomy":"category","embeddable":true,"href":"https:\/\/delormdesign.com\/blog\/wp-json\/wp\/v2\/categories?post=1056"},{"taxonomy":"post_tag","embeddable":true,"href":"https:\/\/delormdesign.com\/blog\/wp-json\/wp\/v2\/tags?post=1056"}],"curies":[{"name":"wp","href":"https:\/\/api.w.org\/{rel}","templated":true}]}}