{"id":1068,"date":"2018-07-18T12:13:30","date_gmt":"2018-07-18T12:13:30","guid":{"rendered":"https:\/\/delormdesign.com\/blog\/?page_id=1068"},"modified":"2022-01-07T08:56:15","modified_gmt":"2022-01-07T08:56:15","slug":"ou-acheter-un-bon-canape-pas-trop-cher","status":"publish","type":"page","link":"https:\/\/delormdesign.com\/blog\/acheter-canape\/ou-acheter-un-bon-canape-pas-trop-cher\/","title":{"rendered":"O\u00f9 acheter un bon canap\u00e9 pas trop cher ?"},"content":{"rendered":"<p>C\u2019est l\u2019\u00e9t\u00e9, et qui dit chaleur et soleil dit envie de voyage et de renouveau\u00a0! Place au changement dans votre living\u00a0: investissez dans un <strong>nouveau canap\u00e9<\/strong> pour un <strong>prix plus que raisonnable<\/strong>. Parce qu\u2019apanage ne rime pas toujours avec prix \u00e9lev\u00e9, nous avons regroup\u00e9 pour vous les meilleures boutiques o\u00f9 trouver un nouveau canap\u00e9.<\/p>\n<h2>Pourquoi acheter un bon canap\u00e9 pas trop cher\u00a0?<\/h2>\n<p>Pour les fans de d\u00e9co qui aiment changer d\u2019agencement et de meubles r\u00e9guli\u00e8rement, investir dans un nouveau canap\u00e9 avec un tout nouveau design <strong>peut vite s\u2019av\u00e9rer on\u00e9reux<\/strong>. Heureusement pour eux et pour toutes les personnes avec un budget un peu plus restreint, un meuble canap\u00e9 \u00e0 prix cass\u00e9 peut tout \u00e0 fait <strong>\u00eatre d\u2019un grand caract\u00e8re<\/strong>. Qu\u2019il s\u2019agisse de la finition, de la fabrication ou de l\u2019originalit\u00e9, vous pourrez trouver un canap\u00e9 qui vous ressemble.<\/p>\n<p><img loading=\"lazy\" id=\"exifviewer-img-3\" class=\"alignnone size-large wp-image-1120 aligncenter\" src=\"https:\/\/delormdesign.com\/blog\/wp-content\/uploads\/2018\/07\/bon-canape-pas-trop-cher-1024x1000.jpg\" alt=\"acheter un bon canap\u00e9 pas trop cher\" width=\"980\" height=\"957\" \/><\/p>\n<p>De plus, un bon canap\u00e9 de caract\u00e8re peut \u00eatre <strong>transmis \u00e0 des membres de votre famille<\/strong> ou \u00e0 des amis si vous comprenez comment bien l\u2019entretenir et le faire durer aussi longtemps que possible. Notre objectif dans cet article est de permettre \u00e0 tous les amoureux de d\u00e9co de <strong>trouver la pi\u00e8ce d\u2019exception<\/strong> pour leur pi\u00e8ce \u00e0 vivre.<\/p>\n<p>Vous pourrez donc trouver tous nos conseils pour d\u00e9nicher un bon produit sans payer trop cher et profiter de belles offres\u00a0: on vous laisse avec la suite\u00a0!<\/p>\n<h2>Comment choisir un bon canap\u00e9 pas trop cher\u00a0?<\/h2>\n<p>Le canap\u00e9 se pr\u00e9sente comme la pi\u00e8ce ma\u00eetresse de votre living\u00a0: c\u2019est lui qui attire l\u2019\u0153il et habille votre living d\u2019un simple regard. Un canap\u00e9 de caract\u00e8re saura allier <strong>confort, praticit\u00e9, design et durabilit\u00e9<\/strong>. Laissez-nous vous guider dans votre choix de canap\u00e9 \u00e0 travers ces 4 \u00e9tapes primordiales\u00a0!<\/p>\n<h3>Des mati\u00e8res confortables pour un bon canap\u00e9 pas trop cher<\/h3>\n<p>Les canap\u00e9s d\u2019aujourd\u2019hui se vendent dans un large panel de mati\u00e8res. Il ne tient qu\u2019\u00e0 vous de d\u00e9terminer laquelle d\u2019entre elles saura vous charmer.<\/p>\n<ul>\n<li><strong>Le cuir<\/strong>: il s\u2019agit du mod\u00e8le le plus pl\u00e9biscit\u00e9. Il s\u2019int\u00e8gre facilement dans un living chic et moderne. Ses couleurs neutres se marient avec le bois massif et le blanc des murs de la pi\u00e8ce.<\/li>\n<li><strong>Le tissu<\/strong>: cette mati\u00e8re s\u2019accorde \u00e0 toutes les d\u00e9corations\u00a0(scandinave, moderne, classique, r\u00e9tro ou industrielle). Vous pourrez ainsi laissez libre court \u00e0 vos d\u00e9sirs de couleurs et de motifs. Doux au toucher et facile d\u2019entretien, c\u2019est la mati\u00e8re r\u00eav\u00e9e pour les familles avec de jeunes enfants ou des animaux.<\/li>\n<li><strong>La microfibre<\/strong>: r\u00e9sistante \u00e0 la lumi\u00e8re, sa durabilit\u00e9 vous est garantie. De plus, la microfibre r\u00e9siste \u00e0 l\u2019humidit\u00e9, \u00e0 l\u2019usure et au lavage.<\/li>\n<li><strong>Le bois\/le fer forg\u00e9<\/strong>: plus dures, ces mati\u00e8res ne sont pas conseill\u00e9es pour un int\u00e9rieur. \u00c0 moins de bien am\u00e9nager votre meuble pour le rendre plus confortable. Cependant, elles sont toutes les deux synonymes d\u2019esth\u00e9tisme et se d\u00e9marquent \u00e0 leur mani\u00e8re. Le c\u00f4t\u00e9 chaleureux pour le bois et plus industriel pour le fer forg\u00e9.<\/li>\n<\/ul>\n<p><img loading=\"lazy\" class=\"alignnone size-large wp-image-1122 aligncenter\" src=\"https:\/\/delormdesign.com\/blog\/wp-content\/uploads\/2018\/07\/bon-canape-pas-cher-cuir-768x1024.jpg\" alt=\"choisir un bon canap\u00e9 pas trop cher en cuir\" width=\"768\" height=\"1024\" srcset=\"https:\/\/delormdesign.com\/blog\/wp-content\/uploads\/2018\/07\/bon-canape-pas-cher-cuir-768x1024.jpg 768w, https:\/\/delormdesign.com\/blog\/wp-content\/uploads\/2018\/07\/bon-canape-pas-cher-cuir-225x300.jpg 225w, https:\/\/delormdesign.com\/blog\/wp-content\/uploads\/2018\/07\/bon-canape-pas-cher-cuir-940x1253.jpg 940w, https:\/\/delormdesign.com\/blog\/wp-content\/uploads\/2018\/07\/bon-canape-pas-cher-cuir.jpg 1800w\" sizes=\"(max-width: 768px) 100vw, 768px\" \/><\/p>\n<p>Vous disposez donc d\u2019un large choix de mati\u00e8res pour votre nouveau canap\u00e9. L\u2019avantage de ces mati\u00e8res est qu\u2019<strong>il existe des canap\u00e9s pour chaque budget<\/strong>\u00a0! Par exemple, si le cuir vous semble trop on\u00e9reux, optez pour un canap\u00e9 en simili cuir.<\/p>\n<h3>Le format de canap\u00e9 id\u00e9al pour votre pi\u00e8ce \u00e0 vivre<\/h3>\n<p>En fonction de la position de votre \u00e9cran dans la pi\u00e8ce, de la place dont vous disposez et de l\u2019utilit\u00e9 que vous souhaitez donner \u00e0 votre canap\u00e9, vous devrez choisir un mod\u00e8le qui vous permettra de <strong>profiter pleinement de votre living<\/strong>. Vous pourrez faire face \u00e0 l\u2019un des cas de figure suivants\u00a0:<\/p>\n<ul>\n<li><strong>Canap\u00e9 d\u2019angle<\/strong>: l\u2019agencement de votre pi\u00e8ce vous pousse \u00e0 choisir un canap\u00e9 d\u2019angle\u00a0? Il existe de superbes mod\u00e8les qui sauront prendre place dans votre pi\u00e8ce \u00e0 vivre et optimiser l\u2019espace restant.<\/li>\n<li><strong>Canap\u00e9 convertible<\/strong>: id\u00e9al pour les petits studios ou les salons plus modestes, le canap\u00e9 convertible vous permet de gagner de la place et un couchage en plus. Il s\u2019agit d\u2019un meuble 2-en-1 tr\u00e8s fr\u00e9quemment achet\u00e9 et souvent adopt\u00e9 par les \u00e9tudiants ou les familles nombreuses.<\/li>\n<li><strong>Canap\u00e9 rangement<\/strong>: pour ne pas laisser tra\u00eener de journaux, de t\u00e9l\u00e9commandes ou de manettes de jeu partout dans le living. Optez pour un canap\u00e9 incluant des espaces de rangement (tiroirs, accoudoirs \u00e9tag\u00e8res\u2026).<\/li>\n<li><strong>Canap\u00e9 traditionnel<\/strong>: c\u2019est le cas de figure le plus courant. Vous disposez d\u2019un large choix de canap\u00e9s de petites ou grandes tailles. Nous vous invitons \u00e0 consulter notre article sur <a href=\"https:\/\/delormdesign.com\/blog\/canape-design\/le-canape-design-italien-un-meuble-dexception\/\">les canap\u00e9s design italiens<\/a> pour vous aider dans votre choix de canap\u00e9s XXL.<\/li>\n<\/ul>\n<p><img loading=\"lazy\" id=\"exifviewer-img-4\" class=\"alignnone size-large wp-image-1124 aligncenter\" src=\"https:\/\/delormdesign.com\/blog\/wp-content\/uploads\/2018\/07\/canape-pas-cher-biblioteque-1024x682.jpg\" alt=\"canap\u00e9 pas cher avec espaces de rangement\" width=\"980\" height=\"653\" srcset=\"https:\/\/delormdesign.com\/blog\/wp-content\/uploads\/2018\/07\/canape-pas-cher-biblioteque-1024x682.jpg 1024w, https:\/\/delormdesign.com\/blog\/wp-content\/uploads\/2018\/07\/canape-pas-cher-biblioteque-300x200.jpg 300w, https:\/\/delormdesign.com\/blog\/wp-content\/uploads\/2018\/07\/canape-pas-cher-biblioteque-768x512.jpg 768w, https:\/\/delormdesign.com\/blog\/wp-content\/uploads\/2018\/07\/canape-pas-cher-biblioteque-940x627.jpg 940w, https:\/\/delormdesign.com\/blog\/wp-content\/uploads\/2018\/07\/canape-pas-cher-biblioteque.jpg 2000w\" sizes=\"(max-width: 980px) 100vw, 980px\" \/><\/p>\n<h2>O\u00f9 acheter un bon canap\u00e9 pas trop cher\u00a0?<\/h2>\n<p>Nous avons s\u00e9lectionn\u00e9 pour vous les meilleures boutiques en ligne sp\u00e9cialis\u00e9es dans la <strong>vente de meubles d\u2019int\u00e9rieur. <\/strong>Laissez-nous<strong>\u00a0<\/strong>vous aider dans votre choix de canap\u00e9s de caract\u00e8re \u00e0 prix accessibles.<\/p>\n<p>Nous commencerons avec le site des <strong>3Suisses<\/strong>\u00a0: leurs canap\u00e9s sont \u00e0 400\u20ac pour une qualit\u00e9 moyenne de gamme. De plus, ils proposent une large vari\u00e9t\u00e9 de styles et de coloris. Profitez de leurs soldes jusqu\u2019\u00e0 -40% pour refaire la d\u00e9co de votre living\u00a0!<\/p>\n<p>Vient ensuite le site d<strong>\u2019Alin\u00e9a<\/strong>\u00a0: en entr\u00e9e de gamme, les canap\u00e9s sont \u00e0 200\u20ac et d\u2019une assez bonne qualit\u00e9. Profitez de leur livraison gratuite et de 30 jours pour changer d\u2019avis pour faire un retour en magasin gratuit !<\/p>\n<p>Nous nous int\u00e9ressons maintenant au magasin <strong>But<\/strong>\u00a0: le prix des canap\u00e9s s\u2019\u00e9l\u00e8ve en moyenne \u00e0 320\u20ac. Disponibles dans tous les styles et tous les motifs, rendez-vous sur le site internet de la marque pour choisir votre nouveau canap\u00e9.<\/p>\n<p>Enfin, nous terminons cet article en vous donnant rendez-vous sur notre site internet <a href=\"https:\/\/delormdesign.com\/\">Delorm Design<\/a> dans la cat\u00e9gorie <a href=\"https:\/\/delormdesign.com\/177-canape-design\">Canap\u00e9s design<\/a> afin de d\u00e9couvrir notre collection de canap\u00e9s \u00e0 inspiration contemporaine et scandinave. Profitez de nos offres du moment sur une grande vari\u00e9t\u00e9 de produits \u00e0 prix r\u00e9duits\u00a0!<\/p>\n<p>\u00c0 lire sur le m\u00eame sujet:<\/p>\n<ul>\n<li><a href=\"https:\/\/delormdesign.com\/blog\/acheter-canape\/\">O\u00f9 acheter son canap\u00e9 ?<\/a><\/li>\n<li><a href=\"https:\/\/delormdesign.com\/blog\/acheter-canape\/canape-dangle\/\">Choisir son canap\u00e9 d&#8217;angle en 4 \u00e9tapes<\/a><\/li>\n<li><a href=\"https:\/\/delormdesign.com\/blog\/acheter-canape\/canape-alinea\/\">Pourquoi acheter un canap\u00e9 chez Alin\u00e9a ?<\/a><\/li>\n<\/ul>\n","protected":false},"excerpt":{"rendered":"<p>C\u2019est l\u2019\u00e9t\u00e9, et qui dit chaleur et soleil dit envie de voyage et de renouveau\u00a0! Place au changement dans votre living\u00a0: investissez dans un nouveau canap\u00e9 pour un prix plus que raisonnable. Parce qu\u2019apanage ne rime pas toujours avec prix \u00e9lev\u00e9, nous avons regroup\u00e9 pour vous les meilleures boutiques o\u00f9 trouver un nouveau canap\u00e9. Pourquoi [&hellip;]<\/p>\n","protected":false},"author":12,"featured_media":0,"parent":880,"menu_order":0,"comment_status":"closed","ping_status":"closed","template":"","meta":[],"categories":[],"tags":[],"yoast_head":"<!-- This site is optimized with the Yoast SEO plugin v19.3 - https:\/\/yoast.com\/wordpress\/plugins\/seo\/ -->\n<title>O\u00f9 acheter un bon canap\u00e9 pas trop cher ? &bull; Blog Design Jardin &amp; Int\u00e9rieur | Tendance D\u00e9co<\/title>\n<meta name=\"description\" content=\"La qualit\u00e9 ne rime pas toujours avec prix \u00e9lev\u00e9, nous avons regroup\u00e9 pour vous aujourd\u2019hui les meilleures boutiques o\u00f9 trouver un nouveau canap\u00e9 \u00e0 bas prix.\" \/>\n<meta name=\"robots\" content=\"index, follow, max-snippet:-1, max-image-preview:large, max-video-preview:-1\" \/>\n<link rel=\"canonical\" href=\"https:\/\/delormdesign.com\/blog\/acheter-canape\/ou-acheter-un-bon-canape-pas-trop-cher\/\" \/>\n<meta property=\"og:locale\" content=\"fr_FR\" \/>\n<meta property=\"og:type\" content=\"article\" \/>\n<meta property=\"og:title\" content=\"O\u00f9 acheter un bon canap\u00e9 pas trop cher ? &bull; Blog Design Jardin &amp; Int\u00e9rieur | Tendance D\u00e9co\" \/>\n<meta property=\"og:description\" content=\"La qualit\u00e9 ne rime pas toujours avec prix \u00e9lev\u00e9, nous avons regroup\u00e9 pour vous aujourd\u2019hui les meilleures boutiques o\u00f9 trouver un nouveau canap\u00e9 \u00e0 bas prix.\" \/>\n<meta property=\"og:url\" content=\"https:\/\/delormdesign.com\/blog\/acheter-canape\/ou-acheter-un-bon-canape-pas-trop-cher\/\" \/>\n<meta property=\"og:site_name\" content=\"Blog Design Jardin &amp; Int\u00e9rieur | Tendance D\u00e9co\" \/>\n<meta property=\"article:publisher\" content=\"https:\/\/www.facebook.com\/delormdesign\/\" \/>\n<meta property=\"article:modified_time\" content=\"2022-01-07T08:56:15+00:00\" \/>\n<meta property=\"og:image\" content=\"https:\/\/delormdesign.com\/blog\/wp-content\/uploads\/2018\/07\/bon-canape-pas-trop-cher-1024x1000.jpg\" \/>\n<meta name=\"twitter:card\" content=\"summary\" \/>\n<meta name=\"twitter:label1\" content=\"Est. reading time\" \/>\n\t<meta name=\"twitter:data1\" content=\"5 minutes\" \/>\n<script type=\"application\/ld+json\" class=\"yoast-schema-graph\">{\"@context\":\"https:\/\/schema.org\",\"@graph\":[{\"@type\":\"WebSite\",\"@id\":\"https:\/\/delormdesign.com\/blog\/#website\",\"url\":\"https:\/\/delormdesign.com\/blog\/\",\"name\":\"Blog Design Jardin &amp; Int\u00e9rieur | Tendance D\u00e9co\",\"description\":\"Jardin &amp; Int\u00e9rieur | Tendance D\u00e9co\",\"potentialAction\":[{\"@type\":\"SearchAction\",\"target\":{\"@type\":\"EntryPoint\",\"urlTemplate\":\"https:\/\/delormdesign.com\/blog\/?s={search_term_string}\"},\"query-input\":\"required name=search_term_string\"}],\"inLanguage\":\"fr-FR\"},{\"@type\":\"ImageObject\",\"inLanguage\":\"fr-FR\",\"@id\":\"https:\/\/delormdesign.com\/blog\/acheter-canape\/ou-acheter-un-bon-canape-pas-trop-cher\/#primaryimage\",\"url\":\"https:\/\/delormdesign.com\/blog\/wp-content\/uploads\/2018\/07\/bon-canape-pas-trop-cher-1024x1000.jpg\",\"contentUrl\":\"https:\/\/delormdesign.com\/blog\/wp-content\/uploads\/2018\/07\/bon-canape-pas-trop-cher-1024x1000.jpg\"},{\"@type\":\"WebPage\",\"@id\":\"https:\/\/delormdesign.com\/blog\/acheter-canape\/ou-acheter-un-bon-canape-pas-trop-cher\/\",\"url\":\"https:\/\/delormdesign.com\/blog\/acheter-canape\/ou-acheter-un-bon-canape-pas-trop-cher\/\",\"name\":\"O\u00f9 acheter un bon canap\u00e9 pas trop cher ? &bull; Blog Design Jardin &amp; Int\u00e9rieur | Tendance D\u00e9co\",\"isPartOf\":{\"@id\":\"https:\/\/delormdesign.com\/blog\/#website\"},\"primaryImageOfPage\":{\"@id\":\"https:\/\/delormdesign.com\/blog\/acheter-canape\/ou-acheter-un-bon-canape-pas-trop-cher\/#primaryimage\"},\"datePublished\":\"2018-07-18T12:13:30+00:00\",\"dateModified\":\"2022-01-07T08:56:15+00:00\",\"description\":\"La qualit\u00e9 ne rime pas toujours avec prix \u00e9lev\u00e9, nous avons regroup\u00e9 pour vous aujourd\u2019hui les meilleures boutiques o\u00f9 trouver un nouveau canap\u00e9 \u00e0 bas prix.\",\"breadcrumb\":{\"@id\":\"https:\/\/delormdesign.com\/blog\/acheter-canape\/ou-acheter-un-bon-canape-pas-trop-cher\/#breadcrumb\"},\"inLanguage\":\"fr-FR\",\"potentialAction\":[{\"@type\":\"ReadAction\",\"target\":[\"https:\/\/delormdesign.com\/blog\/acheter-canape\/ou-acheter-un-bon-canape-pas-trop-cher\/\"]}]},{\"@type\":\"BreadcrumbList\",\"@id\":\"https:\/\/delormdesign.com\/blog\/acheter-canape\/ou-acheter-un-bon-canape-pas-trop-cher\/#breadcrumb\",\"itemListElement\":[{\"@type\":\"ListItem\",\"position\":1,\"name\":\"Accueil\",\"item\":\"https:\/\/delormdesign.com\/blog\/\"},{\"@type\":\"ListItem\",\"position\":2,\"name\":\"O\u00f9 acheter son canap\u00e9 ?\",\"item\":\"https:\/\/delormdesign.com\/blog\/acheter-canape\/\"},{\"@type\":\"ListItem\",\"position\":3,\"name\":\"O\u00f9 acheter un bon canap\u00e9 pas trop cher ?\"}]}]}<\/script>\n<!-- \/ Yoast SEO plugin. -->","yoast_head_json":{"title":"O\u00f9 acheter un bon canap\u00e9 pas trop cher ? &bull; Blog Design Jardin &amp; Int\u00e9rieur | Tendance D\u00e9co","description":"La qualit\u00e9 ne rime pas toujours avec prix \u00e9lev\u00e9, nous avons regroup\u00e9 pour vous aujourd\u2019hui les meilleures boutiques o\u00f9 trouver un nouveau canap\u00e9 \u00e0 bas prix.","robots":{"index":"index","follow":"follow","max-snippet":"max-snippet:-1","max-image-preview":"max-image-preview:large","max-video-preview":"max-video-preview:-1"},"canonical":"https:\/\/delormdesign.com\/blog\/acheter-canape\/ou-acheter-un-bon-canape-pas-trop-cher\/","og_locale":"fr_FR","og_type":"article","og_title":"O\u00f9 acheter un bon canap\u00e9 pas trop cher ? &bull; Blog Design Jardin &amp; Int\u00e9rieur | Tendance D\u00e9co","og_description":"La qualit\u00e9 ne rime pas toujours avec prix \u00e9lev\u00e9, nous avons regroup\u00e9 pour vous aujourd\u2019hui les meilleures boutiques o\u00f9 trouver un nouveau canap\u00e9 \u00e0 bas prix.","og_url":"https:\/\/delormdesign.com\/blog\/acheter-canape\/ou-acheter-un-bon-canape-pas-trop-cher\/","og_site_name":"Blog Design Jardin &amp; Int\u00e9rieur | Tendance D\u00e9co","article_publisher":"https:\/\/www.facebook.com\/delormdesign\/","article_modified_time":"2022-01-07T08:56:15+00:00","og_image":[{"url":"https:\/\/delormdesign.com\/blog\/wp-content\/uploads\/2018\/07\/bon-canape-pas-trop-cher-1024x1000.jpg"}],"twitter_card":"summary","twitter_misc":{"Est. reading time":"5 minutes"},"schema":{"@context":"https:\/\/schema.org","@graph":[{"@type":"WebSite","@id":"https:\/\/delormdesign.com\/blog\/#website","url":"https:\/\/delormdesign.com\/blog\/","name":"Blog Design Jardin &amp; Int\u00e9rieur | Tendance D\u00e9co","description":"Jardin &amp; Int\u00e9rieur | Tendance D\u00e9co","potentialAction":[{"@type":"SearchAction","target":{"@type":"EntryPoint","urlTemplate":"https:\/\/delormdesign.com\/blog\/?s={search_term_string}"},"query-input":"required name=search_term_string"}],"inLanguage":"fr-FR"},{"@type":"ImageObject","inLanguage":"fr-FR","@id":"https:\/\/delormdesign.com\/blog\/acheter-canape\/ou-acheter-un-bon-canape-pas-trop-cher\/#primaryimage","url":"https:\/\/delormdesign.com\/blog\/wp-content\/uploads\/2018\/07\/bon-canape-pas-trop-cher-1024x1000.jpg","contentUrl":"https:\/\/delormdesign.com\/blog\/wp-content\/uploads\/2018\/07\/bon-canape-pas-trop-cher-1024x1000.jpg"},{"@type":"WebPage","@id":"https:\/\/delormdesign.com\/blog\/acheter-canape\/ou-acheter-un-bon-canape-pas-trop-cher\/","url":"https:\/\/delormdesign.com\/blog\/acheter-canape\/ou-acheter-un-bon-canape-pas-trop-cher\/","name":"O\u00f9 acheter un bon canap\u00e9 pas trop cher ? &bull; Blog Design Jardin &amp; Int\u00e9rieur | Tendance D\u00e9co","isPartOf":{"@id":"https:\/\/delormdesign.com\/blog\/#website"},"primaryImageOfPage":{"@id":"https:\/\/delormdesign.com\/blog\/acheter-canape\/ou-acheter-un-bon-canape-pas-trop-cher\/#primaryimage"},"datePublished":"2018-07-18T12:13:30+00:00","dateModified":"2022-01-07T08:56:15+00:00","description":"La qualit\u00e9 ne rime pas toujours avec prix \u00e9lev\u00e9, nous avons regroup\u00e9 pour vous aujourd\u2019hui les meilleures boutiques o\u00f9 trouver un nouveau canap\u00e9 \u00e0 bas prix.","breadcrumb":{"@id":"https:\/\/delormdesign.com\/blog\/acheter-canape\/ou-acheter-un-bon-canape-pas-trop-cher\/#breadcrumb"},"inLanguage":"fr-FR","potentialAction":[{"@type":"ReadAction","target":["https:\/\/delormdesign.com\/blog\/acheter-canape\/ou-acheter-un-bon-canape-pas-trop-cher\/"]}]},{"@type":"BreadcrumbList","@id":"https:\/\/delormdesign.com\/blog\/acheter-canape\/ou-acheter-un-bon-canape-pas-trop-cher\/#breadcrumb","itemListElement":[{"@type":"ListItem","position":1,"name":"Accueil","item":"https:\/\/delormdesign.com\/blog\/"},{"@type":"ListItem","position":2,"name":"O\u00f9 acheter son canap\u00e9 ?","item":"https:\/\/delormdesign.com\/blog\/acheter-canape\/"},{"@type":"ListItem","position":3,"name":"O\u00f9 acheter un bon canap\u00e9 pas trop cher ?"}]}]}},"amp_enabled":true,"_links":{"self":[{"href":"https:\/\/delormdesign.com\/blog\/wp-json\/wp\/v2\/pages\/1068"}],"collection":[{"href":"https:\/\/delormdesign.com\/blog\/wp-json\/wp\/v2\/pages"}],"about":[{"href":"https:\/\/delormdesign.com\/blog\/wp-json\/wp\/v2\/types\/page"}],"author":[{"embeddable":true,"href":"https:\/\/delormdesign.com\/blog\/wp-json\/wp\/v2\/users\/12"}],"replies":[{"embeddable":true,"href":"https:\/\/delormdesign.com\/blog\/wp-json\/wp\/v2\/comments?post=1068"}],"version-history":[{"count":4,"href":"https:\/\/delormdesign.com\/blog\/wp-json\/wp\/v2\/pages\/1068\/revisions"}],"predecessor-version":[{"id":2675,"href":"https:\/\/delormdesign.com\/blog\/wp-json\/wp\/v2\/pages\/1068\/revisions\/2675"}],"up":[{"embeddable":true,"href":"https:\/\/delormdesign.com\/blog\/wp-json\/wp\/v2\/pages\/880"}],"wp:attachment":[{"href":"https:\/\/delormdesign.com\/blog\/wp-json\/wp\/v2\/media?parent=1068"}],"wp:term":[{"taxonomy":"category","embeddable":true,"href":"https:\/\/delormdesign.com\/blog\/wp-json\/wp\/v2\/categories?post=1068"},{"taxonomy":"post_tag","embeddable":true,"href":"https:\/\/delormdesign.com\/blog\/wp-json\/wp\/v2\/tags?post=1068"}],"curies":[{"name":"wp","href":"https:\/\/api.w.org\/{rel}","templated":true}]}}