{"id":1160,"date":"2018-07-18T12:13:19","date_gmt":"2018-07-18T12:13:19","guid":{"rendered":"https:\/\/delormdesign.com\/blog\/?page_id=1160"},"modified":"2019-03-02T09:37:33","modified_gmt":"2019-03-02T09:37:33","slug":"canape-dangle","status":"publish","type":"page","link":"https:\/\/delormdesign.com\/blog\/acheter-canape\/canape-dangle\/","title":{"rendered":"Choisir son canap\u00e9 d&#8217;angle en 4 \u00e9tapes"},"content":{"rendered":"<p>Pour red\u00e9corer votre living, votre choix s\u2019est port\u00e9 sur un nouveau canap\u00e9 d\u2019angle. Besoin d\u2019un coup de pouce pour d\u00e9terminer son emplacement, sa taille et son utilisation\u00a0? Avant de passer \u00e0 l\u2019achat, <strong>suivez nos conseils pour choisir le canap\u00e9 le plus adapt\u00e9<\/strong>.<\/p>\n<h2>1) D\u00e9finir l\u2019emplacement du canap\u00e9 d\u2019angle<\/h2>\n<p>Bien que vous ayez h\u00e2te de le voir install\u00e9 dans votre salon, il est primordial de <strong>d\u00e9finir sa future place<\/strong>. C\u2019est en effet le premier crit\u00e8re \u00e0 \u00e9valuer\u00a0! Pour choisir la position de votre canap\u00e9 dans la pi\u00e8ce, imaginez sa m\u00e9ridienne et visualisez-le \u00e0 droite ou \u00e0 gauche dans votre living.<\/p>\n<p>Un petit salon accueillera plus facilement un canap\u00e9 dans un coin de la pi\u00e8ce. Dans le but de ne pas encombrer la pi\u00e8ce et d\u2019optimiser l\u2019espace, <strong>gardez un coin ouvert et toujours accessible<\/strong> pour vous d\u00e9placer.<\/p>\n<p><img loading=\"lazy\" class=\"alignnone size-large wp-image-1173 aligncenter\" src=\"https:\/\/delormdesign.com\/blog\/wp-content\/uploads\/2018\/07\/canape-angle-tissu-style-1024x815.jpg\" alt=\"canap\u00e9 utile en tissu\" width=\"980\" height=\"780\" srcset=\"https:\/\/delormdesign.com\/blog\/wp-content\/uploads\/2018\/07\/canape-angle-tissu-style-1024x815.jpg 1024w, https:\/\/delormdesign.com\/blog\/wp-content\/uploads\/2018\/07\/canape-angle-tissu-style-300x239.jpg 300w, https:\/\/delormdesign.com\/blog\/wp-content\/uploads\/2018\/07\/canape-angle-tissu-style-768x611.jpg 768w, https:\/\/delormdesign.com\/blog\/wp-content\/uploads\/2018\/07\/canape-angle-tissu-style-940x748.jpg 940w, https:\/\/delormdesign.com\/blog\/wp-content\/uploads\/2018\/07\/canape-angle-tissu-style.jpg 2000w\" sizes=\"(max-width: 980px) 100vw, 980px\" \/><\/p>\n<p>Au contraire, un canap\u00e9 d\u2019angle n\u2019a pas forc\u00e9ment besoin d\u2019\u00eatre coll\u00e9 \u00e0 un mur s\u2019il se trouve dans un grand living\u00a0! Profitez-en pour <strong>agencer votre living d\u2019une nouvelle fa\u00e7on<\/strong> et de structurer votre pi\u00e8ce \u00e0 vivre. Attention cependant \u00e0 la position des autres meubles dans la pi\u00e8ce et \u00e0 <strong>garder de la place pour circuler<\/strong>.<\/p>\n<p>Pour bien d\u00e9terminer l\u2019angle de votre sofa, mettez-vous face \u00e0 celui-ci. Vous saurez alors s\u2019il est pr\u00e9f\u00e9rable de le disposer \u00e0 gauche ou \u00e0 droite.<\/p>\n<h2>2) D\u00e9terminer la taille de son canap\u00e9 d\u2019angle<\/h2>\n<p>En fonction de la taille de votre living, vous devrez choisir un sofa adapt\u00e9. Veillez donc \u00e0 <strong>ne pas surcharger la pi\u00e8ce<\/strong>, quitte \u00e0 choisir un plus petit meuble. Un canap\u00e9 d\u2019angle plus modeste n\u2019en sera pas moins confortable\u00a0! Vous pourrez toujours l\u2019agencer d\u2019une fa\u00e7on plus douillette avec des coussins, des plaids et autres astuces que vous pouvez retrouver dans <a href=\"https:\/\/delormdesign.com\/blog\/canape-design\/comment-rendre-un-canape-design-plus-confortable\/\">notre article d\u00e9di\u00e9<\/a>.<\/p>\n<p>Pour les pi\u00e8ces \u00e0 vivre de belles tailles, vous aurez tout le plaisir de choisir un mod\u00e8le XXL pour un confort maximal et une assise de grande qualit\u00e9. Sachez qu\u2019il existe \u00e9galement des <strong>canap\u00e9s d\u2019angles modulables<\/strong>\u00a0: vous pourrez le composer vous-m\u00eame selon vos envies. Id\u00e9al pour les fans de d\u00e9co int\u00e9rieure ou les personnes qui d\u00e9m\u00e9nagent souvent\u00a0: emmenez votre sofa partout avec vous et <strong>adaptez-le \u00e0 votre nouveau chez-vous<\/strong>\u00a0!<\/p>\n<h2>3) Quelle utilit\u00e9 pour votre canap\u00e9\u00a0?<\/h2>\n<p>Ce troisi\u00e8me crit\u00e8re sera d\u00e9terminant dans votre choix. Pour les personnes qui vivent en appartement ou celles qui ne poss\u00e8dent pas de chambre d\u2019amis, un sofa <strong>convertible est une option \u00e0 ne pas n\u00e9gliger<\/strong>\u00a0! Vous disposerez ainsi d\u2019un couchage suppl\u00e9mentaire sans pour autant perdre de l\u2019espace. De plus, certains mod\u00e8les sont vendus avec des dossiers r\u00e9versibles, pour plus de place en largeur. <strong>Confortable et pratique<\/strong>, c\u2019est l\u2019un des mod\u00e8les les plus pris\u00e9s par les jeunes, les familles nombreuses et les amateurs de soir\u00e9es entre amis.<\/p>\n<p>Parmi les autres canap\u00e9s qui allient praticit\u00e9 et style, nous avons <strong>le canap\u00e9 avec des espaces de rangement<\/strong>. Un mod\u00e8le avec un coffre de rangement situ\u00e9 sous les assises vous permettra de ranger toutes les t\u00e9l\u00e9commandes, les journaux et les manettes de jeu qui tra\u00eenent dans votre living. <strong>Recommand\u00e9 pour les familles avec de jeunes enfants<\/strong>, le canap\u00e9 avec coffre peut \u00e9galement servir pour ranger leurs diff\u00e9rents jouets\u00a0: vos t\u00e2ches m\u00e9nag\u00e8res en seront s\u00fbrement simplifi\u00e9es\u00a0!<\/p>\n<p><img loading=\"lazy\" class=\"alignnone size-large wp-image-1171 aligncenter\" src=\"https:\/\/delormdesign.com\/blog\/wp-content\/uploads\/2018\/07\/canape-angle-quelle-utilite-1024x682.jpg\" alt=\"canap\u00e9 d'angle quelle utilit\u00e9\" width=\"980\" height=\"653\" srcset=\"https:\/\/delormdesign.com\/blog\/wp-content\/uploads\/2018\/07\/canape-angle-quelle-utilite-1024x682.jpg 1024w, https:\/\/delormdesign.com\/blog\/wp-content\/uploads\/2018\/07\/canape-angle-quelle-utilite-300x200.jpg 300w, https:\/\/delormdesign.com\/blog\/wp-content\/uploads\/2018\/07\/canape-angle-quelle-utilite-768x512.jpg 768w, https:\/\/delormdesign.com\/blog\/wp-content\/uploads\/2018\/07\/canape-angle-quelle-utilite-940x626.jpg 940w\" sizes=\"(max-width: 980px) 100vw, 980px\" \/><\/p>\n<p>Il existe aussi des mod\u00e8les avec des tablettes sur les c\u00f4t\u00e9s des accoudoirs pour y stocker des livres et d\u2019autres bibelots, ou encore des niches de rangement situ\u00e9es directement dans les accoudoirs. Il ne vous reste plus qu\u2019\u00e0 d\u00e9terminer <strong>quelle sorte de canap\u00e9 d\u2019angle vous accompagnera le mieux au quotidien<\/strong>\u00a0!<\/p>\n<h2>4) Choisir le style de son canap\u00e9 d\u2019angle<\/h2>\n<p>Voici donc le dernier crit\u00e8re qu\u2019il vous faut prendre en compte avant de passer \u00e0 l\u2019achat. Votre canap\u00e9 d\u2019angle devra en effet <strong>s\u2019adapter au style du reste de votre pi\u00e8ce \u00e0 vivre<\/strong>. Par sa forme peu conventionnelle et sa taille parfois imposante, il sera le meuble qui attirera l\u2019\u0153il en premier dans votre pi\u00e8ce. Deux options s\u2019offrent alors \u00e0 vous\u00a0:<\/p>\n<p>Vous pouvez faire en sorte de <strong>rendre votre sofa plus neutre <\/strong>et moins tape-\u00e0-l\u2019\u0153il en choisissant du cuir dans des tons monochromes. Les teintes noires, blanches, chocolats et grises se marient tr\u00e8s bien avec un living \u00e9pur\u00e9 aux murs blancs. Vous ne risquez pas de faire d\u2019erreur en choisissant ce style de design.<\/p>\n<p><img loading=\"lazy\" class=\"alignnone size-large wp-image-1169 aligncenter\" src=\"https:\/\/delormdesign.com\/blog\/wp-content\/uploads\/2018\/07\/canape-angle-cuir-choisir-1024x664.jpg\" alt=\"bien choisir son canap\u00e9 d'angle en 4 \u00e9tapes\" width=\"980\" height=\"635\" srcset=\"https:\/\/delormdesign.com\/blog\/wp-content\/uploads\/2018\/07\/canape-angle-cuir-choisir-1024x664.jpg 1024w, https:\/\/delormdesign.com\/blog\/wp-content\/uploads\/2018\/07\/canape-angle-cuir-choisir-300x195.jpg 300w, https:\/\/delormdesign.com\/blog\/wp-content\/uploads\/2018\/07\/canape-angle-cuir-choisir-768x498.jpg 768w, https:\/\/delormdesign.com\/blog\/wp-content\/uploads\/2018\/07\/canape-angle-cuir-choisir-940x610.jpg 940w\" sizes=\"(max-width: 980px) 100vw, 980px\" \/><\/p>\n<p>Au contraire, vous pouvez jouer de la taille et de la forme de votre meuble <strong>en le mettant davantage en avant<\/strong>\u00a0: optez alors pour des couleurs flashy comme du jaune, du rouge ocre ou du bleu ciel. Des mati\u00e8res en tissu, en microfibre ou en velours vous permettront de laisser parler toute votre cr\u00e9ativit\u00e9. En choisissant de le mettre en avant, vous faites de votre sofa <strong>l\u2019\u00e9l\u00e9ment essentiel du living<\/strong>, une v\u00e9ritable pi\u00e8ce artistique et contemporaine.<\/p>\n<h2>Delorm Design, un professionnel de l\u2019ameublement d\u2019int\u00e9rieur<\/h2>\n<p>Passionn\u00e9e de d\u00e9coration int\u00e9rieure et pour jardin, notre enseigne se positionne comme un commer\u00e7ant professionnel <strong>\u00e0 l\u2019\u00e9coute des attentes de son march\u00e9<\/strong>.<\/p>\n<p>Nous vous donnons rendez-vous sur le site de <a href=\"https:\/\/delormdesign.com\/\">notre boutique en ligne<\/a> pour d\u00e9couvrir tous nos mod\u00e8les de <a href=\"https:\/\/delormdesign.com\/17-canapes-tissus-d-angle\">canap\u00e9s \u00e0 angles droits<\/a> disponibles en magasin. Profitez de <a href=\"https:\/\/delormdesign.com\/promotions\">nos promotions<\/a> du moment pour faire des \u00e9conomies et red\u00e9corer votre living-room comme il se doit\u00a0!<\/p>\n<p>Vous disposez \u00e9galement d\u2019une livraison gratuite et d\u2019un paiement en 3 fois sans frais d\u00e8s votre premier achat sur notre site.<\/p>\n<p>Pour plus de d\u00e9tails, vous pouvez nous joindre sur notre adresse mail <a href=\"mailto:contact@delormdesign.com\">contact@delormdesign.com<\/a> ainsi que sur notre num\u00e9ro de service client au 05 17 01 14 40.<\/p>\n<p>\u00c0 lire sur le m\u00eame sujet:<\/p>\n<ul>\n<li><a href=\"https:\/\/delormdesign.com\/blog\/acheter-canape\/\">O\u00f9 acheter son canap\u00e9 ?<\/a><\/li>\n<li><a href=\"https:\/\/delormdesign.com\/blog\/acheter-canape\/ou-acheter-un-bon-canape-pas-trop-cher\/\">O\u00f9 acheter un bon canap\u00e9 pas trop cher ?\u00a0<\/a><\/li>\n<li><a href=\"https:\/\/delormdesign.com\/blog\/acheter-canape\/canape-alinea\/\">Pourquoi acheter un canap\u00e9 chez Alin\u00e9a ?<\/a><\/li>\n<\/ul>\n","protected":false},"excerpt":{"rendered":"<p>Pour red\u00e9corer votre living, votre choix s\u2019est port\u00e9 sur un nouveau canap\u00e9 d\u2019angle. Besoin d\u2019un coup de pouce pour d\u00e9terminer son emplacement, sa taille et son utilisation\u00a0? Avant de passer \u00e0 l\u2019achat, suivez nos conseils pour choisir le canap\u00e9 le plus adapt\u00e9. 1) D\u00e9finir l\u2019emplacement du canap\u00e9 d\u2019angle Bien que vous ayez h\u00e2te de le [&hellip;]<\/p>\n","protected":false},"author":12,"featured_media":1245,"parent":880,"menu_order":0,"comment_status":"closed","ping_status":"closed","template":"","meta":[],"categories":[],"tags":[],"yoast_head":"<!-- This site is optimized with the Yoast SEO plugin v19.3 - https:\/\/yoast.com\/wordpress\/plugins\/seo\/ -->\n<title>Choisir son canap\u00e9 d&#039;angle en 4 \u00e9tapes &bull; Blog Design Jardin &amp; Int\u00e9rieur | Tendance D\u00e9co<\/title>\n<meta name=\"description\" content=\"Besoin d\u2019aide pour d\u00e9terminer son emplacement, sa taille etc. ? Avant de passer \u00e0 l\u2019achat, suivez nos conseils pour choisir le canap\u00e9 le plus adapt\u00e9.\" \/>\n<meta name=\"robots\" content=\"index, follow, max-snippet:-1, max-image-preview:large, max-video-preview:-1\" \/>\n<link rel=\"canonical\" href=\"https:\/\/delormdesign.com\/blog\/acheter-canape\/canape-dangle\/\" \/>\n<meta property=\"og:locale\" content=\"fr_FR\" \/>\n<meta property=\"og:type\" content=\"article\" \/>\n<meta property=\"og:title\" content=\"Choisir son canap\u00e9 d&#039;angle en 4 \u00e9tapes &bull; Blog Design Jardin &amp; Int\u00e9rieur | Tendance D\u00e9co\" \/>\n<meta property=\"og:description\" content=\"Besoin d\u2019aide pour d\u00e9terminer son emplacement, sa taille etc. ? Avant de passer \u00e0 l\u2019achat, suivez nos conseils pour choisir le canap\u00e9 le plus adapt\u00e9.\" \/>\n<meta property=\"og:url\" content=\"https:\/\/delormdesign.com\/blog\/acheter-canape\/canape-dangle\/\" \/>\n<meta property=\"og:site_name\" content=\"Blog Design Jardin &amp; Int\u00e9rieur | Tendance D\u00e9co\" \/>\n<meta property=\"article:publisher\" content=\"https:\/\/www.facebook.com\/delormdesign\/\" \/>\n<meta property=\"article:modified_time\" content=\"2019-03-02T09:37:33+00:00\" \/>\n<meta property=\"og:image\" content=\"https:\/\/delormdesign.com\/blog\/wp-content\/uploads\/2018\/07\/photo-1449247613801-ab06418e2861.jpeg\" \/>\n\t<meta property=\"og:image:width\" content=\"1051\" \/>\n\t<meta property=\"og:image:height\" content=\"701\" \/>\n\t<meta property=\"og:image:type\" content=\"image\/jpeg\" \/>\n<meta name=\"twitter:card\" content=\"summary\" \/>\n<meta name=\"twitter:label1\" content=\"Est. reading time\" \/>\n\t<meta name=\"twitter:data1\" content=\"5 minutes\" \/>\n<script type=\"application\/ld+json\" class=\"yoast-schema-graph\">{\"@context\":\"https:\/\/schema.org\",\"@graph\":[{\"@type\":\"WebSite\",\"@id\":\"https:\/\/delormdesign.com\/blog\/#website\",\"url\":\"https:\/\/delormdesign.com\/blog\/\",\"name\":\"Blog Design Jardin &amp; Int\u00e9rieur | Tendance D\u00e9co\",\"description\":\"Jardin &amp; Int\u00e9rieur | Tendance D\u00e9co\",\"potentialAction\":[{\"@type\":\"SearchAction\",\"target\":{\"@type\":\"EntryPoint\",\"urlTemplate\":\"https:\/\/delormdesign.com\/blog\/?s={search_term_string}\"},\"query-input\":\"required name=search_term_string\"}],\"inLanguage\":\"fr-FR\"},{\"@type\":\"ImageObject\",\"inLanguage\":\"fr-FR\",\"@id\":\"https:\/\/delormdesign.com\/blog\/acheter-canape\/canape-dangle\/#primaryimage\",\"url\":\"https:\/\/delormdesign.com\/blog\/wp-content\/uploads\/2018\/07\/photo-1449247613801-ab06418e2861.jpeg\",\"contentUrl\":\"https:\/\/delormdesign.com\/blog\/wp-content\/uploads\/2018\/07\/photo-1449247613801-ab06418e2861.jpeg\",\"width\":1051,\"height\":701,\"caption\":\"meuble-teck-bois-decoration-industrielle\"},{\"@type\":\"WebPage\",\"@id\":\"https:\/\/delormdesign.com\/blog\/acheter-canape\/canape-dangle\/\",\"url\":\"https:\/\/delormdesign.com\/blog\/acheter-canape\/canape-dangle\/\",\"name\":\"Choisir son canap\u00e9 d'angle en 4 \u00e9tapes &bull; Blog Design Jardin &amp; Int\u00e9rieur | Tendance D\u00e9co\",\"isPartOf\":{\"@id\":\"https:\/\/delormdesign.com\/blog\/#website\"},\"primaryImageOfPage\":{\"@id\":\"https:\/\/delormdesign.com\/blog\/acheter-canape\/canape-dangle\/#primaryimage\"},\"datePublished\":\"2018-07-18T12:13:19+00:00\",\"dateModified\":\"2019-03-02T09:37:33+00:00\",\"description\":\"Besoin d\u2019aide pour d\u00e9terminer son emplacement, sa taille etc. ? Avant de passer \u00e0 l\u2019achat, suivez nos conseils pour choisir le canap\u00e9 le plus adapt\u00e9.\",\"breadcrumb\":{\"@id\":\"https:\/\/delormdesign.com\/blog\/acheter-canape\/canape-dangle\/#breadcrumb\"},\"inLanguage\":\"fr-FR\",\"potentialAction\":[{\"@type\":\"ReadAction\",\"target\":[\"https:\/\/delormdesign.com\/blog\/acheter-canape\/canape-dangle\/\"]}]},{\"@type\":\"BreadcrumbList\",\"@id\":\"https:\/\/delormdesign.com\/blog\/acheter-canape\/canape-dangle\/#breadcrumb\",\"itemListElement\":[{\"@type\":\"ListItem\",\"position\":1,\"name\":\"Accueil\",\"item\":\"https:\/\/delormdesign.com\/blog\/\"},{\"@type\":\"ListItem\",\"position\":2,\"name\":\"O\u00f9 acheter son canap\u00e9 ?\",\"item\":\"https:\/\/delormdesign.com\/blog\/acheter-canape\/\"},{\"@type\":\"ListItem\",\"position\":3,\"name\":\"Choisir son canap\u00e9 d&#8217;angle en 4 \u00e9tapes\"}]}]}<\/script>\n<!-- \/ Yoast SEO plugin. -->","yoast_head_json":{"title":"Choisir son canap\u00e9 d'angle en 4 \u00e9tapes &bull; Blog Design Jardin &amp; Int\u00e9rieur | Tendance D\u00e9co","description":"Besoin d\u2019aide pour d\u00e9terminer son emplacement, sa taille etc. ? Avant de passer \u00e0 l\u2019achat, suivez nos conseils pour choisir le canap\u00e9 le plus adapt\u00e9.","robots":{"index":"index","follow":"follow","max-snippet":"max-snippet:-1","max-image-preview":"max-image-preview:large","max-video-preview":"max-video-preview:-1"},"canonical":"https:\/\/delormdesign.com\/blog\/acheter-canape\/canape-dangle\/","og_locale":"fr_FR","og_type":"article","og_title":"Choisir son canap\u00e9 d'angle en 4 \u00e9tapes &bull; Blog Design Jardin &amp; Int\u00e9rieur | Tendance D\u00e9co","og_description":"Besoin d\u2019aide pour d\u00e9terminer son emplacement, sa taille etc. ? Avant de passer \u00e0 l\u2019achat, suivez nos conseils pour choisir le canap\u00e9 le plus adapt\u00e9.","og_url":"https:\/\/delormdesign.com\/blog\/acheter-canape\/canape-dangle\/","og_site_name":"Blog Design Jardin &amp; Int\u00e9rieur | Tendance D\u00e9co","article_publisher":"https:\/\/www.facebook.com\/delormdesign\/","article_modified_time":"2019-03-02T09:37:33+00:00","og_image":[{"width":1051,"height":701,"url":"https:\/\/delormdesign.com\/blog\/wp-content\/uploads\/2018\/07\/photo-1449247613801-ab06418e2861.jpeg","type":"image\/jpeg"}],"twitter_card":"summary","twitter_misc":{"Est. reading time":"5 minutes"},"schema":{"@context":"https:\/\/schema.org","@graph":[{"@type":"WebSite","@id":"https:\/\/delormdesign.com\/blog\/#website","url":"https:\/\/delormdesign.com\/blog\/","name":"Blog Design Jardin &amp; Int\u00e9rieur | Tendance D\u00e9co","description":"Jardin &amp; Int\u00e9rieur | Tendance D\u00e9co","potentialAction":[{"@type":"SearchAction","target":{"@type":"EntryPoint","urlTemplate":"https:\/\/delormdesign.com\/blog\/?s={search_term_string}"},"query-input":"required name=search_term_string"}],"inLanguage":"fr-FR"},{"@type":"ImageObject","inLanguage":"fr-FR","@id":"https:\/\/delormdesign.com\/blog\/acheter-canape\/canape-dangle\/#primaryimage","url":"https:\/\/delormdesign.com\/blog\/wp-content\/uploads\/2018\/07\/photo-1449247613801-ab06418e2861.jpeg","contentUrl":"https:\/\/delormdesign.com\/blog\/wp-content\/uploads\/2018\/07\/photo-1449247613801-ab06418e2861.jpeg","width":1051,"height":701,"caption":"meuble-teck-bois-decoration-industrielle"},{"@type":"WebPage","@id":"https:\/\/delormdesign.com\/blog\/acheter-canape\/canape-dangle\/","url":"https:\/\/delormdesign.com\/blog\/acheter-canape\/canape-dangle\/","name":"Choisir son canap\u00e9 d'angle en 4 \u00e9tapes &bull; Blog Design Jardin &amp; Int\u00e9rieur | Tendance D\u00e9co","isPartOf":{"@id":"https:\/\/delormdesign.com\/blog\/#website"},"primaryImageOfPage":{"@id":"https:\/\/delormdesign.com\/blog\/acheter-canape\/canape-dangle\/#primaryimage"},"datePublished":"2018-07-18T12:13:19+00:00","dateModified":"2019-03-02T09:37:33+00:00","description":"Besoin d\u2019aide pour d\u00e9terminer son emplacement, sa taille etc. ? Avant de passer \u00e0 l\u2019achat, suivez nos conseils pour choisir le canap\u00e9 le plus adapt\u00e9.","breadcrumb":{"@id":"https:\/\/delormdesign.com\/blog\/acheter-canape\/canape-dangle\/#breadcrumb"},"inLanguage":"fr-FR","potentialAction":[{"@type":"ReadAction","target":["https:\/\/delormdesign.com\/blog\/acheter-canape\/canape-dangle\/"]}]},{"@type":"BreadcrumbList","@id":"https:\/\/delormdesign.com\/blog\/acheter-canape\/canape-dangle\/#breadcrumb","itemListElement":[{"@type":"ListItem","position":1,"name":"Accueil","item":"https:\/\/delormdesign.com\/blog\/"},{"@type":"ListItem","position":2,"name":"O\u00f9 acheter son canap\u00e9 ?","item":"https:\/\/delormdesign.com\/blog\/acheter-canape\/"},{"@type":"ListItem","position":3,"name":"Choisir son canap\u00e9 d&#8217;angle en 4 \u00e9tapes"}]}]}},"amp_enabled":true,"_links":{"self":[{"href":"https:\/\/delormdesign.com\/blog\/wp-json\/wp\/v2\/pages\/1160"}],"collection":[{"href":"https:\/\/delormdesign.com\/blog\/wp-json\/wp\/v2\/pages"}],"about":[{"href":"https:\/\/delormdesign.com\/blog\/wp-json\/wp\/v2\/types\/page"}],"author":[{"embeddable":true,"href":"https:\/\/delormdesign.com\/blog\/wp-json\/wp\/v2\/users\/12"}],"replies":[{"embeddable":true,"href":"https:\/\/delormdesign.com\/blog\/wp-json\/wp\/v2\/comments?post=1160"}],"version-history":[{"count":0,"href":"https:\/\/delormdesign.com\/blog\/wp-json\/wp\/v2\/pages\/1160\/revisions"}],"up":[{"embeddable":true,"href":"https:\/\/delormdesign.com\/blog\/wp-json\/wp\/v2\/pages\/880"}],"wp:featuredmedia":[{"embeddable":true,"href":"https:\/\/delormdesign.com\/blog\/wp-json\/wp\/v2\/media\/1245"}],"wp:attachment":[{"href":"https:\/\/delormdesign.com\/blog\/wp-json\/wp\/v2\/media?parent=1160"}],"wp:term":[{"taxonomy":"category","embeddable":true,"href":"https:\/\/delormdesign.com\/blog\/wp-json\/wp\/v2\/categories?post=1160"},{"taxonomy":"post_tag","embeddable":true,"href":"https:\/\/delormdesign.com\/blog\/wp-json\/wp\/v2\/tags?post=1160"}],"curies":[{"name":"wp","href":"https:\/\/api.w.org\/{rel}","templated":true}]}}