{"id":1239,"date":"2018-07-19T14:48:47","date_gmt":"2018-07-19T14:48:47","guid":{"rendered":"https:\/\/delormdesign.com\/blog\/?page_id=1239"},"modified":"2020-07-10T14:47:43","modified_gmt":"2020-07-10T14:47:43","slug":"acheter-meuble-teck","status":"publish","type":"page","link":"https:\/\/delormdesign.com\/blog\/acheter-meuble-teck\/","title":{"rendered":"Pourquoi acheter un meuble en teck ?"},"content":{"rendered":"<p>Vous n&#8217;avez pas encore acheter de<strong> meuble en teck<\/strong> ? Il ne faut plus attendre. D\u00e9couvrez ci-dessous tous sur le teck et son int\u00e9gration dans votre int\u00e9rieur, pour une ambiance moderne, chaleureuse et apaisante.<\/p>\n<h2>Quelques mots sur le teck<span class=\"Apple-converted-space\">\u00a0<\/span><\/h2>\n<p>Le<strong> bois de teck<\/strong> est un bois plein de secrets et surtout plein de qualit\u00e9s. Nous vous livrons tous ses secrets.<span class=\"Apple-converted-space\">\u00a0<\/span><\/p>\n<h3>Les origines du teck<span class=\"Apple-converted-space\">\u00a0<\/span><\/h3>\n<p>Le teck est un arbre exotique provenant d\u2019Asie du Sud-est. Il pousse dans les for\u00eats de mousson de Tha\u00eflande, d\u2019Inde ou encore du Laos. Il pousse dans ces pays, car pour une pousse optimale, les arbres de teck, ont besoin de soleil et d&#8217;une temp\u00e9rature comprise entre 20 et 25 \u00b0C. Ainsi, ils pourront grandir jusqu\u2019\u00e0 atteindre 40 m\u00e8tre de haut et un diam\u00e8tre de 50 centim\u00e8tre.<span class=\"Apple-converted-space\">\u00a0<\/span><\/p>\n<p>Ce bois est un bois de qualit\u00e9, celle-ci d\u00e9pend de la dur\u00e9e de maturation du bois et de son traitement lors de la conception de meuble. L\u2019\u00e9conomie actuelle tend \u00e0 faire baisser la qualit\u00e9 du bois teck. La demande \u00e9tant tr\u00e8s forte, les producteurs ont tendance dans un souci de rentabilit\u00e9 et de rapidit\u00e9 \u00e0 couper trop t\u00f4t les arbres de teck. Pour prot\u00e9ger les producteurs respectueux de cette mati\u00e8re, il existe un label : le label FSC (Forest Stewardship Council). Ce label vous garanti que le bois est issu d&#8217;une sylviculture durable, conforme \u00e0 des crit\u00e8res \u00e9cologiques d\u00e9termin\u00e9s.<\/p>\n<p><strong>Le teck<\/strong> a une couleur reconnaissable entre toutes qui varie du marron au dor\u00e9. Il se distingue aussi par ses fines veinures. Dans le pass\u00e9, le teck \u00e9tait majoritairement utilis\u00e9 dans la construction navale pour la cale des bateaux. Aujourd\u2019hui, son utilisation s&#8217;est d\u00e9mocratis\u00e9e, on l\u2019utilise pour la fabrication de meuble ou de rev\u00eatement de sol.<\/p>\n<h3>Le teck : un bois premium<\/h3>\n<p>En plus de son <strong>esth\u00e9tique original le bois teck est un bois de qualit\u00e9 sup\u00e9rieure<\/strong>. Un meuble en teck a en effet tout d\u2019abord une tr\u00e8s longue dur\u00e9e de vie. On peut esp\u00e9rer le conserver jusqu\u2019\u00e0 100 ans comme le ch\u00eane par exemple. On retrouve ainsi nombreux meubles \u00e9poques de collection en bois de teck.<span class=\"Apple-converted-space\">\u00a0<\/span><\/p>\n<p>Le bois de teck est aussi extr\u00eamement robuste. Il tient cette robustesse de sa proportion en caoutchouc et de sa teneur \u00e9lev\u00e9e en huile et en r\u00e9sine qui rend ses fibres souples et r\u00e9sistantes aux chocs. Il a aussi une r\u00e9sistance or du commun aux nuisibles en tout genre. Enfin, le bois de teck r\u00e9siste \u00e0 toutes les conditions climatiques m\u00eame les plus extr\u00eames. Le soleil, la pluie, la neige, le gel n&#8217;ont aucune emprise sur ce bois qui a \u00e9galement la particularit\u00e9 d&#8217;\u00eatre difficilement inflammable. Avec une telle qualit\u00e9, un meuble en teck ne peut pas \u00eatre gratuit, n\u00e9anmoins le prix \u00e0 mettre m\u00eame \u00e9lev\u00e9 n\u2019est pas abusif, car son rapport qualit\u00e9\/prix est l\u2019un des meilleurs du march\u00e9.<\/p>\n<p>Tr\u00e8s lourd, ces meubles vont \u00eatre difficiles \u00e0 porter et \u00e0 installer dans votre maison. L\u2019id\u00e9al est de choisir un revendeur proposant une livraison en domicile. Cette option de <strong>livraison<\/strong> vous ferra \u00e9conomisez des forces du temps et vous permettra de profiter \u00e0 fond de votre mobilier imm\u00e9diatement apr\u00e8s la livraison.<\/p>\n<h3>Le bois de teck class\u00e9 en cat\u00e9gories<\/h3>\n<p>Le bois de teck est class\u00e9 selon sa qualit\u00e9 en trois grade A, B, et C :<\/p>\n<p>Grade A : la meilleure qualit\u00e9. Le bois provient du c\u0153ur de troncs qui ont au moins 30 ans. Le bois est compact, de couleur uniforme miel dor\u00e9, quasiment sans d\u00e9fauts. Il pr\u00e9sente une surface naturellement brillante et sa long\u00e9vit\u00e9 est exceptionnelle de par une plus forte concentration en huile. Le teck de grade A est garanti sans apport de produits chimiques ;<\/p>\n<p>Grade B : la qualit\u00e9 est proche de celle de la classe A. C\u2019est un bois de milieu de gamme dans lequel on peut relever la pr\u00e9sence de n\u0153uds et de veines. La teinte est plus claire et plus irr\u00e9guli\u00e8re, moins homog\u00e8ne qu\u2019en grade A.<\/p>\n<p>Grade C : la qualit\u00e9 la plus basse provenant d\u2019arbres coup\u00e9s jeunes. Le bois est issu du pourtour du tronc, l\u00e0 o\u00f9 il est le plus tendre, avec pr\u00e9sence d\u2019aubier, de veines nombreuses et de taches disparates. C\u2019est un bois fragile et moins durable, contenant des additifs chimiques.<\/p>\n<h2>Acheter des meubles en teck pour toutes la maison<\/h2>\n<p>Vous \u00eates s\u00e9duit par le <strong>bois de teck<\/strong>, mais vous ne savez pas quel meuble en teck choisir. N\u2019essayez plus de choisir, il se d\u00e9cline sur tous les meubles dans toutes vos pi\u00e8ces pour vous s\u00e9duire. De plus, la livraison est gratuite chez Delorm Design profitez-en.<\/p>\n<h3>Le teck pour une sable de bain zen<\/h3>\n<p>Afin de transformer votre salle de bain en un environnement chaleureux et propice \u00e0 la d\u00e9tente et la relaxation, le teck est un choix id\u00e9al. Il y apportera une touche exotique et zen.<\/p>\n<p>On retrouve le teck dans diverses teintes, il y en a pour tous les go\u00fbts : brun fonc\u00e9, ch\u00e2tain, marron ou miel. Le bois de teck pourra \u00eatre utilis\u00e9 pour le parquet, l\u2019encadrement des portes, mais \u00e9galement pour l\u2019ensemble du mobilier de la pi\u00e8ce du meuble sous vasque \u00e0 la colonne. Cependant choisir seulement du teck dans une salle de bain peut \u00eatre lourd visuellement. Il est n\u00e9cessaire de l\u2019adoucir avec des couleurs plus douces et naturelles ou de l\u2019associer avec des teintes chaleureuses ou froides. De plus, l\u2019ajout d\u2019accessoires ou de meubles en m\u00e9tal donnera directement un aspect moderne \u00e0 la pi\u00e8ce.<\/p>\n<p>Enfin, les meubles en teck sont id\u00e9als pour les salles d\u2019eau en particulier les meubles sous vasque, car le teck est r\u00e9sistant \u00e0 l\u2019eau et \u00e0 l\u2019humidit\u00e9. Il est <strong>intemporel, fonctionnel et pratique.<\/strong><\/p>\n<h3>Un Salon de jardin beau et r\u00e9sistant avec le teck<\/h3>\n<p>Pour un salon de jardin tendance, pourquoi ne pas investir dans une belle table en teck ? Tr\u00e8s r\u00e9sistant, le teck est en effet le bois pour le mobilier de jardin par excellence. \u00c9t\u00e9 comme hiver, automne comme printemps, votre salon de jardin vous accueille et cr\u00e9\u00e9 un espace chaleureux et moderne ou se retrouver et se faire une collection de souvenirs. \u00c0 l\u2019instar du ch\u00eane, le teck supporte bien les intemp\u00e9ries et il vieillit bien.<span class=\"Apple-converted-space\"><img loading=\"lazy\" class=\"wp-image-1241 aligncenter\" src=\"https:\/\/delormdesign.com\/blog\/wp-content\/uploads\/2018\/07\/ryan-riggins-207644-unsplash-199x300.jpg\" alt=\"chaise-table-bois-teck\" width=\"343\" height=\"517\" srcset=\"https:\/\/delormdesign.com\/blog\/wp-content\/uploads\/2018\/07\/ryan-riggins-207644-unsplash-199x300.jpg 199w, https:\/\/delormdesign.com\/blog\/wp-content\/uploads\/2018\/07\/ryan-riggins-207644-unsplash-768x1160.jpg 768w, https:\/\/delormdesign.com\/blog\/wp-content\/uploads\/2018\/07\/ryan-riggins-207644-unsplash-678x1024.jpg 678w, https:\/\/delormdesign.com\/blog\/wp-content\/uploads\/2018\/07\/ryan-riggins-207644-unsplash-940x1419.jpg 940w\" sizes=\"(max-width: 343px) 100vw, 343px\" \/><\/span><\/p>\n<h3>Le Salon :<span class=\"Apple-converted-space\">\u00a0la pi\u00e8ce id\u00e9ale pour\u00a0des\u00a0meubles en teck<\/span><\/h3>\n<p><strong>Le bois de teck massif<\/strong> est un des bois le plus convoit\u00e9 pour les meubles de votre pi\u00e8ce \u00e0 vivre. <strong>Massif ou recycl\u00e9<\/strong>, le choix se fait selon le style que vous voulez donner \u00e0 votre int\u00e9rieur. Pour un style r\u00e9solument vintage, aux inspirations industrielles faites le choix du teck recycl\u00e9. Pour un salon moderne et \u00e9l\u00e9gant, le teck massif est le choix id\u00e9al. Vous pourrez aussi bien faire l\u2019achat d\u2019un buffet que d\u2019un meuble TV \u00e0 tiroirs ou d\u2019une table en bois de teck. Unique robuste et esth\u00e9tique, vous serez toujours combl\u00e9. N\u2019h\u00e9sitez pas \u00e0 faire l\u2019acquisition d\u2019\u00e9l\u00e9ments d\u00e9corations en fer ou en m\u00e9tal, ils mettront en valeur vos meubles. Pour plus de choix, nous vous recommandons aussi de jeter un \u0153il \u00e0 notre collection de <a href=\"https:\/\/delormdesign.com\/183-buffet-en-teck-massif\">buffets en teck massif<\/a>.<\/p>\n<p>\u00c0 lire sur le m\u00eame sujet:<\/p>\n<ul>\n<li><a href=\"https:\/\/delormdesign.com\/blog\/acheter-meuble-teck\/entretenir-renover-vos-meubles-de-jardin-teck\/\"><strong>Comment entretenir et r\u00e9nover vos meubles de jardin en teck ?<\/strong><\/a><\/li>\n<li><a href=\"https:\/\/delormdesign.com\/blog\/acheter-meuble-teck\/choisir-meubles-teck-salle-de-bains\/\"><strong>Pourquoi choisir des meubles en teck pour votre salle de bains ?<\/strong><\/a><\/li>\n<li><a href=\"https:\/\/delormdesign.com\/blog\/acheter-meuble-teck\/teck-recycle-choix-ecologique-style\/\" target=\"_blank\" rel=\"noopener noreferrer\"><strong>Les meubles en teck recycl\u00e9 : le choix \u00e9cologique et tendance<\/strong><\/a><\/li>\n<\/ul>\n","protected":false},"excerpt":{"rendered":"<p>Vous n&#8217;avez pas encore acheter de meuble en teck ? Il ne faut plus attendre. D\u00e9couvrez ci-dessous tous sur le teck et son int\u00e9gration dans votre int\u00e9rieur, pour une ambiance moderne, chaleureuse et apaisante. Quelques mots sur le teck\u00a0 Le bois de teck est un bois plein de secrets et surtout plein de qualit\u00e9s. Nous [&hellip;]<\/p>\n","protected":false},"author":12,"featured_media":0,"parent":0,"menu_order":0,"comment_status":"closed","ping_status":"closed","template":"","meta":[],"categories":[],"tags":[],"yoast_head":"<!-- This site is optimized with the Yoast SEO plugin v19.3 - https:\/\/yoast.com\/wordpress\/plugins\/seo\/ -->\n<title>Pourquoi acheter un meuble en teck ? &bull; Blog Design Jardin &amp; Int\u00e9rieur | Tendance D\u00e9co<\/title>\n<meta name=\"description\" content=\"Ultra tendance le teck est un bois \u00e0 la fois splendide et qualitatif. Pour vous convaincre, on vous pr\u00e9sente tous les avantages et les qualit\u00e9s du teck.\" \/>\n<meta name=\"robots\" content=\"index, follow, max-snippet:-1, max-image-preview:large, max-video-preview:-1\" \/>\n<link rel=\"canonical\" href=\"https:\/\/delormdesign.com\/blog\/acheter-meuble-teck\/\" \/>\n<meta property=\"og:locale\" content=\"fr_FR\" \/>\n<meta property=\"og:type\" content=\"article\" \/>\n<meta property=\"og:title\" content=\"Pourquoi acheter un meuble en teck ? &bull; Blog Design Jardin &amp; Int\u00e9rieur | Tendance D\u00e9co\" \/>\n<meta property=\"og:description\" content=\"Ultra tendance le teck est un bois \u00e0 la fois splendide et qualitatif. Pour vous convaincre, on vous pr\u00e9sente tous les avantages et les qualit\u00e9s du teck.\" \/>\n<meta property=\"og:url\" content=\"https:\/\/delormdesign.com\/blog\/acheter-meuble-teck\/\" \/>\n<meta property=\"og:site_name\" content=\"Blog Design Jardin &amp; Int\u00e9rieur | Tendance D\u00e9co\" \/>\n<meta property=\"article:publisher\" content=\"https:\/\/www.facebook.com\/delormdesign\/\" \/>\n<meta property=\"article:modified_time\" content=\"2020-07-10T14:47:43+00:00\" \/>\n<meta property=\"og:image\" content=\"https:\/\/delormdesign.com\/blog\/wp-content\/uploads\/2018\/07\/ryan-riggins-207644-unsplash-199x300.jpg\" \/>\n<meta name=\"twitter:card\" content=\"summary\" \/>\n<meta name=\"twitter:label1\" content=\"Est. reading time\" \/>\n\t<meta name=\"twitter:data1\" content=\"6 minutes\" \/>\n<script type=\"application\/ld+json\" class=\"yoast-schema-graph\">{\"@context\":\"https:\/\/schema.org\",\"@graph\":[{\"@type\":\"WebSite\",\"@id\":\"https:\/\/delormdesign.com\/blog\/#website\",\"url\":\"https:\/\/delormdesign.com\/blog\/\",\"name\":\"Blog Design Jardin &amp; Int\u00e9rieur | Tendance D\u00e9co\",\"description\":\"Jardin &amp; Int\u00e9rieur | Tendance D\u00e9co\",\"potentialAction\":[{\"@type\":\"SearchAction\",\"target\":{\"@type\":\"EntryPoint\",\"urlTemplate\":\"https:\/\/delormdesign.com\/blog\/?s={search_term_string}\"},\"query-input\":\"required name=search_term_string\"}],\"inLanguage\":\"fr-FR\"},{\"@type\":\"ImageObject\",\"inLanguage\":\"fr-FR\",\"@id\":\"https:\/\/delormdesign.com\/blog\/acheter-meuble-teck\/#primaryimage\",\"url\":\"https:\/\/delormdesign.com\/blog\/wp-content\/uploads\/2018\/07\/ryan-riggins-207644-unsplash.jpg\",\"contentUrl\":\"https:\/\/delormdesign.com\/blog\/wp-content\/uploads\/2018\/07\/ryan-riggins-207644-unsplash.jpg\",\"width\":2560,\"height\":3865,\"caption\":\"chaise-table-bois-teck\"},{\"@type\":\"WebPage\",\"@id\":\"https:\/\/delormdesign.com\/blog\/acheter-meuble-teck\/\",\"url\":\"https:\/\/delormdesign.com\/blog\/acheter-meuble-teck\/\",\"name\":\"Pourquoi acheter un meuble en teck ? &bull; Blog Design Jardin &amp; Int\u00e9rieur | Tendance D\u00e9co\",\"isPartOf\":{\"@id\":\"https:\/\/delormdesign.com\/blog\/#website\"},\"primaryImageOfPage\":{\"@id\":\"https:\/\/delormdesign.com\/blog\/acheter-meuble-teck\/#primaryimage\"},\"datePublished\":\"2018-07-19T14:48:47+00:00\",\"dateModified\":\"2020-07-10T14:47:43+00:00\",\"description\":\"Ultra tendance le teck est un bois \u00e0 la fois splendide et qualitatif. Pour vous convaincre, on vous pr\u00e9sente tous les avantages et les qualit\u00e9s du teck.\",\"breadcrumb\":{\"@id\":\"https:\/\/delormdesign.com\/blog\/acheter-meuble-teck\/#breadcrumb\"},\"inLanguage\":\"fr-FR\",\"potentialAction\":[{\"@type\":\"ReadAction\",\"target\":[\"https:\/\/delormdesign.com\/blog\/acheter-meuble-teck\/\"]}]},{\"@type\":\"BreadcrumbList\",\"@id\":\"https:\/\/delormdesign.com\/blog\/acheter-meuble-teck\/#breadcrumb\",\"itemListElement\":[{\"@type\":\"ListItem\",\"position\":1,\"name\":\"Accueil\",\"item\":\"https:\/\/delormdesign.com\/blog\/\"},{\"@type\":\"ListItem\",\"position\":2,\"name\":\"Pourquoi acheter un meuble en teck ?\"}]}]}<\/script>\n<!-- \/ Yoast SEO plugin. -->","yoast_head_json":{"title":"Pourquoi acheter un meuble en teck ? &bull; Blog Design Jardin &amp; Int\u00e9rieur | Tendance D\u00e9co","description":"Ultra tendance le teck est un bois \u00e0 la fois splendide et qualitatif. Pour vous convaincre, on vous pr\u00e9sente tous les avantages et les qualit\u00e9s du teck.","robots":{"index":"index","follow":"follow","max-snippet":"max-snippet:-1","max-image-preview":"max-image-preview:large","max-video-preview":"max-video-preview:-1"},"canonical":"https:\/\/delormdesign.com\/blog\/acheter-meuble-teck\/","og_locale":"fr_FR","og_type":"article","og_title":"Pourquoi acheter un meuble en teck ? &bull; Blog Design Jardin &amp; Int\u00e9rieur | Tendance D\u00e9co","og_description":"Ultra tendance le teck est un bois \u00e0 la fois splendide et qualitatif. Pour vous convaincre, on vous pr\u00e9sente tous les avantages et les qualit\u00e9s du teck.","og_url":"https:\/\/delormdesign.com\/blog\/acheter-meuble-teck\/","og_site_name":"Blog Design Jardin &amp; Int\u00e9rieur | Tendance D\u00e9co","article_publisher":"https:\/\/www.facebook.com\/delormdesign\/","article_modified_time":"2020-07-10T14:47:43+00:00","og_image":[{"url":"https:\/\/delormdesign.com\/blog\/wp-content\/uploads\/2018\/07\/ryan-riggins-207644-unsplash-199x300.jpg"}],"twitter_card":"summary","twitter_misc":{"Est. reading time":"6 minutes"},"schema":{"@context":"https:\/\/schema.org","@graph":[{"@type":"WebSite","@id":"https:\/\/delormdesign.com\/blog\/#website","url":"https:\/\/delormdesign.com\/blog\/","name":"Blog Design Jardin &amp; Int\u00e9rieur | Tendance D\u00e9co","description":"Jardin &amp; Int\u00e9rieur | Tendance D\u00e9co","potentialAction":[{"@type":"SearchAction","target":{"@type":"EntryPoint","urlTemplate":"https:\/\/delormdesign.com\/blog\/?s={search_term_string}"},"query-input":"required name=search_term_string"}],"inLanguage":"fr-FR"},{"@type":"ImageObject","inLanguage":"fr-FR","@id":"https:\/\/delormdesign.com\/blog\/acheter-meuble-teck\/#primaryimage","url":"https:\/\/delormdesign.com\/blog\/wp-content\/uploads\/2018\/07\/ryan-riggins-207644-unsplash.jpg","contentUrl":"https:\/\/delormdesign.com\/blog\/wp-content\/uploads\/2018\/07\/ryan-riggins-207644-unsplash.jpg","width":2560,"height":3865,"caption":"chaise-table-bois-teck"},{"@type":"WebPage","@id":"https:\/\/delormdesign.com\/blog\/acheter-meuble-teck\/","url":"https:\/\/delormdesign.com\/blog\/acheter-meuble-teck\/","name":"Pourquoi acheter un meuble en teck ? &bull; Blog Design Jardin &amp; Int\u00e9rieur | Tendance D\u00e9co","isPartOf":{"@id":"https:\/\/delormdesign.com\/blog\/#website"},"primaryImageOfPage":{"@id":"https:\/\/delormdesign.com\/blog\/acheter-meuble-teck\/#primaryimage"},"datePublished":"2018-07-19T14:48:47+00:00","dateModified":"2020-07-10T14:47:43+00:00","description":"Ultra tendance le teck est un bois \u00e0 la fois splendide et qualitatif. Pour vous convaincre, on vous pr\u00e9sente tous les avantages et les qualit\u00e9s du teck.","breadcrumb":{"@id":"https:\/\/delormdesign.com\/blog\/acheter-meuble-teck\/#breadcrumb"},"inLanguage":"fr-FR","potentialAction":[{"@type":"ReadAction","target":["https:\/\/delormdesign.com\/blog\/acheter-meuble-teck\/"]}]},{"@type":"BreadcrumbList","@id":"https:\/\/delormdesign.com\/blog\/acheter-meuble-teck\/#breadcrumb","itemListElement":[{"@type":"ListItem","position":1,"name":"Accueil","item":"https:\/\/delormdesign.com\/blog\/"},{"@type":"ListItem","position":2,"name":"Pourquoi acheter un meuble en teck ?"}]}]}},"amp_enabled":true,"_links":{"self":[{"href":"https:\/\/delormdesign.com\/blog\/wp-json\/wp\/v2\/pages\/1239"}],"collection":[{"href":"https:\/\/delormdesign.com\/blog\/wp-json\/wp\/v2\/pages"}],"about":[{"href":"https:\/\/delormdesign.com\/blog\/wp-json\/wp\/v2\/types\/page"}],"author":[{"embeddable":true,"href":"https:\/\/delormdesign.com\/blog\/wp-json\/wp\/v2\/users\/12"}],"replies":[{"embeddable":true,"href":"https:\/\/delormdesign.com\/blog\/wp-json\/wp\/v2\/comments?post=1239"}],"version-history":[{"count":3,"href":"https:\/\/delormdesign.com\/blog\/wp-json\/wp\/v2\/pages\/1239\/revisions"}],"predecessor-version":[{"id":2436,"href":"https:\/\/delormdesign.com\/blog\/wp-json\/wp\/v2\/pages\/1239\/revisions\/2436"}],"wp:attachment":[{"href":"https:\/\/delormdesign.com\/blog\/wp-json\/wp\/v2\/media?parent=1239"}],"wp:term":[{"taxonomy":"category","embeddable":true,"href":"https:\/\/delormdesign.com\/blog\/wp-json\/wp\/v2\/categories?post=1239"},{"taxonomy":"post_tag","embeddable":true,"href":"https:\/\/delormdesign.com\/blog\/wp-json\/wp\/v2\/tags?post=1239"}],"curies":[{"name":"wp","href":"https:\/\/api.w.org\/{rel}","templated":true}]}}