{"id":1243,"date":"2018-07-19T14:55:18","date_gmt":"2018-07-19T14:55:18","guid":{"rendered":"https:\/\/delormdesign.com\/blog\/?page_id=1243"},"modified":"2019-03-01T09:06:52","modified_gmt":"2019-03-01T09:06:52","slug":"teck-recycle-choix-ecologique-style","status":"publish","type":"page","link":"https:\/\/delormdesign.com\/blog\/acheter-meuble-teck\/teck-recycle-choix-ecologique-style\/","title":{"rendered":"Les meubles en teck recycl\u00e9 : le choix \u00e9cologique et tendance"},"content":{"rendered":"<p>La vieille r\u00e9cup&#8217;, c&#8217;est bien. L&#8217;art de transformer le bois usag\u00e9 en bois comme neuf, c&#8217;est mieux !\u00a0\u00a0<strong>les meubles en teck recycl\u00e9<\/strong> ne perdent rien de leur superbe, au contraire, ils deviennent des pi\u00e8ces uniques \u00e9cologiques et esth\u00e9tiques.<\/p>\n<h2>Le teck recycl\u00e9 : c\u2019est quoi ?<\/h2>\n<p>Aujourd\u2019hui le <strong>bois de teck<\/strong> est inconnu pour personne. Mais le <strong>teck recycl\u00e9<\/strong>, c\u2019est quoi ? On vous explique tout.<\/p>\n<h3>L\u2019apparition du teck recycl\u00e9<\/h3>\n<p>Le bois de teck est ultra tendance depuis plusieurs ann\u00e9es. Cette tendance a cr\u00e9\u00e9 une demande toujours plus grande. Celle-ci est sup\u00e9rieure aux ressources disponibles. Alors m\u00eame que la p\u00e9nurie de bois de plantation s&#8217;installait durablement, des industries se sont lanc\u00e9es dans la r\u00e9cup\u00e9ration et la transformation du bois de teck en :<strong> bois de teck recycl\u00e9<\/strong>. Choisir un mobilier en teck recycl\u00e9, c\u2019est faire le choix de <strong>l\u2019\u00e9co-participation<\/strong> !<\/p>\n<h3>Le teck recycl\u00e9 : le charme et l&#8217;authenticit\u00e9 de l&#8217;ancien<\/h3>\n<p>Ce teck parfois centenaire est t\u00e9moin d&#8217;une \u00e9poque o\u00f9 l&#8217;on ne coupait que les plus beaux sp\u00e9cimens, sans surexploitation de la for\u00eat. Il est non seulement bien sec, mais aussi pourvu de beaux veinages. C\u2019est ce teck centenaire qu\u2019on utilise pour d\u00e9velopper les collections d\u2019ameublements en bois de teck recycl\u00e9. Le teck recycl\u00e9 a un cach\u00e9 inimitable qui donnera <strong>une touche original<\/strong> \u00e0 votre int\u00e9rieur. Des industries se sont lanc\u00e9es dans la r\u00e9cup\u00e9ration et la transformation du bois de teck en : dans les bateaux et les chantiers par exemple. C&#8217;est \u00e7a aussi, le charme d&#8217;un meuble en<strong> teck recycl\u00e9<\/strong>.<\/p>\n<h2><img loading=\"lazy\" class=\"wp-image-1246 aligncenter\" src=\"https:\/\/delormdesign.com\/blog\/wp-content\/uploads\/2018\/07\/photo-1463995439889-6cc080aaf7dd-300x225.jpeg\" alt=\"bois-teck-architecture\" width=\"795\" height=\"596\" srcset=\"https:\/\/delormdesign.com\/blog\/wp-content\/uploads\/2018\/07\/photo-1463995439889-6cc080aaf7dd-300x225.jpeg 300w, https:\/\/delormdesign.com\/blog\/wp-content\/uploads\/2018\/07\/photo-1463995439889-6cc080aaf7dd-768x576.jpeg 768w, https:\/\/delormdesign.com\/blog\/wp-content\/uploads\/2018\/07\/photo-1463995439889-6cc080aaf7dd-940x705.jpeg 940w, https:\/\/delormdesign.com\/blog\/wp-content\/uploads\/2018\/07\/photo-1463995439889-6cc080aaf7dd.jpeg 967w\" sizes=\"(max-width: 795px) 100vw, 795px\" \/><\/h2>\n<h3>Le teck recycl\u00e9 : un bois de qualit\u00e9 sup\u00e9rieure<span class=\"Apple-converted-space\">\u00a0<\/span><\/h3>\n<p>Le teck est connu pour sa robustesse comparable \u00e0 celle du ch\u00eane. Il tient cette robustesse de sa composition qui le rend a la fois souple et r\u00e9sistant aux chocs. Sa r\u00e9sistance \u00e0 des conditions climatiques extr\u00eames et aux nuisibles en tout genre sont aussi des caract\u00e9ristiques qui permettent de qualifier le bois de teck recycl\u00e9 de bois premium. Le soleil, la pluie, la neige, le gel n&#8217;ont aucune emprise sur ce bois. C\u2019est pour cela qu\u2019il se d\u00e9cline en table et salon de jardin avec les collections de meubles en teck taman par exemple. Avec une telle qualit\u00e9, un mobilier en teck ne peut pas \u00eatre gratuit, n\u00e9anmoins le prix m\u00eame \u00e9lev\u00e9 n\u2019est pas abusif, car son <strong>rapport qualit\u00e9\/prix est l\u2019un des meilleurs<\/strong> du march\u00e9.<\/p>\n<p>Tr\u00e8s imposant et robuste les meubles en teck recycl\u00e9 sont donc plut\u00f4t lourds. En tant que sp\u00e9cialiste de l\u2019ameublement nous faisons donc le choix de vous offrir la livraison. Cette livraison ne s\u2019arr\u00eate pas devant votre porte. Elle comprend aussi l\u2019installation du meuble que nous vous avons vendu dans la pi\u00e8ce de votre choix. Une fois la livraison achev\u00e9e, vous aurez donc plus qu&#8217;a profiter de votre acquisition.<\/p>\n<h2>Le teck recycl\u00e9 au c\u0153ur de votre int\u00e9rieur<span class=\"Apple-converted-space\">\u00a0<\/span><\/h2>\n<p>Pour votre salle \u00e0 manger, votre salon ou pour votre v\u00e9randa, vous pourrez toujours vous tourner vers un <strong>meuble en teck recycl\u00e9<\/strong> comme un <a href=\"https:\/\/delormdesign.com\/183-buffet-en-teck-massif\">buffet en teck massif<\/a> ou encore un meuble TV.<\/p>\n<h3>Le teck recycl\u00e9 pour un int\u00e9rieur contemporain<\/h3>\n<p>Si vous aimez le mobilier design, vous appr\u00e9cierez les lignes \u00e9pur\u00e9es et minimalistes des <strong>meubles en teck recycl\u00e9<\/strong> et de leurs cousins les <a href=\"https:\/\/delormdesign.com\/183-buffet-en-teck-massif\" target=\"_blank\"><strong>meubles en bois massif<\/strong><\/a>. Leurs beaut\u00e9s reposent sur une subtile association d\u2019un bois brut et d&#8217;une forme r\u00e9solument g\u00e9om\u00e9trique. Le bois de teck recycl\u00e9 sera id\u00e9al pour une table ou un buffet par exemple. Pour compl\u00e9ter votre ambiance relaxante et contemporaine, misez sur le blanc ou des tons gris tr\u00e8s clairs. Pour les accessoires, essayez d\u2019inclure quelques touches de couleurs utilis\u00e9es avec parcimonie et des plantes vertes \u00e0 foison pour donner un c\u00f4t\u00e9 exotique tr\u00e8s zen.<span class=\"Apple-converted-space\">\u00a0<\/span><\/p>\n<h3><img loading=\"lazy\" class=\"alignnone wp-image-1245\" src=\"https:\/\/delormdesign.com\/blog\/wp-content\/uploads\/2018\/07\/photo-1449247613801-ab06418e2861-300x200.jpeg\" alt=\"meuble-teck-bois-decoration-industrielle\" width=\"818\" height=\"545\" srcset=\"https:\/\/delormdesign.com\/blog\/wp-content\/uploads\/2018\/07\/photo-1449247613801-ab06418e2861-300x200.jpeg 300w, https:\/\/delormdesign.com\/blog\/wp-content\/uploads\/2018\/07\/photo-1449247613801-ab06418e2861-768x512.jpeg 768w, https:\/\/delormdesign.com\/blog\/wp-content\/uploads\/2018\/07\/photo-1449247613801-ab06418e2861-1024x683.jpeg 1024w, https:\/\/delormdesign.com\/blog\/wp-content\/uploads\/2018\/07\/photo-1449247613801-ab06418e2861-940x627.jpeg 940w, https:\/\/delormdesign.com\/blog\/wp-content\/uploads\/2018\/07\/photo-1449247613801-ab06418e2861.jpeg 1051w\" sizes=\"(max-width: 818px) 100vw, 818px\" \/><\/h3>\n<h3>Le teck recycl\u00e9 pour un style industriel assum\u00e9<span class=\"Apple-converted-space\">\u00a0<\/span><\/h3>\n<p>\u00c0 bas le style design vous votre dada c\u2019est le<strong> style industrielle vintage<\/strong>. Le bois de teck recycl\u00e9 associ\u00e9 \u00e0 une d\u00e9coration industrielle apporte chaleur, charme et \u00e9l\u00e9gance \u00e0 votre int\u00e9rieur. Le bois recycl\u00e9 \u00e0 l&#8217;avantage d&#8217;\u00eatre magnifiquement vieilli cela lui donne une patine et un aspect naturellement ancien, se mariant \u00e0 merveille avec un int\u00e9rieur industriel. Allier le au m\u00e9tal ou au fer avec un <strong>meuble en teck recycl\u00e9<\/strong>, c&#8217;est la combinaison parfaite pour cr\u00e9er un style industriel dans votre maison.<\/p>\n<p>Le style industriel n&#8217;est pas connu pour \u00eatre calme et discret. Soyez audacieux et choisissez des meubles industriels avec une forme et une structure non-conventionnelles. Choisissez \u00e9galement des <strong>meubles uniques<\/strong> qui apporteront tout leur charme inimitable \u00e0 votre int\u00e9rieur, charme que vous ne retrouverez pas ailleurs. Choisissez une pi\u00e8ce qui soit une \u0153uvre d&#8217;art d\u00e9guis\u00e9e en meuble fonctionnel. L\u2019aspect fonctionnel de ce type de produit est r\u00e9el, en effet, ils sont inspir\u00e9s des meubles originellement vendus aux usines. Il arbore donc de multiple tiroirs et rangements en tout genre.<\/p>\n<p>\u00c0 lire sur le m\u00eame sujet:<\/p>\n<ul>\n<li><a href=\"https:\/\/delormdesign.com\/blog\/acheter-meuble-teck\/choisir-meubles-teck-salle-de-bains\/\" target=\"_blank\"><strong>Pourquoi choisir des meubles en teck pour votre salle de bains ?<\/strong><\/a><\/li>\n<li><a href=\"https:\/\/delormdesign.com\/blog\/acheter-meuble-teck\/entretenir-renover-vos-meubles-de-jardin-teck\/\"><strong>Comment entretenir et r\u00e9nover vos meubles de jardin en teck ?<\/strong><\/a><\/li>\n<li><a href=\"https:\/\/delormdesign.com\/blog\/acheter-meuble-teck\/\"><strong>Pourquoi acheter un meuble en teck ?<\/strong><\/a><\/li>\n<\/ul>\n","protected":false},"excerpt":{"rendered":"<p>La vieille r\u00e9cup&#8217;, c&#8217;est bien. L&#8217;art de transformer le bois usag\u00e9 en bois comme neuf, c&#8217;est mieux !\u00a0\u00a0les meubles en teck recycl\u00e9 ne perdent rien de leur superbe, au contraire, ils deviennent des pi\u00e8ces uniques \u00e9cologiques et esth\u00e9tiques. Le teck recycl\u00e9 : c\u2019est quoi ? Aujourd\u2019hui le bois de teck est inconnu pour personne. Mais [&hellip;]<\/p>\n","protected":false},"author":12,"featured_media":0,"parent":1239,"menu_order":0,"comment_status":"closed","ping_status":"closed","template":"","meta":[],"categories":[],"tags":[],"yoast_head":"<!-- This site is optimized with the Yoast SEO plugin v19.3 - https:\/\/yoast.com\/wordpress\/plugins\/seo\/ -->\n<title>Les meubles en teck recycl\u00e9 : le choix \u00e9cologique et tendance &bull; Blog Design Jardin &amp; Int\u00e9rieur | Tendance D\u00e9co<\/title>\n<meta name=\"description\" content=\"La vieille r\u00e9cup&#039;, c&#039;est bien. L&#039;art de transformer le bois usag\u00e9 en bois comme neuf, c&#039;est mieux ! D\u00e9couvrez donc les meubles en teck recycl\u00e9.\" \/>\n<meta name=\"robots\" content=\"index, follow, max-snippet:-1, max-image-preview:large, max-video-preview:-1\" \/>\n<link rel=\"canonical\" href=\"https:\/\/delormdesign.com\/blog\/acheter-meuble-teck\/teck-recycle-choix-ecologique-style\/\" \/>\n<meta property=\"og:locale\" content=\"fr_FR\" \/>\n<meta property=\"og:type\" content=\"article\" \/>\n<meta property=\"og:title\" content=\"Les meubles en teck recycl\u00e9 : le choix \u00e9cologique et tendance &bull; Blog Design Jardin &amp; Int\u00e9rieur | Tendance D\u00e9co\" \/>\n<meta property=\"og:description\" content=\"La vieille r\u00e9cup&#039;, c&#039;est bien. L&#039;art de transformer le bois usag\u00e9 en bois comme neuf, c&#039;est mieux ! D\u00e9couvrez donc les meubles en teck recycl\u00e9.\" \/>\n<meta property=\"og:url\" content=\"https:\/\/delormdesign.com\/blog\/acheter-meuble-teck\/teck-recycle-choix-ecologique-style\/\" \/>\n<meta property=\"og:site_name\" content=\"Blog Design Jardin &amp; Int\u00e9rieur | Tendance D\u00e9co\" \/>\n<meta property=\"article:publisher\" content=\"https:\/\/www.facebook.com\/delormdesign\/\" \/>\n<meta property=\"article:modified_time\" content=\"2019-03-01T09:06:52+00:00\" \/>\n<meta property=\"og:image\" content=\"https:\/\/delormdesign.com\/blog\/wp-content\/uploads\/2018\/07\/photo-1463995439889-6cc080aaf7dd-300x225.jpeg\" \/>\n<meta name=\"twitter:card\" content=\"summary\" \/>\n<meta name=\"twitter:label1\" content=\"Est. reading time\" \/>\n\t<meta name=\"twitter:data1\" content=\"4 minutes\" \/>\n<script type=\"application\/ld+json\" class=\"yoast-schema-graph\">{\"@context\":\"https:\/\/schema.org\",\"@graph\":[{\"@type\":\"WebSite\",\"@id\":\"https:\/\/delormdesign.com\/blog\/#website\",\"url\":\"https:\/\/delormdesign.com\/blog\/\",\"name\":\"Blog Design Jardin &amp; Int\u00e9rieur | Tendance D\u00e9co\",\"description\":\"Jardin &amp; Int\u00e9rieur | Tendance D\u00e9co\",\"potentialAction\":[{\"@type\":\"SearchAction\",\"target\":{\"@type\":\"EntryPoint\",\"urlTemplate\":\"https:\/\/delormdesign.com\/blog\/?s={search_term_string}\"},\"query-input\":\"required name=search_term_string\"}],\"inLanguage\":\"fr-FR\"},{\"@type\":\"ImageObject\",\"inLanguage\":\"fr-FR\",\"@id\":\"https:\/\/delormdesign.com\/blog\/acheter-meuble-teck\/teck-recycle-choix-ecologique-style\/#primaryimage\",\"url\":\"https:\/\/delormdesign.com\/blog\/wp-content\/uploads\/2018\/07\/photo-1463995439889-6cc080aaf7dd.jpeg\",\"contentUrl\":\"https:\/\/delormdesign.com\/blog\/wp-content\/uploads\/2018\/07\/photo-1463995439889-6cc080aaf7dd.jpeg\",\"width\":967,\"height\":725,\"caption\":\"bois-teck-architecture\"},{\"@type\":\"WebPage\",\"@id\":\"https:\/\/delormdesign.com\/blog\/acheter-meuble-teck\/teck-recycle-choix-ecologique-style\/\",\"url\":\"https:\/\/delormdesign.com\/blog\/acheter-meuble-teck\/teck-recycle-choix-ecologique-style\/\",\"name\":\"Les meubles en teck recycl\u00e9 : le choix \u00e9cologique et tendance &bull; Blog Design Jardin &amp; Int\u00e9rieur | Tendance D\u00e9co\",\"isPartOf\":{\"@id\":\"https:\/\/delormdesign.com\/blog\/#website\"},\"primaryImageOfPage\":{\"@id\":\"https:\/\/delormdesign.com\/blog\/acheter-meuble-teck\/teck-recycle-choix-ecologique-style\/#primaryimage\"},\"datePublished\":\"2018-07-19T14:55:18+00:00\",\"dateModified\":\"2019-03-01T09:06:52+00:00\",\"description\":\"La vieille r\u00e9cup', c'est bien. L'art de transformer le bois usag\u00e9 en bois comme neuf, c'est mieux ! D\u00e9couvrez donc les meubles en teck recycl\u00e9.\",\"breadcrumb\":{\"@id\":\"https:\/\/delormdesign.com\/blog\/acheter-meuble-teck\/teck-recycle-choix-ecologique-style\/#breadcrumb\"},\"inLanguage\":\"fr-FR\",\"potentialAction\":[{\"@type\":\"ReadAction\",\"target\":[\"https:\/\/delormdesign.com\/blog\/acheter-meuble-teck\/teck-recycle-choix-ecologique-style\/\"]}]},{\"@type\":\"BreadcrumbList\",\"@id\":\"https:\/\/delormdesign.com\/blog\/acheter-meuble-teck\/teck-recycle-choix-ecologique-style\/#breadcrumb\",\"itemListElement\":[{\"@type\":\"ListItem\",\"position\":1,\"name\":\"Accueil\",\"item\":\"https:\/\/delormdesign.com\/blog\/\"},{\"@type\":\"ListItem\",\"position\":2,\"name\":\"Pourquoi acheter un meuble en teck ?\",\"item\":\"https:\/\/delormdesign.com\/blog\/acheter-meuble-teck\/\"},{\"@type\":\"ListItem\",\"position\":3,\"name\":\"Les meubles en teck recycl\u00e9 : le choix \u00e9cologique et tendance\"}]}]}<\/script>\n<!-- \/ Yoast SEO plugin. -->","yoast_head_json":{"title":"Les meubles en teck recycl\u00e9 : le choix \u00e9cologique et tendance &bull; Blog Design Jardin &amp; Int\u00e9rieur | Tendance D\u00e9co","description":"La vieille r\u00e9cup', c'est bien. L'art de transformer le bois usag\u00e9 en bois comme neuf, c'est mieux ! D\u00e9couvrez donc les meubles en teck recycl\u00e9.","robots":{"index":"index","follow":"follow","max-snippet":"max-snippet:-1","max-image-preview":"max-image-preview:large","max-video-preview":"max-video-preview:-1"},"canonical":"https:\/\/delormdesign.com\/blog\/acheter-meuble-teck\/teck-recycle-choix-ecologique-style\/","og_locale":"fr_FR","og_type":"article","og_title":"Les meubles en teck recycl\u00e9 : le choix \u00e9cologique et tendance &bull; Blog Design Jardin &amp; Int\u00e9rieur | Tendance D\u00e9co","og_description":"La vieille r\u00e9cup', c'est bien. L'art de transformer le bois usag\u00e9 en bois comme neuf, c'est mieux ! D\u00e9couvrez donc les meubles en teck recycl\u00e9.","og_url":"https:\/\/delormdesign.com\/blog\/acheter-meuble-teck\/teck-recycle-choix-ecologique-style\/","og_site_name":"Blog Design Jardin &amp; Int\u00e9rieur | Tendance D\u00e9co","article_publisher":"https:\/\/www.facebook.com\/delormdesign\/","article_modified_time":"2019-03-01T09:06:52+00:00","og_image":[{"url":"https:\/\/delormdesign.com\/blog\/wp-content\/uploads\/2018\/07\/photo-1463995439889-6cc080aaf7dd-300x225.jpeg"}],"twitter_card":"summary","twitter_misc":{"Est. reading time":"4 minutes"},"schema":{"@context":"https:\/\/schema.org","@graph":[{"@type":"WebSite","@id":"https:\/\/delormdesign.com\/blog\/#website","url":"https:\/\/delormdesign.com\/blog\/","name":"Blog Design Jardin &amp; Int\u00e9rieur | Tendance D\u00e9co","description":"Jardin &amp; Int\u00e9rieur | Tendance D\u00e9co","potentialAction":[{"@type":"SearchAction","target":{"@type":"EntryPoint","urlTemplate":"https:\/\/delormdesign.com\/blog\/?s={search_term_string}"},"query-input":"required name=search_term_string"}],"inLanguage":"fr-FR"},{"@type":"ImageObject","inLanguage":"fr-FR","@id":"https:\/\/delormdesign.com\/blog\/acheter-meuble-teck\/teck-recycle-choix-ecologique-style\/#primaryimage","url":"https:\/\/delormdesign.com\/blog\/wp-content\/uploads\/2018\/07\/photo-1463995439889-6cc080aaf7dd.jpeg","contentUrl":"https:\/\/delormdesign.com\/blog\/wp-content\/uploads\/2018\/07\/photo-1463995439889-6cc080aaf7dd.jpeg","width":967,"height":725,"caption":"bois-teck-architecture"},{"@type":"WebPage","@id":"https:\/\/delormdesign.com\/blog\/acheter-meuble-teck\/teck-recycle-choix-ecologique-style\/","url":"https:\/\/delormdesign.com\/blog\/acheter-meuble-teck\/teck-recycle-choix-ecologique-style\/","name":"Les meubles en teck recycl\u00e9 : le choix \u00e9cologique et tendance &bull; Blog Design Jardin &amp; Int\u00e9rieur | Tendance D\u00e9co","isPartOf":{"@id":"https:\/\/delormdesign.com\/blog\/#website"},"primaryImageOfPage":{"@id":"https:\/\/delormdesign.com\/blog\/acheter-meuble-teck\/teck-recycle-choix-ecologique-style\/#primaryimage"},"datePublished":"2018-07-19T14:55:18+00:00","dateModified":"2019-03-01T09:06:52+00:00","description":"La vieille r\u00e9cup', c'est bien. L'art de transformer le bois usag\u00e9 en bois comme neuf, c'est mieux ! D\u00e9couvrez donc les meubles en teck recycl\u00e9.","breadcrumb":{"@id":"https:\/\/delormdesign.com\/blog\/acheter-meuble-teck\/teck-recycle-choix-ecologique-style\/#breadcrumb"},"inLanguage":"fr-FR","potentialAction":[{"@type":"ReadAction","target":["https:\/\/delormdesign.com\/blog\/acheter-meuble-teck\/teck-recycle-choix-ecologique-style\/"]}]},{"@type":"BreadcrumbList","@id":"https:\/\/delormdesign.com\/blog\/acheter-meuble-teck\/teck-recycle-choix-ecologique-style\/#breadcrumb","itemListElement":[{"@type":"ListItem","position":1,"name":"Accueil","item":"https:\/\/delormdesign.com\/blog\/"},{"@type":"ListItem","position":2,"name":"Pourquoi acheter un meuble en teck ?","item":"https:\/\/delormdesign.com\/blog\/acheter-meuble-teck\/"},{"@type":"ListItem","position":3,"name":"Les meubles en teck recycl\u00e9 : le choix \u00e9cologique et tendance"}]}]}},"amp_enabled":true,"_links":{"self":[{"href":"https:\/\/delormdesign.com\/blog\/wp-json\/wp\/v2\/pages\/1243"}],"collection":[{"href":"https:\/\/delormdesign.com\/blog\/wp-json\/wp\/v2\/pages"}],"about":[{"href":"https:\/\/delormdesign.com\/blog\/wp-json\/wp\/v2\/types\/page"}],"author":[{"embeddable":true,"href":"https:\/\/delormdesign.com\/blog\/wp-json\/wp\/v2\/users\/12"}],"replies":[{"embeddable":true,"href":"https:\/\/delormdesign.com\/blog\/wp-json\/wp\/v2\/comments?post=1243"}],"version-history":[{"count":0,"href":"https:\/\/delormdesign.com\/blog\/wp-json\/wp\/v2\/pages\/1243\/revisions"}],"up":[{"embeddable":true,"href":"https:\/\/delormdesign.com\/blog\/wp-json\/wp\/v2\/pages\/1239"}],"wp:attachment":[{"href":"https:\/\/delormdesign.com\/blog\/wp-json\/wp\/v2\/media?parent=1243"}],"wp:term":[{"taxonomy":"category","embeddable":true,"href":"https:\/\/delormdesign.com\/blog\/wp-json\/wp\/v2\/categories?post=1243"},{"taxonomy":"post_tag","embeddable":true,"href":"https:\/\/delormdesign.com\/blog\/wp-json\/wp\/v2\/tags?post=1243"}],"curies":[{"name":"wp","href":"https:\/\/api.w.org\/{rel}","templated":true}]}}