{"id":1251,"date":"2018-07-19T13:37:27","date_gmt":"2018-07-19T13:37:27","guid":{"rendered":"https:\/\/delormdesign.com\/blog\/?page_id=1251"},"modified":"2019-03-02T11:14:45","modified_gmt":"2019-03-02T11:14:45","slug":"salon-de-jardin-haut-de-gamme","status":"publish","type":"page","link":"https:\/\/delormdesign.com\/blog\/salon-de-jardin-haut-de-gamme\/","title":{"rendered":"3 conseils pour choisir son salon de jardin haut de gamme"},"content":{"rendered":"<p>Quand les beaux jours arrivent et que le soleil pointe le bout de son nez, rien de tel qu\u2019un apr\u00e8s-midi les pieds dans l\u2019herbe pour profiter de son week-end\u00a0!<\/p>\n<p>La saison des jardins est arriv\u00e9e\u00a0: mais \u00eates-vous r\u00e9ellement pr\u00eat pour choisir votre <strong>nouveau living d\u2019ext\u00e9rieur haut de gamme<\/strong>\u00a0? Acheter un salon de jardin qui vous sera durable et fonctionnel n\u2019est pas une mince affaire. Suivez <strong>nos 3 conseils<\/strong> pour devenir un professionnel du living de jardin et pour pouvoir profiter de la belle saison comme il se doit\u00a0!<\/p>\n<h2>1) Choisir les bons mat\u00e9riaux pour son salon de jardin<\/h2>\n<p>Les mat\u00e9riaux employ\u00e9s dans la construction du mobilier d\u2019ext\u00e9rieur \u00e9voluent au fil des avanc\u00e9es technologiques et des tendances. Le point cl\u00e9 \u00e0 toujours se rem\u00e9morer pour faire le bon choix est de <strong>se concentrer sur des mat\u00e9riaux solides<\/strong>, qui r\u00e9sistent aussi bien \u00e0 l\u2019usure qu\u2019au temps qui passe. Apr\u00e8s tout, votre salon restera la plupart de l\u2019ann\u00e9e dehors\u00a0! Il faut donc qu\u2019il soit capable de <strong>faire face aux intemp\u00e9ries et aux attaques naturelles ext\u00e9rieures<\/strong>.<\/p>\n<p><img loading=\"lazy\" class=\"alignnone size-large wp-image-1254 aligncenter\" src=\"https:\/\/delormdesign.com\/blog\/wp-content\/uploads\/2018\/07\/salon-de-jardin-haut-de-gamme-1024x605.jpg\" alt=\"salon de jardin haut de gamme en r\u00e9sine tress\u00e9e\" width=\"980\" height=\"579\" srcset=\"https:\/\/delormdesign.com\/blog\/wp-content\/uploads\/2018\/07\/salon-de-jardin-haut-de-gamme-1024x605.jpg 1024w, https:\/\/delormdesign.com\/blog\/wp-content\/uploads\/2018\/07\/salon-de-jardin-haut-de-gamme-300x177.jpg 300w, https:\/\/delormdesign.com\/blog\/wp-content\/uploads\/2018\/07\/salon-de-jardin-haut-de-gamme-768x454.jpg 768w, https:\/\/delormdesign.com\/blog\/wp-content\/uploads\/2018\/07\/salon-de-jardin-haut-de-gamme-940x555.jpg 940w, https:\/\/delormdesign.com\/blog\/wp-content\/uploads\/2018\/07\/salon-de-jardin-haut-de-gamme.jpg 1700w\" sizes=\"(max-width: 980px) 100vw, 980px\" \/><\/p>\n<p>Nous avons donc \u00e9tabli une liste des mat\u00e9riaux qu\u2019il est possible de trouver pour les livings de jardin de gamme \u00e9lev\u00e9e vendus sur le march\u00e9\u00a0:<\/p>\n<ul>\n<li><strong>Le m\u00e9tal<\/strong>: tr\u00e8s tendance pendant la p\u00e9riode de l\u2019avant-guerre, les salons de jardin hauts de gamme en fer forg\u00e9 sont recherch\u00e9s pour leur c\u00f4t\u00e9 vintage. Les formes plus a\u00e9riennes adopt\u00e9es par les mobiliers modernes pr\u00e9viennent de la rouille\u00a0: nous vous recommandons n\u00e9anmoins de rentrer vos meubles en m\u00e9tal pendant l\u2019hiver.<\/li>\n<li><strong>Le plastique<\/strong>: un ind\u00e9modable du living de jardin de gamme sup\u00e9rieure. Connu pour \u00eatre mix\u00e9 \u00e0 de la r\u00e9sine inject\u00e9e, les ameublements en plastique ont eu un fort succ\u00e8s il y a de \u00e7a quelques ann\u00e9es. Bien que pass\u00e9 de mode, ce mat\u00e9riau ne demande cependant que tr\u00e8s peu d\u2019entretien et dure dans le temps. Parfois trop l\u00e9ger ou trop lourd, vous pouvez opter pour un mobilier aux lignes \u00e9pur\u00e9es pour lui redonner une touche de modernit\u00e9.<\/li>\n<\/ul>\n<p>Attention\u00a0: si votre jardin est fortement expos\u00e9 au soleil, il n\u2019est pas conseill\u00e9 de choisir un mobilier en plastique color\u00e9. En effet, les teintes de ce dernier se verraient effac\u00e9es sous la chaleur des rayons.<\/p>\n<ul>\n<li><strong>Le bois<\/strong>: ce dernier demande plus d\u2019attention que le m\u00e9tal. Classique, choisissez un bois imputrescible comme du teck ou du robinier pour r\u00e9sister \u00e0 l\u2019humidit\u00e9. Il vous faudra le poncer et le vernir tous les 5 ans environ. Pour garder vos ameublements en parfait \u00e9tat, nous vous recommandons de le faire tous les ans.<\/li>\n<li><strong>La r\u00e9sine tress\u00e9e<\/strong>: les mobiliers de premiers prix ont tendance \u00e0 la mixer avec du plastique. Cela entra\u00eene une perte de r\u00e9sistance ainsi que la fonte du mat\u00e9riau en cas de fortes chaleurs. En revanche, le confort d\u2019assise fourni par cette mati\u00e8re et sa simplicit\u00e9 d\u2019entretien sauront vous s\u00e9duire.<\/li>\n<li><strong>Le tissu<\/strong>: trait\u00e9s pour r\u00e9sister aux attaques naturelles, les TTE (tissus techniques d\u2019ext\u00e9rieur) sont respirants et anti moisissures. Innovants, ils ont la capacit\u00e9 de pouvoir rester en plein air sans trop se d\u00e9t\u00e9riorer. Si vous souhaitez prendre soin de votre living de jardin haut de gamme et le faire durer le plus longtemps possible, vous devrez alors le rentrer la nuit.<\/li>\n<\/ul>\n<p>Vous disposez \u00e0 pr\u00e9sent de toutes les informations n\u00e9cessaires pour d\u00e9terminer quel type de mat\u00e9riau s\u2019adaptera le mieux pour votre living de jardin haut de gamme. N\u2019oubliez pas qu\u2019il s\u2019agit d\u2019une <strong>\u00e9tape primordiale dans votre futur choix de mobilier d\u2019ext\u00e9rieur<\/strong>\u00a0!<\/p>\n<h2>2) Se projeter pour un choix durable<\/h2>\n<p>Vous seriez impressionn\u00e9 de conna\u00eetre le nombre de personnes qui tous les ans, se plaignent du design de leur living de jardin haut de gamme. Ils finissent par se lasser et d\u00e9cident d\u2019investir dans un nouveau mobilier, engendrant <strong>des d\u00e9penses qui auraient finalement pu \u00eatre \u00e9vit\u00e9es<\/strong>.<\/p>\n<p><img loading=\"lazy\" class=\"alignnone size-large wp-image-1262 aligncenter\" src=\"https:\/\/delormdesign.com\/blog\/wp-content\/uploads\/2018\/07\/salon-de-jardin-haut-de-gamme-materiaux-durables-1024x696.jpg\" alt=\"acheter un salon de jardin haut de gamme avec des mat\u00e9riaux durables\" width=\"980\" height=\"666\" srcset=\"https:\/\/delormdesign.com\/blog\/wp-content\/uploads\/2018\/07\/salon-de-jardin-haut-de-gamme-materiaux-durables-1024x696.jpg 1024w, https:\/\/delormdesign.com\/blog\/wp-content\/uploads\/2018\/07\/salon-de-jardin-haut-de-gamme-materiaux-durables-300x204.jpg 300w, https:\/\/delormdesign.com\/blog\/wp-content\/uploads\/2018\/07\/salon-de-jardin-haut-de-gamme-materiaux-durables-768x522.jpg 768w, https:\/\/delormdesign.com\/blog\/wp-content\/uploads\/2018\/07\/salon-de-jardin-haut-de-gamme-materiaux-durables-940x638.jpg 940w, https:\/\/delormdesign.com\/blog\/wp-content\/uploads\/2018\/07\/salon-de-jardin-haut-de-gamme-materiaux-durables.jpg 1590w\" sizes=\"(max-width: 980px) 100vw, 980px\" \/>Pour cela, nous vous recommandons de bien r\u00e9fl\u00e9chir avant d\u2019agir\u00a0: l\u2019achat d\u2019un salon de jardin de luxe ne se fait pas sur un coup de t\u00eate. Il s\u2019agit d\u2019un investissement important, \u00e0 ne pas prendre \u00e0 la l\u00e9g\u00e8re. Pensez alors \u00e0 opter pour un <strong>mat\u00e9riau r\u00e9sistant<\/strong> comme nous l\u2019avons vu, mais aussi \u00e0 <strong>un design qui ne risque pas de vous lasser<\/strong> au fil des ann\u00e9es. Les coloris naturels sont donc pr\u00e9f\u00e9rables par rapport \u00e0 des couleurs vives et flashy.<\/p>\n<p>Vous aurez \u00e9galement l\u2019occasion de <strong>changer la d\u00e9coration et le style<\/strong> de votre mobilier d\u2019ext\u00e9rieur selon vos go\u00fbts\u00a0: avec par exemple un tapis d\u2019ext\u00e9rieur au motif d\u00e9cal\u00e9, des coussins molletonn\u00e9s, un parasol assorti\u2026 Ces accessoires se remplacent facilement et vous permettront de donner une toute nouvelle allure \u00e0 votre espace de jardin.<\/p>\n<p>En d\u2019autres termes, <strong>prenez soigneusement le temps de r\u00e9fl\u00e9chir<\/strong> avant d\u2019investir. Un bon espace de jardin haut de gamme devrait pouvoir vous durer de nombreuses ann\u00e9es si vous savez comment l\u2019entretenir et le choisir.<\/p>\n<h2>3) Identifier vos besoins pour votre salon de jardin<\/h2>\n<p>Le troisi\u00e8me crit\u00e8re \u00e0 prendre en compte pour votre futur salon de jardin est assez simple\u00a0: <strong>que souhaitez-vous pouvoir faire pendant les beaux jours\u00a0?<\/strong><\/p>\n<p><img loading=\"lazy\" class=\"alignnone size-large wp-image-1264 aligncenter\" src=\"https:\/\/delormdesign.com\/blog\/wp-content\/uploads\/2018\/07\/salon-de-jardin-haute-gamme-espace-cosy-1024x576.jpg\" alt=\"choisir un salon de jardin haute gamme avec un espace cosy\" width=\"980\" height=\"551\" srcset=\"https:\/\/delormdesign.com\/blog\/wp-content\/uploads\/2018\/07\/salon-de-jardin-haute-gamme-espace-cosy-1024x576.jpg 1024w, https:\/\/delormdesign.com\/blog\/wp-content\/uploads\/2018\/07\/salon-de-jardin-haute-gamme-espace-cosy-300x169.jpg 300w, https:\/\/delormdesign.com\/blog\/wp-content\/uploads\/2018\/07\/salon-de-jardin-haute-gamme-espace-cosy-768x432.jpg 768w, https:\/\/delormdesign.com\/blog\/wp-content\/uploads\/2018\/07\/salon-de-jardin-haute-gamme-espace-cosy-940x529.jpg 940w\" sizes=\"(max-width: 980px) 100vw, 980px\" \/>Certains aiment lire un bon roman, allong\u00e9s sur un transat \u00e0 l\u2019ombre d\u2019un parasol, un jus de fruit pos\u00e9 sur une petite table \u00e0 c\u00f4t\u00e9. D\u2019autres pr\u00e9f\u00e8rent profiter de leurs soir\u00e9es avec des amis assis autour d\u2019une grande table pour un bon repas, sous une tente de jardin a\u00e9r\u00e9e. L\u2019important est donc de d\u00e9terminer <strong>quels sont vos objectifs pour votre espace<\/strong> de jardin haut de gamme. Vous optimiserez ainsi plus d\u2019espace et favoriserez l\u2019agencement de votre mobilier.<\/p>\n<p>Pour un espace cosy et confortable, des coussins, des traversins et des plaids embelliront votre canap\u00e9 d\u2019ext\u00e9rieur et cr\u00e9era un coin d\u00e9tente prot\u00e9g\u00e9 du soleil. Les <strong>salons modulables<\/strong> vous permettent de changer la disposition de vos meubles \u00e0 votre guise. Ainsi, une m\u00e9ridienne ou un bout de canap\u00e9 peut tout \u00e0 fait rendre un living plus agr\u00e9able et le mettre en avant comme un espace o\u00f9 il fait bon vivre. Vous pourrez acheter de nouveaux modules au fil des ann\u00e9es si votre famille s\u2019agrandit ou si vous pr\u00e9voyez une grande soir\u00e9e avec de nombreux invit\u00e9s.<\/p>\n<p>Il existe de nombreux cas de figure diff\u00e9rents quant \u00e0 vos besoins pour votre salon de jardin. Nous vous laissons la possibilit\u00e9 et la responsabilit\u00e9 de bien les identifier <strong>pour faciliter et guider votre choix. <\/strong><\/p>\n<h2>Delorm Design, un professionnel du salon de jardin haut de gamme<\/h2>\n<p>Nous vous donnons rendez-vous sur notre site internet <a href=\"https:\/\/delormdesign.com\/\">Delorm Design<\/a> pour vous exposer notre collection de <a href=\"https:\/\/delormdesign.com\/197-mobilier-de-jardin\">meubles de jardin<\/a> de qualit\u00e9 (fauteuils, tables basses, chaises longues, meubles de terrasse\u2026).<\/p>\n<p>B\u00e9n\u00e9ficiez d\u2019un code promo de 5% sur votre prochaine commande. Nos produits sont livr\u00e9s gratuitement et peuvent \u00eatre pay\u00e9s en 3 fois sans frais. Nous sommes \u00e9galement disponibles pour r\u00e9pondre \u00e0 vos \u00e9ventuelles questions au 05 16 57 71 72. Notre disponibilit\u00e9 vous est garantie via notre service client gratuit\u00a0: demandez-nous conseil par mail avec notre adresse <a href=\"mailto:contact@delormdesign.com\">contact@delormdesign.com<\/a> .<\/p>\n<p><strong>\u00c0 lire sur le m\u00eame sujet:\u00a0<\/strong><\/p>\n<ul>\n<li><a href=\"https:\/\/delormdesign.com\/blog\/salon-de-jardin-haut-de-gamme\/mobilier-haut-de-gamme-contemporain\/\">\u00a0Comment reconna\u00eetre un mobilier haut de gamme contemporain ?<\/a><\/li>\n<li><a href=\"https:\/\/delormdesign.com\/blog\/salon-de-jardin-haut-de-gamme\/salon-de-jardin-design-en-solde\/\">Profitez des soldes pour votre salon de jardin design<\/a><\/li>\n<li><a href=\"https:\/\/delormdesign.com\/blog\/salon-de-jardin-haut-de-gamme\/mobilier-jardin-contemporain\/\">Relooker son mobilier de jardin contemporain<\/a><\/li>\n<\/ul>\n","protected":false},"excerpt":{"rendered":"<p>Quand les beaux jours arrivent et que le soleil pointe le bout de son nez, rien de tel qu\u2019un apr\u00e8s-midi les pieds dans l\u2019herbe pour profiter de son week-end\u00a0! La saison des jardins est arriv\u00e9e\u00a0: mais \u00eates-vous r\u00e9ellement pr\u00eat pour choisir votre nouveau living d\u2019ext\u00e9rieur haut de gamme\u00a0? Acheter un salon de jardin qui vous [&hellip;]<\/p>\n","protected":false},"author":12,"featured_media":0,"parent":0,"menu_order":0,"comment_status":"closed","ping_status":"closed","template":"","meta":[],"categories":[20],"tags":[],"yoast_head":"<!-- This site is optimized with the Yoast SEO plugin v19.3 - https:\/\/yoast.com\/wordpress\/plugins\/seo\/ -->\n<title>3 conseils pour choisir son salon de jardin haut de gamme &bull; Blog Design Jardin &amp; Int\u00e9rieur | Tendance D\u00e9co<\/title>\n<meta name=\"description\" content=\"Suivez nos 3 conseils pour devenir un professionnel du salon de jardin et pour pouvoir profiter de la belle saison comme il se doit !\" \/>\n<meta name=\"robots\" content=\"index, follow, max-snippet:-1, max-image-preview:large, max-video-preview:-1\" \/>\n<link rel=\"canonical\" href=\"https:\/\/delormdesign.com\/blog\/salon-de-jardin-haut-de-gamme\/\" \/>\n<meta property=\"og:locale\" content=\"fr_FR\" \/>\n<meta property=\"og:type\" content=\"article\" \/>\n<meta property=\"og:title\" content=\"3 conseils pour choisir son salon de jardin haut de gamme &bull; Blog Design Jardin &amp; Int\u00e9rieur | Tendance D\u00e9co\" \/>\n<meta property=\"og:description\" content=\"Suivez nos 3 conseils pour devenir un professionnel du salon de jardin et pour pouvoir profiter de la belle saison comme il se doit !\" \/>\n<meta property=\"og:url\" content=\"https:\/\/delormdesign.com\/blog\/salon-de-jardin-haut-de-gamme\/\" \/>\n<meta property=\"og:site_name\" content=\"Blog Design Jardin &amp; Int\u00e9rieur | Tendance D\u00e9co\" \/>\n<meta property=\"article:publisher\" content=\"https:\/\/www.facebook.com\/delormdesign\/\" \/>\n<meta property=\"article:modified_time\" content=\"2019-03-02T11:14:45+00:00\" \/>\n<meta property=\"og:image\" content=\"https:\/\/delormdesign.com\/blog\/wp-content\/uploads\/2018\/07\/salon-de-jardin-haut-de-gamme-1024x605.jpg\" \/>\n<meta name=\"twitter:card\" content=\"summary\" \/>\n<meta name=\"twitter:label1\" content=\"Est. reading time\" \/>\n\t<meta name=\"twitter:data1\" content=\"6 minutes\" \/>\n<script type=\"application\/ld+json\" class=\"yoast-schema-graph\">{\"@context\":\"https:\/\/schema.org\",\"@graph\":[{\"@type\":\"WebSite\",\"@id\":\"https:\/\/delormdesign.com\/blog\/#website\",\"url\":\"https:\/\/delormdesign.com\/blog\/\",\"name\":\"Blog Design Jardin &amp; Int\u00e9rieur | Tendance D\u00e9co\",\"description\":\"Jardin &amp; Int\u00e9rieur | Tendance D\u00e9co\",\"potentialAction\":[{\"@type\":\"SearchAction\",\"target\":{\"@type\":\"EntryPoint\",\"urlTemplate\":\"https:\/\/delormdesign.com\/blog\/?s={search_term_string}\"},\"query-input\":\"required name=search_term_string\"}],\"inLanguage\":\"fr-FR\"},{\"@type\":\"ImageObject\",\"inLanguage\":\"fr-FR\",\"@id\":\"https:\/\/delormdesign.com\/blog\/salon-de-jardin-haut-de-gamme\/#primaryimage\",\"url\":\"https:\/\/delormdesign.com\/blog\/wp-content\/uploads\/2018\/07\/salon-de-jardin-haut-de-gamme.jpg\",\"contentUrl\":\"https:\/\/delormdesign.com\/blog\/wp-content\/uploads\/2018\/07\/salon-de-jardin-haut-de-gamme.jpg\",\"width\":1700,\"height\":1004,\"caption\":\"salon de jardin haut de gamme en r\u00e9sine tress\u00e9e\"},{\"@type\":\"WebPage\",\"@id\":\"https:\/\/delormdesign.com\/blog\/salon-de-jardin-haut-de-gamme\/\",\"url\":\"https:\/\/delormdesign.com\/blog\/salon-de-jardin-haut-de-gamme\/\",\"name\":\"3 conseils pour choisir son salon de jardin haut de gamme &bull; Blog Design Jardin &amp; Int\u00e9rieur | Tendance D\u00e9co\",\"isPartOf\":{\"@id\":\"https:\/\/delormdesign.com\/blog\/#website\"},\"primaryImageOfPage\":{\"@id\":\"https:\/\/delormdesign.com\/blog\/salon-de-jardin-haut-de-gamme\/#primaryimage\"},\"datePublished\":\"2018-07-19T13:37:27+00:00\",\"dateModified\":\"2019-03-02T11:14:45+00:00\",\"description\":\"Suivez nos 3 conseils pour devenir un professionnel du salon de jardin et pour pouvoir profiter de la belle saison comme il se doit !\",\"breadcrumb\":{\"@id\":\"https:\/\/delormdesign.com\/blog\/salon-de-jardin-haut-de-gamme\/#breadcrumb\"},\"inLanguage\":\"fr-FR\",\"potentialAction\":[{\"@type\":\"ReadAction\",\"target\":[\"https:\/\/delormdesign.com\/blog\/salon-de-jardin-haut-de-gamme\/\"]}]},{\"@type\":\"BreadcrumbList\",\"@id\":\"https:\/\/delormdesign.com\/blog\/salon-de-jardin-haut-de-gamme\/#breadcrumb\",\"itemListElement\":[{\"@type\":\"ListItem\",\"position\":1,\"name\":\"Accueil\",\"item\":\"https:\/\/delormdesign.com\/blog\/\"},{\"@type\":\"ListItem\",\"position\":2,\"name\":\"3 conseils pour choisir son salon de jardin haut de gamme\"}]}]}<\/script>\n<!-- \/ Yoast SEO plugin. -->","yoast_head_json":{"title":"3 conseils pour choisir son salon de jardin haut de gamme &bull; Blog Design Jardin &amp; Int\u00e9rieur | Tendance D\u00e9co","description":"Suivez nos 3 conseils pour devenir un professionnel du salon de jardin et pour pouvoir profiter de la belle saison comme il se doit !","robots":{"index":"index","follow":"follow","max-snippet":"max-snippet:-1","max-image-preview":"max-image-preview:large","max-video-preview":"max-video-preview:-1"},"canonical":"https:\/\/delormdesign.com\/blog\/salon-de-jardin-haut-de-gamme\/","og_locale":"fr_FR","og_type":"article","og_title":"3 conseils pour choisir son salon de jardin haut de gamme &bull; Blog Design Jardin &amp; Int\u00e9rieur | Tendance D\u00e9co","og_description":"Suivez nos 3 conseils pour devenir un professionnel du salon de jardin et pour pouvoir profiter de la belle saison comme il se doit !","og_url":"https:\/\/delormdesign.com\/blog\/salon-de-jardin-haut-de-gamme\/","og_site_name":"Blog Design Jardin &amp; Int\u00e9rieur | Tendance D\u00e9co","article_publisher":"https:\/\/www.facebook.com\/delormdesign\/","article_modified_time":"2019-03-02T11:14:45+00:00","og_image":[{"url":"https:\/\/delormdesign.com\/blog\/wp-content\/uploads\/2018\/07\/salon-de-jardin-haut-de-gamme-1024x605.jpg"}],"twitter_card":"summary","twitter_misc":{"Est. reading time":"6 minutes"},"schema":{"@context":"https:\/\/schema.org","@graph":[{"@type":"WebSite","@id":"https:\/\/delormdesign.com\/blog\/#website","url":"https:\/\/delormdesign.com\/blog\/","name":"Blog Design Jardin &amp; Int\u00e9rieur | Tendance D\u00e9co","description":"Jardin &amp; Int\u00e9rieur | Tendance D\u00e9co","potentialAction":[{"@type":"SearchAction","target":{"@type":"EntryPoint","urlTemplate":"https:\/\/delormdesign.com\/blog\/?s={search_term_string}"},"query-input":"required name=search_term_string"}],"inLanguage":"fr-FR"},{"@type":"ImageObject","inLanguage":"fr-FR","@id":"https:\/\/delormdesign.com\/blog\/salon-de-jardin-haut-de-gamme\/#primaryimage","url":"https:\/\/delormdesign.com\/blog\/wp-content\/uploads\/2018\/07\/salon-de-jardin-haut-de-gamme.jpg","contentUrl":"https:\/\/delormdesign.com\/blog\/wp-content\/uploads\/2018\/07\/salon-de-jardin-haut-de-gamme.jpg","width":1700,"height":1004,"caption":"salon de jardin haut de gamme en r\u00e9sine tress\u00e9e"},{"@type":"WebPage","@id":"https:\/\/delormdesign.com\/blog\/salon-de-jardin-haut-de-gamme\/","url":"https:\/\/delormdesign.com\/blog\/salon-de-jardin-haut-de-gamme\/","name":"3 conseils pour choisir son salon de jardin haut de gamme &bull; Blog Design Jardin &amp; Int\u00e9rieur | Tendance D\u00e9co","isPartOf":{"@id":"https:\/\/delormdesign.com\/blog\/#website"},"primaryImageOfPage":{"@id":"https:\/\/delormdesign.com\/blog\/salon-de-jardin-haut-de-gamme\/#primaryimage"},"datePublished":"2018-07-19T13:37:27+00:00","dateModified":"2019-03-02T11:14:45+00:00","description":"Suivez nos 3 conseils pour devenir un professionnel du salon de jardin et pour pouvoir profiter de la belle saison comme il se doit !","breadcrumb":{"@id":"https:\/\/delormdesign.com\/blog\/salon-de-jardin-haut-de-gamme\/#breadcrumb"},"inLanguage":"fr-FR","potentialAction":[{"@type":"ReadAction","target":["https:\/\/delormdesign.com\/blog\/salon-de-jardin-haut-de-gamme\/"]}]},{"@type":"BreadcrumbList","@id":"https:\/\/delormdesign.com\/blog\/salon-de-jardin-haut-de-gamme\/#breadcrumb","itemListElement":[{"@type":"ListItem","position":1,"name":"Accueil","item":"https:\/\/delormdesign.com\/blog\/"},{"@type":"ListItem","position":2,"name":"3 conseils pour choisir son salon de jardin haut de gamme"}]}]}},"amp_enabled":true,"_links":{"self":[{"href":"https:\/\/delormdesign.com\/blog\/wp-json\/wp\/v2\/pages\/1251"}],"collection":[{"href":"https:\/\/delormdesign.com\/blog\/wp-json\/wp\/v2\/pages"}],"about":[{"href":"https:\/\/delormdesign.com\/blog\/wp-json\/wp\/v2\/types\/page"}],"author":[{"embeddable":true,"href":"https:\/\/delormdesign.com\/blog\/wp-json\/wp\/v2\/users\/12"}],"replies":[{"embeddable":true,"href":"https:\/\/delormdesign.com\/blog\/wp-json\/wp\/v2\/comments?post=1251"}],"version-history":[{"count":0,"href":"https:\/\/delormdesign.com\/blog\/wp-json\/wp\/v2\/pages\/1251\/revisions"}],"wp:attachment":[{"href":"https:\/\/delormdesign.com\/blog\/wp-json\/wp\/v2\/media?parent=1251"}],"wp:term":[{"taxonomy":"category","embeddable":true,"href":"https:\/\/delormdesign.com\/blog\/wp-json\/wp\/v2\/categories?post=1251"},{"taxonomy":"post_tag","embeddable":true,"href":"https:\/\/delormdesign.com\/blog\/wp-json\/wp\/v2\/tags?post=1251"}],"curies":[{"name":"wp","href":"https:\/\/api.w.org\/{rel}","templated":true}]}}