{"id":1257,"date":"2018-07-19T14:53:03","date_gmt":"2018-07-19T14:53:03","guid":{"rendered":"https:\/\/delormdesign.com\/blog\/?page_id=1257"},"modified":"2018-07-23T09:27:47","modified_gmt":"2018-07-23T09:27:47","slug":"choisir-meubles-teck-salle-de-bains","status":"publish","type":"page","link":"https:\/\/delormdesign.com\/blog\/acheter-meuble-teck\/choisir-meubles-teck-salle-de-bains\/","title":{"rendered":"Pourquoi choisir des meubles en teck pour votre salle de bains ?"},"content":{"rendered":"<p>Vous avez envie de changer la d\u00e9coration de votre salle de bains ? Alors pour lui donner un nouveau look et en faire un espace chaleureux, optez alors pour <strong>les meubles de salle de bain en teck<\/strong>!<\/p>\n<h2>Les avantages du teck dans une salle de bain<\/h2>\n<p>Le teck est un type de bois qui vous ouvre tout un monde de possibilit\u00e9s. Auparavant, on l\u2019associait g\u00e9n\u00e9ralement aux meubles de jardin. Cependant aujourd\u2019hui, ce mat\u00e9riau convient pour toutes sortes d\u2019applications \u00e0 en int\u00e9rieur en particulier dans la salle de bain. On vous explique pourquoi.<\/p>\n<h3>Le teck, un mat\u00e9riau robuste intemporel<\/h3>\n<p>Faire le choix teck, c\u2019est prendre le parti-pris d\u2019investir dans un mat\u00e9riau de qualit\u00e9, \u00e0 l\u2019\u00e9preuve du temps et surtout extr\u00eamement robuste. Toutes ces caract\u00e9ristiques sont en parfaite ad\u00e9quation avec les contraintes et les besoins d\u2019une salle de bain. Cette pi\u00e8ce est effectivement soumise \u00e0 l\u2019humidit\u00e9 et \u00e0 des changements de temp\u00e9rature r\u00e9guliers et brutaux. Le teck n\u2019en souffrira pas. Il est prot\u00e9g\u00e9 de ces dangers par l\u2019huile qui recouvre, naturellement sa surface, appel\u00e9e l\u2019ol\u00e9or\u00e9sine. Son cousin le<a href=\"https:\/\/delormdesign.com\/183-buffet-en-teck-massif\" target=\"_blank\"><strong> teck massif<\/strong><\/a> est encore plus adapt\u00e9 \u00e0 cet environnement gr\u00e2ce au traitement du bois premium qu\u2019on accorde au bois massif. Donc les meubles de salle de bain en teck, c\u2019est la garantie d\u2019\u00eatre tranquille pendant des d\u00e9cennies sans constater un vieillissement du meuble.<span class=\"Apple-converted-space\">\u00a0<\/span><\/p>\n<p>La qualit\u00e9 haute gamme de ce bois justifie son prix. C\u2019est une mati\u00e8re qui est vendue \u00e0 un certain prix pour autant, c\u2019est un tr\u00e8s bon investissement, car c\u2019est une des mati\u00e8res les plus r\u00e9sistante du march\u00e9 et ayant le <strong>meilleur rapport qualit\u00e9\/prix<\/strong>. Il existe de plusieurs types de meubles en bois de teck leurs dimensions sont variables. G\u00e9n\u00e9ralement, pour un meuble pour vasque, les dimensions sont l40 \u00e0 90 x h80 x p55cm.<span class=\"Apple-converted-space\">\u00a0<\/span><\/p>\n<h3><img loading=\"lazy\" class=\"alignnone wp-image-1259\" src=\"https:\/\/delormdesign.com\/blog\/wp-content\/uploads\/2018\/07\/brown-close-up-hd-wallpaper-172289-300x200.jpg\" alt=\"bois-teck-marron-arbre\" width=\"818\" height=\"545\" srcset=\"https:\/\/delormdesign.com\/blog\/wp-content\/uploads\/2018\/07\/brown-close-up-hd-wallpaper-172289-300x200.jpg 300w, https:\/\/delormdesign.com\/blog\/wp-content\/uploads\/2018\/07\/brown-close-up-hd-wallpaper-172289-768x511.jpg 768w, https:\/\/delormdesign.com\/blog\/wp-content\/uploads\/2018\/07\/brown-close-up-hd-wallpaper-172289-1024x681.jpg 1024w, https:\/\/delormdesign.com\/blog\/wp-content\/uploads\/2018\/07\/brown-close-up-hd-wallpaper-172289-940x625.jpg 940w\" sizes=\"(max-width: 818px) 100vw, 818px\" \/><\/h3>\n<h3>Le teck un bois \u00e9cologique<\/h3>\n<p>Le second atout majeur du mobilier en teck est sa nature \u00e9cologique : on fabrique en effet de plus en plus des meubles en <strong><a href=\"https:\/\/delormdesign.com\/buffet-en-teck-massif\/2197-buffet-2-portes-et-3-tiroirs-teck-recycle-140-cm-loft-3700735706914.html\" target=\"_blank\">teck recycl\u00e9<\/a>.<\/strong> Le teck recycl\u00e9\u00a0permet de limiter la d\u00e9forestation, tout gardant une mati\u00e8re \u00e0 la r\u00e9sistance or du commun. Ultra tendance, l\u2019engouement autour du teck a g\u00e9n\u00e9r\u00e9 dans les pays d\u2019Asie du Sud-Est producteurs une surexploitation qui engendre un reforestation progressive et une baisse de la qualit\u00e9 des produits. Faire le choix du teck recycl\u00e9, c\u2019est donc faire le choix de <strong>l\u2019\u00e9co-participation<\/strong>.<span class=\"Apple-converted-space\">\u00a0<\/span><\/p>\n<h3>Des meubles en teck fonctionnels pour une salle de bain a\u00e9r\u00e9e<span class=\"Apple-converted-space\">\u00a0<\/span><\/h3>\n<p><span class=\"Apple-converted-space\">\u00a0<\/span>Rien de pire que d\u2019avoir une salle de bain surcharg\u00e9e, la d\u00e9tente n&#8217;y est plus au rendez-vous. Dans une salle d\u2019eau, on a donc souvent besoin de meubles fonctionnels avec des tiroirs. Ces tiroirs servent \u00e0 ranger des serviettes et des produits juste en dessous de son miroir. Les meubles en teck, sont id\u00e9als pour cela. Le teck ce d\u00e9cline en <strong>colonne<\/strong>, parquet ou en meuble de salle de bain classique.<\/p>\n<h3>Entretenir sa salle de bain en teck : un jeu d\u2019enfant<span class=\"Apple-converted-space\">\u00a0<\/span><\/h3>\n<p>Le bois en particulier le teck est tr\u00e8s <strong>facile d&#8217;entretient<\/strong>. C\u2019est la mati\u00e8re parfaite pour les press\u00e9s qui n\u2019ont pas le temps de passer des heures \u00e0 nettoyer les meubles. Pour l&#8217;entretien de tous les jours, si il y une t\u00e2che passez un coup d\u2019\u00e9ponge cela suffira amplement. Or si une t\u00e2che est d&#8217;origine acide et a attaqu\u00e9 votre meuble, vous serez probablement oblig\u00e9 de poncer le meuble. Pour entretenir l\u2019esth\u00e9tique de vos meubles de salle de bain en teck vous pouvez trouver facilement dans le commerce de l&#8217;huile de lin ou de l&#8217;huile de teck. Il vous suffira de l\u2019\u00e9taler \u00e0 l&#8217;aide d&#8217;un pinceau sur l&#8217;ensemble du meuble pour raviver sa couleur.<\/p>\n<h2>Quelques id\u00e9es d\u2019association avec le bois teck pour votre salle de bain<\/h2>\n<p>Une <strong>salle de bain en teck<\/strong> est r\u00e9ellement le comble du chic. Elle \u00e0 tendance \u00e0 s&#8217;imposer de plus en plus dans les salles de bain traditionnelles. On vous donne quelques id\u00e9es d\u2019association, pour que vous aussi vous ayez envie de passer le pas et de craquer pour des meubles en teck.<\/p>\n<h3>Pierre naturel et teck : le combo gagnant pour votre salle de bains<span class=\"Apple-converted-space\">\u00a0<\/span><\/h3>\n<p>Si vous \u00eates en qu\u00eate d\u2019un style \u00e0 la fois moderne et naturel pour votre salle de bains, la pierre naturelle est l\u2019un des meilleurs choix. Pour rapporter un peu de chaleur et de douceur \u00e0 une vasque ou une baignoire en pierre naturelle misez sur le mobilier en teck. L\u2019association de ces deux mat\u00e9riaux nobles et \u00e9l\u00e9gants cr\u00e9era une ambiance zen, apaisante, voir exotique.<\/p>\n<h3><img loading=\"lazy\" class=\"wp-image-1258 aligncenter\" src=\"https:\/\/delormdesign.com\/blog\/wp-content\/uploads\/2018\/07\/bathroom-2132342_640-300x201.jpg\" alt=\"salle-de-bain-bois-teck-meuble-vasque\" width=\"803\" height=\"538\" srcset=\"https:\/\/delormdesign.com\/blog\/wp-content\/uploads\/2018\/07\/bathroom-2132342_640-300x201.jpg 300w, https:\/\/delormdesign.com\/blog\/wp-content\/uploads\/2018\/07\/bathroom-2132342_640.jpg 640w\" sizes=\"(max-width: 803px) 100vw, 803px\" \/><\/h3>\n<h3>Du teck avec du m\u00e9tal<\/h3>\n<p>Pour une salle d\u2019eau moderne et ultra minimaliste combiner <strong>le m\u00e9tal et le bois de teck est la bonne id\u00e9e<\/strong>. Bien entendu, votre robinetterie pr\u00e9sente de toute fa\u00e7on une touche de m\u00e9tal, mais vous pouvez ench\u00e9rir, en fixant des poign\u00e9es en aluminium sur votre meuble de salle de bains en teck ou votre porte. Parall\u00e8lement de petits \u00e9l\u00e9ments de d\u00e9coration m\u00e9tallis\u00e9s seront vivement appr\u00e9ci\u00e9 en compl\u00e9ment.<span class=\"Apple-converted-space\">\u00a0<\/span><\/p>\n<h3>Le bois de teck et le blanc<\/h3>\n<p>Le blanc se marie parfaitement au style moderne ou scandinave. Cette couleur va ramener de l&#8217;\u00e9l\u00e9gance et adoucir l\u2019ambiance de la salle de bain, en apportant de la douceur et de la luminosit\u00e9 \u00e0 la salle de bain qui peut \u00eatre assombrie par <strong>les meubles en bois de teck<\/strong>. Nous vous recommandons \u00e9galement de jeter un \u0153il \u00e0 notre collection de <a href=\"https:\/\/delormdesign.com\/183-buffet-en-teck-massif\">buffets en teck massif<\/a>.<\/p>\n<h3>Le b\u00e9ton et le bois pour un style industriel assur\u00e9<span class=\"Apple-converted-space\">\u00a0<\/span><\/h3>\n<p>Un contraste \u00e9norme r\u00e9side en ces deux mati\u00e8res pour autant leur association est canon dans une salle d\u2019eau. Le bois de teck est chaleureux. Le b\u00e9ton lui joue sur une l\u2019ambiance<strong> industrielle<\/strong>, leur combo forme un style de d\u00e9coration tr\u00e8s brut \u00e0 la fois agr\u00e9able et contemporain. Bois et b\u00e9ton constituent un m\u00e9lange d\u00e9tonnant entre une mati\u00e8re naturel et une urbaine, compl\u00e8tement dans l\u2019air du temps.<span class=\"Apple-converted-space\">\u00a0<\/span><\/p>\n<p>Vous avez envie de succomber pour des meubles de salle de bain en teck, ne r\u00e9fl\u00e9chissez plus. De plus chez Delorm Design, nous vous offrons la livraison gratuite. De plus cette livraison gratuite inclue la livraison et l&#8217;installation de vos meubles chez vous.<\/p>\n<p>\u00c0 lire sur le m\u00eame sujet:<\/p>\n<ul>\n<li><a href=\"https:\/\/delormdesign.com\/blog\/acheter-meuble-teck\/entretenir-renover-vos-meubles-de-jardin-teck\/\" target=\"_blank\"><strong>Comment entretenir et r\u00e9nover vos meubles de jardin en teck ?<\/strong><\/a><\/li>\n<li><a href=\"https:\/\/delormdesign.com\/blog\/acheter-meuble-teck\/teck-recycle-choix-ecologique-style\/\" target=\"_blank\"><strong>Les meubles en teck recycl\u00e9 : le choix \u00e9cologique et tendance<\/strong><\/a><\/li>\n<li><a href=\"https:\/\/delormdesign.com\/blog\/acheter-meuble-teck\/\" target=\"_blank\"><strong>Pourquoi acheter un meuble en teck ?<\/strong><\/a><\/li>\n<\/ul>\n","protected":false},"excerpt":{"rendered":"<p>Vous avez envie de changer la d\u00e9coration de votre salle de bains ? Alors pour lui donner un nouveau look et en faire un espace chaleureux, optez alors pour les meubles de salle de bain en teck! Les avantages du teck dans une salle de bain Le teck est un type de bois qui vous [&hellip;]<\/p>\n","protected":false},"author":12,"featured_media":0,"parent":1239,"menu_order":0,"comment_status":"closed","ping_status":"closed","template":"","meta":[],"categories":[],"tags":[],"yoast_head":"<!-- This site is optimized with the Yoast SEO plugin v19.3 - https:\/\/yoast.com\/wordpress\/plugins\/seo\/ -->\n<title>Pourquoi choisir des meubles en teck pour votre salle de bains ? &bull; Blog Design Jardin &amp; Int\u00e9rieur | Tendance D\u00e9co<\/title>\n<meta name=\"description\" content=\"Vous avez envie de changer la d\u00e9coration de votre salle de bains ? Pour lui donner un nouveau look tendance faites le choix des meubles en bois de teck.\" \/>\n<meta name=\"robots\" content=\"index, follow, max-snippet:-1, max-image-preview:large, max-video-preview:-1\" \/>\n<link rel=\"canonical\" href=\"https:\/\/delormdesign.com\/blog\/acheter-meuble-teck\/choisir-meubles-teck-salle-de-bains\/\" \/>\n<meta property=\"og:locale\" content=\"fr_FR\" \/>\n<meta property=\"og:type\" content=\"article\" \/>\n<meta property=\"og:title\" content=\"Pourquoi choisir des meubles en teck pour votre salle de bains ? &bull; Blog Design Jardin &amp; Int\u00e9rieur | Tendance D\u00e9co\" \/>\n<meta property=\"og:description\" content=\"Vous avez envie de changer la d\u00e9coration de votre salle de bains ? Pour lui donner un nouveau look tendance faites le choix des meubles en bois de teck.\" \/>\n<meta property=\"og:url\" content=\"https:\/\/delormdesign.com\/blog\/acheter-meuble-teck\/choisir-meubles-teck-salle-de-bains\/\" \/>\n<meta property=\"og:site_name\" content=\"Blog Design Jardin &amp; Int\u00e9rieur | Tendance D\u00e9co\" \/>\n<meta property=\"article:publisher\" content=\"https:\/\/www.facebook.com\/delormdesign\/\" \/>\n<meta property=\"article:modified_time\" content=\"2018-07-23T09:27:47+00:00\" \/>\n<meta property=\"og:image\" content=\"https:\/\/delormdesign.com\/blog\/wp-content\/uploads\/2018\/07\/brown-close-up-hd-wallpaper-172289-300x200.jpg\" \/>\n<meta name=\"twitter:card\" content=\"summary\" \/>\n<meta name=\"twitter:label1\" content=\"Est. reading time\" \/>\n\t<meta name=\"twitter:data1\" content=\"6 minutes\" \/>\n<script type=\"application\/ld+json\" class=\"yoast-schema-graph\">{\"@context\":\"https:\/\/schema.org\",\"@graph\":[{\"@type\":\"WebSite\",\"@id\":\"https:\/\/delormdesign.com\/blog\/#website\",\"url\":\"https:\/\/delormdesign.com\/blog\/\",\"name\":\"Blog Design Jardin &amp; Int\u00e9rieur | Tendance D\u00e9co\",\"description\":\"Jardin &amp; Int\u00e9rieur | Tendance D\u00e9co\",\"potentialAction\":[{\"@type\":\"SearchAction\",\"target\":{\"@type\":\"EntryPoint\",\"urlTemplate\":\"https:\/\/delormdesign.com\/blog\/?s={search_term_string}\"},\"query-input\":\"required name=search_term_string\"}],\"inLanguage\":\"fr-FR\"},{\"@type\":\"ImageObject\",\"inLanguage\":\"fr-FR\",\"@id\":\"https:\/\/delormdesign.com\/blog\/acheter-meuble-teck\/choisir-meubles-teck-salle-de-bains\/#primaryimage\",\"url\":\"https:\/\/delormdesign.com\/blog\/wp-content\/uploads\/2018\/07\/brown-close-up-hd-wallpaper-172289.jpg\",\"contentUrl\":\"https:\/\/delormdesign.com\/blog\/wp-content\/uploads\/2018\/07\/brown-close-up-hd-wallpaper-172289.jpg\",\"width\":2560,\"height\":1703,\"caption\":\"bois-teck-marron-arbre\"},{\"@type\":\"WebPage\",\"@id\":\"https:\/\/delormdesign.com\/blog\/acheter-meuble-teck\/choisir-meubles-teck-salle-de-bains\/\",\"url\":\"https:\/\/delormdesign.com\/blog\/acheter-meuble-teck\/choisir-meubles-teck-salle-de-bains\/\",\"name\":\"Pourquoi choisir des meubles en teck pour votre salle de bains ? &bull; Blog Design Jardin &amp; Int\u00e9rieur | Tendance D\u00e9co\",\"isPartOf\":{\"@id\":\"https:\/\/delormdesign.com\/blog\/#website\"},\"primaryImageOfPage\":{\"@id\":\"https:\/\/delormdesign.com\/blog\/acheter-meuble-teck\/choisir-meubles-teck-salle-de-bains\/#primaryimage\"},\"datePublished\":\"2018-07-19T14:53:03+00:00\",\"dateModified\":\"2018-07-23T09:27:47+00:00\",\"description\":\"Vous avez envie de changer la d\u00e9coration de votre salle de bains ? Pour lui donner un nouveau look tendance faites le choix des meubles en bois de teck.\",\"breadcrumb\":{\"@id\":\"https:\/\/delormdesign.com\/blog\/acheter-meuble-teck\/choisir-meubles-teck-salle-de-bains\/#breadcrumb\"},\"inLanguage\":\"fr-FR\",\"potentialAction\":[{\"@type\":\"ReadAction\",\"target\":[\"https:\/\/delormdesign.com\/blog\/acheter-meuble-teck\/choisir-meubles-teck-salle-de-bains\/\"]}]},{\"@type\":\"BreadcrumbList\",\"@id\":\"https:\/\/delormdesign.com\/blog\/acheter-meuble-teck\/choisir-meubles-teck-salle-de-bains\/#breadcrumb\",\"itemListElement\":[{\"@type\":\"ListItem\",\"position\":1,\"name\":\"Accueil\",\"item\":\"https:\/\/delormdesign.com\/blog\/\"},{\"@type\":\"ListItem\",\"position\":2,\"name\":\"Pourquoi acheter un meuble en teck ?\",\"item\":\"https:\/\/delormdesign.com\/blog\/acheter-meuble-teck\/\"},{\"@type\":\"ListItem\",\"position\":3,\"name\":\"Pourquoi choisir des meubles en teck pour votre salle de bains ?\"}]}]}<\/script>\n<!-- \/ Yoast SEO plugin. -->","yoast_head_json":{"title":"Pourquoi choisir des meubles en teck pour votre salle de bains ? &bull; Blog Design Jardin &amp; Int\u00e9rieur | Tendance D\u00e9co","description":"Vous avez envie de changer la d\u00e9coration de votre salle de bains ? Pour lui donner un nouveau look tendance faites le choix des meubles en bois de teck.","robots":{"index":"index","follow":"follow","max-snippet":"max-snippet:-1","max-image-preview":"max-image-preview:large","max-video-preview":"max-video-preview:-1"},"canonical":"https:\/\/delormdesign.com\/blog\/acheter-meuble-teck\/choisir-meubles-teck-salle-de-bains\/","og_locale":"fr_FR","og_type":"article","og_title":"Pourquoi choisir des meubles en teck pour votre salle de bains ? &bull; Blog Design Jardin &amp; Int\u00e9rieur | Tendance D\u00e9co","og_description":"Vous avez envie de changer la d\u00e9coration de votre salle de bains ? Pour lui donner un nouveau look tendance faites le choix des meubles en bois de teck.","og_url":"https:\/\/delormdesign.com\/blog\/acheter-meuble-teck\/choisir-meubles-teck-salle-de-bains\/","og_site_name":"Blog Design Jardin &amp; Int\u00e9rieur | Tendance D\u00e9co","article_publisher":"https:\/\/www.facebook.com\/delormdesign\/","article_modified_time":"2018-07-23T09:27:47+00:00","og_image":[{"url":"https:\/\/delormdesign.com\/blog\/wp-content\/uploads\/2018\/07\/brown-close-up-hd-wallpaper-172289-300x200.jpg"}],"twitter_card":"summary","twitter_misc":{"Est. reading time":"6 minutes"},"schema":{"@context":"https:\/\/schema.org","@graph":[{"@type":"WebSite","@id":"https:\/\/delormdesign.com\/blog\/#website","url":"https:\/\/delormdesign.com\/blog\/","name":"Blog Design Jardin &amp; Int\u00e9rieur | Tendance D\u00e9co","description":"Jardin &amp; Int\u00e9rieur | Tendance D\u00e9co","potentialAction":[{"@type":"SearchAction","target":{"@type":"EntryPoint","urlTemplate":"https:\/\/delormdesign.com\/blog\/?s={search_term_string}"},"query-input":"required name=search_term_string"}],"inLanguage":"fr-FR"},{"@type":"ImageObject","inLanguage":"fr-FR","@id":"https:\/\/delormdesign.com\/blog\/acheter-meuble-teck\/choisir-meubles-teck-salle-de-bains\/#primaryimage","url":"https:\/\/delormdesign.com\/blog\/wp-content\/uploads\/2018\/07\/brown-close-up-hd-wallpaper-172289.jpg","contentUrl":"https:\/\/delormdesign.com\/blog\/wp-content\/uploads\/2018\/07\/brown-close-up-hd-wallpaper-172289.jpg","width":2560,"height":1703,"caption":"bois-teck-marron-arbre"},{"@type":"WebPage","@id":"https:\/\/delormdesign.com\/blog\/acheter-meuble-teck\/choisir-meubles-teck-salle-de-bains\/","url":"https:\/\/delormdesign.com\/blog\/acheter-meuble-teck\/choisir-meubles-teck-salle-de-bains\/","name":"Pourquoi choisir des meubles en teck pour votre salle de bains ? &bull; Blog Design Jardin &amp; Int\u00e9rieur | Tendance D\u00e9co","isPartOf":{"@id":"https:\/\/delormdesign.com\/blog\/#website"},"primaryImageOfPage":{"@id":"https:\/\/delormdesign.com\/blog\/acheter-meuble-teck\/choisir-meubles-teck-salle-de-bains\/#primaryimage"},"datePublished":"2018-07-19T14:53:03+00:00","dateModified":"2018-07-23T09:27:47+00:00","description":"Vous avez envie de changer la d\u00e9coration de votre salle de bains ? Pour lui donner un nouveau look tendance faites le choix des meubles en bois de teck.","breadcrumb":{"@id":"https:\/\/delormdesign.com\/blog\/acheter-meuble-teck\/choisir-meubles-teck-salle-de-bains\/#breadcrumb"},"inLanguage":"fr-FR","potentialAction":[{"@type":"ReadAction","target":["https:\/\/delormdesign.com\/blog\/acheter-meuble-teck\/choisir-meubles-teck-salle-de-bains\/"]}]},{"@type":"BreadcrumbList","@id":"https:\/\/delormdesign.com\/blog\/acheter-meuble-teck\/choisir-meubles-teck-salle-de-bains\/#breadcrumb","itemListElement":[{"@type":"ListItem","position":1,"name":"Accueil","item":"https:\/\/delormdesign.com\/blog\/"},{"@type":"ListItem","position":2,"name":"Pourquoi acheter un meuble en teck ?","item":"https:\/\/delormdesign.com\/blog\/acheter-meuble-teck\/"},{"@type":"ListItem","position":3,"name":"Pourquoi choisir des meubles en teck pour votre salle de bains ?"}]}]}},"amp_enabled":true,"_links":{"self":[{"href":"https:\/\/delormdesign.com\/blog\/wp-json\/wp\/v2\/pages\/1257"}],"collection":[{"href":"https:\/\/delormdesign.com\/blog\/wp-json\/wp\/v2\/pages"}],"about":[{"href":"https:\/\/delormdesign.com\/blog\/wp-json\/wp\/v2\/types\/page"}],"author":[{"embeddable":true,"href":"https:\/\/delormdesign.com\/blog\/wp-json\/wp\/v2\/users\/12"}],"replies":[{"embeddable":true,"href":"https:\/\/delormdesign.com\/blog\/wp-json\/wp\/v2\/comments?post=1257"}],"version-history":[{"count":0,"href":"https:\/\/delormdesign.com\/blog\/wp-json\/wp\/v2\/pages\/1257\/revisions"}],"up":[{"embeddable":true,"href":"https:\/\/delormdesign.com\/blog\/wp-json\/wp\/v2\/pages\/1239"}],"wp:attachment":[{"href":"https:\/\/delormdesign.com\/blog\/wp-json\/wp\/v2\/media?parent=1257"}],"wp:term":[{"taxonomy":"category","embeddable":true,"href":"https:\/\/delormdesign.com\/blog\/wp-json\/wp\/v2\/categories?post=1257"},{"taxonomy":"post_tag","embeddable":true,"href":"https:\/\/delormdesign.com\/blog\/wp-json\/wp\/v2\/tags?post=1257"}],"curies":[{"name":"wp","href":"https:\/\/api.w.org\/{rel}","templated":true}]}}