{"id":1267,"date":"2018-07-19T14:54:17","date_gmt":"2018-07-19T14:54:17","guid":{"rendered":"https:\/\/delormdesign.com\/blog\/?page_id=1267"},"modified":"2019-03-01T09:03:08","modified_gmt":"2019-03-01T09:03:08","slug":"entretenir-renover-vos-meubles-de-jardin-teck","status":"publish","type":"page","link":"https:\/\/delormdesign.com\/blog\/acheter-meuble-teck\/entretenir-renover-vos-meubles-de-jardin-teck\/","title":{"rendered":"Comment entretenir et r\u00e9nover vos meubles de jardin en teck ?"},"content":{"rendered":"<p>On a tendance \u00e0 croire que les <strong>meubles de jardin en teck<\/strong> sont con\u00e7us pour \u00eatre inalt\u00e9rables. On oublie alors d\u2019y accorder le m\u00eame soin qu\u2019a notre <a href=\"https:\/\/delormdesign.com\/177-canapes-design\" target=\"_blank\"><strong>mobilier d\u2019int\u00e9rieur<\/strong><\/a>. N\u00e9anmoins, les intemp\u00e9ries, les saisons qui s\u2019encha\u00eenent et le manque de soin usent tout de m\u00eame les meubles de jardin en teck r\u00e9put\u00e9s tr\u00e8s r\u00e9sistants. Pour rem\u00e9dier \u00e0 cela on vous pr\u00e9sente comment bien nettoyer chaque meuble de jardin en teck.<\/p>\n<h2>Pourquoi choisir le teck pour son salon de jardin ?<\/h2>\n<p><strong>Le bois de teck<\/strong> est un bois exotique issu des for\u00eats du sud-est de l\u2019Asie. C\u2019est un bois mi-dur au grain fin et serr\u00e9, ce qui permet de le travailler facilement et de fabriquer du mobilier de jardin aux finitions tr\u00e8s lisses. Son bel aspect naturel exprime un cachet tr\u00e8s recherch\u00e9. <strong>Un salon de jardin en teck<\/strong> transmet une \u00e9l\u00e9gance rare. Donc il fait du lieu o\u00f9 il se trouve, un lieu propice \u00e0 la d\u00e9tente et \u00e0 la convivialit\u00e9. Le teck poss\u00e8de \u00e9galement 4 qualit\u00e9s indispensables pour un bon salon de jardin :<\/p>\n<ul>\n<li>\u00a0R\u00e9sistance naturelle \u00e0 toute \u00e9preuve : le teck r\u00e9siste aux intemp\u00e9ries, aux changements de temp\u00e9rature, aux attaques d&#8217;insectes, et aux champignons et moisissures avec une facilit\u00e9 d\u00e9concertante.<\/li>\n<li>\u00a0Imputrescible : il est tr\u00e8s rare qu\u2019il pourrisse. En effet, il est r\u00e9sistant \u00e0 l&#8217;eau et \u00e0 l&#8217;humidit\u00e9 gr\u00e2ce \u00e0 l&#8217;ol\u00e9or\u00e9sine, une r\u00e9sine produite par le teck qui le prot\u00e8ge naturellement.<\/li>\n<li><span class=\"Apple-converted-space\">\u00a0<\/span>\u00a0Long\u00e9vit\u00e9 exceptionnelle : le temps qui passe n\u2019a que tr\u00e8s peu d\u2019influence sur ce bois, si ce n&#8217;est celle de l&#8217;embellir en lui offrant une jolie patine de couleur grise. Une chaise, une table ou un fauteuil d\u2019un salon de jardin en teck, pourront si bien entretenus, \u00eatre conserv\u00e9s plusieurs d\u00e9cennies.<\/li>\n<li><span class=\"Apple-converted-space\">\u00a0<\/span>Recyclable : faire le choix du teck, c\u2019est faire le choix de l\u2019\u00e9co-part. Le bois de teck est effectivement recyclable. Donc son utilisation permet de limiter la d\u00e9forestation et l\u2019empreint \u00e9cologique g\u00e9n\u00e9r\u00e9es par sa production. Le teck recycl\u00e9 est aussi tr\u00e8s esth\u00e9tique et donnera une touche vintage \u00e0 votre jardin ou votre int\u00e9rieur.<span class=\"Apple-converted-space\"><span class=\"Apple-converted-space\">\u00a0<\/span><\/span><br \/>\n<h2 style=\"text-align: left;\"><img loading=\"lazy\" class=\"alignnone wp-image-1268\" src=\"https:\/\/delormdesign.com\/blog\/wp-content\/uploads\/2018\/07\/jude-infantini-574421-unsplash-300x200.jpg\" alt=\"bois-teck-arbre-meuble-mati\u00e8re\" width=\"737\" height=\"491\" srcset=\"https:\/\/delormdesign.com\/blog\/wp-content\/uploads\/2018\/07\/jude-infantini-574421-unsplash-300x200.jpg 300w, https:\/\/delormdesign.com\/blog\/wp-content\/uploads\/2018\/07\/jude-infantini-574421-unsplash-768x512.jpg 768w, https:\/\/delormdesign.com\/blog\/wp-content\/uploads\/2018\/07\/jude-infantini-574421-unsplash-1024x683.jpg 1024w, https:\/\/delormdesign.com\/blog\/wp-content\/uploads\/2018\/07\/jude-infantini-574421-unsplash-940x627.jpg 940w\" sizes=\"(max-width: 737px) 100vw, 737px\" \/><\/h2>\n<\/li>\n<\/ul>\n<h2 style=\"text-align: left;\">Entretien et la r\u00e9novation de votre salon de jardin en teck<\/h2>\n<h3>Comment conserver la couleur naturelle du teck ?<\/h3>\n<p>Vous souhaitez conserver la couleur originelle du <strong>teck<\/strong>. Donc \u00e0 tout prix \u00e9viter l\u2019apparition d\u2019une patine grise argent sur votre <a href=\"https:\/\/delormdesign.com\/197-mobilier-de-jardin\" target=\"_blank\"><strong>mobilier de jardin<\/strong><\/a>. Il est possible de conserver la couleur brute marron de vos salons de jardin en teck gr\u00e2ce \u00e0 des actions tr\u00e8s simples.<\/p>\n<h3>Nettoyage \u00e0 l&#8217;eau savonneuse<\/h3>\n<p><strong>Le teck<\/strong> ne craint pas l&#8217;eau. Pour le nettoyage de votre mobilier de jardin en teck, utilisez de l&#8217;eau savonneuse. De l\u2019eau du savon type savon de Marseille, une brosse ou une \u00e9ponge et le tour et jou\u00e9. Une fois \u00e9quip\u00e9, nettoyez vos meubles, puis rincez-les \u00e0 l&#8217;eau claire et laissez-les s\u00e9cher.<span class=\"Apple-converted-space\">\u00a0<\/span><\/p>\n<h3>Le Pon\u00e7age pour les salet\u00e9s tenaces<\/h3>\n<p>Si des micro-organismes et autres salet\u00e9s persistent, il existe une m\u00e9thode plus drastiques pour entretenir le mobilier de jardin en teck :<strong> le pon\u00e7age<\/strong>. Prenez du papier de verre et poncez les surfaces touch\u00e9es. Attention, il ne faut jamais poncer dans le sens des rainures cela pourrait cr\u00e9er des crevasses. <span class=\"Apple-converted-space\">\u00a0<\/span><\/p>\n<h3><span class=\"Apple-converted-space\">\u00a0<\/span>Le fixateur de bois<\/h3>\n<p>Pour conserver l&#8217;apparence de votre bois, utilisez un<strong> fixateur pour bois<\/strong>. Il faut l\u2019appliquer au tout d\u00e9but de la vie du salon de jardin. C\u2019est une couche protectrice en plus pour votre salon de jardin en teck. Il aide aussi \u00e0 pr\u00e9venir et \u00e0 faciliter le nettoyage des t\u00e2ches.<span class=\"Apple-converted-space\">\u00a0<\/span><\/p>\n<h3>L&#8217;huile de teck<\/h3>\n<p>La structure particuli\u00e8re des fibres de teck ne permet pas l\u2019utilisation des produits traditionnels de protection pour le bois. <strong>L&#8217;huile de teck<\/strong> sp\u00e9cialement d\u00e9di\u00e9 \u00e0 ce bois est le produit \u00e0 avoir. L\u2019id\u00e9al, si vos meubles passent l\u2019ann\u00e9e \u00e0 l\u2019ext\u00e9rieur, est de les traiter \u00e0 chaque d\u00e9but de saison estivale. Il est conseill\u00e9 d\u2019appliquer l\u2019huile de teck sur vos chaises par exemple avec un chiffon. Vous renouvelez le geste 3 fois et vous laissez s\u00e9cher le mobilier 2 \u00e0 3 jours.<\/p>\n<h3>Les astuces de grand-m\u00e8re<\/h3>\n<p>Pour garder l&#8217;aspect \u00e9clatant du mobilier de jardin en teck des astuces \u00e9conomiques tout droit sorti de vieux livre de grand-m\u00e8re existent. En l\u2019occurrence, on a d\u00e9couvert que le blanc d\u2019\u0153ufs mont\u00e9 en neige, l\u2019huile alimentaire et le lait de toilette b\u00e9b\u00e9 sont des produits faciles d\u2019acc\u00e8s qui garantissent un <strong>\u00e9clat durable<\/strong> \u00e0 vos meubles.<span class=\"Apple-converted-space\">\u00a0\u00a0<\/span><\/p>\n<h3><img loading=\"lazy\" class=\"alignnone wp-image-1269\" src=\"https:\/\/delormdesign.com\/blog\/wp-content\/uploads\/2018\/07\/martin-barak-353495-unsplash-300x254.jpg\" alt=\"salon-de-jardin-teck-bois-chaise-patine-gris\" width=\"776\" height=\"657\" srcset=\"https:\/\/delormdesign.com\/blog\/wp-content\/uploads\/2018\/07\/martin-barak-353495-unsplash-300x254.jpg 300w, https:\/\/delormdesign.com\/blog\/wp-content\/uploads\/2018\/07\/martin-barak-353495-unsplash-768x651.jpg 768w, https:\/\/delormdesign.com\/blog\/wp-content\/uploads\/2018\/07\/martin-barak-353495-unsplash-1024x868.jpg 1024w, https:\/\/delormdesign.com\/blog\/wp-content\/uploads\/2018\/07\/martin-barak-353495-unsplash-940x797.jpg 940w\" sizes=\"(max-width: 776px) 100vw, 776px\" \/><\/h3>\n<h3>Comment enlever la couleur gris\u00e2tre du teck ?<\/h3>\n<p>Si vous avez occult\u00e9 la partie entretien et que la couleur de votre salon de jardin est devenue <strong>gris\u00e2tre<\/strong>. Ne, vous inqui\u00e9tez pas nous avons la solution. Pour rendre \u00e0 vos <strong>meubles de jardin en teck<\/strong> leur couleur d\u2019origine et supprimer le voile gris, passez un papier de verre \u00e0 grain tr\u00e8s fin sur le meuble dans le sens des rainures du bois. Terminez par l\u2019application de deux couches d\u2019huile de teck au pinceau. Vos meubles retrouveront ainsi leur couleur rapidement. Si votre table est vraiment tr\u00e8s grise, vous pouvez utiliser un produit d\u00e9griseur et\/ou un r\u00e9g\u00e9n\u00e9rateur. Vous trouverez diff\u00e9rents produits de ce type sur internet ou dans les magasins de jardinage.<\/p>\n<p>Maintenant que l&#8217;entretien d&#8217;un<strong> mobilier de jardin en teck<\/strong> n&#8217;a plus de secret pour personne. D\u00e9laissez votre mobilier de jardin en alu ou en plastique pour le nec plus ultra, le bois de teck. C&#8217;est un des <strong>meilleurs rapports qualit\u00e9\/prix<\/strong> du march\u00e9 et chez Delorm Design la <strong>livraison est offerte<\/strong>.<span class=\"Apple-converted-space\">\u00a0De m\u00eame, n&#8217;h\u00e9sitez pas \u00e0 jeter un coup d\u2019\u0153il \u00e0 notre collection de <a href=\"https:\/\/delormdesign.com\/183-buffet-en-teck-massif\">buffets en teck massif<\/a>.\u00a0\u00a0<\/span><\/p>\n<p>\u00c0 lire sur le m\u00eame sujet:<\/p>\n<ul>\n<li><a href=\"https:\/\/delormdesign.com\/blog\/acheter-meuble-teck\/choisir-meubles-teck-salle-de-bains\/\"><strong>Pourquoi choisir des meubles en teck pour votre salle de bains ?<\/strong><\/a><\/li>\n<li><a href=\"https:\/\/delormdesign.com\/blog\/acheter-meuble-teck\/teck-recycle-choix-ecologique-style\/\" target=\"_blank\"><strong>Les meubles en teck recycl\u00e9 : le choix \u00e9cologique et tendance<\/strong><\/a><\/li>\n<li><a href=\"https:\/\/delormdesign.com\/blog\/acheter-meuble-teck\/\" target=\"_blank\"><strong>Pourquoi acheter un meuble en teck ?<\/strong><\/a><\/li>\n<\/ul>\n","protected":false},"excerpt":{"rendered":"<p>On a tendance \u00e0 croire que les meubles de jardin en teck sont con\u00e7us pour \u00eatre inalt\u00e9rables. On oublie alors d\u2019y accorder le m\u00eame soin qu\u2019a notre mobilier d\u2019int\u00e9rieur. N\u00e9anmoins, les intemp\u00e9ries, les saisons qui s\u2019encha\u00eenent et le manque de soin usent tout de m\u00eame les meubles de jardin en teck r\u00e9put\u00e9s tr\u00e8s r\u00e9sistants. Pour [&hellip;]<\/p>\n","protected":false},"author":12,"featured_media":0,"parent":1239,"menu_order":0,"comment_status":"closed","ping_status":"closed","template":"","meta":[],"categories":[],"tags":[],"yoast_head":"<!-- This site is optimized with the Yoast SEO plugin v19.3 - https:\/\/yoast.com\/wordpress\/plugins\/seo\/ -->\n<title>Comment entretenir et r\u00e9nover vos meubles de jardin en teck ? &bull; Blog Design Jardin &amp; Int\u00e9rieur | Tendance D\u00e9co<\/title>\n<meta name=\"description\" content=\"Les meubles de jardin en teck sont tr\u00e8s robuste. Or pour conserv\u00e9 leur sublime apparence, les entretenir et les r\u00e9nover est essentiel. Voici nos astuces.\" \/>\n<meta name=\"robots\" content=\"index, follow, max-snippet:-1, max-image-preview:large, max-video-preview:-1\" \/>\n<link rel=\"canonical\" href=\"https:\/\/delormdesign.com\/blog\/acheter-meuble-teck\/entretenir-renover-vos-meubles-de-jardin-teck\/\" \/>\n<meta property=\"og:locale\" content=\"fr_FR\" \/>\n<meta property=\"og:type\" content=\"article\" \/>\n<meta property=\"og:title\" content=\"Comment entretenir et r\u00e9nover vos meubles de jardin en teck ? &bull; Blog Design Jardin &amp; Int\u00e9rieur | Tendance D\u00e9co\" \/>\n<meta property=\"og:description\" content=\"Les meubles de jardin en teck sont tr\u00e8s robuste. Or pour conserv\u00e9 leur sublime apparence, les entretenir et les r\u00e9nover est essentiel. Voici nos astuces.\" \/>\n<meta property=\"og:url\" content=\"https:\/\/delormdesign.com\/blog\/acheter-meuble-teck\/entretenir-renover-vos-meubles-de-jardin-teck\/\" \/>\n<meta property=\"og:site_name\" content=\"Blog Design Jardin &amp; Int\u00e9rieur | Tendance D\u00e9co\" \/>\n<meta property=\"article:publisher\" content=\"https:\/\/www.facebook.com\/delormdesign\/\" \/>\n<meta property=\"article:modified_time\" content=\"2019-03-01T09:03:08+00:00\" \/>\n<meta property=\"og:image\" content=\"https:\/\/delormdesign.com\/blog\/wp-content\/uploads\/2018\/07\/jude-infantini-574421-unsplash-300x200.jpg\" \/>\n<meta name=\"twitter:card\" content=\"summary\" \/>\n<meta name=\"twitter:label1\" content=\"Est. reading time\" \/>\n\t<meta name=\"twitter:data1\" content=\"5 minutes\" \/>\n<script type=\"application\/ld+json\" class=\"yoast-schema-graph\">{\"@context\":\"https:\/\/schema.org\",\"@graph\":[{\"@type\":\"WebSite\",\"@id\":\"https:\/\/delormdesign.com\/blog\/#website\",\"url\":\"https:\/\/delormdesign.com\/blog\/\",\"name\":\"Blog Design Jardin &amp; Int\u00e9rieur | Tendance D\u00e9co\",\"description\":\"Jardin &amp; Int\u00e9rieur | Tendance D\u00e9co\",\"potentialAction\":[{\"@type\":\"SearchAction\",\"target\":{\"@type\":\"EntryPoint\",\"urlTemplate\":\"https:\/\/delormdesign.com\/blog\/?s={search_term_string}\"},\"query-input\":\"required name=search_term_string\"}],\"inLanguage\":\"fr-FR\"},{\"@type\":\"ImageObject\",\"inLanguage\":\"fr-FR\",\"@id\":\"https:\/\/delormdesign.com\/blog\/acheter-meuble-teck\/entretenir-renover-vos-meubles-de-jardin-teck\/#primaryimage\",\"url\":\"https:\/\/delormdesign.com\/blog\/wp-content\/uploads\/2018\/07\/jude-infantini-574421-unsplash.jpg\",\"contentUrl\":\"https:\/\/delormdesign.com\/blog\/wp-content\/uploads\/2018\/07\/jude-infantini-574421-unsplash.jpg\",\"width\":2560,\"height\":1707,\"caption\":\"bois-teck-arbre-meuble-mati\u00e8re\"},{\"@type\":\"WebPage\",\"@id\":\"https:\/\/delormdesign.com\/blog\/acheter-meuble-teck\/entretenir-renover-vos-meubles-de-jardin-teck\/\",\"url\":\"https:\/\/delormdesign.com\/blog\/acheter-meuble-teck\/entretenir-renover-vos-meubles-de-jardin-teck\/\",\"name\":\"Comment entretenir et r\u00e9nover vos meubles de jardin en teck ? &bull; Blog Design Jardin &amp; Int\u00e9rieur | Tendance D\u00e9co\",\"isPartOf\":{\"@id\":\"https:\/\/delormdesign.com\/blog\/#website\"},\"primaryImageOfPage\":{\"@id\":\"https:\/\/delormdesign.com\/blog\/acheter-meuble-teck\/entretenir-renover-vos-meubles-de-jardin-teck\/#primaryimage\"},\"datePublished\":\"2018-07-19T14:54:17+00:00\",\"dateModified\":\"2019-03-01T09:03:08+00:00\",\"description\":\"Les meubles de jardin en teck sont tr\u00e8s robuste. Or pour conserv\u00e9 leur sublime apparence, les entretenir et les r\u00e9nover est essentiel. Voici nos astuces.\",\"breadcrumb\":{\"@id\":\"https:\/\/delormdesign.com\/blog\/acheter-meuble-teck\/entretenir-renover-vos-meubles-de-jardin-teck\/#breadcrumb\"},\"inLanguage\":\"fr-FR\",\"potentialAction\":[{\"@type\":\"ReadAction\",\"target\":[\"https:\/\/delormdesign.com\/blog\/acheter-meuble-teck\/entretenir-renover-vos-meubles-de-jardin-teck\/\"]}]},{\"@type\":\"BreadcrumbList\",\"@id\":\"https:\/\/delormdesign.com\/blog\/acheter-meuble-teck\/entretenir-renover-vos-meubles-de-jardin-teck\/#breadcrumb\",\"itemListElement\":[{\"@type\":\"ListItem\",\"position\":1,\"name\":\"Accueil\",\"item\":\"https:\/\/delormdesign.com\/blog\/\"},{\"@type\":\"ListItem\",\"position\":2,\"name\":\"Pourquoi acheter un meuble en teck ?\",\"item\":\"https:\/\/delormdesign.com\/blog\/acheter-meuble-teck\/\"},{\"@type\":\"ListItem\",\"position\":3,\"name\":\"Comment entretenir et r\u00e9nover vos meubles de jardin en teck ?\"}]}]}<\/script>\n<!-- \/ Yoast SEO plugin. -->","yoast_head_json":{"title":"Comment entretenir et r\u00e9nover vos meubles de jardin en teck ? &bull; Blog Design Jardin &amp; Int\u00e9rieur | Tendance D\u00e9co","description":"Les meubles de jardin en teck sont tr\u00e8s robuste. Or pour conserv\u00e9 leur sublime apparence, les entretenir et les r\u00e9nover est essentiel. Voici nos astuces.","robots":{"index":"index","follow":"follow","max-snippet":"max-snippet:-1","max-image-preview":"max-image-preview:large","max-video-preview":"max-video-preview:-1"},"canonical":"https:\/\/delormdesign.com\/blog\/acheter-meuble-teck\/entretenir-renover-vos-meubles-de-jardin-teck\/","og_locale":"fr_FR","og_type":"article","og_title":"Comment entretenir et r\u00e9nover vos meubles de jardin en teck ? &bull; Blog Design Jardin &amp; Int\u00e9rieur | Tendance D\u00e9co","og_description":"Les meubles de jardin en teck sont tr\u00e8s robuste. Or pour conserv\u00e9 leur sublime apparence, les entretenir et les r\u00e9nover est essentiel. Voici nos astuces.","og_url":"https:\/\/delormdesign.com\/blog\/acheter-meuble-teck\/entretenir-renover-vos-meubles-de-jardin-teck\/","og_site_name":"Blog Design Jardin &amp; Int\u00e9rieur | Tendance D\u00e9co","article_publisher":"https:\/\/www.facebook.com\/delormdesign\/","article_modified_time":"2019-03-01T09:03:08+00:00","og_image":[{"url":"https:\/\/delormdesign.com\/blog\/wp-content\/uploads\/2018\/07\/jude-infantini-574421-unsplash-300x200.jpg"}],"twitter_card":"summary","twitter_misc":{"Est. reading time":"5 minutes"},"schema":{"@context":"https:\/\/schema.org","@graph":[{"@type":"WebSite","@id":"https:\/\/delormdesign.com\/blog\/#website","url":"https:\/\/delormdesign.com\/blog\/","name":"Blog Design Jardin &amp; Int\u00e9rieur | Tendance D\u00e9co","description":"Jardin &amp; Int\u00e9rieur | Tendance D\u00e9co","potentialAction":[{"@type":"SearchAction","target":{"@type":"EntryPoint","urlTemplate":"https:\/\/delormdesign.com\/blog\/?s={search_term_string}"},"query-input":"required name=search_term_string"}],"inLanguage":"fr-FR"},{"@type":"ImageObject","inLanguage":"fr-FR","@id":"https:\/\/delormdesign.com\/blog\/acheter-meuble-teck\/entretenir-renover-vos-meubles-de-jardin-teck\/#primaryimage","url":"https:\/\/delormdesign.com\/blog\/wp-content\/uploads\/2018\/07\/jude-infantini-574421-unsplash.jpg","contentUrl":"https:\/\/delormdesign.com\/blog\/wp-content\/uploads\/2018\/07\/jude-infantini-574421-unsplash.jpg","width":2560,"height":1707,"caption":"bois-teck-arbre-meuble-mati\u00e8re"},{"@type":"WebPage","@id":"https:\/\/delormdesign.com\/blog\/acheter-meuble-teck\/entretenir-renover-vos-meubles-de-jardin-teck\/","url":"https:\/\/delormdesign.com\/blog\/acheter-meuble-teck\/entretenir-renover-vos-meubles-de-jardin-teck\/","name":"Comment entretenir et r\u00e9nover vos meubles de jardin en teck ? &bull; Blog Design Jardin &amp; Int\u00e9rieur | Tendance D\u00e9co","isPartOf":{"@id":"https:\/\/delormdesign.com\/blog\/#website"},"primaryImageOfPage":{"@id":"https:\/\/delormdesign.com\/blog\/acheter-meuble-teck\/entretenir-renover-vos-meubles-de-jardin-teck\/#primaryimage"},"datePublished":"2018-07-19T14:54:17+00:00","dateModified":"2019-03-01T09:03:08+00:00","description":"Les meubles de jardin en teck sont tr\u00e8s robuste. Or pour conserv\u00e9 leur sublime apparence, les entretenir et les r\u00e9nover est essentiel. Voici nos astuces.","breadcrumb":{"@id":"https:\/\/delormdesign.com\/blog\/acheter-meuble-teck\/entretenir-renover-vos-meubles-de-jardin-teck\/#breadcrumb"},"inLanguage":"fr-FR","potentialAction":[{"@type":"ReadAction","target":["https:\/\/delormdesign.com\/blog\/acheter-meuble-teck\/entretenir-renover-vos-meubles-de-jardin-teck\/"]}]},{"@type":"BreadcrumbList","@id":"https:\/\/delormdesign.com\/blog\/acheter-meuble-teck\/entretenir-renover-vos-meubles-de-jardin-teck\/#breadcrumb","itemListElement":[{"@type":"ListItem","position":1,"name":"Accueil","item":"https:\/\/delormdesign.com\/blog\/"},{"@type":"ListItem","position":2,"name":"Pourquoi acheter un meuble en teck ?","item":"https:\/\/delormdesign.com\/blog\/acheter-meuble-teck\/"},{"@type":"ListItem","position":3,"name":"Comment entretenir et r\u00e9nover vos meubles de jardin en teck ?"}]}]}},"amp_enabled":true,"_links":{"self":[{"href":"https:\/\/delormdesign.com\/blog\/wp-json\/wp\/v2\/pages\/1267"}],"collection":[{"href":"https:\/\/delormdesign.com\/blog\/wp-json\/wp\/v2\/pages"}],"about":[{"href":"https:\/\/delormdesign.com\/blog\/wp-json\/wp\/v2\/types\/page"}],"author":[{"embeddable":true,"href":"https:\/\/delormdesign.com\/blog\/wp-json\/wp\/v2\/users\/12"}],"replies":[{"embeddable":true,"href":"https:\/\/delormdesign.com\/blog\/wp-json\/wp\/v2\/comments?post=1267"}],"version-history":[{"count":0,"href":"https:\/\/delormdesign.com\/blog\/wp-json\/wp\/v2\/pages\/1267\/revisions"}],"up":[{"embeddable":true,"href":"https:\/\/delormdesign.com\/blog\/wp-json\/wp\/v2\/pages\/1239"}],"wp:attachment":[{"href":"https:\/\/delormdesign.com\/blog\/wp-json\/wp\/v2\/media?parent=1267"}],"wp:term":[{"taxonomy":"category","embeddable":true,"href":"https:\/\/delormdesign.com\/blog\/wp-json\/wp\/v2\/categories?post=1267"},{"taxonomy":"post_tag","embeddable":true,"href":"https:\/\/delormdesign.com\/blog\/wp-json\/wp\/v2\/tags?post=1267"}],"curies":[{"name":"wp","href":"https:\/\/api.w.org\/{rel}","templated":true}]}}