{"id":1305,"date":"2018-07-23T07:07:45","date_gmt":"2018-07-23T07:07:45","guid":{"rendered":"https:\/\/delormdesign.com\/blog\/?page_id=1305"},"modified":"2019-03-02T11:15:47","modified_gmt":"2019-03-02T11:15:47","slug":"mobilier-haut-de-gamme-contemporain","status":"publish","type":"page","link":"https:\/\/delormdesign.com\/blog\/salon-de-jardin-haut-de-gamme\/mobilier-haut-de-gamme-contemporain\/","title":{"rendered":"Comment reconna\u00eetre un mobilier haut de gamme contemporain ?"},"content":{"rendered":"<p>Un nouveau genre d\u2019ameublement se d\u00e9veloppe et \u00e9tend son march\u00e9 \u00e0 travers le monde\u00a0: il s\u2019agit bien de <strong>la d\u00e9coration de qualit\u00e9 sup\u00e9rieure<\/strong>. De plus en plus de sp\u00e9cialistes de la d\u00e9coration d\u2019int\u00e9rieur se positionnent sur ce march\u00e9 bien sp\u00e9cifique pour atteindre une tout nouvelle cible. Et vous, sauriez-vous reconna\u00eetre et diff\u00e9rencier un meuble de grande valeur d\u2019un meuble lambda\u00a0? Que se cache-t-il derri\u00e8re le mot valise \u00ab\u00a0moderne\u00a0\u00bb\u00a0?<\/p>\n<p>Dans cet article, nous vous d\u00e9taillons <strong>comment rep\u00e9rer une d\u00e9coration de calibre sup\u00e9rieur<\/strong> ainsi que <strong>les meilleures boutiques<\/strong> pour les retrouver.<\/p>\n<h2><strong>Qu\u2019est-ce qu\u2019un meuble haut de gamme\u00a0? <\/strong><\/h2>\n<p>Les professionnels de la d\u00e9co emploient ce terme dans tous leurs articles et de nombreuses enseignes disent vendre des ameublements \u00ab\u00a0de valeur sup\u00e9rieure \u00bb. Mais qu\u2019en est-il r\u00e9ellement\u00a0? Savons-nous ce que signifie r\u00e9ellement ce terme ? On vous propose <strong>une d\u00e9finition pour en apprendre plus sur le sujet<\/strong>.<\/p>\n<h3>D\u00e9finition<\/h3>\n<p>Lorsqu\u2019un commer\u00e7ant emploie ce terme, nous avons tendance \u00e0 penser qu\u2019il s\u2019agit d\u2019un article de luxe sophistiqu\u00e9. En r\u00e9alit\u00e9, il s\u2019agit plut\u00f4t d\u2019un article qui, en termes de valeur et de prix, <strong>se situe dans la partie sup\u00e9rieure de l\u2019offre<\/strong> du fabricant\/commer\u00e7ant. L\u2019expression traduit donc <strong>un positionnement par rapport aux autres produits<\/strong> de cette m\u00eame s\u00e9lection. En effet, il s\u2019agit bien souvent d\u2019un article de tr\u00e8s grande valeur, dont les quantit\u00e9s commercialis\u00e9es sont parfois peu importantes et dont le prix est g\u00e9n\u00e9ralement \u00e9lev\u00e9. Cependant, il ne doit pas \u00eatre confondu avec <strong>un article de \u00ab\u00a0luxe\u00a0\u00bb<\/strong>. Ces deux qualificatifs peuvent se compl\u00e9ter mais ne sont en aucun cas des synonymes.<\/p>\n<p><img loading=\"lazy\" class=\"alignnone size-large wp-image-1308 aligncenter\" src=\"https:\/\/delormdesign.com\/blog\/wp-content\/uploads\/2018\/07\/mobilier-haut-de-gamme-contemporain-682x1024.jpg\" alt=\"Comment reconna\u00eetre un mobilier haut de gamme contemporain ?\" width=\"682\" height=\"1024\" srcset=\"https:\/\/delormdesign.com\/blog\/wp-content\/uploads\/2018\/07\/mobilier-haut-de-gamme-contemporain-682x1024.jpg 682w, https:\/\/delormdesign.com\/blog\/wp-content\/uploads\/2018\/07\/mobilier-haut-de-gamme-contemporain-200x300.jpg 200w, https:\/\/delormdesign.com\/blog\/wp-content\/uploads\/2018\/07\/mobilier-haut-de-gamme-contemporain-768x1152.jpg 768w, https:\/\/delormdesign.com\/blog\/wp-content\/uploads\/2018\/07\/mobilier-haut-de-gamme-contemporain-940x1410.jpg 940w\" sizes=\"(max-width: 682px) 100vw, 682px\" \/><\/p>\n<p>Maintenant que le voile est lev\u00e9, vous n\u2019aurez plus de doute quant \u00e0 la signification de ce terme marketing.<\/p>\n<h3>Le mouvement contemporain<\/h3>\n<p>Lorsqu\u2019on parle d\u2019ameublement, le mouvement actuel ne caract\u00e9rise pas un design bien pr\u00e9cis, mais <strong>une r\u00e9f\u00e9rence temporelle<\/strong>. Dans ce cas, c\u2019est un style qui date du d\u00e9but de l\u2019\u00e8re industrielle apr\u00e8s le Seconde Guerre Mondiale jusqu\u2019\u00e0 nos jours\u00a0: <strong>il d\u00e9signe donc notre \u00e9poque<\/strong>.<\/p>\n<p>Il se reconna\u00eet \u00e0 l\u2019utilisation de contreplaqu\u00e9 moul\u00e9, de plastique et d\u2019acier brillant. Les d\u00e9corations sont con\u00e7ues dans <strong>une volont\u00e9 de design \u00e9pur\u00e9<\/strong>, sans trop de motifs de d\u00e9corations. La couleur principalement utilis\u00e9e est le blanc. La plupart des pi\u00e8ces d\u00e9j\u00e0 existantes sont consid\u00e9r\u00e9es comme actuelles, et certaines d\u2019entre elles sont aussi devenues <strong>de v\u00e9ritables ic\u00f4nes<\/strong>. Le design d\u2019un ameublement actuel se caract\u00e9rise par les points suivants\u00a0:<\/p>\n<ul>\n<li>L\u2019utilisation de mati\u00e8res naturelles<\/li>\n<li>Des formes uniques et originales pour casser les mod\u00e8les de l\u2019industrie<\/li>\n<li>Des surfaces aux couleurs chaudes et textur\u00e9es<\/li>\n<li>Une priorit\u00e9 de confort et d\u2019ergonomie<\/li>\n<li>Un design avec des lignes claires et \u00e9pur\u00e9es<\/li>\n<\/ul>\n<p><img loading=\"lazy\" class=\"alignnone size-large wp-image-1310 aligncenter\" src=\"https:\/\/delormdesign.com\/blog\/wp-content\/uploads\/2018\/07\/mobilier-haut-de-gamme-contemporain-fauteuil-1024x682.jpg\" alt=\"Fauteuil haut de gamme au style contemporain\" width=\"980\" height=\"653\" srcset=\"https:\/\/delormdesign.com\/blog\/wp-content\/uploads\/2018\/07\/mobilier-haut-de-gamme-contemporain-fauteuil-1024x682.jpg 1024w, https:\/\/delormdesign.com\/blog\/wp-content\/uploads\/2018\/07\/mobilier-haut-de-gamme-contemporain-fauteuil-300x200.jpg 300w, https:\/\/delormdesign.com\/blog\/wp-content\/uploads\/2018\/07\/mobilier-haut-de-gamme-contemporain-fauteuil-768x512.jpg 768w, https:\/\/delormdesign.com\/blog\/wp-content\/uploads\/2018\/07\/mobilier-haut-de-gamme-contemporain-fauteuil-940x626.jpg 940w\" sizes=\"(max-width: 980px) 100vw, 980px\" \/><\/p>\n<p>En d\u2019autres termes, le mouvement actuel dans l\u2019ameublement englobe toutes les d\u00e9corations que l\u2019on produit et vend aujourd\u2019hui\u00a0: <strong>il suit les tendances et les modes du moment<\/strong>.<\/p>\n<h3><strong>Reconna\u00eetre un mobilier de qualit\u00e9 sup\u00e9rieure<\/strong><\/h3>\n<p>En r\u00e9sum\u00e9, pour reconna\u00eetre un ameublement de valeur sup\u00e9rieure et avant-gardiste, il suffit de <strong>se fier aux prix propos\u00e9s par l\u2019annonceur<\/strong>. S\u2019ils sont sup\u00e9rieurs aux prix pr\u00e9sents sur le reste du march\u00e9, il peut en effet s\u2019agir de mobilier de grande valeur. Vous pouvez \u00e9galement vous fiez au <strong>design \u00e9pur\u00e9 du mod\u00e8le<\/strong>. La volont\u00e9 esth\u00e9tique des d\u00e9corations de notre \u00e9poque sont des structures fines, des courbes et un design particuli\u00e8rement travaill\u00e9.<\/p>\n<p>Ces deux caract\u00e9ristiques devraient vous permettre de d\u00e9terminer si un meuble peut \u00eatre class\u00e9 dans cette cat\u00e9gorie.<\/p>\n<h2><strong>Acheter un mobilier haut de gamme contemporain <\/strong><\/h2>\n<p>Nous avons regroup\u00e9 pour vous les meilleurs sites vendant des ameublements de grande valeur. La liste qui suit est, bien s\u00fbr, non exhaustive.<\/p>\n<p><strong><img loading=\"lazy\" class=\"alignnone size-large wp-image-1312 aligncenter\" src=\"https:\/\/delormdesign.com\/blog\/wp-content\/uploads\/2018\/07\/petit-salon-haut-de-gamme-contemporain-1024x682.jpg\" alt=\"Un petit salon haut de gamme contemporain\" width=\"980\" height=\"653\" srcset=\"https:\/\/delormdesign.com\/blog\/wp-content\/uploads\/2018\/07\/petit-salon-haut-de-gamme-contemporain-1024x682.jpg 1024w, https:\/\/delormdesign.com\/blog\/wp-content\/uploads\/2018\/07\/petit-salon-haut-de-gamme-contemporain-300x200.jpg 300w, https:\/\/delormdesign.com\/blog\/wp-content\/uploads\/2018\/07\/petit-salon-haut-de-gamme-contemporain-768x512.jpg 768w, https:\/\/delormdesign.com\/blog\/wp-content\/uploads\/2018\/07\/petit-salon-haut-de-gamme-contemporain-940x626.jpg 940w\" sizes=\"(max-width: 980px) 100vw, 980px\" \/><\/strong><\/p>\n<p><strong>Ligne Roset<\/strong>\u00a0: Cette boutique propose tout un panel de d\u00e9corations avant-gardistes dans des coloris atypiques et tape-\u00e0-l\u2019\u0153il. Contrairement \u00e0 la plupart des autres sites, celui-ci est divis\u00e9 en fonction des activit\u00e9s que l\u2019on peut faire avec les d\u00e9corations. Il met en avant les tables de salon, l\u2019ameublement de chambre et les tabourets de bar comme \u00e9tant des d\u00e9corations pour vivre, manger et dormir.<\/p>\n<p><strong>Triss<\/strong>\u00a0: Dans un style tr\u00e8s \u00e9pur\u00e9 et aux couleurs naturelles, cette boutique propose des d\u00e9corations aux structures extr\u00eamement minimalistes et simples. Les fauteuils et les chaises mis en avant poss\u00e8dent des pr\u00e9noms, ce qui renforce leur aspect unique et en fait de v\u00e9ritables \u0153uvres.<\/p>\n<p><strong>Casa Design<\/strong>\u00a0: Moderne et dynamique, ce site vend toutes sortes de marques de meubles d\u2019int\u00e9rieur et d\u2019ext\u00e9rieur, notamment des canap\u00e9s de jardin avec rangements int\u00e9gr\u00e9s. Les formes des produits propos\u00e9s par l\u2019enseigne sauront s\u00fbrement vous surprendre et capter votre attention\u00a0: peu courantes, ce sont des pi\u00e8ces uniques en leur genre\u00a0!<\/p>\n<p>Ces 3 sites e-commerce sont les 3 plus r\u00e9put\u00e9s sur le march\u00e9\u00a0: n\u2019h\u00e9sitez pas \u00e0 vous y rendre pour jeter un coup d\u2019\u0153il et trouver des inspirations d\u00e9co\u00a0!<\/p>\n<h2><strong>Delorm Design, un professionnel de la d\u00e9coration d\u2019int\u00e9rieur <\/strong><\/h2>\n<p>Nous vous donnons rendez-vous sur notre site internet <a href=\"https:\/\/delormdesign.com\/\">Delorm Design<\/a> pour d\u00e9couvrir notre collection de <a href=\"https:\/\/delormdesign.com\/16-decoration\">d\u00e9corations d\u2019int\u00e9rieur<\/a>, <a href=\"https:\/\/delormdesign.com\/197-mobilier-de-jardin\">d\u2019ameublement de jardin<\/a> et d\u2019accessoires pour l\u2019\u00e9t\u00e9.<\/p>\n<p>En ce moment, b\u00e9n\u00e9ficiez d\u2019un code promo disponible pour tous les clients avec une r\u00e9duction de 5% sur votre prochaine commande\u00a0: la livraison est gratuite et le paiement peut \u00eatre effectu\u00e9 en 3 fois sans frais.<\/p>\n<p>N\u2019h\u00e9sitez pas \u00e0 nous donner votre avis dans les commentaires en bas de cet article\u00a0: <strong>nous avons h\u00e2te de vous lire\u00a0!<\/strong><\/p>\n<p><strong>\u00c0 lire sur le m\u00eame sujet:\u00a0<\/strong><\/p>\n<ul>\n<li>\u00a0<a href=\"https:\/\/delormdesign.com\/blog\/salon-de-jardin-haut-de-gamme\/\">3 conseils pour choisir son mobilier de jardin haut de gamme<\/a><\/li>\n<li><a href=\"https:\/\/delormdesign.com\/blog\/salon-de-jardin-haut-de-gamme\/salon-de-jardin-design-en-solde\/\">Profitez des soldes pour votre salon de jardin design<\/a><\/li>\n<li><a href=\"https:\/\/delormdesign.com\/blog\/salon-de-jardin-haut-de-gamme\/mobilier-jardin-contemporain\/\">Relooker son mobilier de jardin contemporain<\/a><\/li>\n<\/ul>\n","protected":false},"excerpt":{"rendered":"<p>Un nouveau genre d\u2019ameublement se d\u00e9veloppe et \u00e9tend son march\u00e9 \u00e0 travers le monde\u00a0: il s\u2019agit bien de la d\u00e9coration de qualit\u00e9 sup\u00e9rieure. De plus en plus de sp\u00e9cialistes de la d\u00e9coration d\u2019int\u00e9rieur se positionnent sur ce march\u00e9 bien sp\u00e9cifique pour atteindre une tout nouvelle cible. Et vous, sauriez-vous reconna\u00eetre et diff\u00e9rencier un meuble de [&hellip;]<\/p>\n","protected":false},"author":12,"featured_media":0,"parent":1251,"menu_order":0,"comment_status":"closed","ping_status":"closed","template":"","meta":[],"categories":[20],"tags":[],"yoast_head":"<!-- This site is optimized with the Yoast SEO plugin v19.3 - https:\/\/yoast.com\/wordpress\/plugins\/seo\/ -->\n<title>Comment reconna\u00eetre un mobilier haut de gamme contemporain ? &bull; Blog Design Jardin &amp; Int\u00e9rieur | Tendance D\u00e9co<\/title>\n<meta name=\"description\" content=\"Dans cet article, nous vous d\u00e9taillons comment rep\u00e9rer une d\u00e9coration de calibre sup\u00e9rieur ainsi que les meilleures boutiques pour les retrouver.\" \/>\n<meta name=\"robots\" content=\"index, follow, max-snippet:-1, max-image-preview:large, max-video-preview:-1\" \/>\n<link rel=\"canonical\" href=\"https:\/\/delormdesign.com\/blog\/salon-de-jardin-haut-de-gamme\/mobilier-haut-de-gamme-contemporain\/\" \/>\n<meta property=\"og:locale\" content=\"fr_FR\" \/>\n<meta property=\"og:type\" content=\"article\" \/>\n<meta property=\"og:title\" content=\"Comment reconna\u00eetre un mobilier haut de gamme contemporain ? &bull; Blog Design Jardin &amp; Int\u00e9rieur | Tendance D\u00e9co\" \/>\n<meta property=\"og:description\" content=\"Dans cet article, nous vous d\u00e9taillons comment rep\u00e9rer une d\u00e9coration de calibre sup\u00e9rieur ainsi que les meilleures boutiques pour les retrouver.\" \/>\n<meta property=\"og:url\" content=\"https:\/\/delormdesign.com\/blog\/salon-de-jardin-haut-de-gamme\/mobilier-haut-de-gamme-contemporain\/\" \/>\n<meta property=\"og:site_name\" content=\"Blog Design Jardin &amp; Int\u00e9rieur | Tendance D\u00e9co\" \/>\n<meta property=\"article:publisher\" content=\"https:\/\/www.facebook.com\/delormdesign\/\" \/>\n<meta property=\"article:modified_time\" content=\"2019-03-02T11:15:47+00:00\" \/>\n<meta property=\"og:image\" content=\"https:\/\/delormdesign.com\/blog\/wp-content\/uploads\/2018\/07\/mobilier-haut-de-gamme-contemporain-682x1024.jpg\" \/>\n<meta name=\"twitter:card\" content=\"summary\" \/>\n<meta name=\"twitter:label1\" content=\"Est. reading time\" \/>\n\t<meta name=\"twitter:data1\" content=\"5 minutes\" \/>\n<script type=\"application\/ld+json\" class=\"yoast-schema-graph\">{\"@context\":\"https:\/\/schema.org\",\"@graph\":[{\"@type\":\"WebSite\",\"@id\":\"https:\/\/delormdesign.com\/blog\/#website\",\"url\":\"https:\/\/delormdesign.com\/blog\/\",\"name\":\"Blog Design Jardin &amp; Int\u00e9rieur | Tendance D\u00e9co\",\"description\":\"Jardin &amp; Int\u00e9rieur | Tendance D\u00e9co\",\"potentialAction\":[{\"@type\":\"SearchAction\",\"target\":{\"@type\":\"EntryPoint\",\"urlTemplate\":\"https:\/\/delormdesign.com\/blog\/?s={search_term_string}\"},\"query-input\":\"required name=search_term_string\"}],\"inLanguage\":\"fr-FR\"},{\"@type\":\"ImageObject\",\"inLanguage\":\"fr-FR\",\"@id\":\"https:\/\/delormdesign.com\/blog\/salon-de-jardin-haut-de-gamme\/mobilier-haut-de-gamme-contemporain\/#primaryimage\",\"url\":\"https:\/\/delormdesign.com\/blog\/wp-content\/uploads\/2018\/07\/mobilier-haut-de-gamme-contemporain.jpg\",\"contentUrl\":\"https:\/\/delormdesign.com\/blog\/wp-content\/uploads\/2018\/07\/mobilier-haut-de-gamme-contemporain.jpg\",\"width\":2500,\"height\":3751,\"caption\":\"Comment reconna\u00eetre un mobilier haut de gamme contemporain ?\"},{\"@type\":\"WebPage\",\"@id\":\"https:\/\/delormdesign.com\/blog\/salon-de-jardin-haut-de-gamme\/mobilier-haut-de-gamme-contemporain\/\",\"url\":\"https:\/\/delormdesign.com\/blog\/salon-de-jardin-haut-de-gamme\/mobilier-haut-de-gamme-contemporain\/\",\"name\":\"Comment reconna\u00eetre un mobilier haut de gamme contemporain ? &bull; Blog Design Jardin &amp; Int\u00e9rieur | Tendance D\u00e9co\",\"isPartOf\":{\"@id\":\"https:\/\/delormdesign.com\/blog\/#website\"},\"primaryImageOfPage\":{\"@id\":\"https:\/\/delormdesign.com\/blog\/salon-de-jardin-haut-de-gamme\/mobilier-haut-de-gamme-contemporain\/#primaryimage\"},\"datePublished\":\"2018-07-23T07:07:45+00:00\",\"dateModified\":\"2019-03-02T11:15:47+00:00\",\"description\":\"Dans cet article, nous vous d\u00e9taillons comment rep\u00e9rer une d\u00e9coration de calibre sup\u00e9rieur ainsi que les meilleures boutiques pour les retrouver.\",\"breadcrumb\":{\"@id\":\"https:\/\/delormdesign.com\/blog\/salon-de-jardin-haut-de-gamme\/mobilier-haut-de-gamme-contemporain\/#breadcrumb\"},\"inLanguage\":\"fr-FR\",\"potentialAction\":[{\"@type\":\"ReadAction\",\"target\":[\"https:\/\/delormdesign.com\/blog\/salon-de-jardin-haut-de-gamme\/mobilier-haut-de-gamme-contemporain\/\"]}]},{\"@type\":\"BreadcrumbList\",\"@id\":\"https:\/\/delormdesign.com\/blog\/salon-de-jardin-haut-de-gamme\/mobilier-haut-de-gamme-contemporain\/#breadcrumb\",\"itemListElement\":[{\"@type\":\"ListItem\",\"position\":1,\"name\":\"Accueil\",\"item\":\"https:\/\/delormdesign.com\/blog\/\"},{\"@type\":\"ListItem\",\"position\":2,\"name\":\"3 conseils pour choisir son salon de jardin haut de gamme\",\"item\":\"https:\/\/delormdesign.com\/blog\/salon-de-jardin-haut-de-gamme\/\"},{\"@type\":\"ListItem\",\"position\":3,\"name\":\"Comment reconna\u00eetre un mobilier haut de gamme contemporain ?\"}]}]}<\/script>\n<!-- \/ Yoast SEO plugin. -->","yoast_head_json":{"title":"Comment reconna\u00eetre un mobilier haut de gamme contemporain ? &bull; Blog Design Jardin &amp; Int\u00e9rieur | Tendance D\u00e9co","description":"Dans cet article, nous vous d\u00e9taillons comment rep\u00e9rer une d\u00e9coration de calibre sup\u00e9rieur ainsi que les meilleures boutiques pour les retrouver.","robots":{"index":"index","follow":"follow","max-snippet":"max-snippet:-1","max-image-preview":"max-image-preview:large","max-video-preview":"max-video-preview:-1"},"canonical":"https:\/\/delormdesign.com\/blog\/salon-de-jardin-haut-de-gamme\/mobilier-haut-de-gamme-contemporain\/","og_locale":"fr_FR","og_type":"article","og_title":"Comment reconna\u00eetre un mobilier haut de gamme contemporain ? &bull; Blog Design Jardin &amp; Int\u00e9rieur | Tendance D\u00e9co","og_description":"Dans cet article, nous vous d\u00e9taillons comment rep\u00e9rer une d\u00e9coration de calibre sup\u00e9rieur ainsi que les meilleures boutiques pour les retrouver.","og_url":"https:\/\/delormdesign.com\/blog\/salon-de-jardin-haut-de-gamme\/mobilier-haut-de-gamme-contemporain\/","og_site_name":"Blog Design Jardin &amp; Int\u00e9rieur | Tendance D\u00e9co","article_publisher":"https:\/\/www.facebook.com\/delormdesign\/","article_modified_time":"2019-03-02T11:15:47+00:00","og_image":[{"url":"https:\/\/delormdesign.com\/blog\/wp-content\/uploads\/2018\/07\/mobilier-haut-de-gamme-contemporain-682x1024.jpg"}],"twitter_card":"summary","twitter_misc":{"Est. reading time":"5 minutes"},"schema":{"@context":"https:\/\/schema.org","@graph":[{"@type":"WebSite","@id":"https:\/\/delormdesign.com\/blog\/#website","url":"https:\/\/delormdesign.com\/blog\/","name":"Blog Design Jardin &amp; Int\u00e9rieur | Tendance D\u00e9co","description":"Jardin &amp; Int\u00e9rieur | Tendance D\u00e9co","potentialAction":[{"@type":"SearchAction","target":{"@type":"EntryPoint","urlTemplate":"https:\/\/delormdesign.com\/blog\/?s={search_term_string}"},"query-input":"required name=search_term_string"}],"inLanguage":"fr-FR"},{"@type":"ImageObject","inLanguage":"fr-FR","@id":"https:\/\/delormdesign.com\/blog\/salon-de-jardin-haut-de-gamme\/mobilier-haut-de-gamme-contemporain\/#primaryimage","url":"https:\/\/delormdesign.com\/blog\/wp-content\/uploads\/2018\/07\/mobilier-haut-de-gamme-contemporain.jpg","contentUrl":"https:\/\/delormdesign.com\/blog\/wp-content\/uploads\/2018\/07\/mobilier-haut-de-gamme-contemporain.jpg","width":2500,"height":3751,"caption":"Comment reconna\u00eetre un mobilier haut de gamme contemporain ?"},{"@type":"WebPage","@id":"https:\/\/delormdesign.com\/blog\/salon-de-jardin-haut-de-gamme\/mobilier-haut-de-gamme-contemporain\/","url":"https:\/\/delormdesign.com\/blog\/salon-de-jardin-haut-de-gamme\/mobilier-haut-de-gamme-contemporain\/","name":"Comment reconna\u00eetre un mobilier haut de gamme contemporain ? &bull; Blog Design Jardin &amp; Int\u00e9rieur | Tendance D\u00e9co","isPartOf":{"@id":"https:\/\/delormdesign.com\/blog\/#website"},"primaryImageOfPage":{"@id":"https:\/\/delormdesign.com\/blog\/salon-de-jardin-haut-de-gamme\/mobilier-haut-de-gamme-contemporain\/#primaryimage"},"datePublished":"2018-07-23T07:07:45+00:00","dateModified":"2019-03-02T11:15:47+00:00","description":"Dans cet article, nous vous d\u00e9taillons comment rep\u00e9rer une d\u00e9coration de calibre sup\u00e9rieur ainsi que les meilleures boutiques pour les retrouver.","breadcrumb":{"@id":"https:\/\/delormdesign.com\/blog\/salon-de-jardin-haut-de-gamme\/mobilier-haut-de-gamme-contemporain\/#breadcrumb"},"inLanguage":"fr-FR","potentialAction":[{"@type":"ReadAction","target":["https:\/\/delormdesign.com\/blog\/salon-de-jardin-haut-de-gamme\/mobilier-haut-de-gamme-contemporain\/"]}]},{"@type":"BreadcrumbList","@id":"https:\/\/delormdesign.com\/blog\/salon-de-jardin-haut-de-gamme\/mobilier-haut-de-gamme-contemporain\/#breadcrumb","itemListElement":[{"@type":"ListItem","position":1,"name":"Accueil","item":"https:\/\/delormdesign.com\/blog\/"},{"@type":"ListItem","position":2,"name":"3 conseils pour choisir son salon de jardin haut de gamme","item":"https:\/\/delormdesign.com\/blog\/salon-de-jardin-haut-de-gamme\/"},{"@type":"ListItem","position":3,"name":"Comment reconna\u00eetre un mobilier haut de gamme contemporain ?"}]}]}},"amp_enabled":true,"_links":{"self":[{"href":"https:\/\/delormdesign.com\/blog\/wp-json\/wp\/v2\/pages\/1305"}],"collection":[{"href":"https:\/\/delormdesign.com\/blog\/wp-json\/wp\/v2\/pages"}],"about":[{"href":"https:\/\/delormdesign.com\/blog\/wp-json\/wp\/v2\/types\/page"}],"author":[{"embeddable":true,"href":"https:\/\/delormdesign.com\/blog\/wp-json\/wp\/v2\/users\/12"}],"replies":[{"embeddable":true,"href":"https:\/\/delormdesign.com\/blog\/wp-json\/wp\/v2\/comments?post=1305"}],"version-history":[{"count":0,"href":"https:\/\/delormdesign.com\/blog\/wp-json\/wp\/v2\/pages\/1305\/revisions"}],"up":[{"embeddable":true,"href":"https:\/\/delormdesign.com\/blog\/wp-json\/wp\/v2\/pages\/1251"}],"wp:attachment":[{"href":"https:\/\/delormdesign.com\/blog\/wp-json\/wp\/v2\/media?parent=1305"}],"wp:term":[{"taxonomy":"category","embeddable":true,"href":"https:\/\/delormdesign.com\/blog\/wp-json\/wp\/v2\/categories?post=1305"},{"taxonomy":"post_tag","embeddable":true,"href":"https:\/\/delormdesign.com\/blog\/wp-json\/wp\/v2\/tags?post=1305"}],"curies":[{"name":"wp","href":"https:\/\/api.w.org\/{rel}","templated":true}]}}