{"id":1341,"date":"2018-07-23T14:31:12","date_gmt":"2018-07-23T14:31:12","guid":{"rendered":"https:\/\/delormdesign.com\/blog\/?page_id=1341"},"modified":"2019-03-02T11:15:57","modified_gmt":"2019-03-02T11:15:57","slug":"mobilier-jardin-contemporain","status":"publish","type":"page","link":"https:\/\/delormdesign.com\/blog\/salon-de-jardin-haut-de-gamme\/mobilier-jardin-contemporain\/","title":{"rendered":"Relooker son mobilier de jardin contemporain"},"content":{"rendered":"<p>Parce que les beaux jours sont d\u00e9j\u00e0 l\u00e0 et que le soleil pointe le bout de son nez, il est grand temps de penser \u00e0 <strong>relooker votre ameublement de jardin moderne<\/strong>. Pour un relooking sans erreur et de bonne qualit\u00e9, nous vous avons concoct\u00e9 un <strong>guide d\u2019astuces et d\u2019informations pratiques<\/strong>. Pr\u00e9parez-vous \u00e0 vous retrousser les manches\u00a0: il y a de la r\u00e9novation dans l\u2019air\u00a0!<\/p>\n<h2>Un coup de peinture pour votre mobilier de jardin contemporain<\/h2>\n<p>Pour donner une toute nouvelle allure \u00e0 votre salon d\u2019ext\u00e9rieur, il est recommand\u00e9 de d\u2019abord songer \u00e0 lui <strong>ajouter une couche de peinture<\/strong>. Ainsi, les couleurs vives et plus r\u00e9centes que vous lui appliquerez lui donneront un c\u00f4t\u00e9 neuf et entretenu.<\/p>\n<p>Premi\u00e8rement, il vous faut d\u00e9terminer le mat\u00e9riau de votre salon de jardin afin de pouvoir par la suite choisir <strong>un pot sp\u00e9cialis\u00e9 dans cette mati\u00e8re<\/strong>. En effet, les al\u00e9as climatiques et les attaques ext\u00e9rieures de l\u2019\u00e9t\u00e9 risqueraient d\u2019endommager les couches de peinture si vous ne pr\u00eatez pas attention au mat\u00e9riau adapt\u00e9.<\/p>\n<p><img loading=\"lazy\" class=\"alignnone size-large wp-image-1344 aligncenter\" src=\"https:\/\/delormdesign.com\/blog\/wp-content\/uploads\/2018\/07\/mobilier-jardin-contemporain-1024x1010.jpg\" alt=\"Relooker son mobilier de jardin contemporain\" width=\"980\" height=\"967\" srcset=\"https:\/\/delormdesign.com\/blog\/wp-content\/uploads\/2018\/07\/mobilier-jardin-contemporain-1024x1010.jpg 1024w, https:\/\/delormdesign.com\/blog\/wp-content\/uploads\/2018\/07\/mobilier-jardin-contemporain-300x296.jpg 300w, https:\/\/delormdesign.com\/blog\/wp-content\/uploads\/2018\/07\/mobilier-jardin-contemporain-768x757.jpg 768w, https:\/\/delormdesign.com\/blog\/wp-content\/uploads\/2018\/07\/mobilier-jardin-contemporain-940x927.jpg 940w, https:\/\/delormdesign.com\/blog\/wp-content\/uploads\/2018\/07\/mobilier-jardin-contemporain.jpg 1095w\" sizes=\"(max-width: 980px) 100vw, 980px\" \/><\/p>\n<p>Pour redonner un coup d\u2019\u00e9clat \u00e0 vos tables de jardin, <strong>choisissez des couleurs vives et color\u00e9es<\/strong> qui rappellent l\u2019\u00e9t\u00e9\u00a0! Adoptez la m\u00eame couleur ou des couleurs compl\u00e9mentaires pour instaurer <strong>un th\u00e8me design dans votre salon de jardin<\/strong>.<\/p>\n<p>Pour les tables en teck ou en aluminium, les coloris blancs et gris cr\u00e9ent un effet de luxe et permettent d\u2019augmenter visuellement la longueur et la largeur de vos meubles.<\/p>\n<h2>Des pochoirs pour votre salon de jardin moderne<\/h2>\n<p>Pour les moins bricoleurs d\u2019entre nous, il existe une alternative tr\u00e8s avantageuse qui vous permettra de cr\u00e9er des d\u00e9corations et des designs attractifs pour votre table de terrasse outdoors. <strong>Pour un effort minimis\u00e9, vous obtiendrez un r\u00e9sultat s\u00e9duisant et personnalis\u00e9<\/strong>\u00a0: vous en \u00eates l\u2019artiste\u00a0! Des motifs floraux ou champ\u00eatres rappelleront les couleurs de l\u2019\u00e9t\u00e9 et donneront un c\u00f4t\u00e9 traditionnel et cosy \u00e0 tous vos meubles. Des designs avec des arabesques et des structures d\u00e9taill\u00e9es donneront un <strong>effet classique et haut de gamme<\/strong> \u00e0 vos tables en bois massif.<\/p>\n<p>Pour les plus cr\u00e9atifs et les plus talentueux d\u2019entre vous\u00a0: vous pouvez cr\u00e9er vous-m\u00eame vos designs au crayon \u00e0 papier, puis les repasser avec de fins pinceaux \u00e0 poils courts. Vous aurez au moins le m\u00e9rite de pouvoir vous vanter qu\u2019il s\u2019agit l\u00e0 de votre \u0153uvre\u00a0: <strong>une v\u00e9ritable pi\u00e8ce unique et originale\u00a0!<\/strong><\/p>\n<p><img loading=\"lazy\" class=\"alignnone size-large wp-image-1346 aligncenter\" src=\"https:\/\/delormdesign.com\/blog\/wp-content\/uploads\/2018\/07\/pochoirs-mobilier-jardin-contemporain-674x1024.jpg\" alt=\"Utiliser des pochoirs pour relooker son salon de jardin contemporain\" width=\"674\" height=\"1024\" srcset=\"https:\/\/delormdesign.com\/blog\/wp-content\/uploads\/2018\/07\/pochoirs-mobilier-jardin-contemporain-674x1024.jpg 674w, https:\/\/delormdesign.com\/blog\/wp-content\/uploads\/2018\/07\/pochoirs-mobilier-jardin-contemporain-198x300.jpg 198w, https:\/\/delormdesign.com\/blog\/wp-content\/uploads\/2018\/07\/pochoirs-mobilier-jardin-contemporain.jpg 711w\" sizes=\"(max-width: 674px) 100vw, 674px\" \/>Il existe \u00e9galement d\u2019autres motifs \u00e0 la mode, comme les motifs avec des nombres, des lettres, des symboles. Il y en a pour tous les go\u00fbts\u00a0! Vous pouvez m\u00eame d\u00e9couper vous-m\u00eame vos pochoirs et laisser libre cours \u00e0 toute votre cr\u00e9ativit\u00e9. De plus, faire participer vos enfants ou votre famille \u00e0 la d\u00e9coration de votre salon de jardin moderne peut \u00eatre une activit\u00e9 ludique et familiale. <strong>Alors \u00e0 vos pinceaux et \u00e0 vos bombes de peinture\u00a0!<\/strong><\/p>\n<h2>Du tissu pour votre salon de jardin moderne<\/h2>\n<p>De simples bandelettes de tissu ont le pouvoir de changer du tout au tout l\u2019esth\u00e9tisme et la hauteur de votre ameublement d\u2019ext\u00e9rieur. Avec de jolies chutes de tissu, vous pourrez <strong>faire du neuf avec de l\u2019ancien<\/strong>\u00a0: par exemple, vous pouvez enroulez des bandes de tissu autour des pieds de l\u2019assise de vos meubles. Plus subtil, vous pouvez nouer de simples n\u0153uds aux dossiers de vos chaises de jardin ainsi que sur les pieds des fauteuils et des tables. Pour du mobilier en bois ou r\u00e9sine, <strong>choisissez un ruban de couleur flashy<\/strong> pour cr\u00e9er un contraste entre les couleurs naturelles des deux mati\u00e8res et celle du tissu.<\/p>\n<p>Toujours avec du tissu, il vous suffit d\u2019investir dans une chute assez large pour votre canap\u00e9 de jardin ou votre table pour leur redonner un <strong>c\u00f4t\u00e9 chaleureux et accueillant<\/strong>. Le tissu utilis\u00e9 en tant qu\u2019\u00e9l\u00e9ment de d\u00e9coration pr\u00e9sente 2 avantages non n\u00e9gligeables\u00a0: <strong>son prix bas et accessible<\/strong> ainsi que <strong>sa facilit\u00e9 d\u2019utilisation<\/strong>. Vous pourrez donc changer r\u00e9guli\u00e8rement les tissus que vous utilisez, si l\u2019envie vous en prend.<\/p>\n<h2>Des coussins pour votre mobilier de jardin moderne<\/h2>\n<p>Pour camoufler l\u2019usure de l\u2019ameublement d\u2019ext\u00e9rieur et am\u00e9liorer son confort, il est souvent recommand\u00e9 de les habiller d\u2019oreillers ou de couvertures. Ainsi, une chaise longue ou un divan deviennent <strong>des endroits privil\u00e9gi\u00e9s pour la d\u00e9tente et la relaxation<\/strong>. Un large choix d\u2019oreillers ou d\u2019\u00e9dredons s\u2019offrent \u00e0 vous\u00a0: petits, larges, unis ou avec des motifs. Investir dans quelques oreillers color\u00e9s est <strong>une des astuces de base<\/strong> en termes de d\u00e9coration d\u2019int\u00e9rieur et d\u2019ext\u00e9rieur.<\/p>\n<p><img loading=\"lazy\" class=\"alignnone size-large wp-image-1348 aligncenter\" src=\"https:\/\/delormdesign.com\/blog\/wp-content\/uploads\/2018\/07\/tissu-relooker-salon-jardin-contemporain-1024x694.jpg\" alt=\"Utiliser du tissu pour relooker son salon de jardin contemporain\" width=\"980\" height=\"664\" srcset=\"https:\/\/delormdesign.com\/blog\/wp-content\/uploads\/2018\/07\/tissu-relooker-salon-jardin-contemporain-1024x694.jpg 1024w, https:\/\/delormdesign.com\/blog\/wp-content\/uploads\/2018\/07\/tissu-relooker-salon-jardin-contemporain-300x203.jpg 300w, https:\/\/delormdesign.com\/blog\/wp-content\/uploads\/2018\/07\/tissu-relooker-salon-jardin-contemporain-768x521.jpg 768w, https:\/\/delormdesign.com\/blog\/wp-content\/uploads\/2018\/07\/tissu-relooker-salon-jardin-contemporain-940x637.jpg 940w, https:\/\/delormdesign.com\/blog\/wp-content\/uploads\/2018\/07\/tissu-relooker-salon-jardin-contemporain.jpg 1593w\" sizes=\"(max-width: 980px) 100vw, 980px\" \/>Comment choisir le bon oreiller pour mon type d\u2019ameublement\u00a0? Si possible, choisissez des oreillers poss\u00e9dants <strong>le m\u00eame motif ou avec des motifs compl\u00e9mentaires<\/strong>. Vous pouvez varier les formes et les tailles, du moment qu\u2019un point commun ram\u00e8ne les oreillers dans une th\u00e9matique d\u00e9co, <strong>vous ne pourrez pas faire de faux pas<\/strong>.<\/p>\n<p>Au niveau de la forme des oreillers, nous vous conseillons d\u2019adopter un oreiller au design allong\u00e9 pour une chilienne ou un transat. Pour une balancelle, pr\u00e9f\u00e9rez plusieurs coussins de petites tailles pour un c\u00f4t\u00e9 douillet et moelleux.<\/p>\n<h2>Delorm Design, un professionnel du salon de jardin<\/h2>\n<p>Nous vous donnons rendez-vous sur notre <a href=\"https:\/\/delormdesign.com\/\">boutique en ligne<\/a> dans la cat\u00e9gorie <a href=\"https:\/\/delormdesign.com\/197-mobilier-de-jardin\">mobilier de jardin<\/a> pour profiter des offres du moment\u00a0sur une partie de nos produits ! Utilisez le code promo sur notre site pour une r\u00e9duction de 5% sur votre prochaine commande.<\/p>\n<p><strong>B\u00e9n\u00e9ficiez d\u2019une livraison gratuite et d\u2019un paiement en 3 fois sans frais d\u00e8s votre premi\u00e8re commande sur notre site. <\/strong><\/p>\n<p>Pour plus d\u2019informations, contactez notre service client gratuit au 05 16 57 74 37 ou sur notre adresse mail \u00e0 <a href=\"mailto:contact@delormdesign.com\">contact@delormdesign.com<\/a> .<\/p>\n<p>Nous esp\u00e9rons que cet article a pu vous \u00eatre utile\u00a0et a pu vous apporter les informations n\u00e9cessaires : n\u2019h\u00e9sitez pas \u00e0 <strong>partager dans les commentaires vos astuces pour relooker un salon de jardin moderne\u00a0!<\/strong><\/p>\n<p><strong>\u00c0 lire sur le m\u00eame sujet:\u00a0<\/strong><\/p>\n<ul>\n<li><a href=\"https:\/\/delormdesign.com\/blog\/salon-de-jardin-haut-de-gamme\/mobilier-haut-de-gamme-contemporain\/\">\u00a0Comment reconna\u00eetre un mobilier haut de gamme contemporain ?<\/a><\/li>\n<li><a href=\"https:\/\/delormdesign.com\/blog\/salon-de-jardin-haut-de-gamme\/salon-de-jardin-design-en-solde\/\">Profitez des soldes pour votre salon de jardin design<\/a><\/li>\n<li><a href=\"https:\/\/delormdesign.com\/blog\/salon-de-jardin-haut-de-gamme\/\">3 conseils pour choisir son salon de jardin haut de gamme\u00a0<\/a><\/li>\n<\/ul>\n","protected":false},"excerpt":{"rendered":"<p>Parce que les beaux jours sont d\u00e9j\u00e0 l\u00e0 et que le soleil pointe le bout de son nez, il est grand temps de penser \u00e0 relooker votre ameublement de jardin moderne. Pour un relooking sans erreur et de bonne qualit\u00e9, nous vous avons concoct\u00e9 un guide d\u2019astuces et d\u2019informations pratiques. Pr\u00e9parez-vous \u00e0 vous retrousser les [&hellip;]<\/p>\n","protected":false},"author":12,"featured_media":0,"parent":1251,"menu_order":0,"comment_status":"closed","ping_status":"closed","template":"","meta":[],"categories":[20],"tags":[],"yoast_head":"<!-- This site is optimized with the Yoast SEO plugin v19.3 - https:\/\/yoast.com\/wordpress\/plugins\/seo\/ -->\n<title>Relooker son mobilier de jardin contemporain &bull; Blog Design Jardin &amp; Int\u00e9rieur | Tendance D\u00e9co<\/title>\n<meta name=\"description\" content=\"Pour un relooking sans erreur et de qualit\u00e9, nous vous avons concoct\u00e9 un guide d\u2019astuces et d\u2019informations pratiques. Pr\u00e9parez-vous au relooking de l&#039;\u00e9t\u00e9 !\" \/>\n<meta name=\"robots\" content=\"index, follow, max-snippet:-1, max-image-preview:large, max-video-preview:-1\" \/>\n<link rel=\"canonical\" href=\"https:\/\/delormdesign.com\/blog\/salon-de-jardin-haut-de-gamme\/mobilier-jardin-contemporain\/\" \/>\n<meta property=\"og:locale\" content=\"fr_FR\" \/>\n<meta property=\"og:type\" content=\"article\" \/>\n<meta property=\"og:title\" content=\"Relooker son mobilier de jardin contemporain &bull; Blog Design Jardin &amp; Int\u00e9rieur | Tendance D\u00e9co\" \/>\n<meta property=\"og:description\" content=\"Pour un relooking sans erreur et de qualit\u00e9, nous vous avons concoct\u00e9 un guide d\u2019astuces et d\u2019informations pratiques. Pr\u00e9parez-vous au relooking de l&#039;\u00e9t\u00e9 !\" \/>\n<meta property=\"og:url\" content=\"https:\/\/delormdesign.com\/blog\/salon-de-jardin-haut-de-gamme\/mobilier-jardin-contemporain\/\" \/>\n<meta property=\"og:site_name\" content=\"Blog Design Jardin &amp; Int\u00e9rieur | Tendance D\u00e9co\" \/>\n<meta property=\"article:publisher\" content=\"https:\/\/www.facebook.com\/delormdesign\/\" \/>\n<meta property=\"article:modified_time\" content=\"2019-03-02T11:15:57+00:00\" \/>\n<meta property=\"og:image\" content=\"https:\/\/delormdesign.com\/blog\/wp-content\/uploads\/2018\/07\/mobilier-jardin-contemporain-1024x1010.jpg\" \/>\n<meta name=\"twitter:card\" content=\"summary\" \/>\n<meta name=\"twitter:label1\" content=\"Est. reading time\" \/>\n\t<meta name=\"twitter:data1\" content=\"5 minutes\" \/>\n<script type=\"application\/ld+json\" class=\"yoast-schema-graph\">{\"@context\":\"https:\/\/schema.org\",\"@graph\":[{\"@type\":\"WebSite\",\"@id\":\"https:\/\/delormdesign.com\/blog\/#website\",\"url\":\"https:\/\/delormdesign.com\/blog\/\",\"name\":\"Blog Design Jardin &amp; Int\u00e9rieur | Tendance D\u00e9co\",\"description\":\"Jardin &amp; Int\u00e9rieur | Tendance D\u00e9co\",\"potentialAction\":[{\"@type\":\"SearchAction\",\"target\":{\"@type\":\"EntryPoint\",\"urlTemplate\":\"https:\/\/delormdesign.com\/blog\/?s={search_term_string}\"},\"query-input\":\"required name=search_term_string\"}],\"inLanguage\":\"fr-FR\"},{\"@type\":\"ImageObject\",\"inLanguage\":\"fr-FR\",\"@id\":\"https:\/\/delormdesign.com\/blog\/salon-de-jardin-haut-de-gamme\/mobilier-jardin-contemporain\/#primaryimage\",\"url\":\"https:\/\/delormdesign.com\/blog\/wp-content\/uploads\/2018\/07\/mobilier-jardin-contemporain.jpg\",\"contentUrl\":\"https:\/\/delormdesign.com\/blog\/wp-content\/uploads\/2018\/07\/mobilier-jardin-contemporain.jpg\",\"width\":1095,\"height\":1080,\"caption\":\"Relooker son mobilier de jardin contemporain\"},{\"@type\":\"WebPage\",\"@id\":\"https:\/\/delormdesign.com\/blog\/salon-de-jardin-haut-de-gamme\/mobilier-jardin-contemporain\/\",\"url\":\"https:\/\/delormdesign.com\/blog\/salon-de-jardin-haut-de-gamme\/mobilier-jardin-contemporain\/\",\"name\":\"Relooker son mobilier de jardin contemporain &bull; Blog Design Jardin &amp; Int\u00e9rieur | Tendance D\u00e9co\",\"isPartOf\":{\"@id\":\"https:\/\/delormdesign.com\/blog\/#website\"},\"primaryImageOfPage\":{\"@id\":\"https:\/\/delormdesign.com\/blog\/salon-de-jardin-haut-de-gamme\/mobilier-jardin-contemporain\/#primaryimage\"},\"datePublished\":\"2018-07-23T14:31:12+00:00\",\"dateModified\":\"2019-03-02T11:15:57+00:00\",\"description\":\"Pour un relooking sans erreur et de qualit\u00e9, nous vous avons concoct\u00e9 un guide d\u2019astuces et d\u2019informations pratiques. Pr\u00e9parez-vous au relooking de l'\u00e9t\u00e9 !\",\"breadcrumb\":{\"@id\":\"https:\/\/delormdesign.com\/blog\/salon-de-jardin-haut-de-gamme\/mobilier-jardin-contemporain\/#breadcrumb\"},\"inLanguage\":\"fr-FR\",\"potentialAction\":[{\"@type\":\"ReadAction\",\"target\":[\"https:\/\/delormdesign.com\/blog\/salon-de-jardin-haut-de-gamme\/mobilier-jardin-contemporain\/\"]}]},{\"@type\":\"BreadcrumbList\",\"@id\":\"https:\/\/delormdesign.com\/blog\/salon-de-jardin-haut-de-gamme\/mobilier-jardin-contemporain\/#breadcrumb\",\"itemListElement\":[{\"@type\":\"ListItem\",\"position\":1,\"name\":\"Accueil\",\"item\":\"https:\/\/delormdesign.com\/blog\/\"},{\"@type\":\"ListItem\",\"position\":2,\"name\":\"3 conseils pour choisir son salon de jardin haut de gamme\",\"item\":\"https:\/\/delormdesign.com\/blog\/salon-de-jardin-haut-de-gamme\/\"},{\"@type\":\"ListItem\",\"position\":3,\"name\":\"Relooker son mobilier de jardin contemporain\"}]}]}<\/script>\n<!-- \/ Yoast SEO plugin. -->","yoast_head_json":{"title":"Relooker son mobilier de jardin contemporain &bull; Blog Design Jardin &amp; Int\u00e9rieur | Tendance D\u00e9co","description":"Pour un relooking sans erreur et de qualit\u00e9, nous vous avons concoct\u00e9 un guide d\u2019astuces et d\u2019informations pratiques. Pr\u00e9parez-vous au relooking de l'\u00e9t\u00e9 !","robots":{"index":"index","follow":"follow","max-snippet":"max-snippet:-1","max-image-preview":"max-image-preview:large","max-video-preview":"max-video-preview:-1"},"canonical":"https:\/\/delormdesign.com\/blog\/salon-de-jardin-haut-de-gamme\/mobilier-jardin-contemporain\/","og_locale":"fr_FR","og_type":"article","og_title":"Relooker son mobilier de jardin contemporain &bull; Blog Design Jardin &amp; Int\u00e9rieur | Tendance D\u00e9co","og_description":"Pour un relooking sans erreur et de qualit\u00e9, nous vous avons concoct\u00e9 un guide d\u2019astuces et d\u2019informations pratiques. Pr\u00e9parez-vous au relooking de l'\u00e9t\u00e9 !","og_url":"https:\/\/delormdesign.com\/blog\/salon-de-jardin-haut-de-gamme\/mobilier-jardin-contemporain\/","og_site_name":"Blog Design Jardin &amp; Int\u00e9rieur | Tendance D\u00e9co","article_publisher":"https:\/\/www.facebook.com\/delormdesign\/","article_modified_time":"2019-03-02T11:15:57+00:00","og_image":[{"url":"https:\/\/delormdesign.com\/blog\/wp-content\/uploads\/2018\/07\/mobilier-jardin-contemporain-1024x1010.jpg"}],"twitter_card":"summary","twitter_misc":{"Est. reading time":"5 minutes"},"schema":{"@context":"https:\/\/schema.org","@graph":[{"@type":"WebSite","@id":"https:\/\/delormdesign.com\/blog\/#website","url":"https:\/\/delormdesign.com\/blog\/","name":"Blog Design Jardin &amp; Int\u00e9rieur | Tendance D\u00e9co","description":"Jardin &amp; Int\u00e9rieur | Tendance D\u00e9co","potentialAction":[{"@type":"SearchAction","target":{"@type":"EntryPoint","urlTemplate":"https:\/\/delormdesign.com\/blog\/?s={search_term_string}"},"query-input":"required name=search_term_string"}],"inLanguage":"fr-FR"},{"@type":"ImageObject","inLanguage":"fr-FR","@id":"https:\/\/delormdesign.com\/blog\/salon-de-jardin-haut-de-gamme\/mobilier-jardin-contemporain\/#primaryimage","url":"https:\/\/delormdesign.com\/blog\/wp-content\/uploads\/2018\/07\/mobilier-jardin-contemporain.jpg","contentUrl":"https:\/\/delormdesign.com\/blog\/wp-content\/uploads\/2018\/07\/mobilier-jardin-contemporain.jpg","width":1095,"height":1080,"caption":"Relooker son mobilier de jardin contemporain"},{"@type":"WebPage","@id":"https:\/\/delormdesign.com\/blog\/salon-de-jardin-haut-de-gamme\/mobilier-jardin-contemporain\/","url":"https:\/\/delormdesign.com\/blog\/salon-de-jardin-haut-de-gamme\/mobilier-jardin-contemporain\/","name":"Relooker son mobilier de jardin contemporain &bull; Blog Design Jardin &amp; Int\u00e9rieur | Tendance D\u00e9co","isPartOf":{"@id":"https:\/\/delormdesign.com\/blog\/#website"},"primaryImageOfPage":{"@id":"https:\/\/delormdesign.com\/blog\/salon-de-jardin-haut-de-gamme\/mobilier-jardin-contemporain\/#primaryimage"},"datePublished":"2018-07-23T14:31:12+00:00","dateModified":"2019-03-02T11:15:57+00:00","description":"Pour un relooking sans erreur et de qualit\u00e9, nous vous avons concoct\u00e9 un guide d\u2019astuces et d\u2019informations pratiques. Pr\u00e9parez-vous au relooking de l'\u00e9t\u00e9 !","breadcrumb":{"@id":"https:\/\/delormdesign.com\/blog\/salon-de-jardin-haut-de-gamme\/mobilier-jardin-contemporain\/#breadcrumb"},"inLanguage":"fr-FR","potentialAction":[{"@type":"ReadAction","target":["https:\/\/delormdesign.com\/blog\/salon-de-jardin-haut-de-gamme\/mobilier-jardin-contemporain\/"]}]},{"@type":"BreadcrumbList","@id":"https:\/\/delormdesign.com\/blog\/salon-de-jardin-haut-de-gamme\/mobilier-jardin-contemporain\/#breadcrumb","itemListElement":[{"@type":"ListItem","position":1,"name":"Accueil","item":"https:\/\/delormdesign.com\/blog\/"},{"@type":"ListItem","position":2,"name":"3 conseils pour choisir son salon de jardin haut de gamme","item":"https:\/\/delormdesign.com\/blog\/salon-de-jardin-haut-de-gamme\/"},{"@type":"ListItem","position":3,"name":"Relooker son mobilier de jardin contemporain"}]}]}},"amp_enabled":true,"_links":{"self":[{"href":"https:\/\/delormdesign.com\/blog\/wp-json\/wp\/v2\/pages\/1341"}],"collection":[{"href":"https:\/\/delormdesign.com\/blog\/wp-json\/wp\/v2\/pages"}],"about":[{"href":"https:\/\/delormdesign.com\/blog\/wp-json\/wp\/v2\/types\/page"}],"author":[{"embeddable":true,"href":"https:\/\/delormdesign.com\/blog\/wp-json\/wp\/v2\/users\/12"}],"replies":[{"embeddable":true,"href":"https:\/\/delormdesign.com\/blog\/wp-json\/wp\/v2\/comments?post=1341"}],"version-history":[{"count":0,"href":"https:\/\/delormdesign.com\/blog\/wp-json\/wp\/v2\/pages\/1341\/revisions"}],"up":[{"embeddable":true,"href":"https:\/\/delormdesign.com\/blog\/wp-json\/wp\/v2\/pages\/1251"}],"wp:attachment":[{"href":"https:\/\/delormdesign.com\/blog\/wp-json\/wp\/v2\/media?parent=1341"}],"wp:term":[{"taxonomy":"category","embeddable":true,"href":"https:\/\/delormdesign.com\/blog\/wp-json\/wp\/v2\/categories?post=1341"},{"taxonomy":"post_tag","embeddable":true,"href":"https:\/\/delormdesign.com\/blog\/wp-json\/wp\/v2\/tags?post=1341"}],"curies":[{"name":"wp","href":"https:\/\/api.w.org\/{rel}","templated":true}]}}