{"id":1369,"date":"2018-07-24T13:02:07","date_gmt":"2018-07-24T13:02:07","guid":{"rendered":"https:\/\/delormdesign.com\/blog\/?page_id=1369"},"modified":"2022-01-26T15:26:20","modified_gmt":"2022-01-26T15:26:20","slug":"questions-se-poser-dacheter-salon-de-jardin-design","status":"publish","type":"page","link":"https:\/\/delormdesign.com\/blog\/questions-se-poser-dacheter-salon-de-jardin-design\/","title":{"rendered":"Quelles questions se poser avant d\u2019acheter un salon de jardin design ?"},"content":{"rendered":"<p>Un salon de jardin design est un gros investissement, certaine question sont essentielles \u00e0 se poser pour ne pas se tromper.<\/p>\n<h2>Quel mat\u00e9riau est le plus adapt\u00e9 pour un salon de jardin design ?<\/h2>\n<p>Avant de choisir le mod\u00e8le de <strong>salon de jardin design<\/strong> qui fera chavirer votre c\u0153ur, il faut penser mat\u00e9riau. Pour ce choix, il ne faut pas prendre uniquement l\u2019aspect visuel en compte, il vaut mieux penser <strong>durabilit\u00e9 et fonctionnalit\u00e9<\/strong>. Il faut opter avant tout pour une mati\u00e8re solide adapt\u00e9e aux contraintes de votre environnement et qui r\u00e9sistera bien au temps. Parall\u00e8lement, vous verrez, les \u00e9t\u00e9s s\u2019encha\u00eenent \u00e0 une vitesse folle et vous ne souhaiterez pas changer de salon de jardin tout les ans. Alors ne choisissez pas des mati\u00e8res dont vous finirez par vous lasser. Lorsque vous mixez les mat\u00e9riaux, tachez aussi de garder une coh\u00e9rence dans l&#8217;ensemble.<span class=\"Apple-converted-space\">\u00a0<\/span>Le march\u00e9 du salon de jardin ne vous facilite pas la t\u00e2che. Le terme salon de jardin design est tr\u00e8s vaste et ils en existent en diverses mati\u00e8res :<\/p>\n<h3><strong>salon de jardin en plastique<\/strong><\/h3>\n<p>un salon de jardin en plastique est l\u00e9ger, et laisse place \u00e0 toutes les excentricit\u00e9s en terme de design. Il est appr\u00e9ci\u00e9 pour sa simplicit\u00e9, son prix bas et son ergonomie. Son Entretien est tr\u00e8s simple. Il sera aussi simple de ranger les fauteuils en plastique et autres, lorsque l\u2019hiver pointera le bout de son nez.<\/p>\n<h3><strong>Salon de jardin en r\u00e9sine ou en r\u00e9sine tress\u00e9e<\/strong><\/h3>\n<p>La r\u00e9sine est un tr\u00e8s bon choix pour un salon de jardin design. Son look est d\u00e9finitivement \u00e9l\u00e9gant et soign\u00e9. Ces salons de jardin sont \u00e9galement tr\u00e8s r\u00e9sistants : ils gardent leur couleur et sont r\u00e9sistants aux UV et intemp\u00e9ries. En plus, l\u2019entretien est tr\u00e8s simple. Cependant, pour avoir de la qualit\u00e9 pour la r\u00e9sine, il faudra mettre le prix, comptez 500 euros minimum et jusqu&#8217;\u00e0 1500 euros pour un salon de <a href=\"https:\/\/delormdesign.com\/salon-de-jardin-en-resine-tressee\/24-salon-de-jardin-waimea-en-resine-tressee-noire-3700735700363.html\"><strong>jardin design en r\u00e9sine tress\u00e9e<\/strong><\/a> complet.<\/p>\n<h3><strong>Le salon de jardin en m\u00e9tal<\/strong><\/h3>\n<p>En ce qui concerne les salons de jardin en m\u00e9tal, deux options s\u2019offrent \u00e0 vous l\u2019aluminium ou l\u2019acier. Les deux sont robustes et ne craindront pas les intemp\u00e9ries, car il sont g\u00e9n\u00e9ralement trait\u00e9s et inoxydable. L\u2019acier donnera un look industriel tr\u00e8s moderne \u00e0 votre salon de jardin. Pour un look plus proche du modernisme traditionnel, choisissez l\u2019aluminium tr\u00e8s design.<\/p>\n<h3><strong>Le salon de jardin en bois<\/strong><\/h3>\n<p>Le salon de jardin en bois est le plus traditionnel, si vous voulez vraiment un salon de jardin design ce n\u2019est pas stylistiquement le meilleur choix. N\u00e9anmoins, le bois \u00e0 beaucoup de charme sur les salons de jardin, car il apporte chaleur et donc convivialit\u00e9 \u00e0 votre mobilier et a une r\u00e9sistance, or du commun.. Ils sont souvent en <strong>teck<\/strong>, en bois d\u2019iroko, d\u2019eucalyptus\u2026 Ils restent quand m\u00eame moderne, surtout quand ils arborent une jolie patine grise.<\/p>\n<h2><img loading=\"lazy\" class=\"alignnone wp-image-1375\" src=\"https:\/\/delormdesign.com\/blog\/wp-content\/uploads\/2018\/07\/sonnie-hiles-489078-unsplash-200x300.jpg\" alt=\"salon-jardin-tr\u00e9ss\u00e9e-design-table-chaise\" width=\"380\" height=\"570\" srcset=\"https:\/\/delormdesign.com\/blog\/wp-content\/uploads\/2018\/07\/sonnie-hiles-489078-unsplash-200x300.jpg 200w, https:\/\/delormdesign.com\/blog\/wp-content\/uploads\/2018\/07\/sonnie-hiles-489078-unsplash-768x1152.jpg 768w, https:\/\/delormdesign.com\/blog\/wp-content\/uploads\/2018\/07\/sonnie-hiles-489078-unsplash-683x1024.jpg 683w, https:\/\/delormdesign.com\/blog\/wp-content\/uploads\/2018\/07\/sonnie-hiles-489078-unsplash-940x1410.jpg 940w\" sizes=\"(max-width: 380px) 100vw, 380px\" \/><img loading=\"lazy\" class=\"wp-image-1346 alignright\" src=\"https:\/\/delormdesign.com\/blog\/wp-content\/uploads\/2018\/07\/pochoirs-mobilier-jardin-contemporain-198x300.jpg\" alt=\"Utiliser des pochoirs pour relooker son salon de jardin contemporain\" width=\"373\" height=\"565\" \/><\/h2>\n<h2>De quoi j\u2019ai besoin ?<\/h2>\n<p>Difficile de ne pas s\u2019emballer sur un produit dont vous n\u2019avez pas besoin au vu de la profusion d\u2019offres existantes. Il est vrai qu\u2019on aspire tous \u00e0 avoir la panoplie compl\u00e8te d&#8217;un beau mobilier ext\u00e9rieur \u00e0 la pointe de la tendance. Cependant, les tendances varient constamment, on vous conseil vivement de rester sur quelques chose <strong>d\u2019intemporel<\/strong> pour que vous ne regrettiez pas votre achat, celui-ci \u00e9tant un investissement consid\u00e9rable.<\/p>\n<p>Rien ne sert \u00e9galement d&#8217;investir dans une grande table pour d\u00eener alors que vous \u00eates plut\u00f4t fan de caf\u00e9 et de go\u00fbter avec vos amis dans l\u2019apr\u00e8s-midi ou d\u2019ap\u00e9ro d\u00eenatoire pendant vos soir\u00e9es d\u2019\u00e9t\u00e9. Un beau <a href=\"https:\/\/delormdesign.com\/193-canape-de-jardin\">salon de jardin canap\u00e9<\/a>, des fauteuils, et une table basse sera bien plus adapt\u00e9. Si le barbecue dominical est une institution, choisissez une large table avec pleins de chaise.<span class=\"Apple-converted-space\">\u00a0<\/span><\/p>\n<p>L\u2019important est qu&#8217;avant d&#8217;acheter votre<strong> mobilier de jardin<\/strong>, vous ayez une phase de r\u00e9flexion o\u00f9 vous vous posez les bonnes questions. Pour autant, \u00e9coutez \u00e9galement vos envies pour n\u2019avoir aucune frustration. Par exemple, absolument, rien ne vous emp\u00eache d&#8217;installer un transat plut\u00f4t destin\u00e9 au bord de piscine sur votre balcon, si c&#8217;est de cela dont vous r\u00eavez.<span class=\"Apple-converted-space\">\u00a0<\/span><\/p>\n<h2><img loading=\"lazy\" class=\"wp-image-1374 aligncenter\" src=\"https:\/\/delormdesign.com\/blog\/wp-content\/uploads\/2018\/07\/lee-myungseong-716836-unsplash-300x200.jpg\" alt=\"table-jardin-teck-design-bois\" width=\"699\" height=\"466\" srcset=\"https:\/\/delormdesign.com\/blog\/wp-content\/uploads\/2018\/07\/lee-myungseong-716836-unsplash-300x200.jpg 300w, https:\/\/delormdesign.com\/blog\/wp-content\/uploads\/2018\/07\/lee-myungseong-716836-unsplash-768x511.jpg 768w, https:\/\/delormdesign.com\/blog\/wp-content\/uploads\/2018\/07\/lee-myungseong-716836-unsplash-1024x682.jpg 1024w, https:\/\/delormdesign.com\/blog\/wp-content\/uploads\/2018\/07\/lee-myungseong-716836-unsplash-940x626.jpg 940w\" sizes=\"(max-width: 699px) 100vw, 699px\" \/><\/h2>\n<h2>Quelle ambiance je veux cr\u00e9er pour mon salon de jardin design ?<\/h2>\n<p>Pour un <strong>salon de jardin<\/strong>, l\u2019essentiel est qu\u2019il vous ressemble et que vous vous y sentiez bien.<span class=\"Apple-converted-space\">\u00a0Voici\u00a0diff\u00e9rents types d&#8217;ambiance pour vous inspirer.<\/span><\/p>\n<h3><strong>Vitamin\u00e9<\/strong><\/h3>\n<p>En \u00e9t\u00e9, il fait beau, il fait chaud, vous avez envie de faire ressortir la joie de vivre procur\u00e9 par cette saison visuellement. Alors jouez \u00e0 fond sur des couleurs vives, il y en a pour tous les go\u00fbts : avec des coloris allant du bleu au rose, en passant par le jaune et le vert. M\u00e9langez les couleurs et jouez sur les motif et les accumulations. Cela renforcera cette ambiance.<\/p>\n<h3><strong>Lounge chic<\/strong><\/h3>\n<p>Vous voulez un espace \u00e0 la fois sophistiqu\u00e9 et confortable pour profiter des journ\u00e9es d\u2019\u00e9t\u00e9 ? Mettez donc un large parasol par-dessus votre terrasse, placez un gros canap\u00e9 avec des coussins et disposez des poufs au sol. Choisissez des tissus blanc ou gris clair pour vos coussins pour rester dans l\u2019esprit lounge.<span class=\"Apple-converted-space\">\u00a0<\/span><\/p>\n<h3><strong>Exotic<\/strong><\/h3>\n<p>Un mot d\u2019ordre faites de votre espace salon de jardin un petit bout de for\u00eat vierge. Chargez votre salon de jardin de pots de fleurs et de plantes. Laissez la nature envahir votre espace ext\u00e9rieur. La table et les chaises peuvent \u00eatre vertes, bleues ou noires, afin de faire ressortir l\u2019esprit de la jungle dans votre petit coin de paradis.<\/p>\n<h3><strong>Minimaliste<\/strong><\/h3>\n<p>l\u2019\u00e9l\u00e9gance d\u2019un mobilier et d\u2019une d\u00e9coration \u00e9pur\u00e9s et designs est le style que vous souhaitez adopter. Choisissez des mati\u00e8res m\u00e9talliques et des lignes \u00e9pur\u00e9es. Les couleurs ici doivent \u00eatre utilis\u00e9es avec parcimonie l\u2019harmonie est fragile dans le minimalisme.<\/p>\n<p>Maintenant vous avez toutes les cl\u00e9s en main pour choisir <strong>le salon de jardin design<\/strong> fait pour vous. Delorm Design poss\u00e8de une large gamme de canap\u00e9, table, chaise, et autres mobiliers de jardin design. Nous marquons un point d&#8217;honneur \u00e0 inclure directement dans nos prix le co\u00fbt de la livraison. Cette livraison se fait directement chez vous. Ensuite nos sp\u00e9cialistes installeront \u00e9galement votre achat dans votre jardin.<\/p>\n<ul>\n<li><a href=\"https:\/\/delormdesign.com\/blog\/questions-se-poser-dacheter-salon-de-jardin-design\/avantages-inconvenients-dacheter-salon-de-jardin-design-chez-ikea\/\"><strong>Le roi du mobilier de jardin design espagnol : l\u2019incontournable Kettal<\/strong><\/a><\/li>\n<li><strong><a href=\"https:\/\/delormdesign.com\/blog\/questions-se-poser-dacheter-salon-de-jardin-design\/1377-2\/\">Les avantages et les inconv\u00e9nients d\u2019acheter un salon de jardin moderne chez Ikea ?<\/a><\/strong><\/li>\n<li><a href=\"https:\/\/delormdesign.com\/blog\/questions-se-poser-dacheter-salon-de-jardin-design\/1385-2\/\">Zoom sur la tendance de la r\u00e9sine tress\u00e9e pour un salon de jardin haute gamme<\/a><\/li>\n<\/ul>\n","protected":false},"excerpt":{"rendered":"<p>Un salon de jardin design est un gros investissement, certaine question sont essentielles \u00e0 se poser pour ne pas se tromper. Quel mat\u00e9riau est le plus adapt\u00e9 pour un salon de jardin design ? Avant de choisir le mod\u00e8le de salon de jardin design qui fera chavirer votre c\u0153ur, il faut penser mat\u00e9riau. Pour ce [&hellip;]<\/p>\n","protected":false},"author":12,"featured_media":0,"parent":0,"menu_order":0,"comment_status":"closed","ping_status":"closed","template":"","meta":[],"categories":[],"tags":[],"yoast_head":"<!-- This site is optimized with the Yoast SEO plugin v19.3 - https:\/\/yoast.com\/wordpress\/plugins\/seo\/ -->\n<title>Quelles questions se poser avant d\u2019acheter un salon de jardin design ? &bull; Blog Design Jardin &amp; Int\u00e9rieur | Tendance D\u00e9co<\/title>\n<meta name=\"description\" content=\"L&#039;achat d&#039;un salon de jardin design est un gros investissement, certaine question sont essentielles \u00e0 se poser pour ne pas se tromper.\" \/>\n<meta name=\"robots\" content=\"index, follow, max-snippet:-1, max-image-preview:large, max-video-preview:-1\" \/>\n<link rel=\"canonical\" href=\"https:\/\/delormdesign.com\/blog\/questions-se-poser-dacheter-salon-de-jardin-design\/\" \/>\n<meta property=\"og:locale\" content=\"fr_FR\" \/>\n<meta property=\"og:type\" content=\"article\" \/>\n<meta property=\"og:title\" content=\"Quelles questions se poser avant d\u2019acheter un salon de jardin design ? &bull; Blog Design Jardin &amp; Int\u00e9rieur | Tendance D\u00e9co\" \/>\n<meta property=\"og:description\" content=\"L&#039;achat d&#039;un salon de jardin design est un gros investissement, certaine question sont essentielles \u00e0 se poser pour ne pas se tromper.\" \/>\n<meta property=\"og:url\" content=\"https:\/\/delormdesign.com\/blog\/questions-se-poser-dacheter-salon-de-jardin-design\/\" \/>\n<meta property=\"og:site_name\" content=\"Blog Design Jardin &amp; Int\u00e9rieur | Tendance D\u00e9co\" \/>\n<meta property=\"article:publisher\" content=\"https:\/\/www.facebook.com\/delormdesign\/\" \/>\n<meta property=\"article:modified_time\" content=\"2022-01-26T15:26:20+00:00\" \/>\n<meta property=\"og:image\" content=\"https:\/\/delormdesign.com\/blog\/wp-content\/uploads\/2018\/07\/sonnie-hiles-489078-unsplash-200x300.jpg\" \/>\n<meta name=\"twitter:card\" content=\"summary\" \/>\n<meta name=\"twitter:label1\" content=\"Est. reading time\" \/>\n\t<meta name=\"twitter:data1\" content=\"6 minutes\" \/>\n<script type=\"application\/ld+json\" class=\"yoast-schema-graph\">{\"@context\":\"https:\/\/schema.org\",\"@graph\":[{\"@type\":\"WebSite\",\"@id\":\"https:\/\/delormdesign.com\/blog\/#website\",\"url\":\"https:\/\/delormdesign.com\/blog\/\",\"name\":\"Blog Design Jardin &amp; Int\u00e9rieur | Tendance D\u00e9co\",\"description\":\"Jardin &amp; Int\u00e9rieur | Tendance D\u00e9co\",\"potentialAction\":[{\"@type\":\"SearchAction\",\"target\":{\"@type\":\"EntryPoint\",\"urlTemplate\":\"https:\/\/delormdesign.com\/blog\/?s={search_term_string}\"},\"query-input\":\"required name=search_term_string\"}],\"inLanguage\":\"fr-FR\"},{\"@type\":\"ImageObject\",\"inLanguage\":\"fr-FR\",\"@id\":\"https:\/\/delormdesign.com\/blog\/questions-se-poser-dacheter-salon-de-jardin-design\/#primaryimage\",\"url\":\"https:\/\/delormdesign.com\/blog\/wp-content\/uploads\/2018\/07\/sonnie-hiles-489078-unsplash.jpg\",\"contentUrl\":\"https:\/\/delormdesign.com\/blog\/wp-content\/uploads\/2018\/07\/sonnie-hiles-489078-unsplash.jpg\",\"width\":2560,\"height\":3840,\"caption\":\"salon-jardin-tr\u00e9ss\u00e9e-design-table-chaise\"},{\"@type\":\"WebPage\",\"@id\":\"https:\/\/delormdesign.com\/blog\/questions-se-poser-dacheter-salon-de-jardin-design\/\",\"url\":\"https:\/\/delormdesign.com\/blog\/questions-se-poser-dacheter-salon-de-jardin-design\/\",\"name\":\"Quelles questions se poser avant d\u2019acheter un salon de jardin design ? &bull; Blog Design Jardin &amp; Int\u00e9rieur | Tendance D\u00e9co\",\"isPartOf\":{\"@id\":\"https:\/\/delormdesign.com\/blog\/#website\"},\"primaryImageOfPage\":{\"@id\":\"https:\/\/delormdesign.com\/blog\/questions-se-poser-dacheter-salon-de-jardin-design\/#primaryimage\"},\"datePublished\":\"2018-07-24T13:02:07+00:00\",\"dateModified\":\"2022-01-26T15:26:20+00:00\",\"description\":\"L'achat d'un salon de jardin design est un gros investissement, certaine question sont essentielles \u00e0 se poser pour ne pas se tromper.\",\"breadcrumb\":{\"@id\":\"https:\/\/delormdesign.com\/blog\/questions-se-poser-dacheter-salon-de-jardin-design\/#breadcrumb\"},\"inLanguage\":\"fr-FR\",\"potentialAction\":[{\"@type\":\"ReadAction\",\"target\":[\"https:\/\/delormdesign.com\/blog\/questions-se-poser-dacheter-salon-de-jardin-design\/\"]}]},{\"@type\":\"BreadcrumbList\",\"@id\":\"https:\/\/delormdesign.com\/blog\/questions-se-poser-dacheter-salon-de-jardin-design\/#breadcrumb\",\"itemListElement\":[{\"@type\":\"ListItem\",\"position\":1,\"name\":\"Accueil\",\"item\":\"https:\/\/delormdesign.com\/blog\/\"},{\"@type\":\"ListItem\",\"position\":2,\"name\":\"Quelles questions se poser avant d\u2019acheter un salon de jardin design ?\"}]}]}<\/script>\n<!-- \/ Yoast SEO plugin. -->","yoast_head_json":{"title":"Quelles questions se poser avant d\u2019acheter un salon de jardin design ? &bull; Blog Design Jardin &amp; Int\u00e9rieur | Tendance D\u00e9co","description":"L'achat d'un salon de jardin design est un gros investissement, certaine question sont essentielles \u00e0 se poser pour ne pas se tromper.","robots":{"index":"index","follow":"follow","max-snippet":"max-snippet:-1","max-image-preview":"max-image-preview:large","max-video-preview":"max-video-preview:-1"},"canonical":"https:\/\/delormdesign.com\/blog\/questions-se-poser-dacheter-salon-de-jardin-design\/","og_locale":"fr_FR","og_type":"article","og_title":"Quelles questions se poser avant d\u2019acheter un salon de jardin design ? &bull; Blog Design Jardin &amp; Int\u00e9rieur | Tendance D\u00e9co","og_description":"L'achat d'un salon de jardin design est un gros investissement, certaine question sont essentielles \u00e0 se poser pour ne pas se tromper.","og_url":"https:\/\/delormdesign.com\/blog\/questions-se-poser-dacheter-salon-de-jardin-design\/","og_site_name":"Blog Design Jardin &amp; Int\u00e9rieur | Tendance D\u00e9co","article_publisher":"https:\/\/www.facebook.com\/delormdesign\/","article_modified_time":"2022-01-26T15:26:20+00:00","og_image":[{"url":"https:\/\/delormdesign.com\/blog\/wp-content\/uploads\/2018\/07\/sonnie-hiles-489078-unsplash-200x300.jpg"}],"twitter_card":"summary","twitter_misc":{"Est. reading time":"6 minutes"},"schema":{"@context":"https:\/\/schema.org","@graph":[{"@type":"WebSite","@id":"https:\/\/delormdesign.com\/blog\/#website","url":"https:\/\/delormdesign.com\/blog\/","name":"Blog Design Jardin &amp; Int\u00e9rieur | Tendance D\u00e9co","description":"Jardin &amp; Int\u00e9rieur | Tendance D\u00e9co","potentialAction":[{"@type":"SearchAction","target":{"@type":"EntryPoint","urlTemplate":"https:\/\/delormdesign.com\/blog\/?s={search_term_string}"},"query-input":"required name=search_term_string"}],"inLanguage":"fr-FR"},{"@type":"ImageObject","inLanguage":"fr-FR","@id":"https:\/\/delormdesign.com\/blog\/questions-se-poser-dacheter-salon-de-jardin-design\/#primaryimage","url":"https:\/\/delormdesign.com\/blog\/wp-content\/uploads\/2018\/07\/sonnie-hiles-489078-unsplash.jpg","contentUrl":"https:\/\/delormdesign.com\/blog\/wp-content\/uploads\/2018\/07\/sonnie-hiles-489078-unsplash.jpg","width":2560,"height":3840,"caption":"salon-jardin-tr\u00e9ss\u00e9e-design-table-chaise"},{"@type":"WebPage","@id":"https:\/\/delormdesign.com\/blog\/questions-se-poser-dacheter-salon-de-jardin-design\/","url":"https:\/\/delormdesign.com\/blog\/questions-se-poser-dacheter-salon-de-jardin-design\/","name":"Quelles questions se poser avant d\u2019acheter un salon de jardin design ? &bull; Blog Design Jardin &amp; Int\u00e9rieur | Tendance D\u00e9co","isPartOf":{"@id":"https:\/\/delormdesign.com\/blog\/#website"},"primaryImageOfPage":{"@id":"https:\/\/delormdesign.com\/blog\/questions-se-poser-dacheter-salon-de-jardin-design\/#primaryimage"},"datePublished":"2018-07-24T13:02:07+00:00","dateModified":"2022-01-26T15:26:20+00:00","description":"L'achat d'un salon de jardin design est un gros investissement, certaine question sont essentielles \u00e0 se poser pour ne pas se tromper.","breadcrumb":{"@id":"https:\/\/delormdesign.com\/blog\/questions-se-poser-dacheter-salon-de-jardin-design\/#breadcrumb"},"inLanguage":"fr-FR","potentialAction":[{"@type":"ReadAction","target":["https:\/\/delormdesign.com\/blog\/questions-se-poser-dacheter-salon-de-jardin-design\/"]}]},{"@type":"BreadcrumbList","@id":"https:\/\/delormdesign.com\/blog\/questions-se-poser-dacheter-salon-de-jardin-design\/#breadcrumb","itemListElement":[{"@type":"ListItem","position":1,"name":"Accueil","item":"https:\/\/delormdesign.com\/blog\/"},{"@type":"ListItem","position":2,"name":"Quelles questions se poser avant d\u2019acheter un salon de jardin design ?"}]}]}},"amp_enabled":true,"_links":{"self":[{"href":"https:\/\/delormdesign.com\/blog\/wp-json\/wp\/v2\/pages\/1369"}],"collection":[{"href":"https:\/\/delormdesign.com\/blog\/wp-json\/wp\/v2\/pages"}],"about":[{"href":"https:\/\/delormdesign.com\/blog\/wp-json\/wp\/v2\/types\/page"}],"author":[{"embeddable":true,"href":"https:\/\/delormdesign.com\/blog\/wp-json\/wp\/v2\/users\/12"}],"replies":[{"embeddable":true,"href":"https:\/\/delormdesign.com\/blog\/wp-json\/wp\/v2\/comments?post=1369"}],"version-history":[{"count":1,"href":"https:\/\/delormdesign.com\/blog\/wp-json\/wp\/v2\/pages\/1369\/revisions"}],"predecessor-version":[{"id":2694,"href":"https:\/\/delormdesign.com\/blog\/wp-json\/wp\/v2\/pages\/1369\/revisions\/2694"}],"wp:attachment":[{"href":"https:\/\/delormdesign.com\/blog\/wp-json\/wp\/v2\/media?parent=1369"}],"wp:term":[{"taxonomy":"category","embeddable":true,"href":"https:\/\/delormdesign.com\/blog\/wp-json\/wp\/v2\/categories?post=1369"},{"taxonomy":"post_tag","embeddable":true,"href":"https:\/\/delormdesign.com\/blog\/wp-json\/wp\/v2\/tags?post=1369"}],"curies":[{"name":"wp","href":"https:\/\/api.w.org\/{rel}","templated":true}]}}