{"id":1377,"date":"2018-07-24T13:21:02","date_gmt":"2018-07-24T13:21:02","guid":{"rendered":"https:\/\/delormdesign.com\/blog\/?page_id=1377"},"modified":"2018-07-24T13:52:12","modified_gmt":"2018-07-24T13:52:12","slug":"1377-2","status":"publish","type":"page","link":"https:\/\/delormdesign.com\/blog\/questions-se-poser-dacheter-salon-de-jardin-design\/1377-2\/","title":{"rendered":"Les avantages et les inconv\u00e9nients d\u2019acheter un salon de jardin moderne chez Ikea ?"},"content":{"rendered":"<p>Lorsque les jours rallongent, que le soleil brille et que les nuits sont claires, l&#8217;appel de l&#8217;\u00e9t\u00e9 se fait sentir\u2026 On a envie de vivre \u00e0 l&#8217;ext\u00e9rieur. Sur votre terrasse ou dans votre jardin, en ville ou au bord de la mer, vous souhaitez vous cr\u00e9er un espace rien qu\u2019\u00e0 vous, pour passer l&#8217;\u00e9t\u00e9 comme vous l\u2019entendez avec <strong>un salon de jardin moderne<\/strong>. Lorsqu\u2019on cherche un salon de jardin moderne, on a tendance \u00e0 se tourner vers les g\u00e9ants comme Ikea. Mais quelles sont les r\u00e9els avantages et inconv\u00e9nients de faire ses achats \u00e0 <strong>Ikea<\/strong>?<\/p>\n<h2>Les avantages d&#8217;Ikea<\/h2>\n<p>Voil\u00e0 plus de 30 ans que le g\u00e9ant Su\u00e9dois, meuble nos maisons aussi bien \u00e0 l&#8217;ext\u00e9rieur qu&#8217;\u00e0 l&#8217; int\u00e9rieurs. Trente ann\u00e9es qu\u2019il g\u00e9n\u00e8re l&#8217;engouement autour de leur <strong>salon de jardin moderne<\/strong> au &#8220;design made in Scandinavie&#8221; et qui ont fait du catalogue Ikea une v\u00e9ritable bible de la d\u00e9coration. Quels sont les arguments qui encouragent cette success story.<\/p>\n<h3>Des prix tout doux<span class=\"Apple-converted-space\">\u00a0<\/span><\/h3>\n<p>La plus grande force d&#8217;<strong>Ikea<\/strong>, c\u2019est avant tout <strong>ses prix<\/strong>. Il a une gamme ultra comp\u00e9titive. Pour un salon de jardin, ce n\u2019est pas synonyme de qualit\u00e9. Pour autant, cette gamme \u00e0 faible co\u00fbt permet d&#8217;accessoiriser et de renouveler plus souvent les \u00e9l\u00e9ments de sa maison. Dans un sens, il est vrai qu\u2019on aspire tous \u00e0 avoir la panoplie compl\u00e8te d&#8217;un beau mobilier ext\u00e9rieur \u00e0 la pointe de la tendance et chez Ikea, c\u2019est possible. Or oubliez toute notion de durabilit\u00e9, \u00e0 vous de voir ce que vous recherchez.<span class=\"Apple-converted-space\">\u00a0<\/span><\/p>\n<p>Pour les jeunes adultes qui ont un petit budget, c\u2019est l\u2019id\u00e9al. Vous pourrez en effet vous offrir tout une gamme de <strong>mobilier moderne<\/strong> comme une table ou des chaises ou un fauteuil, ou encore un canap\u00e9 pour une centaine d&#8217;euros seulement. Les prix sont abordables et \u00e7a leur permet de s\u2019offrir un confort de vie qu\u2019ils ne pourraient jamais se permettre si Ikea n\u2019existait pas.<span class=\"Apple-converted-space\">\u00a0<\/span><\/p>\n<h3>Ikea : le design scandinave<span class=\"Apple-converted-space\">\u00a0<\/span><\/h3>\n<p><strong>Le design<\/strong> a toujours \u00e9t\u00e9 vu comme quelques chose r\u00e9serv\u00e9 \u00e0 l\u2019\u00e9lite. La marque su\u00e9doise<span class=\"Apple-converted-space\">\u00a0<\/span>a remport\u00e9 le pari de d\u00e9mocratiser le design et de le mettre \u00e0 la port\u00e9 de tous les Fran\u00e7ais. Toujours \u00e0 la pointe de la mode vous trouverez le salon de jardin design ultra<strong> moderne et tendance<\/strong> chez Ikea impossible de passer \u00e0 c\u00f4t\u00e9. L\u2019offre est riche et leurs collections se renouv\u00e8lent r\u00e9guli\u00e8rement pour \u00eatre toujours dans l\u2019aire du temps. Chez Ikea il y en a aussi pour tous les go\u00fbts vous trouverez pour votre de jardin aussi bien des chaises en plastique que des chaises en bois ou des chaises en aluminium. Vous trouverez forcement le mod\u00e8le de vos r\u00eaves.<\/p>\n<h3><img loading=\"lazy\" class=\"alignnone wp-image-1319\" src=\"https:\/\/delormdesign.com\/blog\/wp-content\/uploads\/2018\/07\/salon-de-jardin-design-en-solde-300x199.jpg\" alt=\"Acheter un salon de jardin design en solde\" width=\"788\" height=\"523\" srcset=\"https:\/\/delormdesign.com\/blog\/wp-content\/uploads\/2018\/07\/salon-de-jardin-design-en-solde-300x199.jpg 300w, https:\/\/delormdesign.com\/blog\/wp-content\/uploads\/2018\/07\/salon-de-jardin-design-en-solde-768x510.jpg 768w, https:\/\/delormdesign.com\/blog\/wp-content\/uploads\/2018\/07\/salon-de-jardin-design-en-solde-1024x680.jpg 1024w, https:\/\/delormdesign.com\/blog\/wp-content\/uploads\/2018\/07\/salon-de-jardin-design-en-solde-940x624.jpg 940w, https:\/\/delormdesign.com\/blog\/wp-content\/uploads\/2018\/07\/salon-de-jardin-design-en-solde.jpg 1201w\" sizes=\"(max-width: 788px) 100vw, 788px\" \/><\/h3>\n<h3>Une notori\u00e9t\u00e9 et un magasin qui fait d\u2019Ikea un lieu cl\u00e9 de nos villes<\/h3>\n<p>Ikea est aujourd\u2019hui connu de tous cela fait sa force. Peu importe o\u00f9 vous allez dans le monde vous trouverez un Ikea. Donc aller \u00e0 Ikea est devenu une solution facile quand on ne sait pas o\u00f9 aller. Le faite qu\u2019il est tous les types de produit du <strong>salon jardin aux chaises ou aux fauteuils de salon jusqu\u2019\u00e0 la d\u00e9coration et les linges de lits<\/strong> fait que Ikea un lieu polyvalent. On se tournera directement vers Ikea si on fait des achats group\u00e9s.<\/p>\n<p>Aller chez Ikea, c\u2019est aussi comme aller \u00e0 dans un parc d\u2019attractions comme Disneyland. Les magasins sont tous ludiques et attrayants c&#8217;est bien plus qu&#8217;une enseigne d&#8217;ameublement. C\u2019est un magasin con\u00e7u pour y passer des week-end en famille. Il y a aussi un cot\u00e9 Mac Donald \u00e0 Ikea avec la c\u00e9l\u00e8bre cantine su\u00e9doise.<span class=\"Apple-converted-space\">\u00a0<\/span><\/p>\n<h2>Les inconv\u00e9nients<span class=\"Apple-converted-space\">\u00a0d&#8217;acheter du Ikea<\/span><\/h2>\n<p>Ok, il existe de bonnes raisons d&#8217;aimer Ikea. La preuve, le Su\u00e9dois a grimp\u00e9 sur la plus haute marche du podium et est devenu le num\u00e9ro un du meuble en France. Cependant plusieurs raisons poussent \u00e0 se d\u00e9tourner de Ikea les voici :<\/p>\n<h3>Ikea des g\u00e9nies du business<span class=\"Apple-converted-space\">\u00a0<\/span><\/h3>\n<p>Les produits \u00e9tant \u00e0 petit prix, Ikea pour se faire autant d\u2019argent pousse \u00e0 la surconsommation, mais comment ? Tout d\u2019abord lors de la conception et de la fabrication des produits Ikea cr\u00e9\u00e9s avec une obsolescence programm\u00e9e.<\/p>\n<p>Ensuite, g\u00e9n\u00e9ralement, quand on va \u00e0 Ikea, on y va souvent pour un achat pr\u00e9cis qu&#8217;on ne trouve g\u00e9n\u00e9ralement pas, mais ce qui nous emp\u00eache pas de ramener un caddie plein \u00e0 la maison. Ces achats qui nous co\u00fbte quand m\u00eame plus que quelques euros \u00e0 la longue, son souvent des achats coup de coeur ou coup de t\u00eate provoqu\u00e9s par l\u2019itin\u00e9raire obligatoire cr\u00e9\u00e9 par la marque. Impossible de manquer les produits ou d\u2019aller voir uniquement ce que vous voudrez.<\/p>\n<h3><img loading=\"lazy\" class=\"alignnone wp-image-706\" src=\"https:\/\/delormdesign.com\/blog\/wp-content\/uploads\/2018\/05\/pexels-photo-756084-300x207.jpeg\" alt=\"\" width=\"786\" height=\"542\" srcset=\"https:\/\/delormdesign.com\/blog\/wp-content\/uploads\/2018\/05\/pexels-photo-756084-300x207.jpeg 300w, https:\/\/delormdesign.com\/blog\/wp-content\/uploads\/2018\/05\/pexels-photo-756084.jpeg 640w\" sizes=\"(max-width: 786px) 100vw, 786px\" \/><\/h3>\n<h3>Il y a du Ikea chez tout le monde<\/h3>\n<p>Le mobilier Ikea est reconnaissable parmi tous. Tout le monde aujourd&#8217;hui a ou a eux du mobilier de la marque pour son salon int\u00e9rieur ou ext\u00e9rieur. Souvent, quand on ach\u00e8te chez Ikea, on ach\u00e8te des choses qu&#8217;on est presque s\u00fbr de retrouver chez les autres. Frustrant non ? Oui bien s\u00fbr, on a envie d&#8217;\u00eatre fier de son int\u00e9rieur et pas que la moiti\u00e9 de nos amis aient le m\u00eame mobilier que nous.<\/p>\n<h3>On en a marre de monter nous m\u00eame nos salons de jardin moderne\u00a0: un enfer<\/h3>\n<p>Monter son salon de jardin soi-m\u00eame quand on n&#8217;est pas bricoleur, c&#8217;est une gal\u00e8re. De plus ce mod\u00e8le est loin de la culture h\u00e9doniste et impatiente des millenals, le coeur de cible de Ikea. Compar\u00e9 \u00e0 d&#8217;autre marque comme Delorm Design qui vous propose une livraison et une installation gratuite directement sur votre propri\u00e9t\u00e9, les meubles Ikea sont source de fatigue \u00e9vitable !<span class=\"Apple-converted-space\">\u00a0<\/span><\/p>\n<p>Pour en savoir plus sur ce sujet lisez aussi :<\/p>\n<ul>\n<li><a href=\"https:\/\/delormdesign.com\/blog\/questions-se-poser-dacheter-salon-de-jardin-design\/\"><strong>Quelles questions se poser avant d&#8217;acheter un salon de jardin design ?<\/strong><\/a><\/li>\n<li><strong><a href=\"https:\/\/delormdesign.com\/blog\/questions-se-poser-dacheter-salon-de-jardin-design\/avantages-inconvenients-dacheter-salon-de-jardin-design-chez-ikea\/\">Le roi du mobilier de jardin design espagnol : l\u2019incontournable Kettal<\/a><\/strong><\/li>\n<li><strong><a href=\"https:\/\/delormdesign.com\/blog\/questions-se-poser-dacheter-salon-de-jardin-design\/1385-2\/\">Zoom sur la tendance de la r\u00e9sine tress\u00e9e pour un salon de jardin haute gamme<\/a><\/strong><\/li>\n<\/ul>\n<p>&nbsp;<\/p>\n","protected":false},"excerpt":{"rendered":"<p>Lorsque les jours rallongent, que le soleil brille et que les nuits sont claires, l&#8217;appel de l&#8217;\u00e9t\u00e9 se fait sentir\u2026 On a envie de vivre \u00e0 l&#8217;ext\u00e9rieur. Sur votre terrasse ou dans votre jardin, en ville ou au bord de la mer, vous souhaitez vous cr\u00e9er un espace rien qu\u2019\u00e0 vous, pour passer l&#8217;\u00e9t\u00e9 comme [&hellip;]<\/p>\n","protected":false},"author":12,"featured_media":0,"parent":1369,"menu_order":0,"comment_status":"closed","ping_status":"closed","template":"","meta":[],"categories":[],"tags":[],"yoast_head":"<!-- This site is optimized with the Yoast SEO plugin v19.3 - https:\/\/yoast.com\/wordpress\/plugins\/seo\/ -->\n<title>Les avantages et les inconv\u00e9nients d\u2019acheter un salon de jardin moderne chez Ikea ? &bull; Blog Design Jardin &amp; Int\u00e9rieur | Tendance D\u00e9co<\/title>\n<meta name=\"description\" content=\"Je suis a la recherche d&#039;un salon de jardin moderne, automatiquement je pense \u00e0 Ikea. Mais est-ce que c&#039;est une bonne chose ? On analyse \u00e7a pour vous.\" \/>\n<meta name=\"robots\" content=\"index, follow, max-snippet:-1, max-image-preview:large, max-video-preview:-1\" \/>\n<link rel=\"canonical\" href=\"https:\/\/delormdesign.com\/blog\/questions-se-poser-dacheter-salon-de-jardin-design\/1377-2\/\" \/>\n<meta property=\"og:locale\" content=\"fr_FR\" \/>\n<meta property=\"og:type\" content=\"article\" \/>\n<meta property=\"og:title\" content=\"Les avantages et les inconv\u00e9nients d\u2019acheter un salon de jardin moderne chez Ikea ? &bull; Blog Design Jardin &amp; Int\u00e9rieur | Tendance D\u00e9co\" \/>\n<meta property=\"og:description\" content=\"Je suis a la recherche d&#039;un salon de jardin moderne, automatiquement je pense \u00e0 Ikea. Mais est-ce que c&#039;est une bonne chose ? On analyse \u00e7a pour vous.\" \/>\n<meta property=\"og:url\" content=\"https:\/\/delormdesign.com\/blog\/questions-se-poser-dacheter-salon-de-jardin-design\/1377-2\/\" \/>\n<meta property=\"og:site_name\" content=\"Blog Design Jardin &amp; Int\u00e9rieur | Tendance D\u00e9co\" \/>\n<meta property=\"article:publisher\" content=\"https:\/\/www.facebook.com\/delormdesign\/\" \/>\n<meta property=\"article:modified_time\" content=\"2018-07-24T13:52:12+00:00\" \/>\n<meta property=\"og:image\" content=\"https:\/\/delormdesign.com\/blog\/wp-content\/uploads\/2018\/07\/salon-de-jardin-design-en-solde-300x199.jpg\" \/>\n<meta name=\"twitter:card\" content=\"summary\" \/>\n<meta name=\"twitter:label1\" content=\"Est. reading time\" \/>\n\t<meta name=\"twitter:data1\" content=\"5 minutes\" \/>\n<script type=\"application\/ld+json\" class=\"yoast-schema-graph\">{\"@context\":\"https:\/\/schema.org\",\"@graph\":[{\"@type\":\"WebSite\",\"@id\":\"https:\/\/delormdesign.com\/blog\/#website\",\"url\":\"https:\/\/delormdesign.com\/blog\/\",\"name\":\"Blog Design Jardin &amp; Int\u00e9rieur | Tendance D\u00e9co\",\"description\":\"Jardin &amp; Int\u00e9rieur | Tendance D\u00e9co\",\"potentialAction\":[{\"@type\":\"SearchAction\",\"target\":{\"@type\":\"EntryPoint\",\"urlTemplate\":\"https:\/\/delormdesign.com\/blog\/?s={search_term_string}\"},\"query-input\":\"required name=search_term_string\"}],\"inLanguage\":\"fr-FR\"},{\"@type\":\"ImageObject\",\"inLanguage\":\"fr-FR\",\"@id\":\"https:\/\/delormdesign.com\/blog\/questions-se-poser-dacheter-salon-de-jardin-design\/1377-2\/#primaryimage\",\"url\":\"https:\/\/delormdesign.com\/blog\/wp-content\/uploads\/2018\/07\/salon-de-jardin-design-en-solde.jpg\",\"contentUrl\":\"https:\/\/delormdesign.com\/blog\/wp-content\/uploads\/2018\/07\/salon-de-jardin-design-en-solde.jpg\",\"width\":1201,\"height\":797,\"caption\":\"delorm-design-paraol\"},{\"@type\":\"WebPage\",\"@id\":\"https:\/\/delormdesign.com\/blog\/questions-se-poser-dacheter-salon-de-jardin-design\/1377-2\/\",\"url\":\"https:\/\/delormdesign.com\/blog\/questions-se-poser-dacheter-salon-de-jardin-design\/1377-2\/\",\"name\":\"Les avantages et les inconv\u00e9nients d\u2019acheter un salon de jardin moderne chez Ikea ? &bull; Blog Design Jardin &amp; Int\u00e9rieur | Tendance D\u00e9co\",\"isPartOf\":{\"@id\":\"https:\/\/delormdesign.com\/blog\/#website\"},\"primaryImageOfPage\":{\"@id\":\"https:\/\/delormdesign.com\/blog\/questions-se-poser-dacheter-salon-de-jardin-design\/1377-2\/#primaryimage\"},\"datePublished\":\"2018-07-24T13:21:02+00:00\",\"dateModified\":\"2018-07-24T13:52:12+00:00\",\"description\":\"Je suis a la recherche d'un salon de jardin moderne, automatiquement je pense \u00e0 Ikea. Mais est-ce que c'est une bonne chose ? On analyse \u00e7a pour vous.\",\"breadcrumb\":{\"@id\":\"https:\/\/delormdesign.com\/blog\/questions-se-poser-dacheter-salon-de-jardin-design\/1377-2\/#breadcrumb\"},\"inLanguage\":\"fr-FR\",\"potentialAction\":[{\"@type\":\"ReadAction\",\"target\":[\"https:\/\/delormdesign.com\/blog\/questions-se-poser-dacheter-salon-de-jardin-design\/1377-2\/\"]}]},{\"@type\":\"BreadcrumbList\",\"@id\":\"https:\/\/delormdesign.com\/blog\/questions-se-poser-dacheter-salon-de-jardin-design\/1377-2\/#breadcrumb\",\"itemListElement\":[{\"@type\":\"ListItem\",\"position\":1,\"name\":\"Accueil\",\"item\":\"https:\/\/delormdesign.com\/blog\/\"},{\"@type\":\"ListItem\",\"position\":2,\"name\":\"Quelles questions se poser avant d\u2019acheter un salon de jardin design ?\",\"item\":\"https:\/\/delormdesign.com\/blog\/questions-se-poser-dacheter-salon-de-jardin-design\/\"},{\"@type\":\"ListItem\",\"position\":3,\"name\":\"Les avantages et les inconv\u00e9nients d\u2019acheter un salon de jardin moderne chez Ikea ?\"}]}]}<\/script>\n<!-- \/ Yoast SEO plugin. -->","yoast_head_json":{"title":"Les avantages et les inconv\u00e9nients d\u2019acheter un salon de jardin moderne chez Ikea ? &bull; Blog Design Jardin &amp; Int\u00e9rieur | Tendance D\u00e9co","description":"Je suis a la recherche d'un salon de jardin moderne, automatiquement je pense \u00e0 Ikea. Mais est-ce que c'est une bonne chose ? On analyse \u00e7a pour vous.","robots":{"index":"index","follow":"follow","max-snippet":"max-snippet:-1","max-image-preview":"max-image-preview:large","max-video-preview":"max-video-preview:-1"},"canonical":"https:\/\/delormdesign.com\/blog\/questions-se-poser-dacheter-salon-de-jardin-design\/1377-2\/","og_locale":"fr_FR","og_type":"article","og_title":"Les avantages et les inconv\u00e9nients d\u2019acheter un salon de jardin moderne chez Ikea ? &bull; Blog Design Jardin &amp; Int\u00e9rieur | Tendance D\u00e9co","og_description":"Je suis a la recherche d'un salon de jardin moderne, automatiquement je pense \u00e0 Ikea. Mais est-ce que c'est une bonne chose ? On analyse \u00e7a pour vous.","og_url":"https:\/\/delormdesign.com\/blog\/questions-se-poser-dacheter-salon-de-jardin-design\/1377-2\/","og_site_name":"Blog Design Jardin &amp; Int\u00e9rieur | Tendance D\u00e9co","article_publisher":"https:\/\/www.facebook.com\/delormdesign\/","article_modified_time":"2018-07-24T13:52:12+00:00","og_image":[{"url":"https:\/\/delormdesign.com\/blog\/wp-content\/uploads\/2018\/07\/salon-de-jardin-design-en-solde-300x199.jpg"}],"twitter_card":"summary","twitter_misc":{"Est. reading time":"5 minutes"},"schema":{"@context":"https:\/\/schema.org","@graph":[{"@type":"WebSite","@id":"https:\/\/delormdesign.com\/blog\/#website","url":"https:\/\/delormdesign.com\/blog\/","name":"Blog Design Jardin &amp; Int\u00e9rieur | Tendance D\u00e9co","description":"Jardin &amp; Int\u00e9rieur | Tendance D\u00e9co","potentialAction":[{"@type":"SearchAction","target":{"@type":"EntryPoint","urlTemplate":"https:\/\/delormdesign.com\/blog\/?s={search_term_string}"},"query-input":"required name=search_term_string"}],"inLanguage":"fr-FR"},{"@type":"ImageObject","inLanguage":"fr-FR","@id":"https:\/\/delormdesign.com\/blog\/questions-se-poser-dacheter-salon-de-jardin-design\/1377-2\/#primaryimage","url":"https:\/\/delormdesign.com\/blog\/wp-content\/uploads\/2018\/07\/salon-de-jardin-design-en-solde.jpg","contentUrl":"https:\/\/delormdesign.com\/blog\/wp-content\/uploads\/2018\/07\/salon-de-jardin-design-en-solde.jpg","width":1201,"height":797,"caption":"delorm-design-paraol"},{"@type":"WebPage","@id":"https:\/\/delormdesign.com\/blog\/questions-se-poser-dacheter-salon-de-jardin-design\/1377-2\/","url":"https:\/\/delormdesign.com\/blog\/questions-se-poser-dacheter-salon-de-jardin-design\/1377-2\/","name":"Les avantages et les inconv\u00e9nients d\u2019acheter un salon de jardin moderne chez Ikea ? &bull; Blog Design Jardin &amp; Int\u00e9rieur | Tendance D\u00e9co","isPartOf":{"@id":"https:\/\/delormdesign.com\/blog\/#website"},"primaryImageOfPage":{"@id":"https:\/\/delormdesign.com\/blog\/questions-se-poser-dacheter-salon-de-jardin-design\/1377-2\/#primaryimage"},"datePublished":"2018-07-24T13:21:02+00:00","dateModified":"2018-07-24T13:52:12+00:00","description":"Je suis a la recherche d'un salon de jardin moderne, automatiquement je pense \u00e0 Ikea. Mais est-ce que c'est une bonne chose ? On analyse \u00e7a pour vous.","breadcrumb":{"@id":"https:\/\/delormdesign.com\/blog\/questions-se-poser-dacheter-salon-de-jardin-design\/1377-2\/#breadcrumb"},"inLanguage":"fr-FR","potentialAction":[{"@type":"ReadAction","target":["https:\/\/delormdesign.com\/blog\/questions-se-poser-dacheter-salon-de-jardin-design\/1377-2\/"]}]},{"@type":"BreadcrumbList","@id":"https:\/\/delormdesign.com\/blog\/questions-se-poser-dacheter-salon-de-jardin-design\/1377-2\/#breadcrumb","itemListElement":[{"@type":"ListItem","position":1,"name":"Accueil","item":"https:\/\/delormdesign.com\/blog\/"},{"@type":"ListItem","position":2,"name":"Quelles questions se poser avant d\u2019acheter un salon de jardin design ?","item":"https:\/\/delormdesign.com\/blog\/questions-se-poser-dacheter-salon-de-jardin-design\/"},{"@type":"ListItem","position":3,"name":"Les avantages et les inconv\u00e9nients d\u2019acheter un salon de jardin moderne chez Ikea ?"}]}]}},"amp_enabled":true,"_links":{"self":[{"href":"https:\/\/delormdesign.com\/blog\/wp-json\/wp\/v2\/pages\/1377"}],"collection":[{"href":"https:\/\/delormdesign.com\/blog\/wp-json\/wp\/v2\/pages"}],"about":[{"href":"https:\/\/delormdesign.com\/blog\/wp-json\/wp\/v2\/types\/page"}],"author":[{"embeddable":true,"href":"https:\/\/delormdesign.com\/blog\/wp-json\/wp\/v2\/users\/12"}],"replies":[{"embeddable":true,"href":"https:\/\/delormdesign.com\/blog\/wp-json\/wp\/v2\/comments?post=1377"}],"version-history":[{"count":0,"href":"https:\/\/delormdesign.com\/blog\/wp-json\/wp\/v2\/pages\/1377\/revisions"}],"up":[{"embeddable":true,"href":"https:\/\/delormdesign.com\/blog\/wp-json\/wp\/v2\/pages\/1369"}],"wp:attachment":[{"href":"https:\/\/delormdesign.com\/blog\/wp-json\/wp\/v2\/media?parent=1377"}],"wp:term":[{"taxonomy":"category","embeddable":true,"href":"https:\/\/delormdesign.com\/blog\/wp-json\/wp\/v2\/categories?post=1377"},{"taxonomy":"post_tag","embeddable":true,"href":"https:\/\/delormdesign.com\/blog\/wp-json\/wp\/v2\/tags?post=1377"}],"curies":[{"name":"wp","href":"https:\/\/api.w.org\/{rel}","templated":true}]}}