{"id":1380,"date":"2018-07-24T13:37:48","date_gmt":"2018-07-24T13:37:48","guid":{"rendered":"https:\/\/delormdesign.com\/blog\/?page_id=1380"},"modified":"2018-07-24T13:53:01","modified_gmt":"2018-07-24T13:53:01","slug":"avantages-inconvenients-dacheter-salon-de-jardin-design-chez-ikea","status":"publish","type":"page","link":"https:\/\/delormdesign.com\/blog\/questions-se-poser-dacheter-salon-de-jardin-design\/avantages-inconvenients-dacheter-salon-de-jardin-design-chez-ikea\/","title":{"rendered":"Le roi du mobilier de jardin design espagnol : l\u2019incontournable Kettal"},"content":{"rendered":"<p>Aujourd\u2019hui on ne peut pas parler de <strong>mobilier de jardin design espagnol<\/strong> ou en g\u00e9n\u00e9ral sans parler de la marque espagnole Kettal. <strong>Kettal<\/strong> est le leader mondial du mobilier outdoor design. La marque espagnole poss\u00e8de une renomm\u00e9e internationale bas\u00e9e sur des collections de mobilier de jardin cr\u00e9atives, fonctionnelles et r\u00e9solument tendances. Mais aussi sur un savoir faire m\u00ealant exigence et originalit\u00e9. Choisir Kettal pour son salon de jardin design, c\u2019est faire le choix d\u2019un salon de jardin design de haute qualit\u00e9, unique et ultra tendance.<\/p>\n<h2>L\u2019histoire d\u2019un pr\u00e9curseur<\/h2>\n<p><strong>Kettal<\/strong> est aujourd\u2019hui une r\u00e9f\u00e9rence mondiale du<strong> mobilier de jardin design<\/strong>. Mais en r\u00e9alit\u00e9 tout a commenc\u00e9 en 1966. Suite \u00e0 un voyage avec son p\u00e8re Manuel Alorda en Allemagne, les deux hommes tombent amoureux du mobilier de jardin qu\u2019ils rencontrent l\u00e0-bas. Tout de suite Manuel Alorda voit en ces meubles une r\u00e9elle opportunit\u00e9 en particulier pour son pays, l\u2019Espagne o\u00f9 le beau temps est de mise.<span class=\"Apple-converted-space\">\u00a0<\/span><\/p>\n<p>De retour en Espagne, il lance alors sa propre marque en 1966 \u00e0 Barcelone. C\u2019est la naissance de Kettal, il commencera par importer du mobilier venu d\u2019Allemagne de la marque Kettler. Fort de son succ\u00e8s par la suite, il va concevoir et fabriquer ses propres meubles en aluminium qu\u2019on appellera plus tard le<strong> \u00ab Outdoor \u00bb<\/strong>. Depuis, Kettal \u00e9dite et fabrique du mobilier d\u2019ext\u00e9rieur, des tables, des clubs, sofas, canap\u00e9s, chaises, chaises longues et fauteuils, mais \u00e9galement des accessoires comme des coussins ou parasols pour meubler votre jardin et votre terrasse. En Espagne, il fait fureur, c\u2019est l\u2019av\u00e8nement d\u2019une marque internationale dont le succ\u00e8s est id\u00e9niable.<\/p>\n<p>En 1994 Manuel Alorda choisi de commencer \u00e0 travailler en collaboration avec des designers de renoms, une id\u00e9es de g\u00e9nies. Depuis les collaborations, s\u2019encha\u00eenent et le succ\u00e8s ne fait que cro\u00eetre. Kettal collabore actuellement avec les designers internationaux les plus prestigieux : Patricia Urquiola, Ronan &amp; Erwan Bouroullec, Rodolfo Dordoni, Doshi Levien, Hella Jongerlius, Jasper Morrison, Michel Charlot et Emiliana Design studio. Cela a permis \u00e0 la marque de devenir un grand dans le milieu, depuis Kettal a une vocation internationale et mise d\u2019embl\u00e9e sur le design et l\u2019innovation.<\/p>\n<p>Au d\u00e9but des ann\u00e9es 2000, Kettal fait l&#8217;acquisition des marques Hugonet y Triconfort, devenir un groupe dont le nom est Kettal Group. Dans une perspective de d\u00e9veloppement international \u00e0 long terme, Kettal poss\u00e8de une usine de production \u00e0 Tarragone, et propose sept boutiques exclusives \u00e0 Barcelone, Marbella, Tarragone, Cannes, Paris, Londres et Miami. Riche, de son exp\u00e9rience et de son succ\u00e8s florissant, la marque est \u00e9galement distribu\u00e9e dans plus de 60 pays. En 2016, la marque f\u00eatait ses 50 ans de vie et de succ\u00e8s, et ce n\u2019est pas pr\u00eat de s\u2019arr\u00eater.<\/p>\n<h2><img loading=\"lazy\" class=\"wp-image-1189 aligncenter\" src=\"https:\/\/delormdesign.com\/blog\/wp-content\/uploads\/2018\/07\/acheter-canape-alinea-histoire-300x200.jpg\" alt=\"acheter un canap\u00e9 chez alin\u00e9a histoire de la bo\u00eete\" width=\"743\" height=\"495\" srcset=\"https:\/\/delormdesign.com\/blog\/wp-content\/uploads\/2018\/07\/acheter-canape-alinea-histoire-300x200.jpg 300w, https:\/\/delormdesign.com\/blog\/wp-content\/uploads\/2018\/07\/acheter-canape-alinea-histoire-768x512.jpg 768w, https:\/\/delormdesign.com\/blog\/wp-content\/uploads\/2018\/07\/acheter-canape-alinea-histoire-1024x683.jpg 1024w, https:\/\/delormdesign.com\/blog\/wp-content\/uploads\/2018\/07\/acheter-canape-alinea-histoire-940x627.jpg 940w\" sizes=\"(max-width: 743px) 100vw, 743px\" \/><\/h2>\n<h2>Produit : le mobilier de jardin design espagnol d\u2019excellence<\/h2>\n<p>Voil\u00e0 52 ans en 2018 que Kettal confectionne du<strong> mobilier ext\u00e9rieur dit \u00ab outdoor \u00bb<\/strong>. Bien que connaissant un succ\u00e8s mondial, la marque ne reste pas sur ses acquis. Au contraire elle les utilise pour toujours proposer des produits \u00e0 la fois<strong> beaux, qualitatifs, et originals<\/strong>.<\/p>\n<h3>La partie prix de Kettal : l\u2019excellence<\/h3>\n<p>Kettal pour ses produits allant <strong>des tables, des clubs, sofas, canap\u00e9s, chaises et fauteuils d&#8217;ext\u00e9rieurs jusqu\u2019aux accessoires comme des coussins ou parasols,<\/strong> a choisi une ADN bien \u00e0 eux. Face \u00e0 ses concurrents comme Tresi ou Unopi\u00f9, le leader espagnol fait le choix de l&#8217; atemporel, fonctionnel et expressif. Kettal poss\u00e8de une culture contemporaine r\u00e9solument design. Cette culture se veut apporter une r\u00e9ponse aux nouveaux besoins de la vie actuelle et aux \u00e9volutions comportementales des consommateurs. Fond\u00e9e sur un m\u00e9lange de cr\u00e9ativit\u00e9, personnalisation, innovation et une production moderne, Kettal se d\u00e9veloppe et se renouvelle constamment.<\/p>\n<h3><img loading=\"lazy\" class=\"wp-image-1375 aligncenter\" src=\"https:\/\/delormdesign.com\/blog\/wp-content\/uploads\/2018\/07\/sonnie-hiles-489078-unsplash-200x300.jpg\" alt=\"salon-jardin-tr\u00e9ss\u00e9e-design-table-chaise\" width=\"327\" height=\"491\" srcset=\"https:\/\/delormdesign.com\/blog\/wp-content\/uploads\/2018\/07\/sonnie-hiles-489078-unsplash-200x300.jpg 200w, https:\/\/delormdesign.com\/blog\/wp-content\/uploads\/2018\/07\/sonnie-hiles-489078-unsplash-768x1152.jpg 768w, https:\/\/delormdesign.com\/blog\/wp-content\/uploads\/2018\/07\/sonnie-hiles-489078-unsplash-683x1024.jpg 683w, https:\/\/delormdesign.com\/blog\/wp-content\/uploads\/2018\/07\/sonnie-hiles-489078-unsplash-940x1410.jpg 940w\" sizes=\"(max-width: 327px) 100vw, 327px\" \/><\/h3>\n<h3>Une fabrication europ\u00e9enne assum\u00e9e<\/h3>\n<p>Depuis ses d\u00e9buts en 1966, ann\u00e9e de sa cr\u00e9ation, l\u2019entreprise familiale Kettal n\u00e9e \u00e0 Barcelone est \u00e9tablie en Europe. Malgr\u00e9 le succ\u00e8s de la marque, les dirigeants de Kettal n\u2019ont jamais d\u00e9localis\u00e9 la production. En effet, actuellement, l\u2019ensemble des produits de leur catalogue sont con\u00e7us et fabriqu\u00e9s de A \u00e0 Z dans l\u2019usine de la marque. Cette usine se situe dans un village du littoral barcelonais. Cette fabrication europ\u00e9enne garantie une haute qualit\u00e9 des produits vendus par la marque. Ils sont bien sur, soumis aux normes de contr\u00f4le europ\u00e9ennes qui leur permettent de garantir des produits fr\u00f4lant la perfection. Dans un second temps, la proximit\u00e9 de l\u2019usine permet \u00e0 la marque de proposer un service de personnification. Ainsi chaque <strong>meuble de jardin design<\/strong> devenant ainsi unique et exclusif.<\/p>\n<h3>L\u2019environnement une grande pr\u00e9occupation pour Kettal<\/h3>\n<p>Kettal se distingue \u00e9galement sur le march\u00e9 par son <strong>engagement \u00e9cologique<\/strong>. Cette volont\u00e9 s&#8217;inscrit au c\u0153ur m\u00eame de la philosophie de Kettal. Cela s\u2019illustre dans le d\u00e9veloppement de produits respectueux de l\u2019environnement. Par exemple avec l\u2019utilisation de peintures 100 % non-polluantes, \u00e9cologiques et recyclables. De m\u00eame, les bois constituant les meubles sont \u00e9cologiques et recyclables et sont prot\u00e9g\u00e9s gr\u00e2ce au certificat Perhutani. Le choix d\u2019une production locale est aussi une action \u00e9cologique car elle r\u00e9duit consid\u00e9rablement les impacts environnementaux li\u00e9s aux transports.<\/p>\n<p>Pour en savoir plus sur ce sujet lisez aussi :<\/p>\n<ul>\n<li><a href=\"https:\/\/delormdesign.com\/blog\/questions-se-poser-dacheter-salon-de-jardin-design\/\"><strong>Quelles questions se poser avant d&#8217;acheter un salon de jardin design ?<\/strong><\/a><\/li>\n<li><a href=\"https:\/\/delormdesign.com\/blog\/questions-se-poser-dacheter-salon-de-jardin-design\/1377-2\/\"><strong>Les avantages et les inconv\u00e9nients d\u2019acheter un salon de jardin moderne chez Ikea ?<\/strong><\/a><\/li>\n<li><strong><a href=\"https:\/\/delormdesign.com\/blog\/questions-se-poser-dacheter-salon-de-jardin-design\/1385-2\/\">Zoom sur la tendance de la r\u00e9sine tress\u00e9e pour un salon de jardin haute gamme<\/a><\/strong><\/li>\n<\/ul>\n","protected":false},"excerpt":{"rendered":"<p>Aujourd\u2019hui on ne peut pas parler de mobilier de jardin design espagnol ou en g\u00e9n\u00e9ral sans parler de la marque espagnole Kettal. Kettal est le leader mondial du mobilier outdoor design. La marque espagnole poss\u00e8de une renomm\u00e9e internationale bas\u00e9e sur des collections de mobilier de jardin cr\u00e9atives, fonctionnelles et r\u00e9solument tendances. Mais aussi sur un [&hellip;]<\/p>\n","protected":false},"author":12,"featured_media":0,"parent":1369,"menu_order":0,"comment_status":"closed","ping_status":"closed","template":"","meta":[],"categories":[],"tags":[],"yoast_head":"<!-- This site is optimized with the Yoast SEO plugin v19.3 - https:\/\/yoast.com\/wordpress\/plugins\/seo\/ -->\n<title>Le roi du mobilier de jardin design espagnol : l\u2019incontournable Kettal &bull; Blog Design Jardin &amp; Int\u00e9rieur | Tendance D\u00e9co<\/title>\n<meta name=\"description\" content=\"Aujourd\u2019hui on ne peut pas parler de mobilier de jardin design espagnol sans parler de la c\u00e9l\u00e8bre marque espagnole Kettal.\" \/>\n<meta name=\"robots\" content=\"index, follow, max-snippet:-1, max-image-preview:large, max-video-preview:-1\" \/>\n<link rel=\"canonical\" href=\"https:\/\/delormdesign.com\/blog\/questions-se-poser-dacheter-salon-de-jardin-design\/avantages-inconvenients-dacheter-salon-de-jardin-design-chez-ikea\/\" \/>\n<meta property=\"og:locale\" content=\"fr_FR\" \/>\n<meta property=\"og:type\" content=\"article\" \/>\n<meta property=\"og:title\" content=\"Le roi du mobilier de jardin design espagnol : l\u2019incontournable Kettal &bull; Blog Design Jardin &amp; Int\u00e9rieur | Tendance D\u00e9co\" \/>\n<meta property=\"og:description\" content=\"Aujourd\u2019hui on ne peut pas parler de mobilier de jardin design espagnol sans parler de la c\u00e9l\u00e8bre marque espagnole Kettal.\" \/>\n<meta property=\"og:url\" content=\"https:\/\/delormdesign.com\/blog\/questions-se-poser-dacheter-salon-de-jardin-design\/avantages-inconvenients-dacheter-salon-de-jardin-design-chez-ikea\/\" \/>\n<meta property=\"og:site_name\" content=\"Blog Design Jardin &amp; Int\u00e9rieur | Tendance D\u00e9co\" \/>\n<meta property=\"article:publisher\" content=\"https:\/\/www.facebook.com\/delormdesign\/\" \/>\n<meta property=\"article:modified_time\" content=\"2018-07-24T13:53:01+00:00\" \/>\n<meta property=\"og:image\" content=\"https:\/\/delormdesign.com\/blog\/wp-content\/uploads\/2018\/07\/acheter-canape-alinea-histoire-300x200.jpg\" \/>\n<meta name=\"twitter:card\" content=\"summary\" \/>\n<meta name=\"twitter:label1\" content=\"Est. reading time\" \/>\n\t<meta name=\"twitter:data1\" content=\"5 minutes\" \/>\n<script type=\"application\/ld+json\" class=\"yoast-schema-graph\">{\"@context\":\"https:\/\/schema.org\",\"@graph\":[{\"@type\":\"WebSite\",\"@id\":\"https:\/\/delormdesign.com\/blog\/#website\",\"url\":\"https:\/\/delormdesign.com\/blog\/\",\"name\":\"Blog Design Jardin &amp; Int\u00e9rieur | Tendance D\u00e9co\",\"description\":\"Jardin &amp; Int\u00e9rieur | Tendance D\u00e9co\",\"potentialAction\":[{\"@type\":\"SearchAction\",\"target\":{\"@type\":\"EntryPoint\",\"urlTemplate\":\"https:\/\/delormdesign.com\/blog\/?s={search_term_string}\"},\"query-input\":\"required name=search_term_string\"}],\"inLanguage\":\"fr-FR\"},{\"@type\":\"ImageObject\",\"inLanguage\":\"fr-FR\",\"@id\":\"https:\/\/delormdesign.com\/blog\/questions-se-poser-dacheter-salon-de-jardin-design\/avantages-inconvenients-dacheter-salon-de-jardin-design-chez-ikea\/#primaryimage\",\"url\":\"https:\/\/delormdesign.com\/blog\/wp-content\/uploads\/2018\/07\/acheter-canape-alinea-histoire.jpg\",\"contentUrl\":\"https:\/\/delormdesign.com\/blog\/wp-content\/uploads\/2018\/07\/acheter-canape-alinea-histoire.jpg\",\"width\":2560,\"height\":1707,\"caption\":\"acheter un canap\u00e9 chez alin\u00e9a histoire de la bo\u00eete\"},{\"@type\":\"WebPage\",\"@id\":\"https:\/\/delormdesign.com\/blog\/questions-se-poser-dacheter-salon-de-jardin-design\/avantages-inconvenients-dacheter-salon-de-jardin-design-chez-ikea\/\",\"url\":\"https:\/\/delormdesign.com\/blog\/questions-se-poser-dacheter-salon-de-jardin-design\/avantages-inconvenients-dacheter-salon-de-jardin-design-chez-ikea\/\",\"name\":\"Le roi du mobilier de jardin design espagnol : l\u2019incontournable Kettal &bull; Blog Design Jardin &amp; Int\u00e9rieur | Tendance D\u00e9co\",\"isPartOf\":{\"@id\":\"https:\/\/delormdesign.com\/blog\/#website\"},\"primaryImageOfPage\":{\"@id\":\"https:\/\/delormdesign.com\/blog\/questions-se-poser-dacheter-salon-de-jardin-design\/avantages-inconvenients-dacheter-salon-de-jardin-design-chez-ikea\/#primaryimage\"},\"datePublished\":\"2018-07-24T13:37:48+00:00\",\"dateModified\":\"2018-07-24T13:53:01+00:00\",\"description\":\"Aujourd\u2019hui on ne peut pas parler de mobilier de jardin design espagnol sans parler de la c\u00e9l\u00e8bre marque espagnole Kettal.\",\"breadcrumb\":{\"@id\":\"https:\/\/delormdesign.com\/blog\/questions-se-poser-dacheter-salon-de-jardin-design\/avantages-inconvenients-dacheter-salon-de-jardin-design-chez-ikea\/#breadcrumb\"},\"inLanguage\":\"fr-FR\",\"potentialAction\":[{\"@type\":\"ReadAction\",\"target\":[\"https:\/\/delormdesign.com\/blog\/questions-se-poser-dacheter-salon-de-jardin-design\/avantages-inconvenients-dacheter-salon-de-jardin-design-chez-ikea\/\"]}]},{\"@type\":\"BreadcrumbList\",\"@id\":\"https:\/\/delormdesign.com\/blog\/questions-se-poser-dacheter-salon-de-jardin-design\/avantages-inconvenients-dacheter-salon-de-jardin-design-chez-ikea\/#breadcrumb\",\"itemListElement\":[{\"@type\":\"ListItem\",\"position\":1,\"name\":\"Accueil\",\"item\":\"https:\/\/delormdesign.com\/blog\/\"},{\"@type\":\"ListItem\",\"position\":2,\"name\":\"Quelles questions se poser avant d\u2019acheter un salon de jardin design ?\",\"item\":\"https:\/\/delormdesign.com\/blog\/questions-se-poser-dacheter-salon-de-jardin-design\/\"},{\"@type\":\"ListItem\",\"position\":3,\"name\":\"Le roi du mobilier de jardin design espagnol : l\u2019incontournable Kettal\"}]}]}<\/script>\n<!-- \/ Yoast SEO plugin. -->","yoast_head_json":{"title":"Le roi du mobilier de jardin design espagnol : l\u2019incontournable Kettal &bull; Blog Design Jardin &amp; Int\u00e9rieur | Tendance D\u00e9co","description":"Aujourd\u2019hui on ne peut pas parler de mobilier de jardin design espagnol sans parler de la c\u00e9l\u00e8bre marque espagnole Kettal.","robots":{"index":"index","follow":"follow","max-snippet":"max-snippet:-1","max-image-preview":"max-image-preview:large","max-video-preview":"max-video-preview:-1"},"canonical":"https:\/\/delormdesign.com\/blog\/questions-se-poser-dacheter-salon-de-jardin-design\/avantages-inconvenients-dacheter-salon-de-jardin-design-chez-ikea\/","og_locale":"fr_FR","og_type":"article","og_title":"Le roi du mobilier de jardin design espagnol : l\u2019incontournable Kettal &bull; Blog Design Jardin &amp; Int\u00e9rieur | Tendance D\u00e9co","og_description":"Aujourd\u2019hui on ne peut pas parler de mobilier de jardin design espagnol sans parler de la c\u00e9l\u00e8bre marque espagnole Kettal.","og_url":"https:\/\/delormdesign.com\/blog\/questions-se-poser-dacheter-salon-de-jardin-design\/avantages-inconvenients-dacheter-salon-de-jardin-design-chez-ikea\/","og_site_name":"Blog Design Jardin &amp; Int\u00e9rieur | Tendance D\u00e9co","article_publisher":"https:\/\/www.facebook.com\/delormdesign\/","article_modified_time":"2018-07-24T13:53:01+00:00","og_image":[{"url":"https:\/\/delormdesign.com\/blog\/wp-content\/uploads\/2018\/07\/acheter-canape-alinea-histoire-300x200.jpg"}],"twitter_card":"summary","twitter_misc":{"Est. reading time":"5 minutes"},"schema":{"@context":"https:\/\/schema.org","@graph":[{"@type":"WebSite","@id":"https:\/\/delormdesign.com\/blog\/#website","url":"https:\/\/delormdesign.com\/blog\/","name":"Blog Design Jardin &amp; Int\u00e9rieur | Tendance D\u00e9co","description":"Jardin &amp; Int\u00e9rieur | Tendance D\u00e9co","potentialAction":[{"@type":"SearchAction","target":{"@type":"EntryPoint","urlTemplate":"https:\/\/delormdesign.com\/blog\/?s={search_term_string}"},"query-input":"required name=search_term_string"}],"inLanguage":"fr-FR"},{"@type":"ImageObject","inLanguage":"fr-FR","@id":"https:\/\/delormdesign.com\/blog\/questions-se-poser-dacheter-salon-de-jardin-design\/avantages-inconvenients-dacheter-salon-de-jardin-design-chez-ikea\/#primaryimage","url":"https:\/\/delormdesign.com\/blog\/wp-content\/uploads\/2018\/07\/acheter-canape-alinea-histoire.jpg","contentUrl":"https:\/\/delormdesign.com\/blog\/wp-content\/uploads\/2018\/07\/acheter-canape-alinea-histoire.jpg","width":2560,"height":1707,"caption":"acheter un canap\u00e9 chez alin\u00e9a histoire de la bo\u00eete"},{"@type":"WebPage","@id":"https:\/\/delormdesign.com\/blog\/questions-se-poser-dacheter-salon-de-jardin-design\/avantages-inconvenients-dacheter-salon-de-jardin-design-chez-ikea\/","url":"https:\/\/delormdesign.com\/blog\/questions-se-poser-dacheter-salon-de-jardin-design\/avantages-inconvenients-dacheter-salon-de-jardin-design-chez-ikea\/","name":"Le roi du mobilier de jardin design espagnol : l\u2019incontournable Kettal &bull; Blog Design Jardin &amp; Int\u00e9rieur | Tendance D\u00e9co","isPartOf":{"@id":"https:\/\/delormdesign.com\/blog\/#website"},"primaryImageOfPage":{"@id":"https:\/\/delormdesign.com\/blog\/questions-se-poser-dacheter-salon-de-jardin-design\/avantages-inconvenients-dacheter-salon-de-jardin-design-chez-ikea\/#primaryimage"},"datePublished":"2018-07-24T13:37:48+00:00","dateModified":"2018-07-24T13:53:01+00:00","description":"Aujourd\u2019hui on ne peut pas parler de mobilier de jardin design espagnol sans parler de la c\u00e9l\u00e8bre marque espagnole Kettal.","breadcrumb":{"@id":"https:\/\/delormdesign.com\/blog\/questions-se-poser-dacheter-salon-de-jardin-design\/avantages-inconvenients-dacheter-salon-de-jardin-design-chez-ikea\/#breadcrumb"},"inLanguage":"fr-FR","potentialAction":[{"@type":"ReadAction","target":["https:\/\/delormdesign.com\/blog\/questions-se-poser-dacheter-salon-de-jardin-design\/avantages-inconvenients-dacheter-salon-de-jardin-design-chez-ikea\/"]}]},{"@type":"BreadcrumbList","@id":"https:\/\/delormdesign.com\/blog\/questions-se-poser-dacheter-salon-de-jardin-design\/avantages-inconvenients-dacheter-salon-de-jardin-design-chez-ikea\/#breadcrumb","itemListElement":[{"@type":"ListItem","position":1,"name":"Accueil","item":"https:\/\/delormdesign.com\/blog\/"},{"@type":"ListItem","position":2,"name":"Quelles questions se poser avant d\u2019acheter un salon de jardin design ?","item":"https:\/\/delormdesign.com\/blog\/questions-se-poser-dacheter-salon-de-jardin-design\/"},{"@type":"ListItem","position":3,"name":"Le roi du mobilier de jardin design espagnol : l\u2019incontournable Kettal"}]}]}},"amp_enabled":true,"_links":{"self":[{"href":"https:\/\/delormdesign.com\/blog\/wp-json\/wp\/v2\/pages\/1380"}],"collection":[{"href":"https:\/\/delormdesign.com\/blog\/wp-json\/wp\/v2\/pages"}],"about":[{"href":"https:\/\/delormdesign.com\/blog\/wp-json\/wp\/v2\/types\/page"}],"author":[{"embeddable":true,"href":"https:\/\/delormdesign.com\/blog\/wp-json\/wp\/v2\/users\/12"}],"replies":[{"embeddable":true,"href":"https:\/\/delormdesign.com\/blog\/wp-json\/wp\/v2\/comments?post=1380"}],"version-history":[{"count":1,"href":"https:\/\/delormdesign.com\/blog\/wp-json\/wp\/v2\/pages\/1380\/revisions"}],"predecessor-version":[{"id":3255,"href":"https:\/\/delormdesign.com\/blog\/wp-json\/wp\/v2\/pages\/1380\/revisions\/3255"}],"up":[{"embeddable":true,"href":"https:\/\/delormdesign.com\/blog\/wp-json\/wp\/v2\/pages\/1369"}],"wp:attachment":[{"href":"https:\/\/delormdesign.com\/blog\/wp-json\/wp\/v2\/media?parent=1380"}],"wp:term":[{"taxonomy":"category","embeddable":true,"href":"https:\/\/delormdesign.com\/blog\/wp-json\/wp\/v2\/categories?post=1380"},{"taxonomy":"post_tag","embeddable":true,"href":"https:\/\/delormdesign.com\/blog\/wp-json\/wp\/v2\/tags?post=1380"}],"curies":[{"name":"wp","href":"https:\/\/api.w.org\/{rel}","templated":true}]}}