{"id":1401,"date":"2018-07-25T14:10:04","date_gmt":"2018-07-25T14:10:04","guid":{"rendered":"https:\/\/delormdesign.com\/blog\/?page_id=1401"},"modified":"2023-09-20T14:15:14","modified_gmt":"2023-09-20T14:15:14","slug":"canape-3-places-relooker","status":"publish","type":"page","link":"https:\/\/delormdesign.com\/blog\/canape-tissu\/canape-3-places-relooker\/","title":{"rendered":"canap\u00e9 3 places : Comment le relooker ?"},"content":{"rendered":"<p>Vous vous lassez du look de votre canap\u00e9 3 places. Vous \u00eates chanceux aujourd&#8217;hui, on vous livre nos astuces pour lui faire un nouveau look pour une nouvelle vie. Lancez-vous, testez ces id\u00e9es pour que votre divan 3 places fasse peau neuve.<\/p>\n<h2>Recouvrir son canap\u00e9 3 places<\/h2>\n<p>Votre divan fait la tronche. Il est ab\u00eem\u00e9 de partout et a d\u00e9finitivement perdu son charme. Choisissez de le recouvrir. Avec un plaid, un drap, une cover, ou du lin, peu importe vous ne le reconna\u00eetrez plus et pour votre plus grand bonheur.<\/p>\n<h3>Disposer un plaid<\/h3>\n<p>Vous poss\u00e9dez un vieux divan 3 places d\u00e9chir\u00e9, d\u00e9fra\u00eechi ou parsem\u00e9 de taches ind\u00e9l\u00e9biles, mais vous ne voulez pas vous en s\u00e9parer. Alors recouvrez l\u2019ensemble de ce canap\u00e9 droit dont le cuir est en piteux \u00e9tat par exemple de plaids. Le plaid est en plus d\u2019\u00eatre un super accessoire pour dissimuler les effets d&#8217;ann\u00e9es qui d\u00e9filent, un l&#8217;accessoire de d\u00e9coration ultra tendance et tout doux. Vous pourrez placer le plaid sur l\u2019ensemble de la largeur de l\u2019assise ou juste le d\u00e9poser sur un accoudoir. Peu importe, il donnera instantan\u00e9ment un c\u00f4t\u00e9 chaleureux \u00e0 votre assise en cuir ou autre et il sera disponible en cas de fra\u00eeche soir\u00e9e d\u2019hiver pour s\u2019y blottir.<\/p>\n<h3>Recouvrir le canap\u00e9 de tissu, d&#8217;un drap ou d&#8217;un sofa cover<\/h3>\n<p>C&#8217;est une astuce qui sert d\u2019alternative \u00e0 celle du plaid. On vous conseil le tissu d\u2019ameublement celui-ci sera parfait pour recouvrir l\u2019int\u00e9gralit\u00e9 de votre vieux divan 3 places, afin de cacher tout ses petits d\u00e9fauts. Le tissu d\u2019ameublement est vendu dans des magasins de tissu et est ultra \u00e9conomique. Encore plus \u00e9conomique le drap vous payerez \u00e7a un rien et il recouvrira \u00e0 merveille un canap\u00e9 convertible tr\u00e8s us\u00e9 ou le matelas d&#8217;une banquette. Enfin la sofa cover est une extension du canap\u00e9 droit qui s\u2019installe sur l\u2019assise sur toute la largeur et la profondeur du canap\u00e9 droit 3 places, misez sur une avec des motifs pops, un effet de dingue garanti.<\/p>\n<p>Pratique et \u00e9conomique. Le tissu d\u2019ameublement, le cover et le drap vous permettront de changer r\u00e9guli\u00e8rement la d\u00e9co de votre canap\u00e9 3 places pour une modique somme. Enfin, ces mati\u00e8res se lavent facilement vous ne craindrez plus la t\u00e2che fatale pour votre canap\u00e9 en tissu.<\/p>\n<p>&nbsp;<\/p>\n<h3>&nbsp; &nbsp; &nbsp; &nbsp; &nbsp; &nbsp;<img loading=\"lazy\" class=\"alignnone wp-image-1414\" src=\"https:\/\/delormdesign.com\/blog\/wp-content\/uploads\/2018\/07\/jon-tyson-512325-unsplash-225x300.png\" alt=\"salon-canap\u00e9-trois-places-plaid-cuir-peau\" width=\"362\" height=\"483\" srcset=\"https:\/\/delormdesign.com\/blog\/wp-content\/uploads\/2018\/07\/jon-tyson-512325-unsplash-225x300.png 225w, https:\/\/delormdesign.com\/blog\/wp-content\/uploads\/2018\/07\/jon-tyson-512325-unsplash-768x1024.png 768w, https:\/\/delormdesign.com\/blog\/wp-content\/uploads\/2018\/07\/jon-tyson-512325-unsplash-940x1253.png 940w\" sizes=\"(max-width: 362px) 100vw, 362px\" \/>&nbsp;&nbsp;<img loading=\"lazy\" class=\"alignnone wp-image-1413\" src=\"https:\/\/delormdesign.com\/blog\/wp-content\/uploads\/2018\/07\/jacek-dylag-564503-unsplash-200x300.jpg\" alt=\"salon-canap\u00e9-trois-places-plaid-gueridon\" width=\"318\" height=\"476\" srcset=\"https:\/\/delormdesign.com\/blog\/wp-content\/uploads\/2018\/07\/jacek-dylag-564503-unsplash-200x300.jpg 200w, https:\/\/delormdesign.com\/blog\/wp-content\/uploads\/2018\/07\/jacek-dylag-564503-unsplash-768x1152.jpg 768w, https:\/\/delormdesign.com\/blog\/wp-content\/uploads\/2018\/07\/jacek-dylag-564503-unsplash-683x1024.jpg 683w, https:\/\/delormdesign.com\/blog\/wp-content\/uploads\/2018\/07\/jacek-dylag-564503-unsplash-940x1410.jpg 940w\" sizes=\"(max-width: 318px) 100vw, 318px\" \/><\/h3>\n<h3><\/h3>\n<h3>Recouvrir son canap\u00e9 3 places de lin<\/h3>\n<p>En ce plein \u00e9t\u00e9, le lin d\u00e9tr\u00f4ne le roi de l\u2019hiver le plaid. C\u2019est la mati\u00e8re tendance du moment pour habiller votre int\u00e9rieur : le lin est \u00e0 adopter sur tous les produits, pour apporter douceur, confort et charme \u00e0 vos sofas en cuir en tissu. Avec son c\u00f4t\u00e9 froiss\u00e9 et ses couleurs d\u00e9licates, il sera une belle mati\u00e8re pour habiller votre assise. Si vous voulez en acheter rien de plus facile, il en est vendu partout et \u00e0 des prix abordables.<\/p>\n<h2>Changez les pieds du canap\u00e9 3 places<\/h2>\n<p>On y pense peu, mais souvent un petit d\u00e9tail change tout. Changer les pieds de son divan est en r\u00e9alit\u00e9 un super moyen de redonner un coup de peps \u00e0 son vieux sofa. Pour une allure contemporaine chic optez pour des pieds en m\u00e9tal pour ramener fraicheur et peps bannissez le gris pour des couleurs vives par exemple. Vous en trouverez pour un prix mini, \u00e0 partir de 5 euro dans les magasins de bricolage ou en ligne. Vous pouvez aussi tenter d&#8217;\u00eatre un vrai dur \u00e0 cuire et de faire un DIY pour cr\u00e9er vos propres pieds de canap\u00e9 droit en vous inspirant de tutos qui fleurissent en ligne sur les blogs.<\/p>\n<h2>Accumulez des coussins \u00e0 foison<\/h2>\n<p>Les coussins sont les premiers \u00e9l\u00e9ments d\u00e9co qui vont donner une autre dimension \u00e0 votre canap\u00e9 3 places. Sur un mod\u00e8le aux tons neutres, vous apporterez du peps avec quelques coussins de couleurs vives. Si vous souhaitez rester dans les m\u00eames coloris, vous pouvez ajouter des coussins imprim\u00e9s graphiques avec des lignes dans les m\u00eames tons. \u00c0 vous de choisir ensuite leurs tailles, leurs formes, leurs nombres et leurs dispositions. L&#8217;avantage avec ces accessoires, c&#8217;est qu&#8217;ils permettent de transformer votre canap\u00e9 droit convertible au gr\u00e9 du temps et de vos envies d\u00e9co.<\/p>\n<p>Le plus int\u00e9ressant est de jouer le jeu \u00e0 fond, tout est dans l\u2019accumulation. Votre canap\u00e9 3 places doit presque dispara\u00eetre sous vos coussins. De plus, les coussins apportent une ambiance chaleureuse et conviviale. Vous pourrez trouver en ligne sur Pinterest de multiple inspirations d\u2019accumulations de coussins. Acheter quelques coussins n\u2019a pas un prix tr\u00e8s \u00e9lev\u00e9. Surtout car d\u2019autant \u00e9tant vendus absolument partout il y en a tous les prix donc pour tous les budgets.<\/p>\n<h2>Habillez l\u2019espace autour de votre canap\u00e9 3 places<\/h2>\n<h3>Disposez un bout de canap\u00e9<\/h3>\n<p>En plus d\u2019ajouter un rangement \u00e0 proximit\u00e9 de votre salon, un bout de canap\u00e9 est tr\u00e8s d\u00e9coratif. \u00c0 vous de choisir le style du bout de canap\u00e9 droit convertible, vous avez le choix : contemporain, vintage, design, scandinave\u2026 Le mieux est de choisir une pi\u00e8ce unique qui redonnera du caract\u00e8re et de la personnalit\u00e9 a votre ancien sofa. Pour dynamiser davantage le d\u00e9cor et sublimer votre sofa 3 places, craquez sur de la d\u00e9co a foison et placez quelques accessoires en tout genre sur votre nouveau gu\u00e9ridon.<span class=\"Apple-converted-space\">&nbsp;<\/span><\/p>\n<h3>Miser sur un tapis<\/h3>\n<p>Osez le tapis et encore mieux osez le tapis &#8220;peau de b\u00eate&#8221; ou graphique au pied du canap\u00e9. Un tapis extravagant donnera un aspect plus, mode a un banal canap\u00e9 droit en tissu gris. Votre divan convertible ou non sera toujours mis en valeur par un tapis install\u00e9 dans son prolongement qui donnera \u00e9l\u00e9gance et profondeur a votre coin canap. C&#8217;est un investissement qui a un certain prix tout de m\u00eame.<\/p>\n<h3><img loading=\"lazy\" class=\"wp-image-1420 aligncenter\" src=\"https:\/\/delormdesign.com\/blog\/wp-content\/uploads\/2018\/07\/andrew-spencer-690111-unsplash-225x300.jpg\" alt=\"salon-canap\u00e9-trois-places-plantes\" width=\"383\" height=\"511\" srcset=\"https:\/\/delormdesign.com\/blog\/wp-content\/uploads\/2018\/07\/andrew-spencer-690111-unsplash-225x300.jpg 225w, https:\/\/delormdesign.com\/blog\/wp-content\/uploads\/2018\/07\/andrew-spencer-690111-unsplash-768x1024.jpg 768w, https:\/\/delormdesign.com\/blog\/wp-content\/uploads\/2018\/07\/andrew-spencer-690111-unsplash-1152x1536.jpg 1152w, https:\/\/delormdesign.com\/blog\/wp-content\/uploads\/2018\/07\/andrew-spencer-690111-unsplash-1536x2048.jpg 1536w, https:\/\/delormdesign.com\/blog\/wp-content\/uploads\/2018\/07\/andrew-spencer-690111-unsplash-413x550.jpg 413w, https:\/\/delormdesign.com\/blog\/wp-content\/uploads\/2018\/07\/andrew-spencer-690111-unsplash-390x520.jpg 390w, https:\/\/delormdesign.com\/blog\/wp-content\/uploads\/2018\/07\/andrew-spencer-690111-unsplash-469x625.jpg 469w, https:\/\/delormdesign.com\/blog\/wp-content\/uploads\/2018\/07\/andrew-spencer-690111-unsplash-15x20.jpg 15w, https:\/\/delormdesign.com\/blog\/wp-content\/uploads\/2018\/07\/andrew-spencer-690111-unsplash-810x1080.jpg 810w, https:\/\/delormdesign.com\/blog\/wp-content\/uploads\/2018\/07\/andrew-spencer-690111-unsplash.jpg 1920w\" sizes=\"(max-width: 383px) 100vw, 383px\" \/><br \/>\nDes plantes partout, partout<span class=\"Apple-converted-space\">&nbsp;<\/span><\/h3>\n<p>L\u2019objectif ici est de faire dispara\u00eetre votre canap\u00e9 dans les plantes. Qu\u2019on est ainsi l\u2019impression d\u2019\u00eatre sur un hamac dans la profondeur d&#8217;une for\u00eat exotique. Pour cela, encadrez de tout les cot\u00e9 sauf dans la largeur devant pour que vous puissiez toujours vous asseoir, de toutes les fleurs et les plantes qui vous donnent envies. N&#8217;h\u00e9sitez pas m\u00eame \u00e0 en accrocher en hauteur pour renforcer cet esprit de cocon. Plus il y en mieux c\u2019est. M\u00e9langez-les, pour une fra\u00eecheur et un exotisme imm\u00e9diat dans votre pi\u00e8ce \u00e0 vivre. Alors courrez \u00e0 Jardiland d\u00e9valis\u00e9 le magasin les plantes son vendu \u00e0 petit prix.<\/p>\n<h3>Des luminaires pour un canap\u00e9 sous les feux de la rampe<\/h3>\n<p>Plac\u00e9s de part et d\u2019autre du canap\u00e9 convertible, les luminaires permettent d&#8217;encadrer le si\u00e8ge. Mais aussi de le mettre en valeur. Avec deux luminaires similaires, donne un effet graphique garanti gr\u00e2ce \u00e0 des lignes de sym\u00e9trie.. Le choix de luminaires fix\u00e9s peu aussi \u00eatre tr\u00e8s sympathique pour un style vintage industriel assum\u00e9. Alors que des luminaire minimaliste pos\u00e9 sur un gu\u00e9ridon donnera un style contemporain.<\/p>\n<p>\u00c0 vous de jouer maintenant&#8230;<\/p>\n<p><strong>\u00c0 lire \u00e9galement:<\/strong><\/p>\n<ul>\n<li><a href=\"https:\/\/delormdesign.com\/blog\/canape-2-places\/\">7 canap\u00e9s 2 places pour am\u00e9nager votre salon<\/a><\/li>\n<li><a href=\"https:\/\/delormdesign.com\/blog\/canape-tissu\/\">Canap\u00e9 en tissu VS canap\u00e9 cuir&nbsp;<\/a><\/li>\n<\/ul>\n","protected":false},"excerpt":{"rendered":"<p>Vous vous lassez du look de votre canap\u00e9 3 places. Vous \u00eates chanceux aujourd&#8217;hui, on vous livre nos astuces pour lui faire un nouveau look pour une nouvelle vie. Lancez-vous, testez ces id\u00e9es pour que votre divan 3 places fasse peau neuve. Recouvrir son canap\u00e9 3 places Votre divan fait la tronche. Il est ab\u00eem\u00e9 [&hellip;]<\/p>\n","protected":false},"author":12,"featured_media":0,"parent":884,"menu_order":0,"comment_status":"closed","ping_status":"closed","template":"","meta":[],"categories":[],"tags":[],"yoast_head":"<!-- This site is optimized with the Yoast SEO plugin v19.3 - https:\/\/yoast.com\/wordpress\/plugins\/seo\/ -->\n<title>canap\u00e9 3 places : Comment le relooker ? &bull; Blog Design Jardin &amp; Int\u00e9rieur | Tendance D\u00e9co<\/title>\n<meta name=\"description\" content=\"Canap\u00e9 3 places: Comment le relooker? De la housse aux coussins, explorez les id\u00e9es pour rafra\u00eechir l&#039;esth\u00e9tique de votre espace salon en un clin d&#039;\u0153il.\" \/>\n<meta name=\"robots\" content=\"index, follow, max-snippet:-1, max-image-preview:large, max-video-preview:-1\" \/>\n<link rel=\"canonical\" href=\"https:\/\/delormdesign.com\/blog\/canape-tissu\/canape-3-places-relooker\/\" \/>\n<meta property=\"og:locale\" content=\"fr_FR\" \/>\n<meta property=\"og:type\" content=\"article\" \/>\n<meta property=\"og:title\" content=\"canap\u00e9 3 places : Comment le relooker ? &bull; Blog Design Jardin &amp; Int\u00e9rieur | Tendance D\u00e9co\" \/>\n<meta property=\"og:description\" content=\"Canap\u00e9 3 places: Comment le relooker? De la housse aux coussins, explorez les id\u00e9es pour rafra\u00eechir l&#039;esth\u00e9tique de votre espace salon en un clin d&#039;\u0153il.\" \/>\n<meta property=\"og:url\" content=\"https:\/\/delormdesign.com\/blog\/canape-tissu\/canape-3-places-relooker\/\" \/>\n<meta property=\"og:site_name\" content=\"Blog Design Jardin &amp; Int\u00e9rieur | Tendance D\u00e9co\" \/>\n<meta property=\"article:publisher\" content=\"https:\/\/www.facebook.com\/delormdesign\/\" \/>\n<meta property=\"article:modified_time\" content=\"2023-09-20T14:15:14+00:00\" \/>\n<meta property=\"og:image\" content=\"https:\/\/delormdesign.com\/blog\/wp-content\/uploads\/2018\/07\/jon-tyson-512325-unsplash-225x300.png\" \/>\n<meta name=\"twitter:card\" content=\"summary\" \/>\n<meta name=\"twitter:label1\" content=\"Est. reading time\" \/>\n\t<meta name=\"twitter:data1\" content=\"7 minutes\" \/>\n<script type=\"application\/ld+json\" class=\"yoast-schema-graph\">{\"@context\":\"https:\/\/schema.org\",\"@graph\":[{\"@type\":\"WebSite\",\"@id\":\"https:\/\/delormdesign.com\/blog\/#website\",\"url\":\"https:\/\/delormdesign.com\/blog\/\",\"name\":\"Blog Design Jardin &amp; Int\u00e9rieur | Tendance D\u00e9co\",\"description\":\"Jardin &amp; Int\u00e9rieur | Tendance D\u00e9co\",\"potentialAction\":[{\"@type\":\"SearchAction\",\"target\":{\"@type\":\"EntryPoint\",\"urlTemplate\":\"https:\/\/delormdesign.com\/blog\/?s={search_term_string}\"},\"query-input\":\"required name=search_term_string\"}],\"inLanguage\":\"fr-FR\"},{\"@type\":\"ImageObject\",\"inLanguage\":\"fr-FR\",\"@id\":\"https:\/\/delormdesign.com\/blog\/canape-tissu\/canape-3-places-relooker\/#primaryimage\",\"url\":\"https:\/\/delormdesign.com\/blog\/wp-content\/uploads\/2018\/07\/jon-tyson-512325-unsplash.png\",\"contentUrl\":\"https:\/\/delormdesign.com\/blog\/wp-content\/uploads\/2018\/07\/jon-tyson-512325-unsplash.png\",\"width\":2560,\"height\":3413,\"caption\":\"salon-canap\u00e9-trois-places-plaid-cuir-peau\"},{\"@type\":\"WebPage\",\"@id\":\"https:\/\/delormdesign.com\/blog\/canape-tissu\/canape-3-places-relooker\/\",\"url\":\"https:\/\/delormdesign.com\/blog\/canape-tissu\/canape-3-places-relooker\/\",\"name\":\"canap\u00e9 3 places : Comment le relooker ? &bull; Blog Design Jardin &amp; Int\u00e9rieur | Tendance D\u00e9co\",\"isPartOf\":{\"@id\":\"https:\/\/delormdesign.com\/blog\/#website\"},\"primaryImageOfPage\":{\"@id\":\"https:\/\/delormdesign.com\/blog\/canape-tissu\/canape-3-places-relooker\/#primaryimage\"},\"datePublished\":\"2018-07-25T14:10:04+00:00\",\"dateModified\":\"2023-09-20T14:15:14+00:00\",\"description\":\"Canap\u00e9 3 places: Comment le relooker? De la housse aux coussins, explorez les id\u00e9es pour rafra\u00eechir l'esth\u00e9tique de votre espace salon en un clin d'\u0153il.\",\"breadcrumb\":{\"@id\":\"https:\/\/delormdesign.com\/blog\/canape-tissu\/canape-3-places-relooker\/#breadcrumb\"},\"inLanguage\":\"fr-FR\",\"potentialAction\":[{\"@type\":\"ReadAction\",\"target\":[\"https:\/\/delormdesign.com\/blog\/canape-tissu\/canape-3-places-relooker\/\"]}]},{\"@type\":\"BreadcrumbList\",\"@id\":\"https:\/\/delormdesign.com\/blog\/canape-tissu\/canape-3-places-relooker\/#breadcrumb\",\"itemListElement\":[{\"@type\":\"ListItem\",\"position\":1,\"name\":\"Accueil\",\"item\":\"https:\/\/delormdesign.com\/blog\/\"},{\"@type\":\"ListItem\",\"position\":2,\"name\":\"Canap\u00e9 en tissu vs canap\u00e9 en cuir\",\"item\":\"https:\/\/delormdesign.com\/blog\/canape-tissu\/\"},{\"@type\":\"ListItem\",\"position\":3,\"name\":\"canap\u00e9 3 places : Comment le relooker ?\"}]}]}<\/script>\n<!-- \/ Yoast SEO plugin. -->","yoast_head_json":{"title":"canap\u00e9 3 places : Comment le relooker ? &bull; Blog Design Jardin &amp; Int\u00e9rieur | Tendance D\u00e9co","description":"Canap\u00e9 3 places: Comment le relooker? De la housse aux coussins, explorez les id\u00e9es pour rafra\u00eechir l'esth\u00e9tique de votre espace salon en un clin d'\u0153il.","robots":{"index":"index","follow":"follow","max-snippet":"max-snippet:-1","max-image-preview":"max-image-preview:large","max-video-preview":"max-video-preview:-1"},"canonical":"https:\/\/delormdesign.com\/blog\/canape-tissu\/canape-3-places-relooker\/","og_locale":"fr_FR","og_type":"article","og_title":"canap\u00e9 3 places : Comment le relooker ? &bull; Blog Design Jardin &amp; Int\u00e9rieur | Tendance D\u00e9co","og_description":"Canap\u00e9 3 places: Comment le relooker? De la housse aux coussins, explorez les id\u00e9es pour rafra\u00eechir l'esth\u00e9tique de votre espace salon en un clin d'\u0153il.","og_url":"https:\/\/delormdesign.com\/blog\/canape-tissu\/canape-3-places-relooker\/","og_site_name":"Blog Design Jardin &amp; Int\u00e9rieur | Tendance D\u00e9co","article_publisher":"https:\/\/www.facebook.com\/delormdesign\/","article_modified_time":"2023-09-20T14:15:14+00:00","og_image":[{"url":"https:\/\/delormdesign.com\/blog\/wp-content\/uploads\/2018\/07\/jon-tyson-512325-unsplash-225x300.png"}],"twitter_card":"summary","twitter_misc":{"Est. reading time":"7 minutes"},"schema":{"@context":"https:\/\/schema.org","@graph":[{"@type":"WebSite","@id":"https:\/\/delormdesign.com\/blog\/#website","url":"https:\/\/delormdesign.com\/blog\/","name":"Blog Design Jardin &amp; Int\u00e9rieur | Tendance D\u00e9co","description":"Jardin &amp; Int\u00e9rieur | Tendance D\u00e9co","potentialAction":[{"@type":"SearchAction","target":{"@type":"EntryPoint","urlTemplate":"https:\/\/delormdesign.com\/blog\/?s={search_term_string}"},"query-input":"required name=search_term_string"}],"inLanguage":"fr-FR"},{"@type":"ImageObject","inLanguage":"fr-FR","@id":"https:\/\/delormdesign.com\/blog\/canape-tissu\/canape-3-places-relooker\/#primaryimage","url":"https:\/\/delormdesign.com\/blog\/wp-content\/uploads\/2018\/07\/jon-tyson-512325-unsplash.png","contentUrl":"https:\/\/delormdesign.com\/blog\/wp-content\/uploads\/2018\/07\/jon-tyson-512325-unsplash.png","width":2560,"height":3413,"caption":"salon-canap\u00e9-trois-places-plaid-cuir-peau"},{"@type":"WebPage","@id":"https:\/\/delormdesign.com\/blog\/canape-tissu\/canape-3-places-relooker\/","url":"https:\/\/delormdesign.com\/blog\/canape-tissu\/canape-3-places-relooker\/","name":"canap\u00e9 3 places : Comment le relooker ? &bull; Blog Design Jardin &amp; Int\u00e9rieur | Tendance D\u00e9co","isPartOf":{"@id":"https:\/\/delormdesign.com\/blog\/#website"},"primaryImageOfPage":{"@id":"https:\/\/delormdesign.com\/blog\/canape-tissu\/canape-3-places-relooker\/#primaryimage"},"datePublished":"2018-07-25T14:10:04+00:00","dateModified":"2023-09-20T14:15:14+00:00","description":"Canap\u00e9 3 places: Comment le relooker? De la housse aux coussins, explorez les id\u00e9es pour rafra\u00eechir l'esth\u00e9tique de votre espace salon en un clin d'\u0153il.","breadcrumb":{"@id":"https:\/\/delormdesign.com\/blog\/canape-tissu\/canape-3-places-relooker\/#breadcrumb"},"inLanguage":"fr-FR","potentialAction":[{"@type":"ReadAction","target":["https:\/\/delormdesign.com\/blog\/canape-tissu\/canape-3-places-relooker\/"]}]},{"@type":"BreadcrumbList","@id":"https:\/\/delormdesign.com\/blog\/canape-tissu\/canape-3-places-relooker\/#breadcrumb","itemListElement":[{"@type":"ListItem","position":1,"name":"Accueil","item":"https:\/\/delormdesign.com\/blog\/"},{"@type":"ListItem","position":2,"name":"Canap\u00e9 en tissu vs canap\u00e9 en cuir","item":"https:\/\/delormdesign.com\/blog\/canape-tissu\/"},{"@type":"ListItem","position":3,"name":"canap\u00e9 3 places : Comment le relooker ?"}]}]}},"amp_enabled":true,"_links":{"self":[{"href":"https:\/\/delormdesign.com\/blog\/wp-json\/wp\/v2\/pages\/1401"}],"collection":[{"href":"https:\/\/delormdesign.com\/blog\/wp-json\/wp\/v2\/pages"}],"about":[{"href":"https:\/\/delormdesign.com\/blog\/wp-json\/wp\/v2\/types\/page"}],"author":[{"embeddable":true,"href":"https:\/\/delormdesign.com\/blog\/wp-json\/wp\/v2\/users\/12"}],"replies":[{"embeddable":true,"href":"https:\/\/delormdesign.com\/blog\/wp-json\/wp\/v2\/comments?post=1401"}],"version-history":[{"count":1,"href":"https:\/\/delormdesign.com\/blog\/wp-json\/wp\/v2\/pages\/1401\/revisions"}],"predecessor-version":[{"id":3278,"href":"https:\/\/delormdesign.com\/blog\/wp-json\/wp\/v2\/pages\/1401\/revisions\/3278"}],"up":[{"embeddable":true,"href":"https:\/\/delormdesign.com\/blog\/wp-json\/wp\/v2\/pages\/884"}],"wp:attachment":[{"href":"https:\/\/delormdesign.com\/blog\/wp-json\/wp\/v2\/media?parent=1401"}],"wp:term":[{"taxonomy":"category","embeddable":true,"href":"https:\/\/delormdesign.com\/blog\/wp-json\/wp\/v2\/categories?post=1401"},{"taxonomy":"post_tag","embeddable":true,"href":"https:\/\/delormdesign.com\/blog\/wp-json\/wp\/v2\/tags?post=1401"}],"curies":[{"name":"wp","href":"https:\/\/api.w.org\/{rel}","templated":true}]}}