{"id":1423,"date":"2018-07-26T08:52:37","date_gmt":"2018-07-26T08:52:37","guid":{"rendered":"https:\/\/delormdesign.com\/blog\/?page_id=1423"},"modified":"2018-07-26T08:59:34","modified_gmt":"2018-07-26T08:59:34","slug":"canape-2-places","status":"publish","type":"page","link":"https:\/\/delormdesign.com\/blog\/canape-tissu\/canape-2-places\/","title":{"rendered":"7 canap\u00e9s 2 places pour am\u00e9nager son salon"},"content":{"rendered":"<p><strong>Les canap\u00e9s 2 places gagnent en popularit\u00e9<\/strong>\u00a0: de plus en plus pr\u00e9sents dans des studios ou des petits appartements, ces derniers ne sont pas en reste face aux canap\u00e9s XXL italiens.<\/p>\n<p>Faciles \u00e0 transporter et confortables, les canap\u00e9s 2 places associent <strong>praticit\u00e9 et esth\u00e9tique<\/strong>\u00a0: le choix des mati\u00e8res, du coloris, du motif et de la composition est tr\u00e8s large. Face \u00e0 un tel panel de possibilit\u00e9s, nous avons d\u00e9got\u00e9 pour vous <strong>7 des meilleurs sofas 2 places<\/strong> les plus tendances du moment\u00a0!<\/p>\n<h2>Le canap\u00e9 2 places en tissu<\/h2>\n<p>On commence tout d\u2019abord avec un ind\u00e9modable\u00a0: le sofa en tissu a su trouver sa position dans de nombreux livings et appartements fran\u00e7ais. Son succ\u00e8s n\u2019est plus \u00e0 prouver, nous vous d\u00e9taillons pourquoi dans la liste qui suit\u00a0:<\/p>\n<ul>\n<li>Un <strong>large choix de coloris<\/strong> <strong>et de motifs<\/strong> pour tous les go\u00fbts<\/li>\n<li>Faciles \u00e0 entretenir, certaines <strong>housses d\u2019assises sont amovibles<\/strong> et peuvent \u00eatre <strong>pass\u00e9es \u00e0 la machine<\/strong><\/li>\n<li>Se marie avec n\u2019importe quel <strong>style d\u2019int\u00e9rieur<\/strong><\/li>\n<li>Peut \u00eatre trait\u00e9 contre les <strong>acariens et les taches<\/strong><\/li>\n<\/ul>\n<p>Vous ne pourrez pas vous tromper en investissant dans un canap\u00e9 en tissu. Ce mobilier classique d\u2019int\u00e9rieur s\u2019adapte \u00e0 toutes les pi\u00e8ces \u00e0 vivre avec une facilit\u00e9 reconnue depuis longtemps.<\/p>\n<h2>Le canap\u00e9 2 places en cuir<\/h2>\n<p>Synonyme de modernit\u00e9, de luxe et d\u2019esth\u00e9tisme, le divan 2 places en cuir s\u2019accorde parfaitement avec une ambiance \u00e9pur\u00e9e et scandinave. Les avantages de ce mod\u00e8le sont\u00a0:<\/p>\n<ul>\n<li>Un canap\u00e9 qui vous <strong>durera longtemps<\/strong> si vous prenez le temps de le prot\u00e9ger et de l\u2019entretenir<\/li>\n<li>Un meuble qui accroche le regard et <strong>habille votre living<\/strong><\/li>\n<li>Un design chic et une <strong>assise confortable<\/strong><\/li>\n<li>\u00c9l\u00e9gant et raffin\u00e9, il s\u2019agit d\u2019une <strong>pi\u00e8ce classique<\/strong> tr\u00e8s pris\u00e9e par les amoureux du <strong>bon go\u00fbt<\/strong><\/li>\n<\/ul>\n<p>Bien qu\u2019il doive \u00eatre prot\u00e9g\u00e9 des animaux \u00e0 griffes ou des jeunes enfants, le canap\u00e9 en cuir est consid\u00e9r\u00e9 comme tr\u00e8s r\u00e9sistant et robuste. En effet, le cuir gagne un aspect patin\u00e9 avec le temps qui passe.<\/p>\n<h2><img loading=\"lazy\" class=\"alignnone size-large wp-image-1425 aligncenter\" src=\"https:\/\/delormdesign.com\/blog\/wp-content\/uploads\/2018\/07\/canape-2-places-confortable-1024x683.jpg\" alt=\"choisir un canap\u00e9 2 places confortable\" width=\"980\" height=\"654\" srcset=\"https:\/\/delormdesign.com\/blog\/wp-content\/uploads\/2018\/07\/canape-2-places-confortable-1024x683.jpg 1024w, https:\/\/delormdesign.com\/blog\/wp-content\/uploads\/2018\/07\/canape-2-places-confortable-300x200.jpg 300w, https:\/\/delormdesign.com\/blog\/wp-content\/uploads\/2018\/07\/canape-2-places-confortable-768x512.jpg 768w, https:\/\/delormdesign.com\/blog\/wp-content\/uploads\/2018\/07\/canape-2-places-confortable-1536x1024.jpg 1536w, https:\/\/delormdesign.com\/blog\/wp-content\/uploads\/2018\/07\/canape-2-places-confortable-2048x1366.jpg 2048w, https:\/\/delormdesign.com\/blog\/wp-content\/uploads\/2018\/07\/canape-2-places-confortable-550x367.jpg 550w, https:\/\/delormdesign.com\/blog\/wp-content\/uploads\/2018\/07\/canape-2-places-confortable-520x347.jpg 520w, https:\/\/delormdesign.com\/blog\/wp-content\/uploads\/2018\/07\/canape-2-places-confortable-625x417.jpg 625w, https:\/\/delormdesign.com\/blog\/wp-content\/uploads\/2018\/07\/canape-2-places-confortable-100x68.jpg 100w, https:\/\/delormdesign.com\/blog\/wp-content\/uploads\/2018\/07\/canape-2-places-confortable-15x10.jpg 15w, https:\/\/delormdesign.com\/blog\/wp-content\/uploads\/2018\/07\/canape-2-places-confortable-810x540.jpg 810w\" sizes=\"(max-width: 980px) 100vw, 980px\" \/><\/h2>\n<h2>Le canap\u00e9 2 places en velours<\/h2>\n<p>Tr\u00e8s appr\u00e9ci\u00e9 pour sa texture douce et agr\u00e9able au toucher, le divan en velours ram\u00e8ne au go\u00fbt du jour le style r\u00e9tro du mobilier. Quand certaines viennent \u00e0 penser que le velours est d\u00e9mod\u00e9, d\u2019autres s\u2019insurgent et d\u00e9fendent avec vigueur cette mati\u00e8re soyeuse.<\/p>\n<p>En voici donc les principaux avantages\u00a0:<\/p>\n<ul>\n<li>Convient aux jeunes enfants pour sa <strong>texture tr\u00e8s douce<\/strong><\/li>\n<li>Large <strong>choix de coloris et de motifs<\/strong><\/li>\n<li>Instaure un ambiance <strong>cosy et chaleureuse<\/strong> au sein de la pi\u00e8ce<\/li>\n<li><strong>Solide et durable<\/strong>, le velours r\u00e9siste aux tensions avec brio<\/li>\n<\/ul>\n<p>La longue tenue et l\u2019aspect noble du velours en font un excellent compagnon pour les casaniers. Traversant les \u00e9poques et les styles, le sofa en velours change de forme au gr\u00e8s des tendances, mais parvient toujours \u00e0 gagner du succ\u00e8s.<\/p>\n<h2>Le canap\u00e9 2 places microfibre<\/h2>\n<p>La microfibre est une fibre textile (comme le polyester, le polyamide, ou encore l\u2019acrylique) dont le titre est inf\u00e9rieur \u00e0 un d\u00e9citex. Il existe aujourd\u2019hui diff\u00e9rents types de microfibres qui pr\u00e9sentent toutes des caract\u00e9ristiques bien particuli\u00e8res, telles que l\u2019\u00e9tanch\u00e9it\u00e9, le toucher doux, ou encore un effet filtrant\u2026 Nous vous d\u00e9taillons ces particularit\u00e9s en suivant\u00a0:<\/p>\n<ul>\n<li>Tissu <strong>imperm\u00e9able <\/strong>et <strong>r\u00e9sistant aux taches<\/strong><\/li>\n<li>Ne souffre pas des <strong>griffures d\u2019animaux<\/strong> et autres objets pointus<\/li>\n<li>Excellent <strong>rapport qualit\u00e9\/prix <\/strong><\/li>\n<li>Garde la <strong>chaleur<\/strong> pendant l\u2019hiver<\/li>\n<\/ul>\n<p>Malgr\u00e9 les bouloches qui peuvent appara\u00eetre \u00e0 cause des frottements sur la mati\u00e8re, le sofa en microfibre est une option \u00e0 ne pas mettre de c\u00f4t\u00e9 en termes de confort, de prix et d\u2019entretien. Celui-ci serait un excellent choix pour un premier divan par exemple.<\/p>\n<h2><img loading=\"lazy\" class=\"alignnone size-large wp-image-1427 aligncenter\" src=\"https:\/\/delormdesign.com\/blog\/wp-content\/uploads\/2018\/07\/canape-2-places-banquette-1024x656.jpg\" alt=\"Canap\u00e9 2 places avec banquette\" width=\"980\" height=\"628\" srcset=\"https:\/\/delormdesign.com\/blog\/wp-content\/uploads\/2018\/07\/canape-2-places-banquette-1024x656.jpg 1024w, https:\/\/delormdesign.com\/blog\/wp-content\/uploads\/2018\/07\/canape-2-places-banquette-300x192.jpg 300w, https:\/\/delormdesign.com\/blog\/wp-content\/uploads\/2018\/07\/canape-2-places-banquette-768x492.jpg 768w, https:\/\/delormdesign.com\/blog\/wp-content\/uploads\/2018\/07\/canape-2-places-banquette-1536x983.jpg 1536w, https:\/\/delormdesign.com\/blog\/wp-content\/uploads\/2018\/07\/canape-2-places-banquette-550x352.jpg 550w, https:\/\/delormdesign.com\/blog\/wp-content\/uploads\/2018\/07\/canape-2-places-banquette-520x333.jpg 520w, https:\/\/delormdesign.com\/blog\/wp-content\/uploads\/2018\/07\/canape-2-places-banquette-625x400.jpg 625w, https:\/\/delormdesign.com\/blog\/wp-content\/uploads\/2018\/07\/canape-2-places-banquette-15x10.jpg 15w, https:\/\/delormdesign.com\/blog\/wp-content\/uploads\/2018\/07\/canape-2-places-banquette-810x519.jpg 810w, https:\/\/delormdesign.com\/blog\/wp-content\/uploads\/2018\/07\/canape-2-places-banquette.jpg 2001w\" sizes=\"(max-width: 980px) 100vw, 980px\" \/><\/h2>\n<h2>Le canap\u00e9 2 places convertible<\/h2>\n<p>Nombreuses sont les personnes qui ont besoin d\u2019un couchage suppl\u00e9mentaire dans leurs maisons. De m\u00eame, les \u00e9tudiants n\u2019ont pas toujours les moyens de s\u2019offrir un lit et un canap\u00e9. En cela, le divan convertible propose deux options en une, et en voici les avantages\u00a0:<\/p>\n<ul>\n<li><strong>Gain d\u2019espace<\/strong> dans une petite pi\u00e8ce<\/li>\n<li><strong>Gain d\u2019argent<\/strong> pour les budgets restreints<\/li>\n<li>Allie <strong>esth\u00e9tique et confort<\/strong> pour un prix mod\u00e9r\u00e9<\/li>\n<li>Large <strong>choix de mati\u00e8res et de coloris<\/strong> sur le march\u00e9<\/li>\n<\/ul>\n<p>Le canap\u00e9 convertible trouve sa place dans beaucoup de petites habitations, dans des bureaux ou des chambres d\u2019amis. Seriez-vous pr\u00eat \u00e0 en adopter un\u00a0?<\/p>\n<h2>Le canap\u00e9 2 places banquette<\/h2>\n<p>Souvent reni\u00e9 pour son aspect moins confortable et douillet, le sofa banquette n\u2019offre pourtant pas moins d\u2019avantages que les divans pr\u00e9sents sur le march\u00e9. En voici les preuves\u00a0:<\/p>\n<ul>\n<li>Sans accoudoirs ni coussins, il permet un <strong>gain d\u2019espace en longueur, en largeur et en profondeur<\/strong><\/li>\n<li>Son design simple et \u00e9pur\u00e9 s\u2019adapte facilement dans un <strong>salon moderne<\/strong><\/li>\n<li>Sa hauteur fixe permet un <strong>bon soutient du dos<\/strong><\/li>\n<li>Peu encombrant, il s\u2019adaptera ais\u00e9ment dans un <strong>bureau <\/strong><\/li>\n<\/ul>\n<p>Il peut \u00eatre judicieux d\u2019adopter une banquette pour un petit espace\u00a0: moins imposant qu\u2019un canap\u00e9 traditionnel, celle-ci peut \u00eatre plac\u00e9e dans un coin. Les amoureux de la d\u00e9co minimaliste sauront comprendre le charme du canap\u00e9 banquette.<\/p>\n<h2><img loading=\"lazy\" class=\"alignnone size-large wp-image-1429 aligncenter\" src=\"https:\/\/delormdesign.com\/blog\/wp-content\/uploads\/2018\/07\/canape-2-places-delorm-1024x768.jpg\" alt=\"Canap\u00e9 2 places chez Delorm Design\" width=\"980\" height=\"735\" srcset=\"https:\/\/delormdesign.com\/blog\/wp-content\/uploads\/2018\/07\/canape-2-places-delorm-1024x768.jpg 1024w, https:\/\/delormdesign.com\/blog\/wp-content\/uploads\/2018\/07\/canape-2-places-delorm-300x225.jpg 300w, https:\/\/delormdesign.com\/blog\/wp-content\/uploads\/2018\/07\/canape-2-places-delorm-768x576.jpg 768w, https:\/\/delormdesign.com\/blog\/wp-content\/uploads\/2018\/07\/canape-2-places-delorm-1536x1152.jpg 1536w, https:\/\/delormdesign.com\/blog\/wp-content\/uploads\/2018\/07\/canape-2-places-delorm-550x413.jpg 550w, https:\/\/delormdesign.com\/blog\/wp-content\/uploads\/2018\/07\/canape-2-places-delorm-520x390.jpg 520w, https:\/\/delormdesign.com\/blog\/wp-content\/uploads\/2018\/07\/canape-2-places-delorm-625x469.jpg 625w, https:\/\/delormdesign.com\/blog\/wp-content\/uploads\/2018\/07\/canape-2-places-delorm-15x11.jpg 15w, https:\/\/delormdesign.com\/blog\/wp-content\/uploads\/2018\/07\/canape-2-places-delorm-810x608.jpg 810w, https:\/\/delormdesign.com\/blog\/wp-content\/uploads\/2018\/07\/canape-2-places-delorm.jpg 2048w\" sizes=\"(max-width: 980px) 100vw, 980px\" \/><\/h2>\n<h2>Le canap\u00e9 2 places relaxation<\/h2>\n<p>Pour les personnes \u00e2g\u00e9es et celles souffrant de maux de dos, poss\u00e9der un canap\u00e9 de relaxation ou de sant\u00e9 peut changer radicalement leurs vies. Nous vous expliquons pourquoi\u00a0:<\/p>\n<ul>\n<li>Les canap\u00e9s de relaxation permettent de garder le <strong>dos bien droit<\/strong><\/li>\n<li>Des <strong>coussins de massages dorsaux<\/strong> sont bien souvent vendus avec le meuble<\/li>\n<li>Disponible dans des magasins sp\u00e9cialis\u00e9s, vous aurez la possibilit\u00e9 de <strong>faire ajuster votre futur sofa <\/strong><\/li>\n<li>Appr\u00e9ci\u00e9 des personnes \u00e2g\u00e9es, des femmes enceintes ou des <strong>personnes souffrants de probl\u00e8mes de dos<\/strong><\/li>\n<\/ul>\n<p>Le canap\u00e9 de relaxation combine soin du corps et optimisation de l\u2019espace. Vous pouvez \u00e9galement consulter un sp\u00e9cialiste avant de proc\u00e9der \u00e0 l\u2019achat d\u2019un sofa de relaxation.<\/p>\n<h2>Trouvez votre canap\u00e9 chez <a href=\"https:\/\/delormdesign.com\/\">Delorm Design<\/a><\/h2>\n<p>Professionnel de l\u2019ameublement d\u2019int\u00e9rieur et d\u2019ext\u00e9rieur, nous vous proposons de venir d\u00e9couvrir notre <a href=\"https:\/\/delormdesign.com\/177-canapes-design\">collection de canap\u00e9s de salon<\/a> pr\u00e9sente sur notre boutique en ligne.<\/p>\n<p>En ce moment, profitez de nos offres \u00e0 prix r\u00e9duits valables pendants <a href=\"https:\/\/delormdesign.com\/promotions\">nos soldes<\/a>. D\u00e8s votre premi\u00e8re commande de produits sur notre site, b\u00e9n\u00e9ficiez d\u2019une livraison gratuite et d\u2019un paiement (par carte ou ch\u00e8que) en 3 fois sans frais.<\/p>\n<p>Et vous, de quel genre de petit canap\u00e9 r\u00eavez-vous\u00a0? <strong>\u00c9crivez-nous dans les commentaires de cet article\u00a0!<\/strong><\/p>\n<p><strong>\u00c0 lire \u00e9galement:<\/strong><\/p>\n<ul>\n<li><a href=\"https:\/\/delormdesign.com\/blog\/canape-3-places-relooker\/\">Canap\u00e9 3 places: comment le relooker ?<\/a><\/li>\n<li><a href=\"https:\/\/delormdesign.com\/blog\/canape-tissu\/\">Canap\u00e9 en tissu VS canap\u00e9 cuir\u00a0<\/a><\/li>\n<\/ul>\n<p>&nbsp;<\/p>\n","protected":false},"excerpt":{"rendered":"<p>Les canap\u00e9s 2 places gagnent en popularit\u00e9\u00a0: de plus en plus pr\u00e9sents dans des studios ou des petits appartements, ces derniers ne sont pas en reste face aux canap\u00e9s XXL italiens. Faciles \u00e0 transporter et confortables, les canap\u00e9s 2 places associent praticit\u00e9 et esth\u00e9tique\u00a0: le choix des mati\u00e8res, du coloris, du motif et de la [&hellip;]<\/p>\n","protected":false},"author":12,"featured_media":0,"parent":884,"menu_order":0,"comment_status":"closed","ping_status":"closed","template":"","meta":[],"categories":[],"tags":[],"yoast_head":"<!-- This site is optimized with the Yoast SEO plugin v19.3 - https:\/\/yoast.com\/wordpress\/plugins\/seo\/ -->\n<title>7 canap\u00e9s 2 places pour am\u00e9nager son salon &bull; Blog Design Jardin &amp; Int\u00e9rieur | Tendance D\u00e9co<\/title>\n<meta name=\"description\" content=\"Faciles \u00e0 transporter et confortables, les canap\u00e9s 2 places associent praticit\u00e9 et esth\u00e9tique :d\u00e9couvrez 7 des meilleurs sofas 2 places du moment !\" \/>\n<meta name=\"robots\" content=\"index, follow, max-snippet:-1, max-image-preview:large, max-video-preview:-1\" \/>\n<link rel=\"canonical\" href=\"https:\/\/delormdesign.com\/blog\/canape-tissu\/canape-2-places\/\" \/>\n<meta property=\"og:locale\" content=\"fr_FR\" \/>\n<meta property=\"og:type\" content=\"article\" \/>\n<meta property=\"og:title\" content=\"7 canap\u00e9s 2 places pour am\u00e9nager son salon &bull; Blog Design Jardin &amp; Int\u00e9rieur | Tendance D\u00e9co\" \/>\n<meta property=\"og:description\" content=\"Faciles \u00e0 transporter et confortables, les canap\u00e9s 2 places associent praticit\u00e9 et esth\u00e9tique :d\u00e9couvrez 7 des meilleurs sofas 2 places du moment !\" \/>\n<meta property=\"og:url\" content=\"https:\/\/delormdesign.com\/blog\/canape-tissu\/canape-2-places\/\" \/>\n<meta property=\"og:site_name\" content=\"Blog Design Jardin &amp; Int\u00e9rieur | Tendance D\u00e9co\" \/>\n<meta property=\"article:publisher\" content=\"https:\/\/www.facebook.com\/delormdesign\/\" \/>\n<meta property=\"article:modified_time\" content=\"2018-07-26T08:59:34+00:00\" \/>\n<meta property=\"og:image\" content=\"https:\/\/delormdesign.com\/blog\/wp-content\/uploads\/2018\/07\/canape-2-places-confortable-1024x683.jpg\" \/>\n<meta name=\"twitter:card\" content=\"summary\" \/>\n<meta name=\"twitter:label1\" content=\"Est. reading time\" \/>\n\t<meta name=\"twitter:data1\" content=\"6 minutes\" \/>\n<script type=\"application\/ld+json\" class=\"yoast-schema-graph\">{\"@context\":\"https:\/\/schema.org\",\"@graph\":[{\"@type\":\"WebSite\",\"@id\":\"https:\/\/delormdesign.com\/blog\/#website\",\"url\":\"https:\/\/delormdesign.com\/blog\/\",\"name\":\"Blog Design Jardin &amp; Int\u00e9rieur | Tendance D\u00e9co\",\"description\":\"Jardin &amp; Int\u00e9rieur | Tendance D\u00e9co\",\"potentialAction\":[{\"@type\":\"SearchAction\",\"target\":{\"@type\":\"EntryPoint\",\"urlTemplate\":\"https:\/\/delormdesign.com\/blog\/?s={search_term_string}\"},\"query-input\":\"required name=search_term_string\"}],\"inLanguage\":\"fr-FR\"},{\"@type\":\"ImageObject\",\"inLanguage\":\"fr-FR\",\"@id\":\"https:\/\/delormdesign.com\/blog\/canape-tissu\/canape-2-places\/#primaryimage\",\"url\":\"https:\/\/delormdesign.com\/blog\/wp-content\/uploads\/2018\/07\/canape-2-places-confortable.jpg\",\"contentUrl\":\"https:\/\/delormdesign.com\/blog\/wp-content\/uploads\/2018\/07\/canape-2-places-confortable.jpg\",\"width\":2560,\"height\":1707,\"caption\":\"choisir un canap\u00e9 2 places confortable\"},{\"@type\":\"WebPage\",\"@id\":\"https:\/\/delormdesign.com\/blog\/canape-tissu\/canape-2-places\/\",\"url\":\"https:\/\/delormdesign.com\/blog\/canape-tissu\/canape-2-places\/\",\"name\":\"7 canap\u00e9s 2 places pour am\u00e9nager son salon &bull; Blog Design Jardin &amp; Int\u00e9rieur | Tendance D\u00e9co\",\"isPartOf\":{\"@id\":\"https:\/\/delormdesign.com\/blog\/#website\"},\"primaryImageOfPage\":{\"@id\":\"https:\/\/delormdesign.com\/blog\/canape-tissu\/canape-2-places\/#primaryimage\"},\"datePublished\":\"2018-07-26T08:52:37+00:00\",\"dateModified\":\"2018-07-26T08:59:34+00:00\",\"description\":\"Faciles \u00e0 transporter et confortables, les canap\u00e9s 2 places associent praticit\u00e9 et esth\u00e9tique :d\u00e9couvrez 7 des meilleurs sofas 2 places du moment !\",\"breadcrumb\":{\"@id\":\"https:\/\/delormdesign.com\/blog\/canape-tissu\/canape-2-places\/#breadcrumb\"},\"inLanguage\":\"fr-FR\",\"potentialAction\":[{\"@type\":\"ReadAction\",\"target\":[\"https:\/\/delormdesign.com\/blog\/canape-tissu\/canape-2-places\/\"]}]},{\"@type\":\"BreadcrumbList\",\"@id\":\"https:\/\/delormdesign.com\/blog\/canape-tissu\/canape-2-places\/#breadcrumb\",\"itemListElement\":[{\"@type\":\"ListItem\",\"position\":1,\"name\":\"Accueil\",\"item\":\"https:\/\/delormdesign.com\/blog\/\"},{\"@type\":\"ListItem\",\"position\":2,\"name\":\"Canap\u00e9 en tissu vs canap\u00e9 en cuir\",\"item\":\"https:\/\/delormdesign.com\/blog\/canape-tissu\/\"},{\"@type\":\"ListItem\",\"position\":3,\"name\":\"7 canap\u00e9s 2 places pour am\u00e9nager son salon\"}]}]}<\/script>\n<!-- \/ Yoast SEO plugin. -->","yoast_head_json":{"title":"7 canap\u00e9s 2 places pour am\u00e9nager son salon &bull; Blog Design Jardin &amp; Int\u00e9rieur | Tendance D\u00e9co","description":"Faciles \u00e0 transporter et confortables, les canap\u00e9s 2 places associent praticit\u00e9 et esth\u00e9tique :d\u00e9couvrez 7 des meilleurs sofas 2 places du moment !","robots":{"index":"index","follow":"follow","max-snippet":"max-snippet:-1","max-image-preview":"max-image-preview:large","max-video-preview":"max-video-preview:-1"},"canonical":"https:\/\/delormdesign.com\/blog\/canape-tissu\/canape-2-places\/","og_locale":"fr_FR","og_type":"article","og_title":"7 canap\u00e9s 2 places pour am\u00e9nager son salon &bull; Blog Design Jardin &amp; Int\u00e9rieur | Tendance D\u00e9co","og_description":"Faciles \u00e0 transporter et confortables, les canap\u00e9s 2 places associent praticit\u00e9 et esth\u00e9tique :d\u00e9couvrez 7 des meilleurs sofas 2 places du moment !","og_url":"https:\/\/delormdesign.com\/blog\/canape-tissu\/canape-2-places\/","og_site_name":"Blog Design Jardin &amp; Int\u00e9rieur | Tendance D\u00e9co","article_publisher":"https:\/\/www.facebook.com\/delormdesign\/","article_modified_time":"2018-07-26T08:59:34+00:00","og_image":[{"url":"https:\/\/delormdesign.com\/blog\/wp-content\/uploads\/2018\/07\/canape-2-places-confortable-1024x683.jpg"}],"twitter_card":"summary","twitter_misc":{"Est. reading time":"6 minutes"},"schema":{"@context":"https:\/\/schema.org","@graph":[{"@type":"WebSite","@id":"https:\/\/delormdesign.com\/blog\/#website","url":"https:\/\/delormdesign.com\/blog\/","name":"Blog Design Jardin &amp; Int\u00e9rieur | Tendance D\u00e9co","description":"Jardin &amp; Int\u00e9rieur | Tendance D\u00e9co","potentialAction":[{"@type":"SearchAction","target":{"@type":"EntryPoint","urlTemplate":"https:\/\/delormdesign.com\/blog\/?s={search_term_string}"},"query-input":"required name=search_term_string"}],"inLanguage":"fr-FR"},{"@type":"ImageObject","inLanguage":"fr-FR","@id":"https:\/\/delormdesign.com\/blog\/canape-tissu\/canape-2-places\/#primaryimage","url":"https:\/\/delormdesign.com\/blog\/wp-content\/uploads\/2018\/07\/canape-2-places-confortable.jpg","contentUrl":"https:\/\/delormdesign.com\/blog\/wp-content\/uploads\/2018\/07\/canape-2-places-confortable.jpg","width":2560,"height":1707,"caption":"choisir un canap\u00e9 2 places confortable"},{"@type":"WebPage","@id":"https:\/\/delormdesign.com\/blog\/canape-tissu\/canape-2-places\/","url":"https:\/\/delormdesign.com\/blog\/canape-tissu\/canape-2-places\/","name":"7 canap\u00e9s 2 places pour am\u00e9nager son salon &bull; Blog Design Jardin &amp; Int\u00e9rieur | Tendance D\u00e9co","isPartOf":{"@id":"https:\/\/delormdesign.com\/blog\/#website"},"primaryImageOfPage":{"@id":"https:\/\/delormdesign.com\/blog\/canape-tissu\/canape-2-places\/#primaryimage"},"datePublished":"2018-07-26T08:52:37+00:00","dateModified":"2018-07-26T08:59:34+00:00","description":"Faciles \u00e0 transporter et confortables, les canap\u00e9s 2 places associent praticit\u00e9 et esth\u00e9tique :d\u00e9couvrez 7 des meilleurs sofas 2 places du moment !","breadcrumb":{"@id":"https:\/\/delormdesign.com\/blog\/canape-tissu\/canape-2-places\/#breadcrumb"},"inLanguage":"fr-FR","potentialAction":[{"@type":"ReadAction","target":["https:\/\/delormdesign.com\/blog\/canape-tissu\/canape-2-places\/"]}]},{"@type":"BreadcrumbList","@id":"https:\/\/delormdesign.com\/blog\/canape-tissu\/canape-2-places\/#breadcrumb","itemListElement":[{"@type":"ListItem","position":1,"name":"Accueil","item":"https:\/\/delormdesign.com\/blog\/"},{"@type":"ListItem","position":2,"name":"Canap\u00e9 en tissu vs canap\u00e9 en cuir","item":"https:\/\/delormdesign.com\/blog\/canape-tissu\/"},{"@type":"ListItem","position":3,"name":"7 canap\u00e9s 2 places pour am\u00e9nager son salon"}]}]}},"amp_enabled":true,"_links":{"self":[{"href":"https:\/\/delormdesign.com\/blog\/wp-json\/wp\/v2\/pages\/1423"}],"collection":[{"href":"https:\/\/delormdesign.com\/blog\/wp-json\/wp\/v2\/pages"}],"about":[{"href":"https:\/\/delormdesign.com\/blog\/wp-json\/wp\/v2\/types\/page"}],"author":[{"embeddable":true,"href":"https:\/\/delormdesign.com\/blog\/wp-json\/wp\/v2\/users\/12"}],"replies":[{"embeddable":true,"href":"https:\/\/delormdesign.com\/blog\/wp-json\/wp\/v2\/comments?post=1423"}],"version-history":[{"count":0,"href":"https:\/\/delormdesign.com\/blog\/wp-json\/wp\/v2\/pages\/1423\/revisions"}],"up":[{"embeddable":true,"href":"https:\/\/delormdesign.com\/blog\/wp-json\/wp\/v2\/pages\/884"}],"wp:attachment":[{"href":"https:\/\/delormdesign.com\/blog\/wp-json\/wp\/v2\/media?parent=1423"}],"wp:term":[{"taxonomy":"category","embeddable":true,"href":"https:\/\/delormdesign.com\/blog\/wp-json\/wp\/v2\/categories?post=1423"},{"taxonomy":"post_tag","embeddable":true,"href":"https:\/\/delormdesign.com\/blog\/wp-json\/wp\/v2\/tags?post=1423"}],"curies":[{"name":"wp","href":"https:\/\/api.w.org\/{rel}","templated":true}]}}