{"id":2621,"date":"2021-11-03T16:42:50","date_gmt":"2021-11-03T16:42:50","guid":{"rendered":"https:\/\/delormdesign.com\/blog\/?page_id=2621"},"modified":"2021-11-03T16:43:01","modified_gmt":"2021-11-03T16:43:01","slug":"quelle-table-basse-pour-canape-dangle","status":"publish","type":"page","link":"https:\/\/delormdesign.com\/blog\/quelle-table-basse-pour-canape-dangle\/","title":{"rendered":"Quelle table basse pour canap\u00e9 d\u2019angle ?"},"content":{"rendered":"\n<p>Les canap\u00e9s d\u2019angle sont super confortables, et constituent une excellente alternative \u00e0 la combinaison plus traditionnelle d&#8217;un canap\u00e9 et d&#8217;un fauteuil. Cependant, lorsque votre canap\u00e9 d\u2019angle n&#8217;est pas associ\u00e9 \u00e0 la bonne table basse, votre salon peut perdre en harmonie et en praticit\u00e9. Design, forme, taille, mat\u00e9riaux\u2026 Voici nos meilleurs conseils pour savoir quelle table basse pour canap\u00e9 d\u2019angle choisir.<\/p>\n\n\n\n<h2>Comment choisir une table basse pour un canap\u00e9 d&#8217;angle ?<\/h2>\n\n\n\n<p>Lorsque vous choisissez une table basse, il faut qu&#8217;elle s&#8217;inscrive dans les limites des bords du canap\u00e9, car une table plus grande donnera un air d\u00e9sordonn\u00e9 et d\u00e9s\u00e9quilibr\u00e9 \u00e0 l&#8217;espace. Rapprochez-la suffisamment pour qu&#8217;elle soit \u00e0 port\u00e9e de main, mais pas trop pr\u00e8s pour ne pas nuire \u00e0 la circulation entre la table et le canap\u00e9.<\/p>\n\n\n\n<h2>Quelle forme de table basse pour canap\u00e9 d\u2019angle ?<\/h2>\n\n\n\n<p>Les tables basses rondes sont une excellente option pour les canap\u00e9s d\u2019angle, en particulier ceux en forme de U. Leur forme circulaire cr\u00e9e de l&#8217;espace dans les espaces restreints et il est plus facile de s&#8217;y retrouver, surtout lorsqu&#8217;elles sont entour\u00e9es de si\u00e8ges.<\/p>\n\n\n\n<p>Si vous pr\u00e9f\u00e9rez les tables rectangulaires, optez pour une table ferm\u00e9e avec des rangements int\u00e9rieurs. Les tables gigognes peuvent \u00e9galement \u00eatre id\u00e9ales pour cr\u00e9er un contraste visuel entre la forme des tables et l\u2019angle du canap\u00e9.<\/p>\n\n\n\n<h3>La table basse carr\u00e9e pour les canap\u00e9s d\u2019angles sym\u00e9triques<\/h3>\n\n\n\n<p>Si les deux voire trois c\u00f4t\u00e9s de votre canap\u00e9 sont de la m\u00eame longueur, optez pour une grande table carr\u00e9e. Elle a plus de chances de tenir dans l&#8217;espace et d&#8217;\u00eatre facilement accessible \u00e0 toutes les personnes assises.<\/p>\n\n\n\n<h3>La table basse carr\u00e9e pour les canap\u00e9s d\u2019angles sym\u00e9triques<\/h3>\n\n\n\n<p>Si les deux voire trois c\u00f4t\u00e9s de votre canap\u00e9 sont de la m\u00eame longueur, optez pour une grande table carr\u00e9e. Elle a plus de chances de tenir dans l&#8217;espace et d&#8217;\u00eatre facilement accessible \u00e0 toutes les personnes assises.<\/p>\n\n\n\n<h3>Comment choisir une table basse rectangulaire pour son canap\u00e9 d\u2019angle ?<\/h3>\n\n\n\n<p>Les dimensions de la table basse rectangulaire id\u00e9ale correspondent aux deux tiers de la largeur de votre canap\u00e9. Si vous avez un canap\u00e9 d\u2019angle avec m\u00e9ridienne, il est pr\u00e9f\u00e9rable que la table basse fasse les deux tiers de la taille de la partie en longueur seulement. Cela cr\u00e9e un aspect \u00e9quilibr\u00e9 dans la pi\u00e8ce.<\/p>\n\n\n\n<h2>Comment choisir la table basse id\u00e9ale pour son salon ?<\/h2>\n\n\n\n<p>Bien que votre table basse doive s&#8217;adapter \u00e0 votre canap\u00e9 d\u2019angle, elle doit \u00e9galement s&#8217;adapter au reste de la pi\u00e8ce. Cela inclut le style et la forme, en plus de la taille. Il existe d&#8217;innombrables combinaisons et designs, vous \u00eates donc s\u00fbr d&#8217;en trouver une qui r\u00e9ponde \u00e0 vos besoins.<\/p>\n\n\n\n<h3>Le style de votre future table basse<\/h3>\n\n\n\n<p>Lorsque vous choisissez une table basse, tenez compte du reste de la pi\u00e8ce en termes de d\u00e9co, de style et de couleur. Elle doit compl\u00e9ter avec harmonie les meubles, le sol, les murs et les autres \u00e9l\u00e9ments de d\u00e9coration. Une fa\u00e7on d&#8217;y penser est de suivre l&#8217;esth\u00e9tique que vous donnez \u00e0 votre salon, en incluant la particularit\u00e9 du canap\u00e9 d\u2019angle. Votre d\u00e9coration reprend un style naturel, boh\u00e8me ? Pourquoi ne pas opter pour une table basse ronde en bois, \u00e0 accorder avec un sofa gris ou lin et une chaise en rotin.<\/p>\n\n\n\n<p>Un salon simple \u00e0 la d\u00e9co minimaliste sera sublim\u00e9 avec une table basse en bois massif et un canap\u00e9 d\u2019angle blanc, le tout pour un salon contemporain.<\/p>\n\n\n\n<p><\/p>\n","protected":false},"excerpt":{"rendered":"<p>Les canap\u00e9s d\u2019angle sont super confortables, et constituent une excellente alternative \u00e0 la combinaison plus traditionnelle d&#8217;un canap\u00e9 et d&#8217;un fauteuil. Cependant, lorsque votre canap\u00e9 d\u2019angle n&#8217;est pas associ\u00e9 \u00e0 la bonne table basse, votre salon peut perdre en harmonie et en praticit\u00e9. Design, forme, taille, mat\u00e9riaux\u2026 Voici nos meilleurs conseils pour savoir quelle table [&hellip;]<\/p>\n","protected":false},"author":13,"featured_media":2622,"parent":0,"menu_order":0,"comment_status":"closed","ping_status":"closed","template":"","meta":[],"categories":[3],"tags":[],"yoast_head":"<!-- This site is optimized with the Yoast SEO plugin v19.3 - https:\/\/yoast.com\/wordpress\/plugins\/seo\/ -->\n<title>Quelle table basse pour canap\u00e9 d\u2019angle ? &bull; Blog Design Jardin &amp; Int\u00e9rieur | Tendance D\u00e9co<\/title>\n<meta name=\"robots\" content=\"index, follow, max-snippet:-1, max-image-preview:large, max-video-preview:-1\" \/>\n<link rel=\"canonical\" href=\"https:\/\/delormdesign.com\/blog\/quelle-table-basse-pour-canape-dangle\/\" \/>\n<meta property=\"og:locale\" content=\"fr_FR\" \/>\n<meta property=\"og:type\" content=\"article\" \/>\n<meta property=\"og:title\" content=\"Quelle table basse pour canap\u00e9 d\u2019angle ? &bull; Blog Design Jardin &amp; Int\u00e9rieur | Tendance D\u00e9co\" \/>\n<meta property=\"og:description\" content=\"Les canap\u00e9s d\u2019angle sont super confortables, et constituent une excellente alternative \u00e0 la combinaison plus traditionnelle d&#8217;un canap\u00e9 et d&#8217;un fauteuil. Cependant, lorsque votre canap\u00e9 d\u2019angle n&#8217;est pas associ\u00e9 \u00e0 la bonne table basse, votre salon peut perdre en harmonie et en praticit\u00e9. Design, forme, taille, mat\u00e9riaux\u2026 Voici nos meilleurs conseils pour savoir quelle table [&hellip;]\" \/>\n<meta property=\"og:url\" content=\"https:\/\/delormdesign.com\/blog\/quelle-table-basse-pour-canape-dangle\/\" \/>\n<meta property=\"og:site_name\" content=\"Blog Design Jardin &amp; Int\u00e9rieur | Tendance D\u00e9co\" \/>\n<meta property=\"article:publisher\" content=\"https:\/\/www.facebook.com\/delormdesign\/\" \/>\n<meta property=\"article:modified_time\" content=\"2021-11-03T16:43:01+00:00\" \/>\n<meta property=\"og:image\" content=\"https:\/\/delormdesign.com\/blog\/wp-content\/uploads\/2021\/11\/living-room-design-with-fireplace.jpg\" \/>\n\t<meta property=\"og:image:width\" content=\"1200\" \/>\n\t<meta property=\"og:image:height\" content=\"788\" \/>\n\t<meta property=\"og:image:type\" content=\"image\/jpeg\" \/>\n<meta name=\"twitter:card\" content=\"summary\" \/>\n<meta name=\"twitter:label1\" content=\"Est. reading time\" \/>\n\t<meta name=\"twitter:data1\" content=\"3 minutes\" \/>\n<script type=\"application\/ld+json\" class=\"yoast-schema-graph\">{\"@context\":\"https:\/\/schema.org\",\"@graph\":[{\"@type\":\"WebSite\",\"@id\":\"https:\/\/delormdesign.com\/blog\/#website\",\"url\":\"https:\/\/delormdesign.com\/blog\/\",\"name\":\"Blog Design Jardin &amp; Int\u00e9rieur | Tendance D\u00e9co\",\"description\":\"Jardin &amp; Int\u00e9rieur | Tendance D\u00e9co\",\"potentialAction\":[{\"@type\":\"SearchAction\",\"target\":{\"@type\":\"EntryPoint\",\"urlTemplate\":\"https:\/\/delormdesign.com\/blog\/?s={search_term_string}\"},\"query-input\":\"required name=search_term_string\"}],\"inLanguage\":\"fr-FR\"},{\"@type\":\"ImageObject\",\"inLanguage\":\"fr-FR\",\"@id\":\"https:\/\/delormdesign.com\/blog\/quelle-table-basse-pour-canape-dangle\/#primaryimage\",\"url\":\"https:\/\/delormdesign.com\/blog\/wp-content\/uploads\/2021\/11\/living-room-design-with-fireplace.jpg\",\"contentUrl\":\"https:\/\/delormdesign.com\/blog\/wp-content\/uploads\/2021\/11\/living-room-design-with-fireplace.jpg\",\"width\":1200,\"height\":788},{\"@type\":\"WebPage\",\"@id\":\"https:\/\/delormdesign.com\/blog\/quelle-table-basse-pour-canape-dangle\/\",\"url\":\"https:\/\/delormdesign.com\/blog\/quelle-table-basse-pour-canape-dangle\/\",\"name\":\"Quelle table basse pour canap\u00e9 d\u2019angle ? &bull; Blog Design Jardin &amp; Int\u00e9rieur | Tendance D\u00e9co\",\"isPartOf\":{\"@id\":\"https:\/\/delormdesign.com\/blog\/#website\"},\"primaryImageOfPage\":{\"@id\":\"https:\/\/delormdesign.com\/blog\/quelle-table-basse-pour-canape-dangle\/#primaryimage\"},\"datePublished\":\"2021-11-03T16:42:50+00:00\",\"dateModified\":\"2021-11-03T16:43:01+00:00\",\"breadcrumb\":{\"@id\":\"https:\/\/delormdesign.com\/blog\/quelle-table-basse-pour-canape-dangle\/#breadcrumb\"},\"inLanguage\":\"fr-FR\",\"potentialAction\":[{\"@type\":\"ReadAction\",\"target\":[\"https:\/\/delormdesign.com\/blog\/quelle-table-basse-pour-canape-dangle\/\"]}]},{\"@type\":\"BreadcrumbList\",\"@id\":\"https:\/\/delormdesign.com\/blog\/quelle-table-basse-pour-canape-dangle\/#breadcrumb\",\"itemListElement\":[{\"@type\":\"ListItem\",\"position\":1,\"name\":\"Accueil\",\"item\":\"https:\/\/delormdesign.com\/blog\/\"},{\"@type\":\"ListItem\",\"position\":2,\"name\":\"Quelle table basse pour canap\u00e9 d\u2019angle ?\"}]}]}<\/script>\n<!-- \/ Yoast SEO plugin. -->","yoast_head_json":{"title":"Quelle table basse pour canap\u00e9 d\u2019angle ? &bull; Blog Design Jardin &amp; Int\u00e9rieur | Tendance D\u00e9co","robots":{"index":"index","follow":"follow","max-snippet":"max-snippet:-1","max-image-preview":"max-image-preview:large","max-video-preview":"max-video-preview:-1"},"canonical":"https:\/\/delormdesign.com\/blog\/quelle-table-basse-pour-canape-dangle\/","og_locale":"fr_FR","og_type":"article","og_title":"Quelle table basse pour canap\u00e9 d\u2019angle ? &bull; Blog Design Jardin &amp; Int\u00e9rieur | Tendance D\u00e9co","og_description":"Les canap\u00e9s d\u2019angle sont super confortables, et constituent une excellente alternative \u00e0 la combinaison plus traditionnelle d&#8217;un canap\u00e9 et d&#8217;un fauteuil. Cependant, lorsque votre canap\u00e9 d\u2019angle n&#8217;est pas associ\u00e9 \u00e0 la bonne table basse, votre salon peut perdre en harmonie et en praticit\u00e9. Design, forme, taille, mat\u00e9riaux\u2026 Voici nos meilleurs conseils pour savoir quelle table [&hellip;]","og_url":"https:\/\/delormdesign.com\/blog\/quelle-table-basse-pour-canape-dangle\/","og_site_name":"Blog Design Jardin &amp; Int\u00e9rieur | Tendance D\u00e9co","article_publisher":"https:\/\/www.facebook.com\/delormdesign\/","article_modified_time":"2021-11-03T16:43:01+00:00","og_image":[{"width":1200,"height":788,"url":"https:\/\/delormdesign.com\/blog\/wp-content\/uploads\/2021\/11\/living-room-design-with-fireplace.jpg","type":"image\/jpeg"}],"twitter_card":"summary","twitter_misc":{"Est. reading time":"3 minutes"},"schema":{"@context":"https:\/\/schema.org","@graph":[{"@type":"WebSite","@id":"https:\/\/delormdesign.com\/blog\/#website","url":"https:\/\/delormdesign.com\/blog\/","name":"Blog Design Jardin &amp; Int\u00e9rieur | Tendance D\u00e9co","description":"Jardin &amp; Int\u00e9rieur | Tendance D\u00e9co","potentialAction":[{"@type":"SearchAction","target":{"@type":"EntryPoint","urlTemplate":"https:\/\/delormdesign.com\/blog\/?s={search_term_string}"},"query-input":"required name=search_term_string"}],"inLanguage":"fr-FR"},{"@type":"ImageObject","inLanguage":"fr-FR","@id":"https:\/\/delormdesign.com\/blog\/quelle-table-basse-pour-canape-dangle\/#primaryimage","url":"https:\/\/delormdesign.com\/blog\/wp-content\/uploads\/2021\/11\/living-room-design-with-fireplace.jpg","contentUrl":"https:\/\/delormdesign.com\/blog\/wp-content\/uploads\/2021\/11\/living-room-design-with-fireplace.jpg","width":1200,"height":788},{"@type":"WebPage","@id":"https:\/\/delormdesign.com\/blog\/quelle-table-basse-pour-canape-dangle\/","url":"https:\/\/delormdesign.com\/blog\/quelle-table-basse-pour-canape-dangle\/","name":"Quelle table basse pour canap\u00e9 d\u2019angle ? &bull; Blog Design Jardin &amp; Int\u00e9rieur | Tendance D\u00e9co","isPartOf":{"@id":"https:\/\/delormdesign.com\/blog\/#website"},"primaryImageOfPage":{"@id":"https:\/\/delormdesign.com\/blog\/quelle-table-basse-pour-canape-dangle\/#primaryimage"},"datePublished":"2021-11-03T16:42:50+00:00","dateModified":"2021-11-03T16:43:01+00:00","breadcrumb":{"@id":"https:\/\/delormdesign.com\/blog\/quelle-table-basse-pour-canape-dangle\/#breadcrumb"},"inLanguage":"fr-FR","potentialAction":[{"@type":"ReadAction","target":["https:\/\/delormdesign.com\/blog\/quelle-table-basse-pour-canape-dangle\/"]}]},{"@type":"BreadcrumbList","@id":"https:\/\/delormdesign.com\/blog\/quelle-table-basse-pour-canape-dangle\/#breadcrumb","itemListElement":[{"@type":"ListItem","position":1,"name":"Accueil","item":"https:\/\/delormdesign.com\/blog\/"},{"@type":"ListItem","position":2,"name":"Quelle table basse pour canap\u00e9 d\u2019angle ?"}]}]}},"amp_enabled":true,"_links":{"self":[{"href":"https:\/\/delormdesign.com\/blog\/wp-json\/wp\/v2\/pages\/2621"}],"collection":[{"href":"https:\/\/delormdesign.com\/blog\/wp-json\/wp\/v2\/pages"}],"about":[{"href":"https:\/\/delormdesign.com\/blog\/wp-json\/wp\/v2\/types\/page"}],"author":[{"embeddable":true,"href":"https:\/\/delormdesign.com\/blog\/wp-json\/wp\/v2\/users\/13"}],"replies":[{"embeddable":true,"href":"https:\/\/delormdesign.com\/blog\/wp-json\/wp\/v2\/comments?post=2621"}],"version-history":[{"count":1,"href":"https:\/\/delormdesign.com\/blog\/wp-json\/wp\/v2\/pages\/2621\/revisions"}],"predecessor-version":[{"id":2623,"href":"https:\/\/delormdesign.com\/blog\/wp-json\/wp\/v2\/pages\/2621\/revisions\/2623"}],"wp:featuredmedia":[{"embeddable":true,"href":"https:\/\/delormdesign.com\/blog\/wp-json\/wp\/v2\/media\/2622"}],"wp:attachment":[{"href":"https:\/\/delormdesign.com\/blog\/wp-json\/wp\/v2\/media?parent=2621"}],"wp:term":[{"taxonomy":"category","embeddable":true,"href":"https:\/\/delormdesign.com\/blog\/wp-json\/wp\/v2\/categories?post=2621"},{"taxonomy":"post_tag","embeddable":true,"href":"https:\/\/delormdesign.com\/blog\/wp-json\/wp\/v2\/tags?post=2621"}],"curies":[{"name":"wp","href":"https:\/\/api.w.org\/{rel}","templated":true}]}}