{"id":2624,"date":"2021-11-03T16:57:50","date_gmt":"2021-11-03T16:57:50","guid":{"rendered":"https:\/\/delormdesign.com\/blog\/?page_id=2624"},"modified":"2021-11-03T16:57:52","modified_gmt":"2021-11-03T16:57:52","slug":"comment-choisir-la-couleur-de-son-canape-les-tendances-2021-2022","status":"publish","type":"page","link":"https:\/\/delormdesign.com\/blog\/comment-choisir-la-couleur-de-son-canape-les-tendances-2021-2022\/","title":{"rendered":"Comment choisir la couleur de son canap\u00e9 : les tendances 2021\/2022"},"content":{"rendered":"\n<p>La couleur est l&#8217;un des \u00e9l\u00e9ments les plus importants \u00e0 prendre en compte lors de la d\u00e9coration de votre maison. De notre humeur \u00e0 notre qualit\u00e9 de sommeil, en passant par notre concentration, elle a un r\u00e9el impact sur votre vie. Outre les meubles, la couleur cr\u00e9e un sanctuaire relaxant dans la chambre \u00e0 coucher, une cuisine vive et lumineuse ou encore un couloir chaleureux et accueillant.<\/p>\n\n\n\n<p>Il n&#8217;est donc pas surprenant que la couleur soit l&#8217;un des facteurs les plus importants lorsqu&#8217;il s&#8217;agit d\u2019acheter un canap\u00e9. D\u00e9couvrez comment choisir la couleur de son canap\u00e9 gr\u00e2ce aux derni\u00e8res tendances d\u00e9co.<\/p>\n\n\n\n<h2>Les couleurs neutres, les \u00e9ternelles populaires pour les canap\u00e9s<\/h2>\n\n\n\n<p>Les couleurs neutres telles que les nuances de gris, de lin ou de beige ont toujours la cote pour habiller les canap\u00e9s des Fran\u00e7ais. En effet, ces couleurs de canap\u00e9s les plus populaires s\u2019adaptent \u00e0 tous les styles de d\u00e9coration d&#8217;int\u00e9rieur.<\/p>\n\n\n\n<h3>Le gris, la star du rev\u00eatement de canap\u00e9<\/h3>\n\n\n\n<p>Sans surprise, le gris, \u00e9ternellement populaire, a \u00e9t\u00e9 la couleur de canap\u00e9 la plus recherch\u00e9e de l&#8217;ann\u00e9e. Infiniment polyvalent, un gris neutre peut \u00eatre adapt\u00e9 \u00e0 presque tous types de salon, avec des styles allant du tweed textur\u00e9 traditionnel au velours moderne. Et il constitue une excellente base pour les d\u00e9corations \u00e0 motifs.<\/p>\n\n\n\n<h3>Le blanc, la couleur neutre la plus audacieuse<\/h3>\n\n\n\n<p>Bien que le blanc soit une teinte tr\u00e8s d\u00e9cri\u00e9e par les propri\u00e9taires et les parents d&#8217;animaux, un canap\u00e9 blanc immacul\u00e9 peut donner l&#8217;impression d&#8217;\u00eatre sorti des pages d&#8217;un magazine. Il est donc id\u00e9al pour une d\u00e9coration minimaliste, avec l\u2019ajout sophistiqu\u00e9 mais parcimonieux d\u2019\u00e9l\u00e9ments de design int\u00e9ressants.<\/p>\n\n\n\n<h3>Le beige, le grand gagnant des salons lumineux<\/h3>\n\n\n\n<p>Plus indulgent que le blanc, mais avec des nuances plus froides que la couleur cr\u00e8me, un canap\u00e9 beige est l&#8217;image m\u00eame de la polyvalence. Vous pouvez l&#8217;accessoiriser \u00e0 votre guise, quel que soit votre style de d\u00e9coration. Maintenez une palette de couleurs froides en associant votre canap\u00e9 \u00e0 des gris ou des bleus doux, ou r\u00e9chauffez l\u2019ambiance avec des coussins roses sombres ou une touche de rouge rouille.<\/p>\n\n\n\n<h2>La couleur fait un retour en force<\/h2>\n\n\n\n<p>Vous cherchez des astuces sur comment choisir la couleur de son canap\u00e9, et souhaitez faire de votre sofa le point d\u2019int\u00e9r\u00eat central de votre s\u00e9jour ? Optez pour un rev\u00eatement de canap\u00e9 rose, vert, bleu ou jaune !<\/p>\n\n\n\n<h3>Le canap\u00e9 rose pour une touche de couleur subtile<\/h3>\n\n\n\n<p>Le rose fait une apparition surprenante dans les couleurs de canap\u00e9 pr\u00e9f\u00e9r\u00e9es cette ann\u00e9e. Pourtant, le choix de la bonne teinte de rose n\u00e9cessite un \u0153il plus attentif que pour un simple gris. En effet, il vaut mieux \u00e9viter un r\u00e9sultat trop criard, ou trop d\u00e9suet. Les nuances riches ou poudr\u00e9es de rose dans des tissus tactiles, comme le tweed, le velour c\u00f4tel\u00e9 ou la laine textur\u00e9e, peuvent \u00eatre un choix polyvalent et sophistiqu\u00e9 pour votre salon.<\/p>\n\n\n\n<h3>Choisir un canap\u00e9 vert pour un salon aux couleurs de la nature<\/h3>\n\n\n\n<p>Avec des liens si forts avec la nature, le vert est une couleur apaisante et relaxante, ce qui en fait le choix id\u00e9al pour un canap\u00e9. Le vert for\u00eat, tr\u00e8s \u00e0 la mode cette ann\u00e9e, cr\u00e9e un style romantique et une d\u00e9co chic.<\/p>\n\n\n\n<h3>Le bleu, le grand gagnant des canap\u00e9s color\u00e9s<\/h3>\n\n\n\n<p>Le bleu classique figure parmi les couleurs de canap\u00e9 les plus adopt\u00e9es cette ann\u00e9e. Mais pour un autre choix polyvalent, les canap\u00e9s en velours bleu profond conf\u00e8rent un look luxueux \u00e0 votre salon. Les canap\u00e9s bleu poudre matelass\u00e9s sont un peu plus vintage, et les variations tirant sur le vert introduisent des nuances plus riches qui s&#8217;accordent bien avec une collection de plantes d&#8217;int\u00e9rieur et de mat\u00e9riaux naturels.<\/p>\n\n\n\n<h3>Opter pour une pi\u00e8ce forte avec un canap\u00e9 jaune dans votre salon<\/h3>\n\n\n\n<p>En qu\u00eate d\u2019une pi\u00e8ce ma\u00eetresse pour donner du cachet \u00e0 votre salon ? Laissez-vous tenter par un canap\u00e9 jaune. Les nuances de jaune \u00e0 la mode tournent autour du jaune moutarde, du jaune d\u2019or et des teintes chaudes. Ainsi, un jaune d&#8217;or doux illumine votre salon, et constitue une pi\u00e8ce ma\u00eetresse d&#8217;une polyvalence trompeuse, se mariant id\u00e9alement avec des mat\u00e9riaux naturels, des nuances de rouge rouille, de vert for\u00eat et m\u00eame d&#8217;orange br\u00fbl\u00e9.<\/p>\n\n\n\n<p><\/p>\n","protected":false},"excerpt":{"rendered":"<p>La couleur est l&#8217;un des \u00e9l\u00e9ments les plus importants \u00e0 prendre en compte lors de la d\u00e9coration de votre maison. De notre humeur \u00e0 notre qualit\u00e9 de sommeil, en passant par notre concentration, elle a un r\u00e9el impact sur votre vie. Outre les meubles, la couleur cr\u00e9e un sanctuaire relaxant dans la chambre \u00e0 coucher, [&hellip;]<\/p>\n","protected":false},"author":13,"featured_media":2625,"parent":0,"menu_order":0,"comment_status":"closed","ping_status":"closed","template":"","meta":[],"categories":[],"tags":[],"yoast_head":"<!-- This site is optimized with the Yoast SEO plugin v19.3 - https:\/\/yoast.com\/wordpress\/plugins\/seo\/ -->\n<title>Comment choisir la couleur de son canap\u00e9 : les tendances 2021\/2022 &bull; Blog Design Jardin &amp; Int\u00e9rieur | Tendance D\u00e9co<\/title>\n<meta name=\"robots\" content=\"index, follow, max-snippet:-1, max-image-preview:large, max-video-preview:-1\" \/>\n<link rel=\"canonical\" href=\"https:\/\/delormdesign.com\/blog\/comment-choisir-la-couleur-de-son-canape-les-tendances-2021-2022\/\" \/>\n<meta property=\"og:locale\" content=\"fr_FR\" \/>\n<meta property=\"og:type\" content=\"article\" \/>\n<meta property=\"og:title\" content=\"Comment choisir la couleur de son canap\u00e9 : les tendances 2021\/2022 &bull; Blog Design Jardin &amp; Int\u00e9rieur | Tendance D\u00e9co\" \/>\n<meta property=\"og:description\" content=\"La couleur est l&#8217;un des \u00e9l\u00e9ments les plus importants \u00e0 prendre en compte lors de la d\u00e9coration de votre maison. De notre humeur \u00e0 notre qualit\u00e9 de sommeil, en passant par notre concentration, elle a un r\u00e9el impact sur votre vie. Outre les meubles, la couleur cr\u00e9e un sanctuaire relaxant dans la chambre \u00e0 coucher, [&hellip;]\" \/>\n<meta property=\"og:url\" content=\"https:\/\/delormdesign.com\/blog\/comment-choisir-la-couleur-de-son-canape-les-tendances-2021-2022\/\" \/>\n<meta property=\"og:site_name\" content=\"Blog Design Jardin &amp; Int\u00e9rieur | Tendance D\u00e9co\" \/>\n<meta property=\"article:publisher\" content=\"https:\/\/www.facebook.com\/delormdesign\/\" \/>\n<meta property=\"article:modified_time\" content=\"2021-11-03T16:57:52+00:00\" \/>\n<meta property=\"og:image\" content=\"https:\/\/delormdesign.com\/blog\/wp-content\/uploads\/2021\/11\/chic-mid-century-modern-luxury-aesthetics-living-room-with-gray-velvet-couch-blue-rug.jpg\" \/>\n\t<meta property=\"og:image:width\" content=\"1200\" \/>\n\t<meta property=\"og:image:height\" content=\"800\" \/>\n\t<meta property=\"og:image:type\" content=\"image\/jpeg\" \/>\n<meta name=\"twitter:card\" content=\"summary\" \/>\n<meta name=\"twitter:label1\" content=\"Est. reading time\" \/>\n\t<meta name=\"twitter:data1\" content=\"4 minutes\" \/>\n<script type=\"application\/ld+json\" class=\"yoast-schema-graph\">{\"@context\":\"https:\/\/schema.org\",\"@graph\":[{\"@type\":\"WebSite\",\"@id\":\"https:\/\/delormdesign.com\/blog\/#website\",\"url\":\"https:\/\/delormdesign.com\/blog\/\",\"name\":\"Blog Design Jardin &amp; Int\u00e9rieur | Tendance D\u00e9co\",\"description\":\"Jardin &amp; Int\u00e9rieur | Tendance D\u00e9co\",\"potentialAction\":[{\"@type\":\"SearchAction\",\"target\":{\"@type\":\"EntryPoint\",\"urlTemplate\":\"https:\/\/delormdesign.com\/blog\/?s={search_term_string}\"},\"query-input\":\"required name=search_term_string\"}],\"inLanguage\":\"fr-FR\"},{\"@type\":\"ImageObject\",\"inLanguage\":\"fr-FR\",\"@id\":\"https:\/\/delormdesign.com\/blog\/comment-choisir-la-couleur-de-son-canape-les-tendances-2021-2022\/#primaryimage\",\"url\":\"https:\/\/delormdesign.com\/blog\/wp-content\/uploads\/2021\/11\/chic-mid-century-modern-luxury-aesthetics-living-room-with-gray-velvet-couch-blue-rug.jpg\",\"contentUrl\":\"https:\/\/delormdesign.com\/blog\/wp-content\/uploads\/2021\/11\/chic-mid-century-modern-luxury-aesthetics-living-room-with-gray-velvet-couch-blue-rug.jpg\",\"width\":1200,\"height\":800},{\"@type\":\"WebPage\",\"@id\":\"https:\/\/delormdesign.com\/blog\/comment-choisir-la-couleur-de-son-canape-les-tendances-2021-2022\/\",\"url\":\"https:\/\/delormdesign.com\/blog\/comment-choisir-la-couleur-de-son-canape-les-tendances-2021-2022\/\",\"name\":\"Comment choisir la couleur de son canap\u00e9 : les tendances 2021\/2022 &bull; Blog Design Jardin &amp; Int\u00e9rieur | Tendance D\u00e9co\",\"isPartOf\":{\"@id\":\"https:\/\/delormdesign.com\/blog\/#website\"},\"primaryImageOfPage\":{\"@id\":\"https:\/\/delormdesign.com\/blog\/comment-choisir-la-couleur-de-son-canape-les-tendances-2021-2022\/#primaryimage\"},\"datePublished\":\"2021-11-03T16:57:50+00:00\",\"dateModified\":\"2021-11-03T16:57:52+00:00\",\"breadcrumb\":{\"@id\":\"https:\/\/delormdesign.com\/blog\/comment-choisir-la-couleur-de-son-canape-les-tendances-2021-2022\/#breadcrumb\"},\"inLanguage\":\"fr-FR\",\"potentialAction\":[{\"@type\":\"ReadAction\",\"target\":[\"https:\/\/delormdesign.com\/blog\/comment-choisir-la-couleur-de-son-canape-les-tendances-2021-2022\/\"]}]},{\"@type\":\"BreadcrumbList\",\"@id\":\"https:\/\/delormdesign.com\/blog\/comment-choisir-la-couleur-de-son-canape-les-tendances-2021-2022\/#breadcrumb\",\"itemListElement\":[{\"@type\":\"ListItem\",\"position\":1,\"name\":\"Accueil\",\"item\":\"https:\/\/delormdesign.com\/blog\/\"},{\"@type\":\"ListItem\",\"position\":2,\"name\":\"Comment choisir la couleur de son canap\u00e9 : les tendances 2021\/2022\"}]}]}<\/script>\n<!-- \/ Yoast SEO plugin. -->","yoast_head_json":{"title":"Comment choisir la couleur de son canap\u00e9 : les tendances 2021\/2022 &bull; Blog Design Jardin &amp; Int\u00e9rieur | Tendance D\u00e9co","robots":{"index":"index","follow":"follow","max-snippet":"max-snippet:-1","max-image-preview":"max-image-preview:large","max-video-preview":"max-video-preview:-1"},"canonical":"https:\/\/delormdesign.com\/blog\/comment-choisir-la-couleur-de-son-canape-les-tendances-2021-2022\/","og_locale":"fr_FR","og_type":"article","og_title":"Comment choisir la couleur de son canap\u00e9 : les tendances 2021\/2022 &bull; Blog Design Jardin &amp; Int\u00e9rieur | Tendance D\u00e9co","og_description":"La couleur est l&#8217;un des \u00e9l\u00e9ments les plus importants \u00e0 prendre en compte lors de la d\u00e9coration de votre maison. De notre humeur \u00e0 notre qualit\u00e9 de sommeil, en passant par notre concentration, elle a un r\u00e9el impact sur votre vie. Outre les meubles, la couleur cr\u00e9e un sanctuaire relaxant dans la chambre \u00e0 coucher, [&hellip;]","og_url":"https:\/\/delormdesign.com\/blog\/comment-choisir-la-couleur-de-son-canape-les-tendances-2021-2022\/","og_site_name":"Blog Design Jardin &amp; Int\u00e9rieur | Tendance D\u00e9co","article_publisher":"https:\/\/www.facebook.com\/delormdesign\/","article_modified_time":"2021-11-03T16:57:52+00:00","og_image":[{"width":1200,"height":800,"url":"https:\/\/delormdesign.com\/blog\/wp-content\/uploads\/2021\/11\/chic-mid-century-modern-luxury-aesthetics-living-room-with-gray-velvet-couch-blue-rug.jpg","type":"image\/jpeg"}],"twitter_card":"summary","twitter_misc":{"Est. reading time":"4 minutes"},"schema":{"@context":"https:\/\/schema.org","@graph":[{"@type":"WebSite","@id":"https:\/\/delormdesign.com\/blog\/#website","url":"https:\/\/delormdesign.com\/blog\/","name":"Blog Design Jardin &amp; Int\u00e9rieur | Tendance D\u00e9co","description":"Jardin &amp; Int\u00e9rieur | Tendance D\u00e9co","potentialAction":[{"@type":"SearchAction","target":{"@type":"EntryPoint","urlTemplate":"https:\/\/delormdesign.com\/blog\/?s={search_term_string}"},"query-input":"required name=search_term_string"}],"inLanguage":"fr-FR"},{"@type":"ImageObject","inLanguage":"fr-FR","@id":"https:\/\/delormdesign.com\/blog\/comment-choisir-la-couleur-de-son-canape-les-tendances-2021-2022\/#primaryimage","url":"https:\/\/delormdesign.com\/blog\/wp-content\/uploads\/2021\/11\/chic-mid-century-modern-luxury-aesthetics-living-room-with-gray-velvet-couch-blue-rug.jpg","contentUrl":"https:\/\/delormdesign.com\/blog\/wp-content\/uploads\/2021\/11\/chic-mid-century-modern-luxury-aesthetics-living-room-with-gray-velvet-couch-blue-rug.jpg","width":1200,"height":800},{"@type":"WebPage","@id":"https:\/\/delormdesign.com\/blog\/comment-choisir-la-couleur-de-son-canape-les-tendances-2021-2022\/","url":"https:\/\/delormdesign.com\/blog\/comment-choisir-la-couleur-de-son-canape-les-tendances-2021-2022\/","name":"Comment choisir la couleur de son canap\u00e9 : les tendances 2021\/2022 &bull; Blog Design Jardin &amp; Int\u00e9rieur | Tendance D\u00e9co","isPartOf":{"@id":"https:\/\/delormdesign.com\/blog\/#website"},"primaryImageOfPage":{"@id":"https:\/\/delormdesign.com\/blog\/comment-choisir-la-couleur-de-son-canape-les-tendances-2021-2022\/#primaryimage"},"datePublished":"2021-11-03T16:57:50+00:00","dateModified":"2021-11-03T16:57:52+00:00","breadcrumb":{"@id":"https:\/\/delormdesign.com\/blog\/comment-choisir-la-couleur-de-son-canape-les-tendances-2021-2022\/#breadcrumb"},"inLanguage":"fr-FR","potentialAction":[{"@type":"ReadAction","target":["https:\/\/delormdesign.com\/blog\/comment-choisir-la-couleur-de-son-canape-les-tendances-2021-2022\/"]}]},{"@type":"BreadcrumbList","@id":"https:\/\/delormdesign.com\/blog\/comment-choisir-la-couleur-de-son-canape-les-tendances-2021-2022\/#breadcrumb","itemListElement":[{"@type":"ListItem","position":1,"name":"Accueil","item":"https:\/\/delormdesign.com\/blog\/"},{"@type":"ListItem","position":2,"name":"Comment choisir la couleur de son canap\u00e9 : les tendances 2021\/2022"}]}]}},"amp_enabled":true,"_links":{"self":[{"href":"https:\/\/delormdesign.com\/blog\/wp-json\/wp\/v2\/pages\/2624"}],"collection":[{"href":"https:\/\/delormdesign.com\/blog\/wp-json\/wp\/v2\/pages"}],"about":[{"href":"https:\/\/delormdesign.com\/blog\/wp-json\/wp\/v2\/types\/page"}],"author":[{"embeddable":true,"href":"https:\/\/delormdesign.com\/blog\/wp-json\/wp\/v2\/users\/13"}],"replies":[{"embeddable":true,"href":"https:\/\/delormdesign.com\/blog\/wp-json\/wp\/v2\/comments?post=2624"}],"version-history":[{"count":1,"href":"https:\/\/delormdesign.com\/blog\/wp-json\/wp\/v2\/pages\/2624\/revisions"}],"predecessor-version":[{"id":2626,"href":"https:\/\/delormdesign.com\/blog\/wp-json\/wp\/v2\/pages\/2624\/revisions\/2626"}],"wp:featuredmedia":[{"embeddable":true,"href":"https:\/\/delormdesign.com\/blog\/wp-json\/wp\/v2\/media\/2625"}],"wp:attachment":[{"href":"https:\/\/delormdesign.com\/blog\/wp-json\/wp\/v2\/media?parent=2624"}],"wp:term":[{"taxonomy":"category","embeddable":true,"href":"https:\/\/delormdesign.com\/blog\/wp-json\/wp\/v2\/categories?post=2624"},{"taxonomy":"post_tag","embeddable":true,"href":"https:\/\/delormdesign.com\/blog\/wp-json\/wp\/v2\/tags?post=2624"}],"curies":[{"name":"wp","href":"https:\/\/api.w.org\/{rel}","templated":true}]}}