{"id":880,"date":"2018-06-28T09:00:02","date_gmt":"2018-06-28T09:00:02","guid":{"rendered":"https:\/\/delormdesign.com\/blog\/?page_id=880"},"modified":"2021-06-26T09:15:05","modified_gmt":"2021-06-26T09:15:05","slug":"acheter-canape","status":"publish","type":"page","link":"https:\/\/delormdesign.com\/blog\/acheter-canape\/","title":{"rendered":"O\u00f9 acheter son canap\u00e9 ?"},"content":{"rendered":"<p><strong>Le canap\u00e9<\/strong> est la pi\u00e8ce ma\u00eetresse de votre salon et le lieu de rencontre et de d\u00e9tente de tous. Alors quand on choisit d&#8217;investir enfin et d&#8217;acheter un canap\u00e9, on veut choisir le bon, et on se demande alors : o\u00f9 acheter mon futur canap\u00e9 ? Trois options s\u2019offrent \u00e0 vous<strong> internet<\/strong> avec ses sites online les <strong>magasins sp\u00e9cialis\u00e9s<\/strong> ou les<strong> showrooms<\/strong>. On les d\u00e9crypte pour vous, tenez vous pr\u00eat.<\/p>\n<h2>Achat en ligne : acheter depuis son canap\u00e9.<\/h2>\n<p>.<span class=\"Apple-converted-space\">\u00a0<\/span>Vous pouvez commander <a href=\"https:\/\/delormdesign.com\/177-canape-design\" target=\"_blank\" rel=\"noopener noreferrer\"><strong>en ligne<\/strong><\/a> \u00e0 toutes heures tous les jours de la semaine sans aucune contrainte. Ainsi choisissant et commandant vos meubles sur internet, vous \u00e9vitez la perte de temps due au d\u00e9placement sur place.<\/p>\n<p>Le plus compliqu\u00e9 sur l&#8217;internet, c\u2019est la multitude de choix de<strong> boutique en ligne<\/strong> et de leur produits qui peut devenir parfois risqu\u00e9 pour les canap\u00e9s. En effet, le canap\u00e9 que vous commandez peut en effet s\u2019av\u00e9rer d\u2019une qualit\u00e9 m\u00e9diocre alors que vous \u00e9tiez s\u00e9duit par le produit vu sur le site pr\u00e9c\u00e9demment. Donc il faut imp\u00e9rativement cibler sa recherche. Attention, \u00e9galement aux revendeurs frauduleux, pr\u00e9f\u00e9rez les sites sp\u00e9cialis\u00e9s avec une belle allure. Pr\u00e9f\u00e9rez \u00e9galement les sites <strong>hauts gamme ou semis hauts gammes<\/strong> pour vous assurer l&#8217;achat d&#8217;un <a href=\"https:\/\/delormdesign.com\/177-canape-design\">canap\u00e9 design<\/a> de qualit\u00e9.<\/p>\n<p>Mais ne soyez pas n\u00e9anmoins trop sur vos gardes lors de la commande. Le paiement sur internet a bien chang\u00e9 ces derni\u00e8res ann\u00e9es. Il s\u2019est d\u00e9mocratis\u00e9, car des dispositifs de s\u00e9curit\u00e9 ont \u00e9t\u00e9 mis en place. Vous pouvez donc aujourd&#8217;hui librement d\u00e9livrer vos donn\u00e9es bancaires sans inqui\u00e9tude.<\/p>\n<p>De plus, vous pourrez parfois profiter de prix plus avantageux. On profite de ces prix avantageux en comparant tr\u00e8s simplement les tarifs selon les sites, mais le plus int\u00e9ressant reste la newsletter. Celle-ci permet de toujours \u00eatre inform\u00e9 sur la gamme du vendeur, mais aussi sur les promotions parfois exclusivement en ligne.<\/p>\n<p>Enfin m\u00eame si vous ne souhaitez pas acheter pas sur internet. les sites web permettent aussi de faire du rep\u00e9rage et de colleter des information sur les diff\u00e9rents canap\u00e9s du march\u00e9. Il y&#8217;a des mod\u00e8les pour tous les gouts : <strong>en cuir, en tissu, design, convertible, d&#8217;angle ou encore dans un style scandinave.\u00a0<\/strong>Encore une fois, cela vous simplifiera la vie.<\/p>\n<p><img loading=\"lazy\" class=\"wp-image-890 aligncenter\" src=\"https:\/\/delormdesign.com\/blog\/wp-content\/uploads\/2018\/06\/delorm-catalog-C105-CITYGREY-uqytqwbocshupfzlvpld-300x225.jpg\" alt=\"delorm-canape-salon\" width=\"615\" height=\"461\" srcset=\"https:\/\/delormdesign.com\/blog\/wp-content\/uploads\/2018\/06\/delorm-catalog-C105-CITYGREY-uqytqwbocshupfzlvpld-300x225.jpg 300w, https:\/\/delormdesign.com\/blog\/wp-content\/uploads\/2018\/06\/delorm-catalog-C105-CITYGREY-uqytqwbocshupfzlvpld-768x576.jpg 768w, https:\/\/delormdesign.com\/blog\/wp-content\/uploads\/2018\/06\/delorm-catalog-C105-CITYGREY-uqytqwbocshupfzlvpld-940x705.jpg 940w, https:\/\/delormdesign.com\/blog\/wp-content\/uploads\/2018\/06\/delorm-catalog-C105-CITYGREY-uqytqwbocshupfzlvpld.jpg 1020w\" sizes=\"(max-width: 615px) 100vw, 615px\" \/><\/p>\n<h2>Les boutiques sp\u00e9cialis\u00e9s : the place to be<\/h2>\n<p>Faire le tour des <strong>magasins sp\u00e9cialis\u00e9s<\/strong> pour choisir votre canap\u00e9, requi\u00e8re de votre part, de r\u00e9server \u00e9norm\u00e9ment de temps, alors que vous \u00eates probablement surcharg\u00e9. La profusion des boutiques sp\u00e9cialis\u00e9es complique \u00e9galement la t\u00e2che.<span class=\"Apple-converted-space\">\u00a0<\/span><\/p>\n<p>Toutefois, en magasin, votre recherche sera plus efficace, car vous pourrez en un instant v\u00e9rifier la qualit\u00e9, l\u2019esth\u00e9tique et la concordance avec vos besoins, vos exigences et vos envies pour votre futur canap\u00e9.<\/p>\n<p>Les magasins de meubles de marque disposent d\u2019une surface de vente disponible tr\u00e8s vaste. Elle leur permet l\u2019exposition d\u2019un large assortiment de canap\u00e9 allant de plus bas de gamme \u00e0 la plus haute gamme. L\u2019id\u00e9e en est que vous ne choisissez pas votre <strong>canap\u00e9<\/strong> depuis le catalogue, mais que vous le d\u00e9couvriez et l\u2019appr\u00e9cier au c\u0153ur des mises en situation. Par la cr\u00e9ation d\u2019une belle exposition, les magasins vous donnent de l\u2019inspiration pour votre int\u00e9rieur. Ils esp\u00e8rent transformer cela\u00a0en d\u00e9sir d\u2019achat. L\u2019exposition propos\u00e9e en magasins vous aidera en effet \u00e0 vous projeter en terme d\u2019agencement et de d\u00e9coration de votre canap\u00e9.<\/p>\n<p>Les magasins proposent aujourd\u2019hui un service compl\u00e9mentaire de <strong>livraison et de montage<\/strong> comp\u00e9tent et rapide. Cela vous permet de vous d\u00e9charger des travaux de montage et\/ou de bricolage.<\/p>\n<p>Le point n\u00e9gatif des magasins sp\u00e9cialis\u00e9s est qu\u2019ils ont beaucoup de notori\u00e9t\u00e9 et beaucoup de stock. Ainsi, vous ne serez jamais la seule personne de votre entourage \u00e0 avoir ce canap\u00e9, votre int\u00e9rieur perdra donc en originalit\u00e9 et de son c\u00f4t\u00e9 personnel.<span class=\"Apple-converted-space\">\u00a0<\/span><\/p>\n<h2>Le showroom, l&#8217;entre deux entre les boutiques en ligne et les boutiques sp\u00e9cialis\u00e9 physique.<\/h2>\n<p>On y est au plus proche du fabricant. Le<strong> showroom<\/strong> est la vitrine de l\u2019entreprise. On y met en sc\u00e8ne ses produits dans le but d\u2019\u00e9veiller votre int\u00e9r\u00eat, donc de vous s\u00e9duire et de vous donner envie d\u2019acheter les produits par la suite. On en distingue plusieurs types : le showroom permanent, le showroom temporaire, le showroom grand public et le showroom priv\u00e9. Dans l\u2019ameublement, on retrouve quasi exclusivement des showrooms permanents.<\/p>\n<p>Ces showrooms sont souvent <a href=\"https:\/\/delormdesign.com\" target=\"_blank\" rel=\"noopener noreferrer\"><strong>l\u2019incarnation physique de boutique en ligne<\/strong><\/a>. Le catalogue on-line sur internet compl\u00e8te alors l\u2019espace showroom ou peut vous servir pour faire du rep\u00e9rage et vous donner quelques id\u00e9es pr\u00e9liminaires. Les sites internet ne peuvent en aucun cas remplacer une v\u00e9ritable prise de contact avec le meuble dans l\u2019exposition.<\/p>\n<p>Le showroom vous permettra de voir les canap\u00e9s de vos propres yeux ainsi que de les toucher et de vous y asseoir en toute libert\u00e9. Cette libert\u00e9 sera propice au coup de c\u0153ur.<span class=\"Apple-converted-space\">\u00a0<\/span><\/p>\n<p>La diff\u00e9rence entre un showroom et le catalogue en ligne classique est que les canap\u00e9s sont mis en situation. Les gros magasins type IKEA suivent le m\u00eame mod\u00e8le. Le showroom pr\u00e9sentera leurs <strong>gamme de canap\u00e9s<\/strong> dans leur contexte r\u00e9el (avec des coussins, une table basse, un petit tapis, etc.). Rien \u00e0 voir avec les produits que l\u2019on entasse dans un local. Jeu de mati\u00e8res, de couleurs et de lumi\u00e8re, etc. Tout est donc minutieusement \u00e9tudi\u00e9 pour attirer les visiteurs et les convaincre.<\/p>\n<p>Enfin, en terme de conseil, le showroom est le meilleur lieu o\u00f9 acheter son nouveau canap\u00e9. Vous serez compar\u00e9 aux autres solutions, au plus pr\u00eat du fabricant. Le conseil d\u2019achat en sera que plus qualitatif.<\/p>\n<p><img loading=\"lazy\" class=\"wp-image-886 aligncenter\" src=\"https:\/\/delormdesign.com\/blog\/wp-content\/uploads\/2018\/06\/dan-gold-220226-unsplash-300x169.jpg\" alt=\"Delorm-canape-tissu-salon\" width=\"742\" height=\"418\" srcset=\"https:\/\/delormdesign.com\/blog\/wp-content\/uploads\/2018\/06\/dan-gold-220226-unsplash-300x169.jpg 300w, https:\/\/delormdesign.com\/blog\/wp-content\/uploads\/2018\/06\/dan-gold-220226-unsplash-768x432.jpg 768w, https:\/\/delormdesign.com\/blog\/wp-content\/uploads\/2018\/06\/dan-gold-220226-unsplash-940x529.jpg 940w, https:\/\/delormdesign.com\/blog\/wp-content\/uploads\/2018\/06\/dan-gold-220226-unsplash.jpg 994w\" sizes=\"(max-width: 742px) 100vw, 742px\" \/><\/p>\n<p>Vous avez maintenant toutes les cl\u00e9s pour choisir. Alors o\u00f9 vous allez acheter, la future pi\u00e8ce ma\u00eetresse de votre salon : le canap\u00e9 de vos r\u00eaves ?<span class=\"Apple-converted-space\">\u00a0<\/span><\/p>\n<p>\u00c0 lire sur le m\u00eame sujet:<\/p>\n<ul>\n<li><a href=\"https:\/\/delormdesign.com\/blog\/acheter-canape\/canape-dangle\/\">Choisir son canap\u00e9 d&#8217;angle en 4 \u00e9tapes\u00a0<\/a><\/li>\n<li><a href=\"https:\/\/delormdesign.com\/blog\/acheter-canape\/ou-acheter-un-bon-canape-pas-trop-cher\/\">O\u00f9 acheter un bon canap\u00e9 pas trop cher ?\u00a0<\/a><\/li>\n<li><a href=\"https:\/\/delormdesign.com\/blog\/acheter-canape\/canape-alinea\/\">Pourquoi acheter un canap\u00e9 chez Alin\u00e9a ?<\/a><\/li>\n<\/ul>\n","protected":false},"excerpt":{"rendered":"<p>Le canap\u00e9 est la pi\u00e8ce ma\u00eetresse de votre salon et le lieu de rencontre et de d\u00e9tente de tous. Alors quand on choisit d&#8217;investir enfin et d&#8217;acheter un canap\u00e9, on veut choisir le bon, et on se demande alors : o\u00f9 acheter mon futur canap\u00e9 ? Trois options s\u2019offrent \u00e0 vous internet avec ses sites [&hellip;]<\/p>\n","protected":false},"author":12,"featured_media":0,"parent":0,"menu_order":0,"comment_status":"closed","ping_status":"closed","template":"","meta":[],"categories":[],"tags":[],"yoast_head":"<!-- This site is optimized with the Yoast SEO plugin v19.3 - https:\/\/yoast.com\/wordpress\/plugins\/seo\/ -->\n<title>O\u00f9 acheter son canap\u00e9 ? &bull; Blog Design Jardin &amp; Int\u00e9rieur | Tendance D\u00e9co<\/title>\n<meta name=\"description\" content=\"Quand on choisit d&#039;investir et d&#039;enfin acheter un canap\u00e9, on veut choisir le bon, et on se demande alors : o\u00f9 acheter mon futur canap\u00e9 ?\" \/>\n<meta name=\"robots\" content=\"index, follow, max-snippet:-1, max-image-preview:large, max-video-preview:-1\" \/>\n<link rel=\"canonical\" href=\"https:\/\/delormdesign.com\/blog\/acheter-canape\/\" \/>\n<meta property=\"og:locale\" content=\"fr_FR\" \/>\n<meta property=\"og:type\" content=\"article\" \/>\n<meta property=\"og:title\" content=\"O\u00f9 acheter son canap\u00e9 ? &bull; Blog Design Jardin &amp; Int\u00e9rieur | Tendance D\u00e9co\" \/>\n<meta property=\"og:description\" content=\"Quand on choisit d&#039;investir et d&#039;enfin acheter un canap\u00e9, on veut choisir le bon, et on se demande alors : o\u00f9 acheter mon futur canap\u00e9 ?\" \/>\n<meta property=\"og:url\" content=\"https:\/\/delormdesign.com\/blog\/acheter-canape\/\" \/>\n<meta property=\"og:site_name\" content=\"Blog Design Jardin &amp; Int\u00e9rieur | Tendance D\u00e9co\" \/>\n<meta property=\"article:publisher\" content=\"https:\/\/www.facebook.com\/delormdesign\/\" \/>\n<meta property=\"article:modified_time\" content=\"2021-06-26T09:15:05+00:00\" \/>\n<meta property=\"og:image\" content=\"https:\/\/delormdesign.com\/blog\/wp-content\/uploads\/2018\/06\/delorm-catalog-C105-CITYGREY-uqytqwbocshupfzlvpld-300x225.jpg\" \/>\n<meta name=\"twitter:card\" content=\"summary\" \/>\n<meta name=\"twitter:label1\" content=\"Est. reading time\" \/>\n\t<meta name=\"twitter:data1\" content=\"5 minutes\" \/>\n<script type=\"application\/ld+json\" class=\"yoast-schema-graph\">{\"@context\":\"https:\/\/schema.org\",\"@graph\":[{\"@type\":\"WebSite\",\"@id\":\"https:\/\/delormdesign.com\/blog\/#website\",\"url\":\"https:\/\/delormdesign.com\/blog\/\",\"name\":\"Blog Design Jardin &amp; Int\u00e9rieur | Tendance D\u00e9co\",\"description\":\"Jardin &amp; Int\u00e9rieur | Tendance D\u00e9co\",\"potentialAction\":[{\"@type\":\"SearchAction\",\"target\":{\"@type\":\"EntryPoint\",\"urlTemplate\":\"https:\/\/delormdesign.com\/blog\/?s={search_term_string}\"},\"query-input\":\"required name=search_term_string\"}],\"inLanguage\":\"fr-FR\"},{\"@type\":\"ImageObject\",\"inLanguage\":\"fr-FR\",\"@id\":\"https:\/\/delormdesign.com\/blog\/acheter-canape\/#primaryimage\",\"url\":\"https:\/\/delormdesign.com\/blog\/wp-content\/uploads\/2018\/06\/delorm-catalog-C105-CITYGREY-uqytqwbocshupfzlvpld.jpg\",\"contentUrl\":\"https:\/\/delormdesign.com\/blog\/wp-content\/uploads\/2018\/06\/delorm-catalog-C105-CITYGREY-uqytqwbocshupfzlvpld.jpg\",\"width\":1020,\"height\":765,\"caption\":\"delorm-canape-salon\"},{\"@type\":\"WebPage\",\"@id\":\"https:\/\/delormdesign.com\/blog\/acheter-canape\/\",\"url\":\"https:\/\/delormdesign.com\/blog\/acheter-canape\/\",\"name\":\"O\u00f9 acheter son canap\u00e9 ? &bull; Blog Design Jardin &amp; Int\u00e9rieur | Tendance D\u00e9co\",\"isPartOf\":{\"@id\":\"https:\/\/delormdesign.com\/blog\/#website\"},\"primaryImageOfPage\":{\"@id\":\"https:\/\/delormdesign.com\/blog\/acheter-canape\/#primaryimage\"},\"datePublished\":\"2018-06-28T09:00:02+00:00\",\"dateModified\":\"2021-06-26T09:15:05+00:00\",\"description\":\"Quand on choisit d'investir et d'enfin acheter un canap\u00e9, on veut choisir le bon, et on se demande alors : o\u00f9 acheter mon futur canap\u00e9 ?\",\"breadcrumb\":{\"@id\":\"https:\/\/delormdesign.com\/blog\/acheter-canape\/#breadcrumb\"},\"inLanguage\":\"fr-FR\",\"potentialAction\":[{\"@type\":\"ReadAction\",\"target\":[\"https:\/\/delormdesign.com\/blog\/acheter-canape\/\"]}]},{\"@type\":\"BreadcrumbList\",\"@id\":\"https:\/\/delormdesign.com\/blog\/acheter-canape\/#breadcrumb\",\"itemListElement\":[{\"@type\":\"ListItem\",\"position\":1,\"name\":\"Accueil\",\"item\":\"https:\/\/delormdesign.com\/blog\/\"},{\"@type\":\"ListItem\",\"position\":2,\"name\":\"O\u00f9 acheter son canap\u00e9 ?\"}]}]}<\/script>\n<!-- \/ Yoast SEO plugin. -->","yoast_head_json":{"title":"O\u00f9 acheter son canap\u00e9 ? &bull; Blog Design Jardin &amp; Int\u00e9rieur | Tendance D\u00e9co","description":"Quand on choisit d'investir et d'enfin acheter un canap\u00e9, on veut choisir le bon, et on se demande alors : o\u00f9 acheter mon futur canap\u00e9 ?","robots":{"index":"index","follow":"follow","max-snippet":"max-snippet:-1","max-image-preview":"max-image-preview:large","max-video-preview":"max-video-preview:-1"},"canonical":"https:\/\/delormdesign.com\/blog\/acheter-canape\/","og_locale":"fr_FR","og_type":"article","og_title":"O\u00f9 acheter son canap\u00e9 ? &bull; Blog Design Jardin &amp; Int\u00e9rieur | Tendance D\u00e9co","og_description":"Quand on choisit d'investir et d'enfin acheter un canap\u00e9, on veut choisir le bon, et on se demande alors : o\u00f9 acheter mon futur canap\u00e9 ?","og_url":"https:\/\/delormdesign.com\/blog\/acheter-canape\/","og_site_name":"Blog Design Jardin &amp; Int\u00e9rieur | Tendance D\u00e9co","article_publisher":"https:\/\/www.facebook.com\/delormdesign\/","article_modified_time":"2021-06-26T09:15:05+00:00","og_image":[{"url":"https:\/\/delormdesign.com\/blog\/wp-content\/uploads\/2018\/06\/delorm-catalog-C105-CITYGREY-uqytqwbocshupfzlvpld-300x225.jpg"}],"twitter_card":"summary","twitter_misc":{"Est. reading time":"5 minutes"},"schema":{"@context":"https:\/\/schema.org","@graph":[{"@type":"WebSite","@id":"https:\/\/delormdesign.com\/blog\/#website","url":"https:\/\/delormdesign.com\/blog\/","name":"Blog Design Jardin &amp; Int\u00e9rieur | Tendance D\u00e9co","description":"Jardin &amp; Int\u00e9rieur | Tendance D\u00e9co","potentialAction":[{"@type":"SearchAction","target":{"@type":"EntryPoint","urlTemplate":"https:\/\/delormdesign.com\/blog\/?s={search_term_string}"},"query-input":"required name=search_term_string"}],"inLanguage":"fr-FR"},{"@type":"ImageObject","inLanguage":"fr-FR","@id":"https:\/\/delormdesign.com\/blog\/acheter-canape\/#primaryimage","url":"https:\/\/delormdesign.com\/blog\/wp-content\/uploads\/2018\/06\/delorm-catalog-C105-CITYGREY-uqytqwbocshupfzlvpld.jpg","contentUrl":"https:\/\/delormdesign.com\/blog\/wp-content\/uploads\/2018\/06\/delorm-catalog-C105-CITYGREY-uqytqwbocshupfzlvpld.jpg","width":1020,"height":765,"caption":"delorm-canape-salon"},{"@type":"WebPage","@id":"https:\/\/delormdesign.com\/blog\/acheter-canape\/","url":"https:\/\/delormdesign.com\/blog\/acheter-canape\/","name":"O\u00f9 acheter son canap\u00e9 ? &bull; Blog Design Jardin &amp; Int\u00e9rieur | Tendance D\u00e9co","isPartOf":{"@id":"https:\/\/delormdesign.com\/blog\/#website"},"primaryImageOfPage":{"@id":"https:\/\/delormdesign.com\/blog\/acheter-canape\/#primaryimage"},"datePublished":"2018-06-28T09:00:02+00:00","dateModified":"2021-06-26T09:15:05+00:00","description":"Quand on choisit d'investir et d'enfin acheter un canap\u00e9, on veut choisir le bon, et on se demande alors : o\u00f9 acheter mon futur canap\u00e9 ?","breadcrumb":{"@id":"https:\/\/delormdesign.com\/blog\/acheter-canape\/#breadcrumb"},"inLanguage":"fr-FR","potentialAction":[{"@type":"ReadAction","target":["https:\/\/delormdesign.com\/blog\/acheter-canape\/"]}]},{"@type":"BreadcrumbList","@id":"https:\/\/delormdesign.com\/blog\/acheter-canape\/#breadcrumb","itemListElement":[{"@type":"ListItem","position":1,"name":"Accueil","item":"https:\/\/delormdesign.com\/blog\/"},{"@type":"ListItem","position":2,"name":"O\u00f9 acheter son canap\u00e9 ?"}]}]}},"amp_enabled":true,"_links":{"self":[{"href":"https:\/\/delormdesign.com\/blog\/wp-json\/wp\/v2\/pages\/880"}],"collection":[{"href":"https:\/\/delormdesign.com\/blog\/wp-json\/wp\/v2\/pages"}],"about":[{"href":"https:\/\/delormdesign.com\/blog\/wp-json\/wp\/v2\/types\/page"}],"author":[{"embeddable":true,"href":"https:\/\/delormdesign.com\/blog\/wp-json\/wp\/v2\/users\/12"}],"replies":[{"embeddable":true,"href":"https:\/\/delormdesign.com\/blog\/wp-json\/wp\/v2\/comments?post=880"}],"version-history":[{"count":1,"href":"https:\/\/delormdesign.com\/blog\/wp-json\/wp\/v2\/pages\/880\/revisions"}],"predecessor-version":[{"id":2546,"href":"https:\/\/delormdesign.com\/blog\/wp-json\/wp\/v2\/pages\/880\/revisions\/2546"}],"wp:attachment":[{"href":"https:\/\/delormdesign.com\/blog\/wp-json\/wp\/v2\/media?parent=880"}],"wp:term":[{"taxonomy":"category","embeddable":true,"href":"https:\/\/delormdesign.com\/blog\/wp-json\/wp\/v2\/categories?post=880"},{"taxonomy":"post_tag","embeddable":true,"href":"https:\/\/delormdesign.com\/blog\/wp-json\/wp\/v2\/tags?post=880"}],"curies":[{"name":"wp","href":"https:\/\/api.w.org\/{rel}","templated":true}]}}