{"id":884,"date":"2018-06-27T16:09:30","date_gmt":"2018-06-27T16:09:30","guid":{"rendered":"https:\/\/delormdesign.com\/blog\/?page_id=884"},"modified":"2020-06-30T15:18:39","modified_gmt":"2020-06-30T15:18:39","slug":"canape-tissu","status":"publish","type":"page","link":"https:\/\/delormdesign.com\/blog\/canape-tissu\/","title":{"rendered":"Canap\u00e9 en tissu vs canap\u00e9 en cuir"},"content":{"rendered":"<p>Pendant des ann\u00e9es, le canap\u00e9 en cuir \u00e9tait le plus convoit\u00e9 que se soit pour les canap\u00e9s d\u2019angle, droit, ou encore convertible. Aujourd\u2019hui place au textile avec <strong>le canap\u00e9 en tissu<\/strong> en total accord avec la tendance scandinave pour votre salon.\u00a0Termin\u00e9 les dossiers seulement fixe, d\u00e9sormais modulez-le, c&#8217;est l&#8217;innovation !<\/p>\n<h2>L\u2019aspect fonctionnel du tissu imbattable<\/h2>\n<p>En <strong>magasins<\/strong> le nombre de produits en cuir surtout les <strong>canap\u00e9s<\/strong> diminuent au service des canap\u00e9s en tissu. Le canap\u00e9 tissu est fonctionnel \u00e0 l\u2019inverse des produits en cuir. <a href=\"https:\/\/delormdesign.com\/17-canapes-tissus-d-angle\" target=\"_blank\"><strong>Les canap\u00e9s d&#8217;angle en tissu<\/strong> <\/a>en particulier les canap\u00e9s en tissu d\u2019angle ou droit sont souvent <strong>convertibles<\/strong> donc d\u00e9houssables ce qui rend service quand vous accueillez des amis ou de la famille. Cela est aussi ultra pratique dans les petits volumes, comme les studios ou pour transformer votre salon en chambre d\u2019amis.<\/p>\n<h2>Tissu ou cuir deux esth\u00e9tiques oppos\u00e9es<\/h2>\n<p>La qualit\u00e9 principale du <strong>tissu<\/strong> est que lorsqu\u2019il est utilis\u00e9 pour recouvrir un canap\u00e9, il donne la sensation d&#8217;un confort \u00e9lev\u00e9e. En effet, cette mati\u00e8re sur ce genre de produit, d\u2019une mani\u00e8re g\u00e9n\u00e9rale, conserve sa douceur en toute saison. Le tissu ne devient ni chaud ni collant en \u00e9t\u00e9 comme un canap\u00e9 en cuir, et ni froid, ni glissant en hiver. N\u00e9anmoins, le tissu sur ce type de produit reste une mati\u00e8re fragile, un canap\u00e9 en cuir sera donc plus r\u00e9sistant.<\/p>\n<p>Le canap\u00e9 en tissu peut \u00eatre aussi bien classique qu&#8217;original, mais il restera toujours r\u00e9solument <a href=\"https:\/\/delormdesign.com\/canapes-tissus-droit\/2236-strada-grey-clair-canape-2-places-fixe-en-tissu-3700735707195.html\" target=\"_blank\"><strong>moderne<\/strong><\/a>. Il donnera un style \u00e9pur\u00e9, chaleureux et esth\u00e9tique \u00e0 votre int\u00e9rieur proche du <strong>style contemporain scandinave<\/strong>. Cela sera renforc\u00e9 par l&#8217;accumulation de d\u00e9tails doux comme des coussins et des plaids dans votre salon.<\/p>\n<p>Il existe une multitude de formats pour votre <strong>canap\u00e9 en tissu<\/strong>, vous pouvez trouver des canap\u00e9s droit 3 places ou 2 places, des canap\u00e9s d\u2019angle&#8230; Vous pouvez \u00e9galement varier la hauteur, la largeur et la profondeur de votre canap\u00e9 en tissu selon le style de votre int\u00e9rieur et l\u2019agencement.<\/p>\n<p>Le tissu permet de laisser place \u00e0 son imagination. Il est vrai que le canap\u00e9 en tissu permet toutes les excentricit\u00e9s en terme de coloris. Le tissu peut en effet aussi bien \u00eatre dans des coloris clairs, pastels, pop ou encore fonc\u00e9s tout d\u00e9pend de l\u2019ambiance que vous voulez instaurer dans votre int\u00e9rieur. De ce c\u00f4t\u00e9 la le cuir est perdant ses coloris sont limit\u00e9s.<\/p>\n<p><img loading=\"lazy\" class=\"alignnone wp-image-885\" src=\"https:\/\/delormdesign.com\/blog\/wp-content\/uploads\/2018\/06\/delorm-catalog-C110-NARBONNEGREY-vtuvkahvinpwejunhfzq-300x225.jpg\" alt=\"delorm-canape-tissu-salon\" width=\"841\" height=\"631\" srcset=\"https:\/\/delormdesign.com\/blog\/wp-content\/uploads\/2018\/06\/delorm-catalog-C110-NARBONNEGREY-vtuvkahvinpwejunhfzq-300x225.jpg 300w, https:\/\/delormdesign.com\/blog\/wp-content\/uploads\/2018\/06\/delorm-catalog-C110-NARBONNEGREY-vtuvkahvinpwejunhfzq-768x576.jpg 768w, https:\/\/delormdesign.com\/blog\/wp-content\/uploads\/2018\/06\/delorm-catalog-C110-NARBONNEGREY-vtuvkahvinpwejunhfzq-940x705.jpg 940w, https:\/\/delormdesign.com\/blog\/wp-content\/uploads\/2018\/06\/delorm-catalog-C110-NARBONNEGREY-vtuvkahvinpwejunhfzq.jpg 1020w\" sizes=\"(max-width: 841px) 100vw, 841px\" \/><\/p>\n<h2>L\u2019entretien de mon canap\u00e9 en tissu : deux routines singuli\u00e8res<\/h2>\n<p>Pour tout ce qui est<strong> entretient<\/strong> le cuir semble beaucoup plus simple car il est r\u00e9sistant. Deplus aucune poussi\u00e8re ne s&#8217;y fixe et il ne se tache pas ou peu. Ce qui rend presque d\u00e9suet le nettoyage. Le tissu est une <strong>textile<\/strong> qui \u00e0 l\u2019inverse peu \u00eatre d\u00e9grad\u00e9 facilement. Alors sur le papier, le canap\u00e9 en tissu perd sur l\u2019entretient contre le cuir, mais avec une bonne technique pour l&#8217;entretient aucun risque. Tout d\u2019abord, les risques diff\u00e8rent selon le type de tissu. Un tissu en laine sera bien plus fragile qu&#8217;un tissu synth\u00e9tique. Le taux de risque d\u00e9pend fortement de vos conditions de vie. Avec des enfants en bas \u00e2ges \u00e9vitez le tissu.<\/p>\n<p><img loading=\"lazy\" class=\"alignnone wp-image-886\" src=\"https:\/\/delormdesign.com\/blog\/wp-content\/uploads\/2018\/06\/dan-gold-220226-unsplash-300x169.jpg\" alt=\"Delorm-canape-tissu-salon\" width=\"801\" height=\"451\" srcset=\"https:\/\/delormdesign.com\/blog\/wp-content\/uploads\/2018\/06\/dan-gold-220226-unsplash-300x169.jpg 300w, https:\/\/delormdesign.com\/blog\/wp-content\/uploads\/2018\/06\/dan-gold-220226-unsplash-768x432.jpg 768w, https:\/\/delormdesign.com\/blog\/wp-content\/uploads\/2018\/06\/dan-gold-220226-unsplash-940x529.jpg 940w, https:\/\/delormdesign.com\/blog\/wp-content\/uploads\/2018\/06\/dan-gold-220226-unsplash.jpg 994w\" sizes=\"(max-width: 801px) 100vw, 801px\" \/><\/p>\n<p>Pour une <strong>tache<\/strong> de terre par exemple, tamponnez la tache avec un chiffon impr\u00e9gn\u00e9 d\u2019eau savonneuse chaude. S&#8217;il reste des traces vous pouvez additionner cette solution avec de l\u2019ammoniaque ou du jus de citron. Tr\u00e8s acide ils sont super efficace pour tous les types de taches. Pour les taches de sauces dut au repas devant la t\u00e9l\u00e9 qui ont mal fini, appliquez des feuilles de papier absorbant. Ensuite passez un fer \u00e0 repasser chaud sur le tout. Le papier boira la tache. Ainsi, il ne vous restera plus, qu&#8217;\u00e0 la tamponner avec un linge imbib\u00e9 d&#8217;ammoniaque plus ou moins dilu\u00e9 suivant ce que supporte le canap\u00e9, si une trace subsiste.<\/p>\n<h2>Le co\u00fbt pour votre porte-monnaie<\/h2>\n<p>Le canap\u00e9 en cuir est un bestseller, cela reste valable chez tous les revendeurs. En terme de prix, un mod\u00e8le en cuir est loin d&#8217;\u00eatre gratuit. Pour une qualit\u00e9 \u00e9gal reste plus chers que le <strong>canap\u00e9 en tissu<\/strong>. De plus au moment de la livraison le canap\u00e9 en tissu est plus pratique car modulable et convertible. Pour acheter aux meilleurs prix de toute mani\u00e8re inscrivez vous aux newsletters. Elles vous offrons la possibilit\u00e9 d&#8217;\u00eatre inform\u00e9es r\u00e9guli\u00e8rement d\u2019\u00e9ventuelle promotions. Ces promotions vous permettrons de passer le pas et d&#8217;acheter le canap\u00e9 qui vous \u00a0de vos r\u00eaves plus facilement et en faisant des \u00e9conomies.<span class=\"Apple-converted-space\">\u00a0<\/span><\/p>\n<p><strong>\u00c0 lire \u00e9galement:<\/strong><\/p>\n<ul>\n<li><a href=\"https:\/\/delormdesign.com\/blog\/canape-3-places-relooker\/\">Canap\u00e9 3 places: comment le relooker ?<\/a><\/li>\n<li><a href=\"https:\/\/delormdesign.com\/blog\/canape-2-places\/\">7 canap\u00e9s 2 places pour am\u00e9nager votre salon\u00a0<\/a><\/li>\n<\/ul>\n","protected":false},"excerpt":{"rendered":"<p>Pendant des ann\u00e9es, le canap\u00e9 en cuir \u00e9tait le plus convoit\u00e9 que se soit pour les canap\u00e9s d\u2019angle, droit, ou encore convertible. Aujourd\u2019hui place au textile avec le canap\u00e9 en tissu en total accord avec la tendance scandinave pour votre salon.\u00a0Termin\u00e9 les dossiers seulement fixe, d\u00e9sormais modulez-le, c&#8217;est l&#8217;innovation ! L\u2019aspect fonctionnel du tissu imbattable [&hellip;]<\/p>\n","protected":false},"author":12,"featured_media":0,"parent":0,"menu_order":0,"comment_status":"closed","ping_status":"closed","template":"","meta":[],"categories":[],"tags":[],"yoast_head":"<!-- This site is optimized with the Yoast SEO plugin v19.3 - https:\/\/yoast.com\/wordpress\/plugins\/seo\/ -->\n<title>Canap\u00e9 en tissu vs canap\u00e9 en cuir &bull; Blog Design Jardin &amp; Int\u00e9rieur | Tendance D\u00e9co<\/title>\n<meta name=\"description\" content=\"Plut\u00f4t canap\u00e9 en tissu ultra tendance ou canap\u00e9 en cuir ind\u00e9modable. On compare pour vous ces deux mod\u00e8le afin de vous aider a faire votre choix.\" \/>\n<meta name=\"robots\" content=\"index, follow, max-snippet:-1, max-image-preview:large, max-video-preview:-1\" \/>\n<link rel=\"canonical\" href=\"https:\/\/delormdesign.com\/blog\/canape-tissu\/\" \/>\n<meta property=\"og:locale\" content=\"fr_FR\" \/>\n<meta property=\"og:type\" content=\"article\" \/>\n<meta property=\"og:title\" content=\"Canap\u00e9 en tissu vs canap\u00e9 en cuir &bull; Blog Design Jardin &amp; Int\u00e9rieur | Tendance D\u00e9co\" \/>\n<meta property=\"og:description\" content=\"Plut\u00f4t canap\u00e9 en tissu ultra tendance ou canap\u00e9 en cuir ind\u00e9modable. On compare pour vous ces deux mod\u00e8le afin de vous aider a faire votre choix.\" \/>\n<meta property=\"og:url\" content=\"https:\/\/delormdesign.com\/blog\/canape-tissu\/\" \/>\n<meta property=\"og:site_name\" content=\"Blog Design Jardin &amp; Int\u00e9rieur | Tendance D\u00e9co\" \/>\n<meta property=\"article:publisher\" content=\"https:\/\/www.facebook.com\/delormdesign\/\" \/>\n<meta property=\"article:modified_time\" content=\"2020-06-30T15:18:39+00:00\" \/>\n<meta property=\"og:image\" content=\"https:\/\/delormdesign.com\/blog\/wp-content\/uploads\/2018\/06\/delorm-catalog-C110-NARBONNEGREY-vtuvkahvinpwejunhfzq-300x225.jpg\" \/>\n<meta name=\"twitter:card\" content=\"summary\" \/>\n<meta name=\"twitter:label1\" content=\"Est. reading time\" \/>\n\t<meta name=\"twitter:data1\" content=\"4 minutes\" \/>\n<script type=\"application\/ld+json\" class=\"yoast-schema-graph\">{\"@context\":\"https:\/\/schema.org\",\"@graph\":[{\"@type\":\"WebSite\",\"@id\":\"https:\/\/delormdesign.com\/blog\/#website\",\"url\":\"https:\/\/delormdesign.com\/blog\/\",\"name\":\"Blog Design Jardin &amp; Int\u00e9rieur | Tendance D\u00e9co\",\"description\":\"Jardin &amp; Int\u00e9rieur | Tendance D\u00e9co\",\"potentialAction\":[{\"@type\":\"SearchAction\",\"target\":{\"@type\":\"EntryPoint\",\"urlTemplate\":\"https:\/\/delormdesign.com\/blog\/?s={search_term_string}\"},\"query-input\":\"required name=search_term_string\"}],\"inLanguage\":\"fr-FR\"},{\"@type\":\"ImageObject\",\"inLanguage\":\"fr-FR\",\"@id\":\"https:\/\/delormdesign.com\/blog\/canape-tissu\/#primaryimage\",\"url\":\"https:\/\/delormdesign.com\/blog\/wp-content\/uploads\/2018\/06\/delorm-catalog-C110-NARBONNEGREY-vtuvkahvinpwejunhfzq.jpg\",\"contentUrl\":\"https:\/\/delormdesign.com\/blog\/wp-content\/uploads\/2018\/06\/delorm-catalog-C110-NARBONNEGREY-vtuvkahvinpwejunhfzq.jpg\",\"width\":1020,\"height\":765,\"caption\":\"delorm-canape-tissu-salon\"},{\"@type\":\"WebPage\",\"@id\":\"https:\/\/delormdesign.com\/blog\/canape-tissu\/\",\"url\":\"https:\/\/delormdesign.com\/blog\/canape-tissu\/\",\"name\":\"Canap\u00e9 en tissu vs canap\u00e9 en cuir &bull; Blog Design Jardin &amp; Int\u00e9rieur | Tendance D\u00e9co\",\"isPartOf\":{\"@id\":\"https:\/\/delormdesign.com\/blog\/#website\"},\"primaryImageOfPage\":{\"@id\":\"https:\/\/delormdesign.com\/blog\/canape-tissu\/#primaryimage\"},\"datePublished\":\"2018-06-27T16:09:30+00:00\",\"dateModified\":\"2020-06-30T15:18:39+00:00\",\"description\":\"Plut\u00f4t canap\u00e9 en tissu ultra tendance ou canap\u00e9 en cuir ind\u00e9modable. On compare pour vous ces deux mod\u00e8le afin de vous aider a faire votre choix.\",\"breadcrumb\":{\"@id\":\"https:\/\/delormdesign.com\/blog\/canape-tissu\/#breadcrumb\"},\"inLanguage\":\"fr-FR\",\"potentialAction\":[{\"@type\":\"ReadAction\",\"target\":[\"https:\/\/delormdesign.com\/blog\/canape-tissu\/\"]}]},{\"@type\":\"BreadcrumbList\",\"@id\":\"https:\/\/delormdesign.com\/blog\/canape-tissu\/#breadcrumb\",\"itemListElement\":[{\"@type\":\"ListItem\",\"position\":1,\"name\":\"Accueil\",\"item\":\"https:\/\/delormdesign.com\/blog\/\"},{\"@type\":\"ListItem\",\"position\":2,\"name\":\"Canap\u00e9 en tissu vs canap\u00e9 en cuir\"}]}]}<\/script>\n<!-- \/ Yoast SEO plugin. -->","yoast_head_json":{"title":"Canap\u00e9 en tissu vs canap\u00e9 en cuir &bull; Blog Design Jardin &amp; Int\u00e9rieur | Tendance D\u00e9co","description":"Plut\u00f4t canap\u00e9 en tissu ultra tendance ou canap\u00e9 en cuir ind\u00e9modable. On compare pour vous ces deux mod\u00e8le afin de vous aider a faire votre choix.","robots":{"index":"index","follow":"follow","max-snippet":"max-snippet:-1","max-image-preview":"max-image-preview:large","max-video-preview":"max-video-preview:-1"},"canonical":"https:\/\/delormdesign.com\/blog\/canape-tissu\/","og_locale":"fr_FR","og_type":"article","og_title":"Canap\u00e9 en tissu vs canap\u00e9 en cuir &bull; Blog Design Jardin &amp; Int\u00e9rieur | Tendance D\u00e9co","og_description":"Plut\u00f4t canap\u00e9 en tissu ultra tendance ou canap\u00e9 en cuir ind\u00e9modable. On compare pour vous ces deux mod\u00e8le afin de vous aider a faire votre choix.","og_url":"https:\/\/delormdesign.com\/blog\/canape-tissu\/","og_site_name":"Blog Design Jardin &amp; Int\u00e9rieur | Tendance D\u00e9co","article_publisher":"https:\/\/www.facebook.com\/delormdesign\/","article_modified_time":"2020-06-30T15:18:39+00:00","og_image":[{"url":"https:\/\/delormdesign.com\/blog\/wp-content\/uploads\/2018\/06\/delorm-catalog-C110-NARBONNEGREY-vtuvkahvinpwejunhfzq-300x225.jpg"}],"twitter_card":"summary","twitter_misc":{"Est. reading time":"4 minutes"},"schema":{"@context":"https:\/\/schema.org","@graph":[{"@type":"WebSite","@id":"https:\/\/delormdesign.com\/blog\/#website","url":"https:\/\/delormdesign.com\/blog\/","name":"Blog Design Jardin &amp; Int\u00e9rieur | Tendance D\u00e9co","description":"Jardin &amp; Int\u00e9rieur | Tendance D\u00e9co","potentialAction":[{"@type":"SearchAction","target":{"@type":"EntryPoint","urlTemplate":"https:\/\/delormdesign.com\/blog\/?s={search_term_string}"},"query-input":"required name=search_term_string"}],"inLanguage":"fr-FR"},{"@type":"ImageObject","inLanguage":"fr-FR","@id":"https:\/\/delormdesign.com\/blog\/canape-tissu\/#primaryimage","url":"https:\/\/delormdesign.com\/blog\/wp-content\/uploads\/2018\/06\/delorm-catalog-C110-NARBONNEGREY-vtuvkahvinpwejunhfzq.jpg","contentUrl":"https:\/\/delormdesign.com\/blog\/wp-content\/uploads\/2018\/06\/delorm-catalog-C110-NARBONNEGREY-vtuvkahvinpwejunhfzq.jpg","width":1020,"height":765,"caption":"delorm-canape-tissu-salon"},{"@type":"WebPage","@id":"https:\/\/delormdesign.com\/blog\/canape-tissu\/","url":"https:\/\/delormdesign.com\/blog\/canape-tissu\/","name":"Canap\u00e9 en tissu vs canap\u00e9 en cuir &bull; Blog Design Jardin &amp; Int\u00e9rieur | Tendance D\u00e9co","isPartOf":{"@id":"https:\/\/delormdesign.com\/blog\/#website"},"primaryImageOfPage":{"@id":"https:\/\/delormdesign.com\/blog\/canape-tissu\/#primaryimage"},"datePublished":"2018-06-27T16:09:30+00:00","dateModified":"2020-06-30T15:18:39+00:00","description":"Plut\u00f4t canap\u00e9 en tissu ultra tendance ou canap\u00e9 en cuir ind\u00e9modable. On compare pour vous ces deux mod\u00e8le afin de vous aider a faire votre choix.","breadcrumb":{"@id":"https:\/\/delormdesign.com\/blog\/canape-tissu\/#breadcrumb"},"inLanguage":"fr-FR","potentialAction":[{"@type":"ReadAction","target":["https:\/\/delormdesign.com\/blog\/canape-tissu\/"]}]},{"@type":"BreadcrumbList","@id":"https:\/\/delormdesign.com\/blog\/canape-tissu\/#breadcrumb","itemListElement":[{"@type":"ListItem","position":1,"name":"Accueil","item":"https:\/\/delormdesign.com\/blog\/"},{"@type":"ListItem","position":2,"name":"Canap\u00e9 en tissu vs canap\u00e9 en cuir"}]}]}},"amp_enabled":true,"_links":{"self":[{"href":"https:\/\/delormdesign.com\/blog\/wp-json\/wp\/v2\/pages\/884"}],"collection":[{"href":"https:\/\/delormdesign.com\/blog\/wp-json\/wp\/v2\/pages"}],"about":[{"href":"https:\/\/delormdesign.com\/blog\/wp-json\/wp\/v2\/types\/page"}],"author":[{"embeddable":true,"href":"https:\/\/delormdesign.com\/blog\/wp-json\/wp\/v2\/users\/12"}],"replies":[{"embeddable":true,"href":"https:\/\/delormdesign.com\/blog\/wp-json\/wp\/v2\/comments?post=884"}],"version-history":[{"count":0,"href":"https:\/\/delormdesign.com\/blog\/wp-json\/wp\/v2\/pages\/884\/revisions"}],"wp:attachment":[{"href":"https:\/\/delormdesign.com\/blog\/wp-json\/wp\/v2\/media?parent=884"}],"wp:term":[{"taxonomy":"category","embeddable":true,"href":"https:\/\/delormdesign.com\/blog\/wp-json\/wp\/v2\/categories?post=884"},{"taxonomy":"post_tag","embeddable":true,"href":"https:\/\/delormdesign.com\/blog\/wp-json\/wp\/v2\/tags?post=884"}],"curies":[{"name":"wp","href":"https:\/\/api.w.org\/{rel}","templated":true}]}}