{"id":912,"date":"2018-07-04T09:00:11","date_gmt":"2018-07-04T09:00:11","guid":{"rendered":"https:\/\/delormdesign.com\/blog\/?page_id=912"},"modified":"2019-03-01T09:02:52","modified_gmt":"2019-03-01T09:02:52","slug":"meuble-tv-teck","status":"publish","type":"page","link":"https:\/\/delormdesign.com\/blog\/meuble-tv-teck\/","title":{"rendered":"Meuble TV teck"},"content":{"rendered":"<p><strong>Le style industriel<\/strong> s&#8217;est impos\u00e9 comme un incontournable dans d\u00e9co vintage d&#8217;aujourd&#8217;hui. Inspir\u00e9 des meubles d&#8217;atelier et d&#8217;usine de la fin du XIXe si\u00e8cle. Sublim\u00e9 par des mat\u00e9riaux nobles comme le teck et le m\u00e9tal bross\u00e9, il s&#8217;affirme comme un mobilier de grande qualit\u00e9 qui rappelle les meubles de m\u00e9tiers d&#8217;autrefois.<strong> Le meuble TV teck<\/strong> est une de pi\u00e8ce ma\u00eetresse d&#8217;un look industriel.<\/p>\n<h2>Les cl\u00e9s d\u2019un int\u00e9rieur industriel<\/h2>\n<h3>Meuble Tv teck : Fonctionnel avant tout<\/h3>\n<p><strong>Le style industriel<\/strong> est inspir\u00e9 des meubles des usines de sid\u00e9rurgie am\u00e9ricaines. Les meubles d\u2019usine se voulaient surtout pratique. Donc <strong>le meuble TV teck<\/strong> se veut avant tout fonctionnel. Il offre des espaces de rangement spacieux pour vous assurer un v\u00e9ritable confort d&#8217;utilisation. Il peut contenir une niche ouverte, trois tiroirs, des casiers afin de vous permettre de ranger vos affaires personnelles et vos appareils audio-visuels. Cette caract\u00e9ristique fait \u00e9cho \u00e0 l\u2019origine de ces meubles. Effectivement, ils \u00e9taient utilis\u00e9s dans des usines de travail \u00e0 la cha\u00eene ce qui les a oblig\u00e9s \u00e0 \u00eatre <strong>fonctionnels<\/strong>.<\/p>\n<h3>Le Bois teck et m\u00e9tal : le duo id\u00e9al<\/h3>\n<p>Construits pour durer, les meubles d&#8217;usines sont essentiellement fabriqu\u00e9s \u00e0 base de mat\u00e9riaux bruts et solides : m\u00e9tal, bois, b\u00e9ton et cuir.<strong> Le bois aux finitions brut et le m\u00e9tal<\/strong> sont l\u2019association la plus forte pour un int\u00e9rieur industriel. Associ\u00e9s, les uns aux autres, ces mat\u00e9riaux naturels et industriels cr\u00e9ent une ambiance aussi authentique que conviviale mais surtout particuli\u00e8rement moderne. Ce contraste entre ses mati\u00e8res brutes donne du caract\u00e8re et \u00e0 votre int\u00e9rieur.<\/p>\n<h3>Un salon spacieux et a\u00e9r\u00e9<\/h3>\n<p>Avant de choisir votre meuble, pensez \u00e0 l\u2019agencement. Le style industriel ne se veut pas trop charger \u00e0 l\u2019image d\u2019un loft o\u00f9 seul l\u2019essentiel est l\u00e0. Donc faites attention aux <strong>dimensions des meubles TV<\/strong>. S&#8217;il est trop imposant, il cassera l\u2019esth\u00e9tique minimalisme de votre d\u00e9coration.<\/p>\n<h2>Le teck une \u00e9vidence<\/h2>\n<p><strong>Les meubles t\u00e9l\u00e9visions en teck<\/strong> clair ou fonc\u00e9 sont devenus ces derni\u00e8res ann\u00e9es tr\u00e8s tendances. En effet, ce bois aux finitions brutes s\u2019accorde \u00e0 merveille avec une tendance globale de l\u2019ameublement le look industriel. Nous vous recommandons \u00e9galement de jeter un coup d\u2019\u0153il \u00e0 notre collection de <a href=\"https:\/\/delormdesign.com\/183-buffet-en-teck-massif\">buffets en teck massif<\/a>.<\/p>\n<h3>Le teck : un bois premium<\/h3>\n<p>Pris\u00e9 des \u00e9b\u00e9niste du monde entier le teck est un bois asiatique \u00e0 la teinte chaude est tr\u00e8s populaire pour sa <strong>qualit\u00e9 et son esth\u00e9tisme<\/strong>. En effet le teck est extr\u00eamement r\u00e9sistant, on en fait du <strong>bois massif<\/strong>, le nec plus ultra du bois. C\u2019est un bois asiatique \u00e0 la fois esth\u00e9tique et r\u00e9sistant, il poss\u00e8de de larges qualit\u00e9s. Les meubles en teck sont robustes et peuvent accueillir n\u2019importe quel mod\u00e8le de t\u00e9l\u00e9viseur. On l\u2019utilise aussi bien pour fabriques des chaises, des tables, des lits que des meubles TV. Ce bois r\u00e9siste au temps plus qu&#8217;aucun autre. Cela est du a sa forte r\u00e9sistance au insecte et \u00e0 l\u2019humidit\u00e9.<\/p>\n<h3>La classification du teck<\/h3>\n<p>Pour attester de sa qualit\u00e9, il existe des grade pour classifier la qualit\u00e9 du bois de teck : garde A, B ou C. Cette classification en grade pose le A comme le grade sup\u00e9rieur, ce qui est le gage d&#8217;une qualit\u00e9 extr\u00eame. Effectivement le bois teck de grade A vient du c\u0153ur de l\u2019arbre donc sa long\u00e9vit\u00e9, et sa beaut\u00e9 sont accrues. Le bois teck de garde B a une teinte nettement plus unie et on peut y voir des noeuds. Enfin le grade C englobe le teck de la qualit\u00e9 inf\u00e9rieur.<\/p>\n<p>En parall\u00e8le pour encore plus de qualit\u00e9 penche vous sur un <a href=\"https:\/\/delormdesign.com\/183-buffet-en-teck-massif\" target=\"_blank\"><strong>meuble TV en teck massif<\/strong><\/a>. Effectivement les meubles en teck massif sont le nec plus ultra des meubles en bois. M\u00eame si leurs <strong>prix sont plus \u00e9lev\u00e9s<\/strong>, ils sont justifi\u00e9s par la qualit\u00e9 du bois.<\/p>\n<h3>l&#8217;Entretien de votre meuble TV teck<\/h3>\n<p>Le <strong>teck<\/strong> est extr\u00eamement robuste et donc ne n\u00e9cessite pas d\u2019un entretien tr\u00e8s compliqu\u00e9. Il vous suffira de d\u00e9poussi\u00e9rer votre <strong>meuble TV<\/strong> de temps en temps et de le nettoyer avec un tissu ou une \u00e9ponge non-abrasive. En compl\u00e9ment pour nourrir et conserver l\u2019\u00e9clat du bois achetez un produit d\u2019entretien sp\u00e9cial pour bois exotique afin de le nourrir aussi bien en surface qu\u2019en profondeur.<\/p>\n<p>D\u00e9plus contrairement aux id\u00e9es re\u00e7ues, il faut \u00e0 tout prix <strong>\u00e9viter le vernis<\/strong> qui n\u2019est pas adapt\u00e9 au teck tout comme les brosses m\u00e9talliques et \u00e9ponges m\u00e9talliques.<\/p>\n<h3>Le teck se d\u00e9cline en teck recycl\u00e9<\/h3>\n<p>Choisir un mobilier en<a href=\"https:\/\/delormdesign.com\/meuble-tv-teck\/2195-meuble-tv-4-tiroirs-1-niche-teck-recycle-210-cm-loft-3700735706822.html\" target=\"_blank\"><strong> teck recycl\u00e9<\/strong><\/a>, c&#8217;est faire le choix de <strong>l\u2019\u00e9co-participation<\/strong> !<br \/>\nLe teck recycl\u00e9 de votre futur meuble TV provient de vieilles \u00e9paves de bateaux, portes et de planchers. Les \u00e9b\u00e9nistes le retravaillent et le lavent afin d&#8217;en faire des meubles uniques et durables. De plus, il est connu que le vieux teck est un bois arriv\u00e9 \u00e0 maturit\u00e9 qui a l&#8217;avantage de disposer d&#8217;une robustesse et d&#8217;une r\u00e9sistance sup\u00e9rieur pour vos meubles. Chaque pi\u00e8ce en teck recycl\u00e9 est unique en plus de la teinte naturelle du teck, il pr\u00e9sente diff\u00e9rentes nuances de couleurs rouge, bleu, vert, blanc. Cela finit par cr\u00e9er un patchwork \u00e0 l&#8217;aspect visuel vintage, moderne et unique.<\/p>\n<p><strong>\u00a0A lire sur le m\u00eame sujet :\u00a0<\/strong><\/p>\n<ul>\n<li>\n<p class=\"entry-title\"><a href=\"https:\/\/delormdesign.com\/blog\/meuble-tv-teck\/4-bonnes-raisons-de-choisir-meuble-tv-bois-clair\/\">4 bonnes raisons de choisir un meuble TV en bois clair<\/a><\/p>\n<\/li>\n<li><a href=\"https:\/\/delormdesign.com\/blog\/meuble-tv-teck\/peindre-meuble-tv-bois-brut\/\">Comment peindre son meuble TV en bois brut ?<\/a><\/li>\n<li><a href=\"https:\/\/delormdesign.com\/blog\/meuble-tv-teck\/meuble-tv-bois-massif-contemporain\/\">Le meuble TV en bois massif contemporain: un must-have dans votre salon<\/a><\/li>\n<li class=\"entry-title\"><a href=\"https:\/\/delormdesign.com\/blog\/meuble-tv-teck\/pourquoi-acheter-un-meuble-tv-teck-sur-la-redoute\/\">Pourquoi acheter un meuble TV Teck sur La Redoute ?<\/a><\/li>\n<li class=\"entry-title\"><a href=\"https:\/\/delormdesign.com\/blog\/meuble-tv-teck\/meubles-dinterieur-palissandre-de-qualite-de-lexotisme-cher\/\">Les meubles d\u2019int\u00e9rieur en palissandre : de la qualit\u00e9 et de l\u2019exotisme pour pas cher<\/a><\/li>\n<li class=\"entry-title\"><a href=\"https:\/\/delormdesign.com\/blog\/meuble-tv-teck\/meuble-tv-teck-alinea-differences-et-alternatives\/\">Meuble TV Teck Alin\u00e9a : diff\u00e9rences et alternatives<\/a><\/li>\n<\/ul>\n","protected":false},"excerpt":{"rendered":"<p>Le style industriel s&#8217;est impos\u00e9 comme un incontournable dans d\u00e9co vintage d&#8217;aujourd&#8217;hui. Inspir\u00e9 des meubles d&#8217;atelier et d&#8217;usine de la fin du XIXe si\u00e8cle. Sublim\u00e9 par des mat\u00e9riaux nobles comme le teck et le m\u00e9tal bross\u00e9, il s&#8217;affirme comme un mobilier de grande qualit\u00e9 qui rappelle les meubles de m\u00e9tiers d&#8217;autrefois. Le meuble TV teck [&hellip;]<\/p>\n","protected":false},"author":12,"featured_media":0,"parent":0,"menu_order":0,"comment_status":"closed","ping_status":"closed","template":"","meta":[],"categories":[],"tags":[],"yoast_head":"<!-- This site is optimized with the Yoast SEO plugin v19.3 - https:\/\/yoast.com\/wordpress\/plugins\/seo\/ -->\n<title>Meuble TV teck &bull; Blog Design Jardin &amp; Int\u00e9rieur | Tendance D\u00e9co<\/title>\n<meta name=\"description\" content=\"Le style industriel pour votre int\u00e9rieur est ultra tendance. Il est inspir\u00e9 des meubles d&#039;atelier du XIXe. Le meuble TV teck en est une pi\u00e8ce ma\u00eetresse.\" \/>\n<meta name=\"robots\" content=\"index, follow, max-snippet:-1, max-image-preview:large, max-video-preview:-1\" \/>\n<link rel=\"canonical\" href=\"https:\/\/delormdesign.com\/blog\/meuble-tv-teck\/\" \/>\n<meta property=\"og:locale\" content=\"fr_FR\" \/>\n<meta property=\"og:type\" content=\"article\" \/>\n<meta property=\"og:title\" content=\"Meuble TV teck &bull; Blog Design Jardin &amp; Int\u00e9rieur | Tendance D\u00e9co\" \/>\n<meta property=\"og:description\" content=\"Le style industriel pour votre int\u00e9rieur est ultra tendance. Il est inspir\u00e9 des meubles d&#039;atelier du XIXe. Le meuble TV teck en est une pi\u00e8ce ma\u00eetresse.\" \/>\n<meta property=\"og:url\" content=\"https:\/\/delormdesign.com\/blog\/meuble-tv-teck\/\" \/>\n<meta property=\"og:site_name\" content=\"Blog Design Jardin &amp; Int\u00e9rieur | Tendance D\u00e9co\" \/>\n<meta property=\"article:publisher\" content=\"https:\/\/www.facebook.com\/delormdesign\/\" \/>\n<meta property=\"article:modified_time\" content=\"2019-03-01T09:02:52+00:00\" \/>\n<meta property=\"og:image\" content=\"https:\/\/delormdesign.com\/blog\/wp-content\/uploads\/2019\/02\/Delorm-design-blog.jpg\" \/>\n\t<meta property=\"og:image:width\" content=\"1600\" \/>\n\t<meta property=\"og:image:height\" content=\"700\" \/>\n\t<meta property=\"og:image:type\" content=\"image\/jpeg\" \/>\n<meta name=\"twitter:card\" content=\"summary\" \/>\n<meta name=\"twitter:label1\" content=\"Est. reading time\" \/>\n\t<meta name=\"twitter:data1\" content=\"5 minutes\" \/>\n<script type=\"application\/ld+json\" class=\"yoast-schema-graph\">{\"@context\":\"https:\/\/schema.org\",\"@graph\":[{\"@type\":\"WebSite\",\"@id\":\"https:\/\/delormdesign.com\/blog\/#website\",\"url\":\"https:\/\/delormdesign.com\/blog\/\",\"name\":\"Blog Design Jardin &amp; Int\u00e9rieur | Tendance D\u00e9co\",\"description\":\"Jardin &amp; Int\u00e9rieur | Tendance D\u00e9co\",\"potentialAction\":[{\"@type\":\"SearchAction\",\"target\":{\"@type\":\"EntryPoint\",\"urlTemplate\":\"https:\/\/delormdesign.com\/blog\/?s={search_term_string}\"},\"query-input\":\"required name=search_term_string\"}],\"inLanguage\":\"fr-FR\"},{\"@type\":\"WebPage\",\"@id\":\"https:\/\/delormdesign.com\/blog\/meuble-tv-teck\/\",\"url\":\"https:\/\/delormdesign.com\/blog\/meuble-tv-teck\/\",\"name\":\"Meuble TV teck &bull; Blog Design Jardin &amp; Int\u00e9rieur | Tendance D\u00e9co\",\"isPartOf\":{\"@id\":\"https:\/\/delormdesign.com\/blog\/#website\"},\"datePublished\":\"2018-07-04T09:00:11+00:00\",\"dateModified\":\"2019-03-01T09:02:52+00:00\",\"description\":\"Le style industriel pour votre int\u00e9rieur est ultra tendance. Il est inspir\u00e9 des meubles d'atelier du XIXe. Le meuble TV teck en est une pi\u00e8ce ma\u00eetresse.\",\"breadcrumb\":{\"@id\":\"https:\/\/delormdesign.com\/blog\/meuble-tv-teck\/#breadcrumb\"},\"inLanguage\":\"fr-FR\",\"potentialAction\":[{\"@type\":\"ReadAction\",\"target\":[\"https:\/\/delormdesign.com\/blog\/meuble-tv-teck\/\"]}]},{\"@type\":\"BreadcrumbList\",\"@id\":\"https:\/\/delormdesign.com\/blog\/meuble-tv-teck\/#breadcrumb\",\"itemListElement\":[{\"@type\":\"ListItem\",\"position\":1,\"name\":\"Accueil\",\"item\":\"https:\/\/delormdesign.com\/blog\/\"},{\"@type\":\"ListItem\",\"position\":2,\"name\":\"Meuble TV teck\"}]}]}<\/script>\n<!-- \/ Yoast SEO plugin. -->","yoast_head_json":{"title":"Meuble TV teck &bull; Blog Design Jardin &amp; Int\u00e9rieur | Tendance D\u00e9co","description":"Le style industriel pour votre int\u00e9rieur est ultra tendance. Il est inspir\u00e9 des meubles d'atelier du XIXe. Le meuble TV teck en est une pi\u00e8ce ma\u00eetresse.","robots":{"index":"index","follow":"follow","max-snippet":"max-snippet:-1","max-image-preview":"max-image-preview:large","max-video-preview":"max-video-preview:-1"},"canonical":"https:\/\/delormdesign.com\/blog\/meuble-tv-teck\/","og_locale":"fr_FR","og_type":"article","og_title":"Meuble TV teck &bull; Blog Design Jardin &amp; Int\u00e9rieur | Tendance D\u00e9co","og_description":"Le style industriel pour votre int\u00e9rieur est ultra tendance. Il est inspir\u00e9 des meubles d'atelier du XIXe. Le meuble TV teck en est une pi\u00e8ce ma\u00eetresse.","og_url":"https:\/\/delormdesign.com\/blog\/meuble-tv-teck\/","og_site_name":"Blog Design Jardin &amp; Int\u00e9rieur | Tendance D\u00e9co","article_publisher":"https:\/\/www.facebook.com\/delormdesign\/","article_modified_time":"2019-03-01T09:02:52+00:00","og_image":[{"width":1600,"height":700,"url":"https:\/\/delormdesign.com\/blog\/wp-content\/uploads\/2019\/02\/Delorm-design-blog.jpg","type":"image\/jpeg"}],"twitter_card":"summary","twitter_misc":{"Est. reading time":"5 minutes"},"schema":{"@context":"https:\/\/schema.org","@graph":[{"@type":"WebSite","@id":"https:\/\/delormdesign.com\/blog\/#website","url":"https:\/\/delormdesign.com\/blog\/","name":"Blog Design Jardin &amp; Int\u00e9rieur | Tendance D\u00e9co","description":"Jardin &amp; Int\u00e9rieur | Tendance D\u00e9co","potentialAction":[{"@type":"SearchAction","target":{"@type":"EntryPoint","urlTemplate":"https:\/\/delormdesign.com\/blog\/?s={search_term_string}"},"query-input":"required name=search_term_string"}],"inLanguage":"fr-FR"},{"@type":"WebPage","@id":"https:\/\/delormdesign.com\/blog\/meuble-tv-teck\/","url":"https:\/\/delormdesign.com\/blog\/meuble-tv-teck\/","name":"Meuble TV teck &bull; Blog Design Jardin &amp; Int\u00e9rieur | Tendance D\u00e9co","isPartOf":{"@id":"https:\/\/delormdesign.com\/blog\/#website"},"datePublished":"2018-07-04T09:00:11+00:00","dateModified":"2019-03-01T09:02:52+00:00","description":"Le style industriel pour votre int\u00e9rieur est ultra tendance. Il est inspir\u00e9 des meubles d'atelier du XIXe. Le meuble TV teck en est une pi\u00e8ce ma\u00eetresse.","breadcrumb":{"@id":"https:\/\/delormdesign.com\/blog\/meuble-tv-teck\/#breadcrumb"},"inLanguage":"fr-FR","potentialAction":[{"@type":"ReadAction","target":["https:\/\/delormdesign.com\/blog\/meuble-tv-teck\/"]}]},{"@type":"BreadcrumbList","@id":"https:\/\/delormdesign.com\/blog\/meuble-tv-teck\/#breadcrumb","itemListElement":[{"@type":"ListItem","position":1,"name":"Accueil","item":"https:\/\/delormdesign.com\/blog\/"},{"@type":"ListItem","position":2,"name":"Meuble TV teck"}]}]}},"amp_enabled":true,"_links":{"self":[{"href":"https:\/\/delormdesign.com\/blog\/wp-json\/wp\/v2\/pages\/912"}],"collection":[{"href":"https:\/\/delormdesign.com\/blog\/wp-json\/wp\/v2\/pages"}],"about":[{"href":"https:\/\/delormdesign.com\/blog\/wp-json\/wp\/v2\/types\/page"}],"author":[{"embeddable":true,"href":"https:\/\/delormdesign.com\/blog\/wp-json\/wp\/v2\/users\/12"}],"replies":[{"embeddable":true,"href":"https:\/\/delormdesign.com\/blog\/wp-json\/wp\/v2\/comments?post=912"}],"version-history":[{"count":0,"href":"https:\/\/delormdesign.com\/blog\/wp-json\/wp\/v2\/pages\/912\/revisions"}],"wp:attachment":[{"href":"https:\/\/delormdesign.com\/blog\/wp-json\/wp\/v2\/media?parent=912"}],"wp:term":[{"taxonomy":"category","embeddable":true,"href":"https:\/\/delormdesign.com\/blog\/wp-json\/wp\/v2\/categories?post=912"},{"taxonomy":"post_tag","embeddable":true,"href":"https:\/\/delormdesign.com\/blog\/wp-json\/wp\/v2\/tags?post=912"}],"curies":[{"name":"wp","href":"https:\/\/api.w.org\/{rel}","templated":true}]}}