{"id":919,"date":"2018-07-07T07:12:16","date_gmt":"2018-07-07T07:12:16","guid":{"rendered":"https:\/\/delormdesign.com\/blog\/?page_id=919"},"modified":"2021-06-26T09:12:02","modified_gmt":"2021-06-26T09:12:02","slug":"meuble-tv-bois-massif-contemporain","status":"publish","type":"page","link":"https:\/\/delormdesign.com\/blog\/meuble-tv-teck\/meuble-tv-bois-massif-contemporain\/","title":{"rendered":"Le meuble TV en bois massif contemporain: un must-have dans votre salon"},"content":{"rendered":"<p>Si vous disposez dans votre salon d\u2019un \u00e9cran de t\u00e9l\u00e9vision plat, large, incurv\u00e9 ou mural, vous aurez certainement besoin d\u2019un meuble adapt\u00e9 \u00e0 votre TV.<\/p>\n<p>Aujourd\u2019hui, nous faisons un gros plan sur le <strong>meuble TV en bois massif<\/strong>, un ind\u00e9modable qui saura transformer votre pi\u00e8ce pour lui procurer un charme bien particulier pour vos soir\u00e9es films.<\/p>\n<h2>Une adaptabilit\u00e9 qui allie esth\u00e9tisme et praticit\u00e9<\/h2>\n<p>Si le meuble t\u00e9l\u00e9 en bois travaill\u00e9 a la cote, c\u2019est en partie gr\u00e2ce \u00e0 sa capacit\u00e9 d\u2019adaptation. Si vous poss\u00e9dez un \u00e9cran de t\u00e9l\u00e9vision, vous pouvez faire face aux cas de figure suivants\u00a0:<\/p>\n<ul>\n<li>Votre t\u00e9l\u00e9 est <strong>parall\u00e8le au mur<\/strong>\u00a0: c\u2019est la mani\u00e8re la plus courante d\u2019orienter son \u00e9cran. Vous disposez donc d\u2019un large choix de meubles avec des espaces de rangements accommodants.<\/li>\n<li>Votre \u00e9cran est <strong>mural<\/strong>\u00a0: c\u2019est pour vous l\u2019occasion de choisir un meuble en bois aux caract\u00e9ristiques originales pour habiller votre TV.<\/li>\n<li>Votre t\u00e9l\u00e9 se situe <strong>dans un angle<\/strong>\u00a0: pas de panique\u00a0! Il existe de tr\u00e8s beaux meubles d\u2019angles en bois qui sauront convenir \u00e0 toutes vos attentes (surface, esth\u00e9tisme, dimensions\u2026). Jugez-en par vous-m\u00eame avec le mod\u00e8le ci-dessous\u00a0:<\/li>\n<\/ul>\n<p><img loading=\"lazy\" class=\"aligncenter wp-image-924 size-large\" src=\"https:\/\/delormdesign.com\/blog\/wp-content\/uploads\/2018\/07\/meuble-tv-bois-massif-1024x682.jpg\" alt=\"meuble tv bois massif contemporain adaptabilit\u00e9\" width=\"980\" height=\"653\" srcset=\"https:\/\/delormdesign.com\/blog\/wp-content\/uploads\/2018\/07\/meuble-tv-bois-massif-1024x682.jpg 1024w, https:\/\/delormdesign.com\/blog\/wp-content\/uploads\/2018\/07\/meuble-tv-bois-massif-300x200.jpg 300w, https:\/\/delormdesign.com\/blog\/wp-content\/uploads\/2018\/07\/meuble-tv-bois-massif-768x512.jpg 768w, https:\/\/delormdesign.com\/blog\/wp-content\/uploads\/2018\/07\/meuble-tv-bois-massif-940x626.jpg 940w\" sizes=\"(max-width: 980px) 100vw, 980px\" \/><\/p>\n<h2>Un meuble qui s\u2019int\u00e8gre parfaitement au style de votre salon<\/h2>\n<p>En fonction du style de votre s\u00e9jour, vous pourrez choisir un meuble qui pr\u00e9sentera des caract\u00e9ristiques esth\u00e9tiques similaires. Le bois massif parvient \u00e0 prendre place dans la plupart des pi\u00e8ces \u00e0 vivre\u00a0:<\/p>\n<p>Pour un rendu <strong>moderne et contemporain<\/strong>, optez pour un meuble au design \u00e9pur\u00e9, arrondi ou rectiligne, qui mettra en avant sa simplicit\u00e9 et votre go\u00fbt pour le perfectionnisme. Par exemple, l\u2019association du bois avec le blanc permet de rappeler un c\u00f4t\u00e9 plus brut de la mati\u00e8re, tout en restant dans des tons neutres et primaires.<\/p>\n<p>Si au contraire votre living-room se veut <strong>convivial et plus traditionnel<\/strong>, le bois massif se pr\u00e9sente comme un excellent choix. L\u2019aspect naturel et travaill\u00e9 de ce mat\u00e9riau saura donner un charme authentique \u00e0 votre pi\u00e8ce. N\u2019h\u00e9sitez pas \u00e0 choisir un meuble qui poss\u00e8de un design similaire \u00e0 votre table basse\u00a0: ce sont deux \u00e9l\u00e9ments qui vont de paire et dont l\u2019association d\u00e9veloppera une th\u00e9matique dans votre s\u00e9jour.<\/p>\n<p>De m\u00eame, certains pr\u00e9f\u00e8rent opter pour un <strong>meuble original, une pi\u00e8ce artistique<\/strong> qui habille le t\u00e9l\u00e9viseur et remplit le salon de vie. Le bois massif est en cela un mat\u00e9riau tr\u00e8s flexible d\u2019un point de vue du coloris (le ch\u00eane peut \u00eatre clair, tandis que l\u2019h\u00e9v\u00e9a appara\u00eet comme plus sombre.).<\/p>\n<p>Vous l\u2019aurez compris, choisir un meuble TV en bois massif est loin d\u2019\u00eatre synonyme de \u00ab\u00a0d\u00e9pass\u00e9\u00a0\u00bb ou de \u00ab\u00a0trop classique\u00a0\u00bb\u00a0: les tendances et la qualit\u00e9 du mat\u00e9riau sauront vous ravir et embellir votre pi\u00e8ce \u00e0 vivre.<\/p>\n<h2>C\u00f4t\u00e9 pratique\u00a0: une r\u00e9ponse \u00e0 vos diff\u00e9rents besoins<\/h2>\n<p>Si le meuble t\u00e9l\u00e9 sert de support \u00e0 votre t\u00e9l\u00e9viseur, il n\u2019en est pas moins un outil de stockage ou de d\u00e9coration qui peut r\u00e9pondre \u00e0 plusieurs de vos besoins dans votre pi\u00e8ce \u00e0 vivre.<\/p>\n<p><img loading=\"lazy\" id=\"exifviewer-img-1\" class=\"alignnone size-large wp-image-929 aligncenter\" src=\"https:\/\/delormdesign.com\/blog\/wp-content\/uploads\/2018\/07\/meuble-tv-bois-massif-rangement-1024x684.jpg\" alt=\"meuble tv bois massif rangements\" width=\"980\" height=\"655\" srcset=\"https:\/\/delormdesign.com\/blog\/wp-content\/uploads\/2018\/07\/meuble-tv-bois-massif-rangement-1024x684.jpg 1024w, https:\/\/delormdesign.com\/blog\/wp-content\/uploads\/2018\/07\/meuble-tv-bois-massif-rangement-300x200.jpg 300w, https:\/\/delormdesign.com\/blog\/wp-content\/uploads\/2018\/07\/meuble-tv-bois-massif-rangement-768x513.jpg 768w, https:\/\/delormdesign.com\/blog\/wp-content\/uploads\/2018\/07\/meuble-tv-bois-massif-rangement-940x628.jpg 940w, https:\/\/delormdesign.com\/blog\/wp-content\/uploads\/2018\/07\/meuble-tv-bois-massif-rangement.jpg 1501w\" sizes=\"(max-width: 980px) 100vw, 980px\" \/><\/p>\n<p>Certains mobiliers disposent de panneaux coulissants qui permettent de cacher votre \u00e9cran de t\u00e9l\u00e9 lorsque vous ne l\u2019utilisez pas, afin de profiter d\u2019un <strong>aspect plus d\u00e9coratif du mobilier<\/strong>. Dans un style plus ancien, ces meubles existent aussi avec de grandes portes qui pr\u00e9sentent alors le meuble comme une sorte de placard lorsqu\u2019elles sont ferm\u00e9es.<\/p>\n<p>Les amoureux de lecture peuvent trouver un meuble qui, en plus de supporter un \u00e9cran, sert de biblioth\u00e8que\u00a0: associer la t\u00e9l\u00e9vision au plaisir de lire peut transformer votre int\u00e9rieur en <strong>espace de divertissement culturel<\/strong>.<\/p>\n<p>En plus de servir de biblioth\u00e8que, il peut \u00eatre int\u00e9ressant de choisir un mod\u00e8le pouvant accueillir un lecteur DVD, une console de jeu et des tiroirs pour y ranger des t\u00e9l\u00e9commandes, des manettes ou des c\u00e2bles de chargement.<\/p>\n<p><img loading=\"lazy\" id=\"exifviewer-img-2\" class=\"alignnone size-large wp-image-931 aligncenter\" src=\"https:\/\/delormdesign.com\/blog\/wp-content\/uploads\/2018\/07\/meuble-tv-bois-massif-console-671x1024.jpg\" alt=\"meuble tv bois massif console\" width=\"671\" height=\"1024\" srcset=\"https:\/\/delormdesign.com\/blog\/wp-content\/uploads\/2018\/07\/meuble-tv-bois-massif-console-671x1024.jpg 671w, https:\/\/delormdesign.com\/blog\/wp-content\/uploads\/2018\/07\/meuble-tv-bois-massif-console-197x300.jpg 197w, https:\/\/delormdesign.com\/blog\/wp-content\/uploads\/2018\/07\/meuble-tv-bois-massif-console-768x1172.jpg 768w, https:\/\/delormdesign.com\/blog\/wp-content\/uploads\/2018\/07\/meuble-tv-bois-massif-console-940x1435.jpg 940w\" sizes=\"(max-width: 671px) 100vw, 671px\" \/><\/p>\n<p>Il vous suffit donc d\u2019identifier vos besoins quant \u00e0 la pi\u00e8ce o\u00f9 vous souhaitez installer votre \u00e9cran\u00a0pour choisir un mod\u00e8le de meuble adapt\u00e9, qui saura apporter une toute nouvelle <strong>dimension d\u2019utilit\u00e9 \u00e0 votre living<\/strong>. (D\u00e9sirez-vous un espace d\u00e9tente ? Une coin lecture ? Une salle de jeux pour les enfants ? Les possibilit\u00e9s sont nombreuses !)<\/p>\n<h2>Les avantages du bois massif pour un meuble TV<\/h2>\n<p>Si le bois se place comme un mat\u00e9riau de qualit\u00e9, durable dans le temps et ind\u00e9modable, il pr\u00e9sente de nombreux autres avantages\u00a0: facile d\u2019entretien, il suffit de passer une couche de vernis sp\u00e9cialis\u00e9 pour lui rendre son \u00e9clat au bout de quelques ann\u00e9es. Cette finition sp\u00e9ciale apportera une touche de luminosit\u00e9 et rendra un aspect plus neuf au mobilier.<\/p>\n<p>De plus, vous pourrez trouver des mobiliers travaill\u00e9s pour tous les budgets et toutes les gammes de prix\u00a0: il est important de souligner que c\u2019est un meuble qui vieillit tr\u00e8s bien, et qui vous <strong>durera de nombreuses ann\u00e9es<\/strong>.<\/p>\n<p>Enfin, le bois utilis\u00e9 pour les meubles t\u00e9l\u00e9 est ponc\u00e9 et prot\u00e9g\u00e9, le rendant plus doux au toucher et moins accrocheur\u00a0: il n\u2019y a donc aucun risque d\u2019\u00e9charde pour les jeunes enfants qui courent \u00e0 travers la pi\u00e8ce, ni d\u2019ab\u00eemer vos tissus et chiffons de nettoyage pour enlever les particules de poussi\u00e8re qui s\u2019accumulent avec le temps. En un coup de plumeau, la poussi\u00e8re se d\u00e9tache et laisse appara\u00eetre de nouveau le bois poli.<\/p>\n<p>Et vous, de quel genre de meuble t\u00e9l\u00e9 avez-vous besoin\u00a0? Quelle serait selon vous le meuble id\u00e9al pour votre s\u00e9jour\u00a0? Un meuble biblioth\u00e8que, un meuble de rangement ou une table basse moderne\u00a0?<\/p>\n<p>Nous avons h\u00e2te de lire vos avis dans les commentaires de cette page, et nous esp\u00e9rons vous avoir aid\u00e9 \u00e0 choisir le mod\u00e8le le plus adapt\u00e9\u00a0!<\/p>\n<p>Pour plus de conseils et de choix, nous vous donnons rendez-vous sur notre site <a href=\"https:\/\/delormdesign.com\/\">Delorm Design<\/a>, dans la section <a href=\"https:\/\/delormdesign.com\/33-meubles-tv-buffets-assortis\">Meubles TV &amp; Buffets<\/a>\u00a0et profitez d&#8217;une livraison rapide pour tous vos meubles d&#8217;int\u00e9rieur !<\/p>\n<ul>\n<li><strong>\u00a0A lire sur le m\u00eame sujet :\u00a0<\/strong>\n<ul>\n<li><a href=\"https:\/\/delormdesign.com\/blog\/meuble-tv-teck\/\">Meuble TV Teck<\/a><\/li>\n<li><a href=\"https:\/\/delormdesign.com\/blog\/meuble-tv-teck\/peindre-meuble-tv-bois-brut\/\">Comment peindre son meuble TV en bois brut ?<\/a><\/li>\n<li><a href=\"https:\/\/delormdesign.com\/blog\/meuble-tv-teck\/4-bonnes-raisons-de-choisir-meuble-tv-bois-clair\/\">4 bonnes raisons de choisir un meuble TV en bois clair<\/a><\/li>\n<li class=\"entry-title\"><a href=\"https:\/\/delormdesign.com\/blog\/meuble-tv-teck\/pourquoi-acheter-un-meuble-tv-teck-sur-la-redoute\/\">Pourquoi acheter un meuble TV Teck sur La Redoute ?<\/a><\/li>\n<li class=\"entry-title\"><a href=\"https:\/\/delormdesign.com\/blog\/meuble-tv-teck\/meubles-dinterieur-palissandre-de-qualite-de-lexotisme-cher\/\">Les meubles d\u2019int\u00e9rieur en palissandre : de la qualit\u00e9 et de l\u2019exotisme pour pas cher<\/a><\/li>\n<li class=\"entry-title\"><a href=\"https:\/\/delormdesign.com\/blog\/meuble-tv-teck\/meuble-tv-teck-alinea-differences-et-alternatives\/\">Meuble TV Teck Alin\u00e9a : diff\u00e9rences et alternatives<\/a><\/li>\n<\/ul>\n<\/li>\n<\/ul>\n","protected":false},"excerpt":{"rendered":"<p>Si vous disposez dans votre salon d\u2019un \u00e9cran de t\u00e9l\u00e9vision plat, large, incurv\u00e9 ou mural, vous aurez certainement besoin d\u2019un meuble adapt\u00e9 \u00e0 votre TV. Aujourd\u2019hui, nous faisons un gros plan sur le meuble TV en bois massif, un ind\u00e9modable qui saura transformer votre pi\u00e8ce pour lui procurer un charme bien particulier pour vos soir\u00e9es [&hellip;]<\/p>\n","protected":false},"author":12,"featured_media":0,"parent":912,"menu_order":0,"comment_status":"closed","ping_status":"closed","template":"","meta":[],"categories":[],"tags":[],"yoast_head":"<!-- This site is optimized with the Yoast SEO plugin v19.3 - https:\/\/yoast.com\/wordpress\/plugins\/seo\/ -->\n<title>Le meuble TV en bois massif contemporain: un must-have dans votre salon &bull; Blog Design Jardin &amp; Int\u00e9rieur | Tendance D\u00e9co<\/title>\n<meta name=\"description\" content=\"Gros plan sur le meuble TV en bois massif qui saura transformer votre pi\u00e8ce pour lui procurer un charme bien particulier pour vos soir\u00e9es films.\" \/>\n<meta name=\"robots\" content=\"index, follow, max-snippet:-1, max-image-preview:large, max-video-preview:-1\" \/>\n<link rel=\"canonical\" href=\"https:\/\/delormdesign.com\/blog\/meuble-tv-teck\/meuble-tv-bois-massif-contemporain\/\" \/>\n<meta property=\"og:locale\" content=\"fr_FR\" \/>\n<meta property=\"og:type\" content=\"article\" \/>\n<meta property=\"og:title\" content=\"Le meuble TV en bois massif contemporain: un must-have dans votre salon &bull; Blog Design Jardin &amp; Int\u00e9rieur | Tendance D\u00e9co\" \/>\n<meta property=\"og:description\" content=\"Gros plan sur le meuble TV en bois massif qui saura transformer votre pi\u00e8ce pour lui procurer un charme bien particulier pour vos soir\u00e9es films.\" \/>\n<meta property=\"og:url\" content=\"https:\/\/delormdesign.com\/blog\/meuble-tv-teck\/meuble-tv-bois-massif-contemporain\/\" \/>\n<meta property=\"og:site_name\" content=\"Blog Design Jardin &amp; Int\u00e9rieur | Tendance D\u00e9co\" \/>\n<meta property=\"article:publisher\" content=\"https:\/\/www.facebook.com\/delormdesign\/\" \/>\n<meta property=\"article:modified_time\" content=\"2021-06-26T09:12:02+00:00\" \/>\n<meta property=\"og:image\" content=\"https:\/\/delormdesign.com\/blog\/wp-content\/uploads\/2018\/07\/meuble-tv-bois-massif-1024x682.jpg\" \/>\n<meta name=\"twitter:card\" content=\"summary\" \/>\n<meta name=\"twitter:label1\" content=\"Est. reading time\" \/>\n\t<meta name=\"twitter:data1\" content=\"6 minutes\" \/>\n<script type=\"application\/ld+json\" class=\"yoast-schema-graph\">{\"@context\":\"https:\/\/schema.org\",\"@graph\":[{\"@type\":\"WebSite\",\"@id\":\"https:\/\/delormdesign.com\/blog\/#website\",\"url\":\"https:\/\/delormdesign.com\/blog\/\",\"name\":\"Blog Design Jardin &amp; Int\u00e9rieur | Tendance D\u00e9co\",\"description\":\"Jardin &amp; Int\u00e9rieur | Tendance D\u00e9co\",\"potentialAction\":[{\"@type\":\"SearchAction\",\"target\":{\"@type\":\"EntryPoint\",\"urlTemplate\":\"https:\/\/delormdesign.com\/blog\/?s={search_term_string}\"},\"query-input\":\"required name=search_term_string\"}],\"inLanguage\":\"fr-FR\"},{\"@type\":\"ImageObject\",\"inLanguage\":\"fr-FR\",\"@id\":\"https:\/\/delormdesign.com\/blog\/meuble-tv-teck\/meuble-tv-bois-massif-contemporain\/#primaryimage\",\"url\":\"https:\/\/delormdesign.com\/blog\/wp-content\/uploads\/2018\/07\/meuble-tv-bois-massif.jpg\",\"contentUrl\":\"https:\/\/delormdesign.com\/blog\/wp-content\/uploads\/2018\/07\/meuble-tv-bois-massif.jpg\",\"width\":2560,\"height\":1705,\"caption\":\"meuble tv bois massif\"},{\"@type\":\"WebPage\",\"@id\":\"https:\/\/delormdesign.com\/blog\/meuble-tv-teck\/meuble-tv-bois-massif-contemporain\/\",\"url\":\"https:\/\/delormdesign.com\/blog\/meuble-tv-teck\/meuble-tv-bois-massif-contemporain\/\",\"name\":\"Le meuble TV en bois massif contemporain: un must-have dans votre salon &bull; Blog Design Jardin &amp; Int\u00e9rieur | Tendance D\u00e9co\",\"isPartOf\":{\"@id\":\"https:\/\/delormdesign.com\/blog\/#website\"},\"primaryImageOfPage\":{\"@id\":\"https:\/\/delormdesign.com\/blog\/meuble-tv-teck\/meuble-tv-bois-massif-contemporain\/#primaryimage\"},\"datePublished\":\"2018-07-07T07:12:16+00:00\",\"dateModified\":\"2021-06-26T09:12:02+00:00\",\"description\":\"Gros plan sur le meuble TV en bois massif qui saura transformer votre pi\u00e8ce pour lui procurer un charme bien particulier pour vos soir\u00e9es films.\",\"breadcrumb\":{\"@id\":\"https:\/\/delormdesign.com\/blog\/meuble-tv-teck\/meuble-tv-bois-massif-contemporain\/#breadcrumb\"},\"inLanguage\":\"fr-FR\",\"potentialAction\":[{\"@type\":\"ReadAction\",\"target\":[\"https:\/\/delormdesign.com\/blog\/meuble-tv-teck\/meuble-tv-bois-massif-contemporain\/\"]}]},{\"@type\":\"BreadcrumbList\",\"@id\":\"https:\/\/delormdesign.com\/blog\/meuble-tv-teck\/meuble-tv-bois-massif-contemporain\/#breadcrumb\",\"itemListElement\":[{\"@type\":\"ListItem\",\"position\":1,\"name\":\"Accueil\",\"item\":\"https:\/\/delormdesign.com\/blog\/\"},{\"@type\":\"ListItem\",\"position\":2,\"name\":\"Meuble TV teck\",\"item\":\"https:\/\/delormdesign.com\/blog\/meuble-tv-teck\/\"},{\"@type\":\"ListItem\",\"position\":3,\"name\":\"Le meuble TV en bois massif contemporain: un must-have dans votre salon\"}]}]}<\/script>\n<!-- \/ Yoast SEO plugin. -->","yoast_head_json":{"title":"Le meuble TV en bois massif contemporain: un must-have dans votre salon &bull; Blog Design Jardin &amp; Int\u00e9rieur | Tendance D\u00e9co","description":"Gros plan sur le meuble TV en bois massif qui saura transformer votre pi\u00e8ce pour lui procurer un charme bien particulier pour vos soir\u00e9es films.","robots":{"index":"index","follow":"follow","max-snippet":"max-snippet:-1","max-image-preview":"max-image-preview:large","max-video-preview":"max-video-preview:-1"},"canonical":"https:\/\/delormdesign.com\/blog\/meuble-tv-teck\/meuble-tv-bois-massif-contemporain\/","og_locale":"fr_FR","og_type":"article","og_title":"Le meuble TV en bois massif contemporain: un must-have dans votre salon &bull; Blog Design Jardin &amp; Int\u00e9rieur | Tendance D\u00e9co","og_description":"Gros plan sur le meuble TV en bois massif qui saura transformer votre pi\u00e8ce pour lui procurer un charme bien particulier pour vos soir\u00e9es films.","og_url":"https:\/\/delormdesign.com\/blog\/meuble-tv-teck\/meuble-tv-bois-massif-contemporain\/","og_site_name":"Blog Design Jardin &amp; Int\u00e9rieur | Tendance D\u00e9co","article_publisher":"https:\/\/www.facebook.com\/delormdesign\/","article_modified_time":"2021-06-26T09:12:02+00:00","og_image":[{"url":"https:\/\/delormdesign.com\/blog\/wp-content\/uploads\/2018\/07\/meuble-tv-bois-massif-1024x682.jpg"}],"twitter_card":"summary","twitter_misc":{"Est. reading time":"6 minutes"},"schema":{"@context":"https:\/\/schema.org","@graph":[{"@type":"WebSite","@id":"https:\/\/delormdesign.com\/blog\/#website","url":"https:\/\/delormdesign.com\/blog\/","name":"Blog Design Jardin &amp; Int\u00e9rieur | Tendance D\u00e9co","description":"Jardin &amp; Int\u00e9rieur | Tendance D\u00e9co","potentialAction":[{"@type":"SearchAction","target":{"@type":"EntryPoint","urlTemplate":"https:\/\/delormdesign.com\/blog\/?s={search_term_string}"},"query-input":"required name=search_term_string"}],"inLanguage":"fr-FR"},{"@type":"ImageObject","inLanguage":"fr-FR","@id":"https:\/\/delormdesign.com\/blog\/meuble-tv-teck\/meuble-tv-bois-massif-contemporain\/#primaryimage","url":"https:\/\/delormdesign.com\/blog\/wp-content\/uploads\/2018\/07\/meuble-tv-bois-massif.jpg","contentUrl":"https:\/\/delormdesign.com\/blog\/wp-content\/uploads\/2018\/07\/meuble-tv-bois-massif.jpg","width":2560,"height":1705,"caption":"meuble tv bois massif"},{"@type":"WebPage","@id":"https:\/\/delormdesign.com\/blog\/meuble-tv-teck\/meuble-tv-bois-massif-contemporain\/","url":"https:\/\/delormdesign.com\/blog\/meuble-tv-teck\/meuble-tv-bois-massif-contemporain\/","name":"Le meuble TV en bois massif contemporain: un must-have dans votre salon &bull; Blog Design Jardin &amp; Int\u00e9rieur | Tendance D\u00e9co","isPartOf":{"@id":"https:\/\/delormdesign.com\/blog\/#website"},"primaryImageOfPage":{"@id":"https:\/\/delormdesign.com\/blog\/meuble-tv-teck\/meuble-tv-bois-massif-contemporain\/#primaryimage"},"datePublished":"2018-07-07T07:12:16+00:00","dateModified":"2021-06-26T09:12:02+00:00","description":"Gros plan sur le meuble TV en bois massif qui saura transformer votre pi\u00e8ce pour lui procurer un charme bien particulier pour vos soir\u00e9es films.","breadcrumb":{"@id":"https:\/\/delormdesign.com\/blog\/meuble-tv-teck\/meuble-tv-bois-massif-contemporain\/#breadcrumb"},"inLanguage":"fr-FR","potentialAction":[{"@type":"ReadAction","target":["https:\/\/delormdesign.com\/blog\/meuble-tv-teck\/meuble-tv-bois-massif-contemporain\/"]}]},{"@type":"BreadcrumbList","@id":"https:\/\/delormdesign.com\/blog\/meuble-tv-teck\/meuble-tv-bois-massif-contemporain\/#breadcrumb","itemListElement":[{"@type":"ListItem","position":1,"name":"Accueil","item":"https:\/\/delormdesign.com\/blog\/"},{"@type":"ListItem","position":2,"name":"Meuble TV teck","item":"https:\/\/delormdesign.com\/blog\/meuble-tv-teck\/"},{"@type":"ListItem","position":3,"name":"Le meuble TV en bois massif contemporain: un must-have dans votre salon"}]}]}},"amp_enabled":true,"_links":{"self":[{"href":"https:\/\/delormdesign.com\/blog\/wp-json\/wp\/v2\/pages\/919"}],"collection":[{"href":"https:\/\/delormdesign.com\/blog\/wp-json\/wp\/v2\/pages"}],"about":[{"href":"https:\/\/delormdesign.com\/blog\/wp-json\/wp\/v2\/types\/page"}],"author":[{"embeddable":true,"href":"https:\/\/delormdesign.com\/blog\/wp-json\/wp\/v2\/users\/12"}],"replies":[{"embeddable":true,"href":"https:\/\/delormdesign.com\/blog\/wp-json\/wp\/v2\/comments?post=919"}],"version-history":[{"count":1,"href":"https:\/\/delormdesign.com\/blog\/wp-json\/wp\/v2\/pages\/919\/revisions"}],"predecessor-version":[{"id":2543,"href":"https:\/\/delormdesign.com\/blog\/wp-json\/wp\/v2\/pages\/919\/revisions\/2543"}],"up":[{"embeddable":true,"href":"https:\/\/delormdesign.com\/blog\/wp-json\/wp\/v2\/pages\/912"}],"wp:attachment":[{"href":"https:\/\/delormdesign.com\/blog\/wp-json\/wp\/v2\/media?parent=919"}],"wp:term":[{"taxonomy":"category","embeddable":true,"href":"https:\/\/delormdesign.com\/blog\/wp-json\/wp\/v2\/categories?post=919"},{"taxonomy":"post_tag","embeddable":true,"href":"https:\/\/delormdesign.com\/blog\/wp-json\/wp\/v2\/tags?post=919"}],"curies":[{"name":"wp","href":"https:\/\/api.w.org\/{rel}","templated":true}]}}