{"id":975,"date":"2018-07-10T15:01:49","date_gmt":"2018-07-10T15:01:49","guid":{"rendered":"https:\/\/delormdesign.com\/blog\/?page_id=975"},"modified":"2018-07-23T09:15:23","modified_gmt":"2018-07-23T09:15:23","slug":"meubles-dinterieur-palissandre-de-qualite-de-lexotisme-cher","status":"publish","type":"page","link":"https:\/\/delormdesign.com\/blog\/meuble-tv-teck\/meubles-dinterieur-palissandre-de-qualite-de-lexotisme-cher\/","title":{"rendered":"Les meubles d\u2019int\u00e9rieur en palissandre : de la qualit\u00e9 et de l\u2019exotisme pour pas cher"},"content":{"rendered":"<p>Si on vous dit \u00ab\u00a0soleil, tropical et exotisme\u00a0\u00bb, \u00e0 quel genre de mat\u00e9riau pensez-vous\u00a0? Tout juste\u00a0! Le palissandre, aussi appel\u00e9 \u00ab\u00a0bois de rose\u00a0\u00bb vous fait voyager avec ses <strong>colorations chaleureuses<\/strong> et ses <strong>origines lointaines<\/strong>.<\/p>\n<h2>Origines, histoire et caract\u00e8re<\/h2>\n<h3>Qu\u2019est-ce que le palissandre\u00a0?<\/h3>\n<p>Le terme \u00ab\u00a0palissandre\u00a0\u00bb regroupe un certain nombre <strong>d\u2019essences de bois exotiques<\/strong> du genre Dalbergia qui poussent sous les tropiques au Br\u00e9sil, \u00e0 Madagascar, en Inde ou encore au Belize. Le <strong>Dalbergia Nigra<\/strong> est l\u2019esp\u00e8ce la plus recherch\u00e9e de palissandre\u00a0: aussi appel\u00e9e Palissandre de Rio ou Jacaranda da Bahia, celle-ci pousse au Br\u00e9sil.<\/p>\n<p>La Dalbergia Nigra pousse loin des autres v\u00e9g\u00e9taux\u00a0: en revanche, des communaut\u00e9s biotiques peuvent se former avec d\u2019autres esp\u00e8ces de Dalbergia (comme le palissandre de Santos Mach\u00e6rium) et d\u2019arbres tropicaux.\u00a0 Son aire de r\u00e9partition naturelle s\u2019\u00e9tend de la basse for\u00eat tropicale du Br\u00e9sil au sud de Bahia jusqu\u2019\u00e0 S\u00e3o Paulo en passant par Rio de Janeiro.<\/p>\n<p>Les palissandres de Rio et de Madagascar sont aujourd\u2019hui <strong>prot\u00e9g\u00e9s par la convention de Washington<\/strong> qui interdit leur commerce depuis 1992 et 2013. En effet, ces deux esp\u00e8ces de palissandre \u00e9taient particuli\u00e8rement recherch\u00e9es au 19<sup>\u00e8me<\/sup> si\u00e8cle pour la <strong>fabrication d\u2019instruments de musique et de mobilier de grand standing<\/strong>. Devenus tr\u00e8s rares aujourd\u2019hui, seules les pi\u00e8ces ant\u00e9rieures \u00e0 l\u2019interdiction peuvent \u00eatre vendues.<\/p>\n<p><img loading=\"lazy\" class=\"alignnone size-large wp-image-977 aligncenter\" src=\"https:\/\/delormdesign.com\/blog\/wp-content\/uploads\/2018\/07\/meuble-palissandre-pas-cher-1024x681.jpg\" alt=\"\" width=\"980\" height=\"652\" srcset=\"https:\/\/delormdesign.com\/blog\/wp-content\/uploads\/2018\/07\/meuble-palissandre-pas-cher-1024x681.jpg 1024w, https:\/\/delormdesign.com\/blog\/wp-content\/uploads\/2018\/07\/meuble-palissandre-pas-cher-300x200.jpg 300w, https:\/\/delormdesign.com\/blog\/wp-content\/uploads\/2018\/07\/meuble-palissandre-pas-cher-768x511.jpg 768w, https:\/\/delormdesign.com\/blog\/wp-content\/uploads\/2018\/07\/meuble-palissandre-pas-cher-940x625.jpg 940w, https:\/\/delormdesign.com\/blog\/wp-content\/uploads\/2018\/07\/meuble-palissandre-pas-cher.jpg 1300w\" sizes=\"(max-width: 980px) 100vw, 980px\" \/><\/p>\n<h3>Les qualit\u00e9s du bois de rose des tropiques<\/h3>\n<p>Le palissandre se pr\u00e9sente comme un mat\u00e9riau tr\u00e8s dense, d\u2019une importante qualit\u00e9 esth\u00e9tique et m\u00e9canique. D\u2019allure tr\u00e8s noble, il est robuste, durable, \u00e9quilibr\u00e9 et ses touches de couleur en font un mat\u00e9riau bien particulier et plein de charme.<\/p>\n<p>De nombreuses pi\u00e8ces iconiques ont \u00e9t\u00e9 r\u00e9alis\u00e9es \u00e0 partir de palissandre comme le \u00ab\u00a0fauteuil lounge\u00a0\u00bb (1950) des fr\u00e8res Charles et Ray Eames ou encore le fauteuil \u00ab\u00a0Kilin\u00a0\u00bb (1973) du designer br\u00e9silien Sergio Rodrigues.<\/p>\n<p>Outre les instruments de musique et le mobilier, le palissandre \u00e9tait sculpt\u00e9 pour des statues, des pi\u00e8ces de jeu d\u2019\u00e9chec, des d\u00e9corations de v\u00e9hicules de luxe\u00a0: ce bois <strong>consid\u00e9r\u00e9 comme noble<\/strong> \u00e9tait donc utilis\u00e9 dans la conception de parures luxueuse et originales.<\/p>\n<h2>Le succ\u00e8s du palissandre\u00a0: comment l\u2019expliquer\u00a0?<\/h2>\n<p>Il s\u2019agit l\u00e0 d\u2019un bois tr\u00e8s lourd qui pr\u00e9sente un poids de 850 kg pour un volume d\u20191 m<sup>3<\/sup>. \u00c0 sa masse s\u2019ajoute sa durabilit\u00e9 et sa douceur ce qui lui conf\u00e8re une v\u00e9ritable valeur de noblesse. Il est int\u00e9ressant de constater que dans d\u2019autres domaines, ici conjugal, le palissandre repr\u00e9sente la force, la solidit\u00e9 et la constance. En effet, les noces de palissandre renvoient \u00e0 un couple qui c\u00e9l\u00e8bre ses 65 ann\u00e9es de mariage\u00a0!<\/p>\n<p><img loading=\"lazy\" class=\"alignnone size-large wp-image-979 aligncenter\" src=\"https:\/\/delormdesign.com\/blog\/wp-content\/uploads\/2018\/07\/palissandre-resiste-attaques-exterieures-1024x681.jpg\" alt=\"\" width=\"980\" height=\"652\" srcset=\"https:\/\/delormdesign.com\/blog\/wp-content\/uploads\/2018\/07\/palissandre-resiste-attaques-exterieures-1024x681.jpg 1024w, https:\/\/delormdesign.com\/blog\/wp-content\/uploads\/2018\/07\/palissandre-resiste-attaques-exterieures-300x200.jpg 300w, https:\/\/delormdesign.com\/blog\/wp-content\/uploads\/2018\/07\/palissandre-resiste-attaques-exterieures-768x511.jpg 768w, https:\/\/delormdesign.com\/blog\/wp-content\/uploads\/2018\/07\/palissandre-resiste-attaques-exterieures-940x625.jpg 940w, https:\/\/delormdesign.com\/blog\/wp-content\/uploads\/2018\/07\/palissandre-resiste-attaques-exterieures.jpg 1602w\" sizes=\"(max-width: 980px) 100vw, 980px\" \/><\/p>\n<p>En d\u00e9pit de sa masse, le palissandre est un bois <strong>tr\u00e8s facile \u00e0 travailler<\/strong>, d\u2019o\u00f9 son utilisation r\u00e9currente pour des sculptures fines, des d\u00e9corations d\u00e9taill\u00e9es et pr\u00e9cises.<\/p>\n<p>L\u2019une des plus grandes qualit\u00e9s que l\u2019on puisse reconna\u00eetre \u00e0 ce mat\u00e9riau est sa capacit\u00e9 \u00e0 <strong>r\u00e9sister aux attaques ext\u00e9rieures<\/strong> des termites, des champignons ou encore des objets tranchants.<\/p>\n<p>Certaines personnes pr\u00e9f\u00e8rent associer le palissandre \u00e0 d\u2019autres bois comme <strong>le teck, l\u2019h\u00e9v\u00e9a ou le ch\u00eane massif<\/strong> afin d\u2019obtenir de belles nuances de clair et de noir. Nous vous recommandons par exemple d&#8217;explorer notre collection de <a href=\"https:\/\/delormdesign.com\/183-buffet-en-teck-massif\">buffets en teck massif<\/a> pour vous en rendre compte par vous-m\u00eame. D\u2019autres pr\u00e9f\u00e8rent travailler la mati\u00e8re pour la transformer en une surface parfaite et lui enlever toute trace d\u2019\u00e9tat brut.<\/p>\n<h2>Mobilier en palissandre\u00a0: un large \u00e9ventail de couleurs<\/h2>\n<p>Les meubles en palissandre sauront apporter une touche ethnique \u00e0 votre int\u00e9rieur\u00a0: leur coloration chaude le rendra accueillant et s\u2019accordera parfaitement \u00e0 des rideaux travaill\u00e9s, des murs color\u00e9s ou des tapis originaux. Le bois de rose s\u2019allie tr\u00e8s bien aux plantes vertes pour ajouter une <strong>touche naturelle<\/strong> \u00e0 vos espaces de vie, sans parler d\u2019un <strong>exotisme tr\u00e8s tendance\u00a0!<\/strong><\/p>\n<p>Ce bois s\u2019adapte \u00e0 toutes les origines\u00a0et met en avant de nombreux pays\u00a0: l\u2019Afrique pour un c\u00f4t\u00e9 primitif et envo\u00fbtant, l\u2019Asie et l\u2019Inde pour un aspect plus zen\u2026 Les meubles en palissandre sortent majoritairement de l\u2019ordinaire et proposent un large choix de formes et de styles\u00a0: des \u00e9tag\u00e8res rondes ou d\u00e9structur\u00e9es, des tables basses atypiques, des portes aux poign\u00e9es en fer forg\u00e9 sculpt\u00e9es avec pr\u00e9cision, des buffets avec tiroirs et autres espaces de rangement, des meubles de t\u00e9l\u00e9vision pour tous les go\u00fbts (mural, d\u2019angle\u2026)\u00a0!<\/p>\n<p><img loading=\"lazy\" class=\"alignnone size-large wp-image-981 aligncenter\" src=\"https:\/\/delormdesign.com\/blog\/wp-content\/uploads\/2018\/07\/meuble-palissandre-original-bureau-1024x768.jpg\" alt=\"\" width=\"980\" height=\"735\" srcset=\"https:\/\/delormdesign.com\/blog\/wp-content\/uploads\/2018\/07\/meuble-palissandre-original-bureau-1024x768.jpg 1024w, https:\/\/delormdesign.com\/blog\/wp-content\/uploads\/2018\/07\/meuble-palissandre-original-bureau-300x225.jpg 300w, https:\/\/delormdesign.com\/blog\/wp-content\/uploads\/2018\/07\/meuble-palissandre-original-bureau-768x576.jpg 768w, https:\/\/delormdesign.com\/blog\/wp-content\/uploads\/2018\/07\/meuble-palissandre-original-bureau-940x705.jpg 940w\" sizes=\"(max-width: 980px) 100vw, 980px\" \/><\/p>\n<p>Vous fa\u00eetes face \u00e0 un <strong>large choix de meubles d\u00e9co de grande qualit\u00e9<\/strong>, dans les th\u00e8mes asiatiques, indiens et africains pour meubler toutes vos pi\u00e8ces \u00e0 vivre\u00a0: de quoi r\u00eaver et vous donner des envies de voyage\u00a0sous le soleil !<\/p>\n<h2><a href=\"https:\/\/delormdesign.com\/\">Delorm Design<\/a> vous aide \u00e0 choisir votre prochain meuble en bois<\/h2>\n<p>C\u2019est l\u2019\u00e9t\u00e9 et il est grand temps de redonner une nouvelle vie \u00e0 votre salon\u00a0! Nous vous donnons rendez-vous sur notre site <a href=\"https:\/\/delormdesign.com\/\">Delorm Design<\/a> dans la cat\u00e9gorie \u00ab\u00a0<a href=\"https:\/\/delormdesign.com\/promotions\">Soldes<\/a>\u00a0\u00bb pour d\u00e9nicher nos meilleurs produits \u00e0 prix r\u00e9duits et toutes nos promotions de cette saison\u00a0!<\/p>\n<p>\u00c0 l\u2019\u00e9coute de vos disponibilit\u00e9s, nous r\u00e9pondons \u00e0 toutes les questions que vous pourriez vous poser dans les plus brefs d\u00e9lais afin de vous offrir une <strong>aide efficace et professionnelle<\/strong>.<\/p>\n<p>Profitez d\u2019une livraison gratuite et d\u2019un paiement en 3 fois sans frais d\u00e8s maintenant sur notre boutique en ligne\u00a0!<\/p>\n<p>Pour plus de renseignements, nous vous invitons \u00e0 joindre notre num\u00e9ro de service client gratuit (05 17 02 08 64) ainsi qu\u2019\u00e0 nous contacter via notre adresse mail\u00a0: <a href=\"mailto:contact@delorm.com\">contact@delorm.com<\/a> .<\/p>\n<p><strong>\u00a0A lire sur le m\u00eame sujet :\u00a0<\/strong><\/p>\n<ul>\n<li><a href=\"https:\/\/delormdesign.com\/blog\/meuble-tv-teck\/\">Meuble TV Teck<\/a><\/li>\n<li><a href=\"https:\/\/delormdesign.com\/blog\/meuble-tv-teck\/peindre-meuble-tv-bois-brut\/\">Comment peindre son meuble TV en bois brut ?<\/a><\/li>\n<li><a href=\"https:\/\/delormdesign.com\/blog\/meuble-tv-teck\/meuble-tv-bois-massif-contemporain\/\">Le meuble TV en bois massif contemporain: un must-have dans votre salon<\/a><\/li>\n<li class=\"entry-title\"><a href=\"https:\/\/delormdesign.com\/blog\/meuble-tv-teck\/pourquoi-acheter-un-meuble-tv-teck-sur-la-redoute\/\">Pourquoi acheter un meuble TV Teck sur La Redoute ?<\/a><\/li>\n<li class=\"entry-title\"><a href=\"https:\/\/delormdesign.com\/blog\/meuble-tv-teck\/4-bonnes-raisons-de-choisir-meuble-tv-bois-clair\/\">4 bonnes raisons de choisir un meuble TV en bois clair<\/a><\/li>\n<li class=\"entry-title\"><a href=\"https:\/\/delormdesign.com\/blog\/meuble-tv-teck\/meuble-tv-teck-alinea-differences-et-alternatives\/\">Meuble TV Teck Alin\u00e9a : diff\u00e9rences et alternatives<\/a><\/li>\n<\/ul>\n","protected":false},"excerpt":{"rendered":"<p>Si on vous dit \u00ab\u00a0soleil, tropical et exotisme\u00a0\u00bb, \u00e0 quel genre de mat\u00e9riau pensez-vous\u00a0? Tout juste\u00a0! Le palissandre, aussi appel\u00e9 \u00ab\u00a0bois de rose\u00a0\u00bb vous fait voyager avec ses colorations chaleureuses et ses origines lointaines. Origines, histoire et caract\u00e8re Qu\u2019est-ce que le palissandre\u00a0? Le terme \u00ab\u00a0palissandre\u00a0\u00bb regroupe un certain nombre d\u2019essences de bois exotiques du genre [&hellip;]<\/p>\n","protected":false},"author":12,"featured_media":0,"parent":912,"menu_order":0,"comment_status":"closed","ping_status":"closed","template":"","meta":[],"categories":[],"tags":[],"yoast_head":"<!-- This site is optimized with the Yoast SEO plugin v19.3 - https:\/\/yoast.com\/wordpress\/plugins\/seo\/ -->\n<title>Les meubles d\u2019int\u00e9rieur en palissandre : de la qualit\u00e9 et de l\u2019exotisme pour pas cher &bull; Blog Design Jardin &amp; Int\u00e9rieur | Tendance D\u00e9co<\/title>\n<meta name=\"description\" content=\"Le palissandre, aussi appel\u00e9 \u00ab bois de rose \u00bb vous fait voyager avec ses colorations chaleureuses et ses origines lointaines. Comment expliquer son succ\u00e8s ?\" \/>\n<meta name=\"robots\" content=\"index, follow, max-snippet:-1, max-image-preview:large, max-video-preview:-1\" \/>\n<link rel=\"canonical\" href=\"https:\/\/delormdesign.com\/blog\/meuble-tv-teck\/meubles-dinterieur-palissandre-de-qualite-de-lexotisme-cher\/\" \/>\n<meta property=\"og:locale\" content=\"fr_FR\" \/>\n<meta property=\"og:type\" content=\"article\" \/>\n<meta property=\"og:title\" content=\"Les meubles d\u2019int\u00e9rieur en palissandre : de la qualit\u00e9 et de l\u2019exotisme pour pas cher &bull; Blog Design Jardin &amp; Int\u00e9rieur | Tendance D\u00e9co\" \/>\n<meta property=\"og:description\" content=\"Le palissandre, aussi appel\u00e9 \u00ab bois de rose \u00bb vous fait voyager avec ses colorations chaleureuses et ses origines lointaines. Comment expliquer son succ\u00e8s ?\" \/>\n<meta property=\"og:url\" content=\"https:\/\/delormdesign.com\/blog\/meuble-tv-teck\/meubles-dinterieur-palissandre-de-qualite-de-lexotisme-cher\/\" \/>\n<meta property=\"og:site_name\" content=\"Blog Design Jardin &amp; Int\u00e9rieur | Tendance D\u00e9co\" \/>\n<meta property=\"article:publisher\" content=\"https:\/\/www.facebook.com\/delormdesign\/\" \/>\n<meta property=\"article:modified_time\" content=\"2018-07-23T09:15:23+00:00\" \/>\n<meta property=\"og:image\" content=\"https:\/\/delormdesign.com\/blog\/wp-content\/uploads\/2018\/07\/meuble-palissandre-pas-cher-1024x681.jpg\" \/>\n<meta name=\"twitter:card\" content=\"summary\" \/>\n<meta name=\"twitter:label1\" content=\"Est. reading time\" \/>\n\t<meta name=\"twitter:data1\" content=\"5 minutes\" \/>\n<script type=\"application\/ld+json\" class=\"yoast-schema-graph\">{\"@context\":\"https:\/\/schema.org\",\"@graph\":[{\"@type\":\"WebSite\",\"@id\":\"https:\/\/delormdesign.com\/blog\/#website\",\"url\":\"https:\/\/delormdesign.com\/blog\/\",\"name\":\"Blog Design Jardin &amp; Int\u00e9rieur | Tendance D\u00e9co\",\"description\":\"Jardin &amp; Int\u00e9rieur | Tendance D\u00e9co\",\"potentialAction\":[{\"@type\":\"SearchAction\",\"target\":{\"@type\":\"EntryPoint\",\"urlTemplate\":\"https:\/\/delormdesign.com\/blog\/?s={search_term_string}\"},\"query-input\":\"required name=search_term_string\"}],\"inLanguage\":\"fr-FR\"},{\"@type\":\"ImageObject\",\"inLanguage\":\"fr-FR\",\"@id\":\"https:\/\/delormdesign.com\/blog\/meuble-tv-teck\/meubles-dinterieur-palissandre-de-qualite-de-lexotisme-cher\/#primaryimage\",\"url\":\"https:\/\/delormdesign.com\/blog\/wp-content\/uploads\/2018\/07\/meuble-palissandre-pas-cher.jpg\",\"contentUrl\":\"https:\/\/delormdesign.com\/blog\/wp-content\/uploads\/2018\/07\/meuble-palissandre-pas-cher.jpg\",\"width\":1300,\"height\":865},{\"@type\":\"WebPage\",\"@id\":\"https:\/\/delormdesign.com\/blog\/meuble-tv-teck\/meubles-dinterieur-palissandre-de-qualite-de-lexotisme-cher\/\",\"url\":\"https:\/\/delormdesign.com\/blog\/meuble-tv-teck\/meubles-dinterieur-palissandre-de-qualite-de-lexotisme-cher\/\",\"name\":\"Les meubles d\u2019int\u00e9rieur en palissandre : de la qualit\u00e9 et de l\u2019exotisme pour pas cher &bull; Blog Design Jardin &amp; Int\u00e9rieur | Tendance D\u00e9co\",\"isPartOf\":{\"@id\":\"https:\/\/delormdesign.com\/blog\/#website\"},\"primaryImageOfPage\":{\"@id\":\"https:\/\/delormdesign.com\/blog\/meuble-tv-teck\/meubles-dinterieur-palissandre-de-qualite-de-lexotisme-cher\/#primaryimage\"},\"datePublished\":\"2018-07-10T15:01:49+00:00\",\"dateModified\":\"2018-07-23T09:15:23+00:00\",\"description\":\"Le palissandre, aussi appel\u00e9 \u00ab bois de rose \u00bb vous fait voyager avec ses colorations chaleureuses et ses origines lointaines. Comment expliquer son succ\u00e8s ?\",\"breadcrumb\":{\"@id\":\"https:\/\/delormdesign.com\/blog\/meuble-tv-teck\/meubles-dinterieur-palissandre-de-qualite-de-lexotisme-cher\/#breadcrumb\"},\"inLanguage\":\"fr-FR\",\"potentialAction\":[{\"@type\":\"ReadAction\",\"target\":[\"https:\/\/delormdesign.com\/blog\/meuble-tv-teck\/meubles-dinterieur-palissandre-de-qualite-de-lexotisme-cher\/\"]}]},{\"@type\":\"BreadcrumbList\",\"@id\":\"https:\/\/delormdesign.com\/blog\/meuble-tv-teck\/meubles-dinterieur-palissandre-de-qualite-de-lexotisme-cher\/#breadcrumb\",\"itemListElement\":[{\"@type\":\"ListItem\",\"position\":1,\"name\":\"Accueil\",\"item\":\"https:\/\/delormdesign.com\/blog\/\"},{\"@type\":\"ListItem\",\"position\":2,\"name\":\"Meuble TV teck\",\"item\":\"https:\/\/delormdesign.com\/blog\/meuble-tv-teck\/\"},{\"@type\":\"ListItem\",\"position\":3,\"name\":\"Les meubles d\u2019int\u00e9rieur en palissandre : de la qualit\u00e9 et de l\u2019exotisme pour pas cher\"}]}]}<\/script>\n<!-- \/ Yoast SEO plugin. -->","yoast_head_json":{"title":"Les meubles d\u2019int\u00e9rieur en palissandre : de la qualit\u00e9 et de l\u2019exotisme pour pas cher &bull; Blog Design Jardin &amp; Int\u00e9rieur | Tendance D\u00e9co","description":"Le palissandre, aussi appel\u00e9 \u00ab bois de rose \u00bb vous fait voyager avec ses colorations chaleureuses et ses origines lointaines. Comment expliquer son succ\u00e8s ?","robots":{"index":"index","follow":"follow","max-snippet":"max-snippet:-1","max-image-preview":"max-image-preview:large","max-video-preview":"max-video-preview:-1"},"canonical":"https:\/\/delormdesign.com\/blog\/meuble-tv-teck\/meubles-dinterieur-palissandre-de-qualite-de-lexotisme-cher\/","og_locale":"fr_FR","og_type":"article","og_title":"Les meubles d\u2019int\u00e9rieur en palissandre : de la qualit\u00e9 et de l\u2019exotisme pour pas cher &bull; Blog Design Jardin &amp; Int\u00e9rieur | Tendance D\u00e9co","og_description":"Le palissandre, aussi appel\u00e9 \u00ab bois de rose \u00bb vous fait voyager avec ses colorations chaleureuses et ses origines lointaines. Comment expliquer son succ\u00e8s ?","og_url":"https:\/\/delormdesign.com\/blog\/meuble-tv-teck\/meubles-dinterieur-palissandre-de-qualite-de-lexotisme-cher\/","og_site_name":"Blog Design Jardin &amp; Int\u00e9rieur | Tendance D\u00e9co","article_publisher":"https:\/\/www.facebook.com\/delormdesign\/","article_modified_time":"2018-07-23T09:15:23+00:00","og_image":[{"url":"https:\/\/delormdesign.com\/blog\/wp-content\/uploads\/2018\/07\/meuble-palissandre-pas-cher-1024x681.jpg"}],"twitter_card":"summary","twitter_misc":{"Est. reading time":"5 minutes"},"schema":{"@context":"https:\/\/schema.org","@graph":[{"@type":"WebSite","@id":"https:\/\/delormdesign.com\/blog\/#website","url":"https:\/\/delormdesign.com\/blog\/","name":"Blog Design Jardin &amp; Int\u00e9rieur | Tendance D\u00e9co","description":"Jardin &amp; Int\u00e9rieur | Tendance D\u00e9co","potentialAction":[{"@type":"SearchAction","target":{"@type":"EntryPoint","urlTemplate":"https:\/\/delormdesign.com\/blog\/?s={search_term_string}"},"query-input":"required name=search_term_string"}],"inLanguage":"fr-FR"},{"@type":"ImageObject","inLanguage":"fr-FR","@id":"https:\/\/delormdesign.com\/blog\/meuble-tv-teck\/meubles-dinterieur-palissandre-de-qualite-de-lexotisme-cher\/#primaryimage","url":"https:\/\/delormdesign.com\/blog\/wp-content\/uploads\/2018\/07\/meuble-palissandre-pas-cher.jpg","contentUrl":"https:\/\/delormdesign.com\/blog\/wp-content\/uploads\/2018\/07\/meuble-palissandre-pas-cher.jpg","width":1300,"height":865},{"@type":"WebPage","@id":"https:\/\/delormdesign.com\/blog\/meuble-tv-teck\/meubles-dinterieur-palissandre-de-qualite-de-lexotisme-cher\/","url":"https:\/\/delormdesign.com\/blog\/meuble-tv-teck\/meubles-dinterieur-palissandre-de-qualite-de-lexotisme-cher\/","name":"Les meubles d\u2019int\u00e9rieur en palissandre : de la qualit\u00e9 et de l\u2019exotisme pour pas cher &bull; Blog Design Jardin &amp; Int\u00e9rieur | Tendance D\u00e9co","isPartOf":{"@id":"https:\/\/delormdesign.com\/blog\/#website"},"primaryImageOfPage":{"@id":"https:\/\/delormdesign.com\/blog\/meuble-tv-teck\/meubles-dinterieur-palissandre-de-qualite-de-lexotisme-cher\/#primaryimage"},"datePublished":"2018-07-10T15:01:49+00:00","dateModified":"2018-07-23T09:15:23+00:00","description":"Le palissandre, aussi appel\u00e9 \u00ab bois de rose \u00bb vous fait voyager avec ses colorations chaleureuses et ses origines lointaines. Comment expliquer son succ\u00e8s ?","breadcrumb":{"@id":"https:\/\/delormdesign.com\/blog\/meuble-tv-teck\/meubles-dinterieur-palissandre-de-qualite-de-lexotisme-cher\/#breadcrumb"},"inLanguage":"fr-FR","potentialAction":[{"@type":"ReadAction","target":["https:\/\/delormdesign.com\/blog\/meuble-tv-teck\/meubles-dinterieur-palissandre-de-qualite-de-lexotisme-cher\/"]}]},{"@type":"BreadcrumbList","@id":"https:\/\/delormdesign.com\/blog\/meuble-tv-teck\/meubles-dinterieur-palissandre-de-qualite-de-lexotisme-cher\/#breadcrumb","itemListElement":[{"@type":"ListItem","position":1,"name":"Accueil","item":"https:\/\/delormdesign.com\/blog\/"},{"@type":"ListItem","position":2,"name":"Meuble TV teck","item":"https:\/\/delormdesign.com\/blog\/meuble-tv-teck\/"},{"@type":"ListItem","position":3,"name":"Les meubles d\u2019int\u00e9rieur en palissandre : de la qualit\u00e9 et de l\u2019exotisme pour pas cher"}]}]}},"amp_enabled":true,"_links":{"self":[{"href":"https:\/\/delormdesign.com\/blog\/wp-json\/wp\/v2\/pages\/975"}],"collection":[{"href":"https:\/\/delormdesign.com\/blog\/wp-json\/wp\/v2\/pages"}],"about":[{"href":"https:\/\/delormdesign.com\/blog\/wp-json\/wp\/v2\/types\/page"}],"author":[{"embeddable":true,"href":"https:\/\/delormdesign.com\/blog\/wp-json\/wp\/v2\/users\/12"}],"replies":[{"embeddable":true,"href":"https:\/\/delormdesign.com\/blog\/wp-json\/wp\/v2\/comments?post=975"}],"version-history":[{"count":0,"href":"https:\/\/delormdesign.com\/blog\/wp-json\/wp\/v2\/pages\/975\/revisions"}],"up":[{"embeddable":true,"href":"https:\/\/delormdesign.com\/blog\/wp-json\/wp\/v2\/pages\/912"}],"wp:attachment":[{"href":"https:\/\/delormdesign.com\/blog\/wp-json\/wp\/v2\/media?parent=975"}],"wp:term":[{"taxonomy":"category","embeddable":true,"href":"https:\/\/delormdesign.com\/blog\/wp-json\/wp\/v2\/categories?post=975"},{"taxonomy":"post_tag","embeddable":true,"href":"https:\/\/delormdesign.com\/blog\/wp-json\/wp\/v2\/tags?post=975"}],"curies":[{"name":"wp","href":"https:\/\/api.w.org\/{rel}","templated":true}]}}