{"id":990,"date":"2018-07-10T13:30:21","date_gmt":"2018-07-10T13:30:21","guid":{"rendered":"https:\/\/delormdesign.com\/blog\/?page_id=990"},"modified":"2018-07-23T09:17:45","modified_gmt":"2018-07-23T09:17:45","slug":"meuble-tv-teck-alinea-differences-et-alternatives","status":"publish","type":"page","link":"https:\/\/delormdesign.com\/blog\/meuble-tv-teck\/meuble-tv-teck-alinea-differences-et-alternatives\/","title":{"rendered":"Meuble TV Teck Alin\u00e9a : diff\u00e9rences et alternatives"},"content":{"rendered":"<h2>L\u2019histoire du meuble TV Teck<\/h2>\n<h3><strong>D\u00e9finition du meuble TV<\/strong><\/h3>\n<p>Le meuble t\u00e9l\u00e9 est destin\u00e9 \u00e0 supporter ou abriter un \u00e9cran de t\u00e9l\u00e9vision. Au minimum, il s\u2019agit d\u2019une petite table compos\u00e9e d\u2019un plateau horizontal sur 4 pieds. Son objectif est de <strong>placer le t\u00e9l\u00e9viseur \u00e0 hauteur des yeux<\/strong> des t\u00e9l\u00e9spectateurs en position assise. Si le meuble se situe dans une salle \u00e0 manger, l\u2019\u00e9cran sera plac\u00e9 plus haut. Si au contraire, le meuble se trouve dans un salon, le meuble sera plus bas pour correspondre \u00e0 l\u2019assise des personnes regardant le poste de t\u00e9l\u00e9vision.<\/p>\n<p>Il ne s\u2019agit pas seulement d\u2019un simple support pour t\u00e9l\u00e9viseur\u00a0: le meuble peut \u00eatre plus large pour accueillir des livres, de la vaisselle et autres bibelots. Le meuble peut donc disposer de plusieurs \u00e9tag\u00e8res, espaces de rangement, tiroirs ou niches. Son design <strong>s\u2019adapte \u00e0 la pi\u00e8ce<\/strong> dans laquelle il est positionn\u00e9 (une chambre, une salle \u00e0 manger, un salon).<\/p>\n<p>Le Teck quant \u00e0 lui, est un arbre tropical de la famille des Verb\u00e9nac\u00e9es\u00a0: il en existe 3 esp\u00e8ces distinctes. Le teck produit un <strong>bois pr\u00e9cieux et imputrescible<\/strong> utilis\u00e9 dans la fabrication de ponts de bateaux et de meubles de jardin. Le teck d\u2019Indochine en est l\u2019esp\u00e8ce la plus connue\u00a0: il vient d\u2019Inde, de Malaisie, du Laos et de Tha\u00eflande. Cette esp\u00e8ce est cultiv\u00e9e dans toutes les zones tropicales et subtropicales. Le teck Dahat vient de Birmanie\u00a0: consid\u00e9r\u00e9 comme le meilleur, il est devenu tr\u00e8s menac\u00e9. Il en existe une troisi\u00e8me esp\u00e8ce venant des Philippines.<\/p>\n<p><img loading=\"lazy\" class=\"aligncenter wp-image-995 size-large\" src=\"https:\/\/delormdesign.com\/blog\/wp-content\/uploads\/2018\/07\/teck-origine-histoire-meuble-tele-820x1024.jpg\" alt=\"meuble tv teck histoire origine\" width=\"820\" height=\"1024\" srcset=\"https:\/\/delormdesign.com\/blog\/wp-content\/uploads\/2018\/07\/teck-origine-histoire-meuble-tele-820x1024.jpg 820w, https:\/\/delormdesign.com\/blog\/wp-content\/uploads\/2018\/07\/teck-origine-histoire-meuble-tele-240x300.jpg 240w, https:\/\/delormdesign.com\/blog\/wp-content\/uploads\/2018\/07\/teck-origine-histoire-meuble-tele-768x959.jpg 768w, https:\/\/delormdesign.com\/blog\/wp-content\/uploads\/2018\/07\/teck-origine-histoire-meuble-tele-940x1174.jpg 940w, https:\/\/delormdesign.com\/blog\/wp-content\/uploads\/2018\/07\/teck-origine-histoire-meuble-tele.jpg 1500w\" sizes=\"(max-width: 820px) 100vw, 820px\" \/><\/p>\n<h3>L\u2019histoire du meuble TV<\/h3>\n<p>L\u2019histoire du meuble TV suit celle de la t\u00e9l\u00e9vision. L\u2019\u00e9cossais John Baird a invent\u00e9 le premier t\u00e9l\u00e9viseur. Il commercialise son premier r\u00e9cepteur au grand public en 1930. C\u2019est en 1950 en France qu\u2019a eu lieu le premier direct TV sur l\u2019unique cha\u00eene de l\u2019\u00e9poque.<\/p>\n<p>Aujourd\u2019hui, les \u00e9volutions de la technologie ont permis de commercialiser des appareils dont le volume se r\u00e9duit et de haute performance. \u00a0Le meuble t\u00e9l\u00e9 a donc d\u00fb s\u2019adapter et se d\u00e9cliner selon les besoins des utilisateurs. L\u2019esth\u00e9tique s\u2019est alli\u00e9e au fonctionnel et \u00e0 la praticit\u00e9. Diff\u00e9rents mat\u00e9riaux sont utilis\u00e9s pour concevoir ce type de mobilier, dont le teck. Les meubles t\u00e9l\u00e9 <strong>s\u2019adaptent sans cesse aux \u00e9volutions technologiques<\/strong> des t\u00e9l\u00e9visions.<\/p>\n<h3>Les diff\u00e9rents meubles TV Teck<\/h3>\n<ul>\n<li><strong>Le meuble ouvert<\/strong> : les \u00e9crans sont d\u00e9sormais consid\u00e9r\u00e9s comme des objets de d\u00e9coration. Cependant, les c\u00e2bles n\u00e9cessitent d\u2019\u00eatre prot\u00e9g\u00e9s et cach\u00e9s dans des tiroirs modulables. Cela facilite la ventilation des appareils et pr\u00e9vient l\u2019accumulation de poussi\u00e8re qui pourrait endommager les connexions.<\/li>\n<li><strong>Le meuble ferm\u00e9<\/strong>: il permet par exemple de camoufler la pr\u00e9sence des appareils high-tech, des c\u00e2bles et des branchements. Cela renforce donc la s\u00e9curit\u00e9 si le meuble se ferme \u00e0 cl\u00e9 et pr\u00e9vient les risques de chute. Attention cependant \u00e0 bien garder le mat\u00e9riel a\u00e9r\u00e9 pour le laisser refroidir. Pour un gain de place, privil\u00e9giez les portes coulissantes.<\/li>\n<li><strong>Le meuble mobile<\/strong>: pratique pour pouvoir d\u00e9placer son t\u00e9l\u00e9viseur dans plusieurs pi\u00e8ces, certains mod\u00e8les sont \u00e9quip\u00e9s de roulettes et de freins.<\/li>\n<li><strong>Le meuble modulable<\/strong>: selon la forme de votre mobilier, vous pourrez en modifier l\u2019agencement. Il peut s\u2019agir d\u2019\u00e9tag\u00e8res se pla\u00e7ant \u00e0 des hauteurs diff\u00e9rentes par exemple. Son aspect de meuble de rangement s\u00e9duit les personnes ayant besoin de regrouper en un seul point tout leur \u00e9quipement technologique.<\/li>\n<li><strong>Le support mural\/de plafond<\/strong>: ce sont des mod\u00e8les qui proposent une grande libert\u00e9 dans l\u2019inclinaison et l\u2019orientation d\u2019un \u00e9cran. Le gain de place est un des grands avantages de ce style de meuble, en plus d\u2019une optimisation du confort visuel et de la qualit\u00e9 de l\u2019image.<\/li>\n<\/ul>\n<p><img loading=\"lazy\" class=\"wp-image-999 size-full aligncenter\" src=\"https:\/\/delormdesign.com\/blog\/wp-content\/uploads\/2018\/07\/meuble-tv-teck-ouvert-rangement.jpg\" alt=\"meuble tv teck ouvert rangement\" width=\"1143\" height=\"578\" srcset=\"https:\/\/delormdesign.com\/blog\/wp-content\/uploads\/2018\/07\/meuble-tv-teck-ouvert-rangement.jpg 1143w, https:\/\/delormdesign.com\/blog\/wp-content\/uploads\/2018\/07\/meuble-tv-teck-ouvert-rangement-300x152.jpg 300w, https:\/\/delormdesign.com\/blog\/wp-content\/uploads\/2018\/07\/meuble-tv-teck-ouvert-rangement-768x388.jpg 768w, https:\/\/delormdesign.com\/blog\/wp-content\/uploads\/2018\/07\/meuble-tv-teck-ouvert-rangement-1024x518.jpg 1024w, https:\/\/delormdesign.com\/blog\/wp-content\/uploads\/2018\/07\/meuble-tv-teck-ouvert-rangement-940x475.jpg 940w\" sizes=\"(max-width: 1143px) 100vw, 1143px\" \/><\/p>\n<h2>O\u00f9 trouver un meuble TV Teck\u00a0?<\/h2>\n<p>De nombreuses enseignes sp\u00e9cialis\u00e9es dans le mobilier d\u2019int\u00e9rieur proposent des meubles TV en teck. Par ailleurs, nous vous recommandons de visiter notre boutique en ligne et sa collection de <a href=\"https:\/\/delormdesign.com\/183-buffet-en-teck-massif\">buffets en teck massif<\/a>. Nous vous avons concoct\u00e9 une liste de ces diff\u00e9rentes enseignes afin de vous offrir une large gamme de choix\u00a0:<\/p>\n<ul>\n<li><strong>Alin\u00e9a<\/strong>: Il s\u2019agit l\u00e0 du <a href=\"https:\/\/www.alinea.fr\/F-44183-meuble-tv-appoint\/P-28157-emotion-banc-tv-a-2-portes-coulissantes-en-teck-massif-recycle\">banc TV \u00e0 2 portes coulissantes en teck massif recycl\u00e9 de la gamme Emotion<\/a> de chez Alin\u00e9a. Chic et structur\u00e9, c\u2019est un beau banc t\u00e9l\u00e9 en teck massif naturel qui allie praticit\u00e9 et \u00e9l\u00e9gance. Sa couleur naturelle et sa forme en font un meuble \u00e9pur\u00e9 et original. Au niveau des dimensions du meuble, celui-ci fait 40 cm de hauteur (height) et 180 cm de longueur (width).<\/li>\n<li><strong>Delorm\u00a0Design<\/strong>: Contrairement \u00e0 Alin\u00e9a, cette enseigne propose de nombreux meubles t\u00e9l\u00e9 en teck pour tous les go\u00fbts et de toutes les dimensions. Leur point commun est la teinte chaleureuse offerte par le teck massif. Un meuble qui se rapprocherait en particulier de celui propos\u00e9 par Alin\u00e9a serait le meuble <a href=\"https:\/\/delormdesign.com\/meuble-tv-teck\/2323-meuble-tv-en-teck-massif-2-portes-2-niches-square-3700735707294.html\">tv en teck massif 2 portes 2 niches Square<\/a>. Ces deux meubles sont similaires dans leur conception et leur taille. Tous deux se marient tr\u00e8s bien avec des teintes monochromes comme le noir ou le blanc par exemple. Une id\u00e9e int\u00e9ressante serait d\u2019associer un meuble t\u00e9l\u00e9 Alin\u00e9a \u00e0 une table basse en ch\u00eane de chez Delorm Design pour cr\u00e9er une belle image de living moderne et naturel.<\/li>\n<\/ul>\n<p><img loading=\"lazy\" class=\"alignnone size-full wp-image-1001\" src=\"https:\/\/delormdesign.com\/blog\/wp-content\/uploads\/2018\/07\/meuble-tv-2-niches-2-placards-square-delorm.jpg\" alt=\"meuble tv teck 2 niches 2 placards square delorm\" width=\"1353\" height=\"648\" srcset=\"https:\/\/delormdesign.com\/blog\/wp-content\/uploads\/2018\/07\/meuble-tv-2-niches-2-placards-square-delorm.jpg 1353w, https:\/\/delormdesign.com\/blog\/wp-content\/uploads\/2018\/07\/meuble-tv-2-niches-2-placards-square-delorm-300x144.jpg 300w, https:\/\/delormdesign.com\/blog\/wp-content\/uploads\/2018\/07\/meuble-tv-2-niches-2-placards-square-delorm-768x368.jpg 768w, https:\/\/delormdesign.com\/blog\/wp-content\/uploads\/2018\/07\/meuble-tv-2-niches-2-placards-square-delorm-1024x490.jpg 1024w, https:\/\/delormdesign.com\/blog\/wp-content\/uploads\/2018\/07\/meuble-tv-2-niches-2-placards-square-delorm-940x450.jpg 940w\" sizes=\"(max-width: 1353px) 100vw, 1353px\" \/><\/p>\n<ul>\n<li><strong>Tikamoon<\/strong>: Cette enseigne met en valeur l\u2019inspiration scandinave de ses meubles en teck. Fabriqu\u00e9s en teck brut naturel, leur originalit\u00e9 r\u00e9side dans la finition du mat\u00e9riau ainsi que dans le d\u00e9tail de poign\u00e9es. Un mod\u00e8le de meuble TV tr\u00e8s semblable \u00e0 celui propos\u00e9 par Alin\u00e9a serait le <a href=\"https:\/\/www.tikamoon.com\/art-meuble-tv-en-teck-140-basil-1839.htm\">meuble t\u00e9l\u00e9 en teck 140 Basil<\/a>.<\/li>\n<\/ul>\n<h2><strong>Bilan sur le meuble TV Teck Alin\u00e9a<\/strong><\/h2>\n<p>La forme sans pied de ce meuble facile \u00e0 disposer dans la pi\u00e8ce a inspir\u00e9 de nombreuses autres enseignes \u00e0 proposer ce m\u00eame exemple de style. Pratique, v\u00e9ritable espace de rangement, son look scandinave a su en s\u00e9duire plus d\u2019un. Facilement associ\u00e9 \u00e0 une table en bois du m\u00eame style, le meuble en teck Alin\u00e9a <strong>s\u2019adapte \u00e0 votre s\u00e9jour pour lui donner un tout nouvel aspect<\/strong>.<\/p>\n<p>Nous esp\u00e9rons vous avoir aid\u00e9 dans votre recherche de meuble t\u00e9l\u00e9 teck Alin\u00e9a. Nous vous conseillons \u00e9galement de vous rendre sur notre site internet <a href=\"https:\/\/delormdesign.com\/\">Delorm Design<\/a> pour choisir une <a href=\"https:\/\/delormdesign.com\/23-table-basse\">table basse<\/a> assortie ou d\u2019autres meubles d\u2019int\u00e9rieur en teck.<\/p>\n<p>Profitez de nos <a href=\"https:\/\/delormdesign.com\/promotions\">soldes<\/a> et de nos autres promotions pour jeter un \u0153il \u00e0 notre collection de meubles en bois massif\u00a0!<\/p>\n<p><strong>\u00a0A lire sur le m\u00eame sujet :\u00a0<\/strong><\/p>\n<ul>\n<li><a href=\"https:\/\/delormdesign.com\/blog\/meuble-tv-teck\/\">Meuble TV Teck<\/a><\/li>\n<li><a href=\"https:\/\/delormdesign.com\/blog\/meuble-tv-teck\/peindre-meuble-tv-bois-brut\/\">Comment peindre son meuble TV en bois brut ?<\/a><\/li>\n<li><a href=\"https:\/\/delormdesign.com\/blog\/meuble-tv-teck\/meuble-tv-bois-massif-contemporain\/\">Le meuble TV en bois massif contemporain: un must-have dans votre salon<\/a><\/li>\n<li class=\"entry-title\"><a href=\"https:\/\/delormdesign.com\/blog\/meuble-tv-teck\/pourquoi-acheter-un-meuble-tv-teck-sur-la-redoute\/\">Pourquoi acheter un meuble TV Teck sur La Redoute ?<\/a><\/li>\n<li class=\"entry-title\"><a href=\"https:\/\/delormdesign.com\/blog\/meuble-tv-teck\/meubles-dinterieur-palissandre-de-qualite-de-lexotisme-cher\/\">Les meubles d\u2019int\u00e9rieur en palissandre : de la qualit\u00e9 et de l\u2019exotisme pour pas cher<\/a><\/li>\n<li class=\"entry-title\">\n<p class=\"entry-title\"><a href=\"https:\/\/delormdesign.com\/blog\/meuble-tv-teck\/4-bonnes-raisons-de-choisir-meuble-tv-bois-clair\/\">Meuble TV Teck Alin\u00e9a : diff\u00e9rences et alternatives<\/a><\/p>\n<\/li>\n<\/ul>\n","protected":false},"excerpt":{"rendered":"<p>L\u2019histoire du meuble TV Teck D\u00e9finition du meuble TV Le meuble t\u00e9l\u00e9 est destin\u00e9 \u00e0 supporter ou abriter un \u00e9cran de t\u00e9l\u00e9vision. Au minimum, il s\u2019agit d\u2019une petite table compos\u00e9e d\u2019un plateau horizontal sur 4 pieds. Son objectif est de placer le t\u00e9l\u00e9viseur \u00e0 hauteur des yeux des t\u00e9l\u00e9spectateurs en position assise. Si le meuble [&hellip;]<\/p>\n","protected":false},"author":12,"featured_media":0,"parent":912,"menu_order":0,"comment_status":"closed","ping_status":"closed","template":"","meta":[],"categories":[],"tags":[],"yoast_head":"<!-- This site is optimized with the Yoast SEO plugin v19.3 - https:\/\/yoast.com\/wordpress\/plugins\/seo\/ -->\n<title>Meuble TV Teck Alin\u00e9a : diff\u00e9rences et alternatives &bull; Blog Design Jardin &amp; Int\u00e9rieur | Tendance D\u00e9co<\/title>\n<meta name=\"description\" content=\"De nombreuses enseignes sp\u00e9cialis\u00e9es dans le mobilier d\u2019int\u00e9rieur proposent des meubles TV en teck. Nous vous avons concoct\u00e9 une liste de ces enseignes.\" \/>\n<meta name=\"robots\" content=\"index, follow, max-snippet:-1, max-image-preview:large, max-video-preview:-1\" \/>\n<link rel=\"canonical\" href=\"https:\/\/delormdesign.com\/blog\/meuble-tv-teck\/meuble-tv-teck-alinea-differences-et-alternatives\/\" \/>\n<meta property=\"og:locale\" content=\"fr_FR\" \/>\n<meta property=\"og:type\" content=\"article\" \/>\n<meta property=\"og:title\" content=\"Meuble TV Teck Alin\u00e9a : diff\u00e9rences et alternatives &bull; Blog Design Jardin &amp; Int\u00e9rieur | Tendance D\u00e9co\" \/>\n<meta property=\"og:description\" content=\"De nombreuses enseignes sp\u00e9cialis\u00e9es dans le mobilier d\u2019int\u00e9rieur proposent des meubles TV en teck. Nous vous avons concoct\u00e9 une liste de ces enseignes.\" \/>\n<meta property=\"og:url\" content=\"https:\/\/delormdesign.com\/blog\/meuble-tv-teck\/meuble-tv-teck-alinea-differences-et-alternatives\/\" \/>\n<meta property=\"og:site_name\" content=\"Blog Design Jardin &amp; Int\u00e9rieur | Tendance D\u00e9co\" \/>\n<meta property=\"article:publisher\" content=\"https:\/\/www.facebook.com\/delormdesign\/\" \/>\n<meta property=\"article:modified_time\" content=\"2018-07-23T09:17:45+00:00\" \/>\n<meta property=\"og:image\" content=\"https:\/\/delormdesign.com\/blog\/wp-content\/uploads\/2018\/07\/teck-origine-histoire-meuble-tele-820x1024.jpg\" \/>\n<meta name=\"twitter:card\" content=\"summary\" \/>\n<meta name=\"twitter:label1\" content=\"Est. reading time\" \/>\n\t<meta name=\"twitter:data1\" content=\"6 minutes\" \/>\n<script type=\"application\/ld+json\" class=\"yoast-schema-graph\">{\"@context\":\"https:\/\/schema.org\",\"@graph\":[{\"@type\":\"WebSite\",\"@id\":\"https:\/\/delormdesign.com\/blog\/#website\",\"url\":\"https:\/\/delormdesign.com\/blog\/\",\"name\":\"Blog Design Jardin &amp; Int\u00e9rieur | Tendance D\u00e9co\",\"description\":\"Jardin &amp; Int\u00e9rieur | Tendance D\u00e9co\",\"potentialAction\":[{\"@type\":\"SearchAction\",\"target\":{\"@type\":\"EntryPoint\",\"urlTemplate\":\"https:\/\/delormdesign.com\/blog\/?s={search_term_string}\"},\"query-input\":\"required name=search_term_string\"}],\"inLanguage\":\"fr-FR\"},{\"@type\":\"ImageObject\",\"inLanguage\":\"fr-FR\",\"@id\":\"https:\/\/delormdesign.com\/blog\/meuble-tv-teck\/meuble-tv-teck-alinea-differences-et-alternatives\/#primaryimage\",\"url\":\"https:\/\/delormdesign.com\/blog\/wp-content\/uploads\/2018\/07\/teck-origine-histoire-meuble-tele.jpg\",\"contentUrl\":\"https:\/\/delormdesign.com\/blog\/wp-content\/uploads\/2018\/07\/teck-origine-histoire-meuble-tele.jpg\",\"width\":1500,\"height\":1873,\"caption\":\"meuble tv teck histoire origine\"},{\"@type\":\"WebPage\",\"@id\":\"https:\/\/delormdesign.com\/blog\/meuble-tv-teck\/meuble-tv-teck-alinea-differences-et-alternatives\/\",\"url\":\"https:\/\/delormdesign.com\/blog\/meuble-tv-teck\/meuble-tv-teck-alinea-differences-et-alternatives\/\",\"name\":\"Meuble TV Teck Alin\u00e9a : diff\u00e9rences et alternatives &bull; Blog Design Jardin &amp; Int\u00e9rieur | Tendance D\u00e9co\",\"isPartOf\":{\"@id\":\"https:\/\/delormdesign.com\/blog\/#website\"},\"primaryImageOfPage\":{\"@id\":\"https:\/\/delormdesign.com\/blog\/meuble-tv-teck\/meuble-tv-teck-alinea-differences-et-alternatives\/#primaryimage\"},\"datePublished\":\"2018-07-10T13:30:21+00:00\",\"dateModified\":\"2018-07-23T09:17:45+00:00\",\"description\":\"De nombreuses enseignes sp\u00e9cialis\u00e9es dans le mobilier d\u2019int\u00e9rieur proposent des meubles TV en teck. Nous vous avons concoct\u00e9 une liste de ces enseignes.\",\"breadcrumb\":{\"@id\":\"https:\/\/delormdesign.com\/blog\/meuble-tv-teck\/meuble-tv-teck-alinea-differences-et-alternatives\/#breadcrumb\"},\"inLanguage\":\"fr-FR\",\"potentialAction\":[{\"@type\":\"ReadAction\",\"target\":[\"https:\/\/delormdesign.com\/blog\/meuble-tv-teck\/meuble-tv-teck-alinea-differences-et-alternatives\/\"]}]},{\"@type\":\"BreadcrumbList\",\"@id\":\"https:\/\/delormdesign.com\/blog\/meuble-tv-teck\/meuble-tv-teck-alinea-differences-et-alternatives\/#breadcrumb\",\"itemListElement\":[{\"@type\":\"ListItem\",\"position\":1,\"name\":\"Accueil\",\"item\":\"https:\/\/delormdesign.com\/blog\/\"},{\"@type\":\"ListItem\",\"position\":2,\"name\":\"Meuble TV teck\",\"item\":\"https:\/\/delormdesign.com\/blog\/meuble-tv-teck\/\"},{\"@type\":\"ListItem\",\"position\":3,\"name\":\"Meuble TV Teck Alin\u00e9a : diff\u00e9rences et alternatives\"}]}]}<\/script>\n<!-- \/ Yoast SEO plugin. -->","yoast_head_json":{"title":"Meuble TV Teck Alin\u00e9a : diff\u00e9rences et alternatives &bull; Blog Design Jardin &amp; Int\u00e9rieur | Tendance D\u00e9co","description":"De nombreuses enseignes sp\u00e9cialis\u00e9es dans le mobilier d\u2019int\u00e9rieur proposent des meubles TV en teck. Nous vous avons concoct\u00e9 une liste de ces enseignes.","robots":{"index":"index","follow":"follow","max-snippet":"max-snippet:-1","max-image-preview":"max-image-preview:large","max-video-preview":"max-video-preview:-1"},"canonical":"https:\/\/delormdesign.com\/blog\/meuble-tv-teck\/meuble-tv-teck-alinea-differences-et-alternatives\/","og_locale":"fr_FR","og_type":"article","og_title":"Meuble TV Teck Alin\u00e9a : diff\u00e9rences et alternatives &bull; Blog Design Jardin &amp; Int\u00e9rieur | Tendance D\u00e9co","og_description":"De nombreuses enseignes sp\u00e9cialis\u00e9es dans le mobilier d\u2019int\u00e9rieur proposent des meubles TV en teck. Nous vous avons concoct\u00e9 une liste de ces enseignes.","og_url":"https:\/\/delormdesign.com\/blog\/meuble-tv-teck\/meuble-tv-teck-alinea-differences-et-alternatives\/","og_site_name":"Blog Design Jardin &amp; Int\u00e9rieur | Tendance D\u00e9co","article_publisher":"https:\/\/www.facebook.com\/delormdesign\/","article_modified_time":"2018-07-23T09:17:45+00:00","og_image":[{"url":"https:\/\/delormdesign.com\/blog\/wp-content\/uploads\/2018\/07\/teck-origine-histoire-meuble-tele-820x1024.jpg"}],"twitter_card":"summary","twitter_misc":{"Est. reading time":"6 minutes"},"schema":{"@context":"https:\/\/schema.org","@graph":[{"@type":"WebSite","@id":"https:\/\/delormdesign.com\/blog\/#website","url":"https:\/\/delormdesign.com\/blog\/","name":"Blog Design Jardin &amp; Int\u00e9rieur | Tendance D\u00e9co","description":"Jardin &amp; Int\u00e9rieur | Tendance D\u00e9co","potentialAction":[{"@type":"SearchAction","target":{"@type":"EntryPoint","urlTemplate":"https:\/\/delormdesign.com\/blog\/?s={search_term_string}"},"query-input":"required name=search_term_string"}],"inLanguage":"fr-FR"},{"@type":"ImageObject","inLanguage":"fr-FR","@id":"https:\/\/delormdesign.com\/blog\/meuble-tv-teck\/meuble-tv-teck-alinea-differences-et-alternatives\/#primaryimage","url":"https:\/\/delormdesign.com\/blog\/wp-content\/uploads\/2018\/07\/teck-origine-histoire-meuble-tele.jpg","contentUrl":"https:\/\/delormdesign.com\/blog\/wp-content\/uploads\/2018\/07\/teck-origine-histoire-meuble-tele.jpg","width":1500,"height":1873,"caption":"meuble tv teck histoire origine"},{"@type":"WebPage","@id":"https:\/\/delormdesign.com\/blog\/meuble-tv-teck\/meuble-tv-teck-alinea-differences-et-alternatives\/","url":"https:\/\/delormdesign.com\/blog\/meuble-tv-teck\/meuble-tv-teck-alinea-differences-et-alternatives\/","name":"Meuble TV Teck Alin\u00e9a : diff\u00e9rences et alternatives &bull; Blog Design Jardin &amp; Int\u00e9rieur | Tendance D\u00e9co","isPartOf":{"@id":"https:\/\/delormdesign.com\/blog\/#website"},"primaryImageOfPage":{"@id":"https:\/\/delormdesign.com\/blog\/meuble-tv-teck\/meuble-tv-teck-alinea-differences-et-alternatives\/#primaryimage"},"datePublished":"2018-07-10T13:30:21+00:00","dateModified":"2018-07-23T09:17:45+00:00","description":"De nombreuses enseignes sp\u00e9cialis\u00e9es dans le mobilier d\u2019int\u00e9rieur proposent des meubles TV en teck. Nous vous avons concoct\u00e9 une liste de ces enseignes.","breadcrumb":{"@id":"https:\/\/delormdesign.com\/blog\/meuble-tv-teck\/meuble-tv-teck-alinea-differences-et-alternatives\/#breadcrumb"},"inLanguage":"fr-FR","potentialAction":[{"@type":"ReadAction","target":["https:\/\/delormdesign.com\/blog\/meuble-tv-teck\/meuble-tv-teck-alinea-differences-et-alternatives\/"]}]},{"@type":"BreadcrumbList","@id":"https:\/\/delormdesign.com\/blog\/meuble-tv-teck\/meuble-tv-teck-alinea-differences-et-alternatives\/#breadcrumb","itemListElement":[{"@type":"ListItem","position":1,"name":"Accueil","item":"https:\/\/delormdesign.com\/blog\/"},{"@type":"ListItem","position":2,"name":"Meuble TV teck","item":"https:\/\/delormdesign.com\/blog\/meuble-tv-teck\/"},{"@type":"ListItem","position":3,"name":"Meuble TV Teck Alin\u00e9a : diff\u00e9rences et alternatives"}]}]}},"amp_enabled":true,"_links":{"self":[{"href":"https:\/\/delormdesign.com\/blog\/wp-json\/wp\/v2\/pages\/990"}],"collection":[{"href":"https:\/\/delormdesign.com\/blog\/wp-json\/wp\/v2\/pages"}],"about":[{"href":"https:\/\/delormdesign.com\/blog\/wp-json\/wp\/v2\/types\/page"}],"author":[{"embeddable":true,"href":"https:\/\/delormdesign.com\/blog\/wp-json\/wp\/v2\/users\/12"}],"replies":[{"embeddable":true,"href":"https:\/\/delormdesign.com\/blog\/wp-json\/wp\/v2\/comments?post=990"}],"version-history":[{"count":0,"href":"https:\/\/delormdesign.com\/blog\/wp-json\/wp\/v2\/pages\/990\/revisions"}],"up":[{"embeddable":true,"href":"https:\/\/delormdesign.com\/blog\/wp-json\/wp\/v2\/pages\/912"}],"wp:attachment":[{"href":"https:\/\/delormdesign.com\/blog\/wp-json\/wp\/v2\/media?parent=990"}],"wp:term":[{"taxonomy":"category","embeddable":true,"href":"https:\/\/delormdesign.com\/blog\/wp-json\/wp\/v2\/categories?post=990"},{"taxonomy":"post_tag","embeddable":true,"href":"https:\/\/delormdesign.com\/blog\/wp-json\/wp\/v2\/tags?post=990"}],"curies":[{"name":"wp","href":"https:\/\/api.w.org\/{rel}","templated":true}]}}